{"id":19144,"date":"2023-01-02T10:31:30","date_gmt":"2023-01-02T10:31:30","guid":{"rendered":"https:\/\/nembutalhouse.com\/narco\/?post_type=product&#038;p=19144"},"modified":"2025-03-25T12:01:17","modified_gmt":"2025-03-25T12:01:17","slug":"fishscale-cocaine","status":"publish","type":"product","link":"https:\/\/narcopowders.com\/tr\/urun\/balik-pulu-kokain\/","title":{"rendered":"Bal\u0131k Pulu Kokaini \u00c7evrimi\u00e7i Sat\u0131n Al\u0131n"},"content":{"rendered":"<h2 style=\"text-align: justify;\">Bal\u0131k Pulu Kokaini \u00c7evrimi\u00e7i Sat\u0131n Al\u0131n<\/h2>\n<p style=\"text-align: justify;\"><a href=\"https:\/\/en.wikipedia.org\/wiki\/Cocaine\">Fishscale cocaine<\/a> Bal\u0131k pulu kokain, bug\u00fcn piyasadaki en saf kokain bi\u00e7imlerinden biridir ve y\u00fcksek kaliteli bir \u00fcr\u00fcn arayan kullan\u0131c\u0131lar aras\u0131nda giderek daha pop\u00fcler hale gelmektedir. Bal\u0131k pulu kokain, geleneksel kokain bi\u00e7imlerinden daha g\u00fc\u00e7l\u00fc bir etkiye sahiptir ve genellikle g\u00fcc\u00fcn\u00fc art\u0131rmak i\u00e7in di\u011fer ila\u00e7larla birlikte kullan\u0131l\u0131r. E\u011fer ar\u0131yorsan\u00a0<a href=\"https:\/\/narcopowders.com\/tr\/urun\/balik-pulu-kokain\/\"><strong>\u00e7evrimi\u00e7i bal\u0131k pulu kokain sat\u0131n al<\/strong><\/a>\u00a0en iyi fiyata, Narco Powders'dan ba\u015fkas\u0131na bakmay\u0131n. <a href=\"https:\/\/narcopowders.com\/tr\/\">Narco Powders.<\/a><\/p>\n<h3 style=\"text-align: justify;\">Bal\u0131k Pulu Kokain Nas\u0131l Yap\u0131l\u0131r?<\/h3>\n<p style=\"text-align: justify;\">Kafay\u0131 bulman\u0131n yeni bir yolunu ar\u0131yorsan\u0131z, denemek isteyebilirsiniz\u00a0<a href=\"https:\/\/www.bing.com\/search?q=Buy%20Fishscale%20Cocaine%20Online&amp;qs=n&amp;form=QBRE&amp;sp=-1&amp;lq=0&amp;pq=buy%20fishscale%20cocaine%20online&amp;sc=0-28&amp;sk=&amp;cvid=8FE7DAB42F414985AD75C408BEAB99B0&amp;ghsh=0&amp;ghacc=0&amp;ghpl=\"><strong>sat\u0131l\u0131k bal\u0131k pulu kokain<\/strong><\/a>. \u0130nci beyaz\u0131 renkli, y\u00fcksek yo\u011funluklu bir kokaindir. E\u015fsiz g\u00f6r\u00fcn\u00fcm\u00fcnden dolay\u0131 \"bal\u0131k pulu kokain\" olarak adland\u0131r\u0131l\u0131r. Bal\u0131k pulu kokain, saf kokain tozunun kabartma tozu veya aktif lokal anestezi ile bir baz olu\u015fturmak \u00fczere birle\u015ftirilmesi, ard\u0131ndan bu baz\u0131n s\u0131v\u0131la\u015fana kadar \u0131s\u0131t\u0131lmas\u0131, ard\u0131ndan s\u00fcz\u00fclmesi, kal\u0131plara d\u00f6k\u00fclmesi ve so\u011fumaya b\u0131rak\u0131lmas\u0131yla \u00fcretilir. Bu kal\u0131plar so\u011futulduktan sonra, kokain bazl\u0131 \u00fcr\u00fcn\u00fcn e\u015fit boyutlu \"bal\u0131k pulu\" b\u00f6l\u00fcmlerine ayr\u0131lan macun benzeri bir madde \u00fcretir. Bu b\u00f6l\u00fcmler daha sonra toz haline getirilebilir veya oldu\u011fu gibi sat\u0131labilir, bu da onu e\u011flence ama\u00e7l\u0131 kullanmak isteyenler i\u00e7in b\u00fcy\u00fck bir pazar olu\u015fturur.<a href=\"https:\/\/www.bing.com\/search?q=Buy%20Fishscale%20Cocaine%20Online&amp;qs=n&amp;form=QBRE&amp;sp=-1&amp;lq=0&amp;pq=buy%20fishscale%20cocaine%20online&amp;sc=0-28&amp;sk=&amp;cvid=8FE7DAB42F414985AD75C408BEAB99B0&amp;ghsh=0&amp;ghacc=0&amp;ghpl=\">fishscale<\/a>&#8221; sections of the cocaine-based product. These sections can then be broken down further into powder or sold as is, creating a large market for those seeking to use it for recreational purposes.<\/p>\n<p style=\"text-align: justify;\"><a href=\"https:\/\/www.google.de\/search?q=Buy+Fishscale+Cocaine+Online&amp;sca_esv=1a2a07081c7891bb&amp;rlz=1C1RXQR_enIN1098IN1098&amp;ei=mbPOZ-GmPLTq1e8PlZ_wwAw&amp;ved=0ahUKEwih14GgnP-LAxU0dfUHHZUPHMgQ4dUDCBA&amp;uact=5&amp;oq=Buy+Fishscale+Cocaine+Online&amp;gs_lp=Egxnd3Mtd2l6LXNlcnAiHEJ1eSBGaXNoc2NhbGUgQ29jYWluZSBPbmxpbmVIggdQ4AJY4AJwAngAkAEAmAHNAaABzQGqAQMyLTG4AQPIAQD4AQL4AQGYAgCgAgCYAwCIBgGSBwCgB9MB&amp;sclient=gws-wiz-serp\"><strong>Bal\u0131k pulu kokain \u00e7evrimi\u00e7i<\/strong><\/a>\u00a0toptan veya gram olarak sat\u0131n alabilece\u011finiz Narco Tozlar\u0131nda mevcuttur.<\/p>\n<h3 style=\"text-align: justify;\">Bal\u0131k Pulu Kokainin Faydalar\u0131 ve Yan Etkileri<\/h3>\n<p style=\"text-align: justify;\">E\u011fer g\u00fc\u00e7l\u00fc ve ba\u011f\u0131ml\u0131l\u0131k yaratan bir kokain t\u00fcr\u00fc ar\u0131yorsan\u0131z, <a href=\"https:\/\/www.google.de\/search?q=Buy+Fishscale+Cocaine+Online&amp;sca_esv=1a2a07081c7891bb&amp;rlz=1C1RXQR_enIN1098IN1098&amp;ei=mbPOZ-GmPLTq1e8PlZ_wwAw&amp;ved=0ahUKEwih14GgnP-LAxU0dfUHHZUPHMgQ4dUDCBA&amp;uact=5&amp;oq=Buy+Fishscale+Cocaine+Online&amp;gs_lp=Egxnd3Mtd2l6LXNlcnAiHEJ1eSBGaXNoc2NhbGUgQ29jYWluZSBPbmxpbmVIggdQ4AJY4AJwAngAkAEAmAHNAaABzQGqAQMyLTG4AQPIAQD4AQL4AQGYAgCgAgCYAwCIBgGSBwCgB9MB&amp;sclient=gws-wiz-serp\">fishscale cocaine<\/a> is the best choice. <a href=\"https:\/\/www.google.de\/search?q=Buy+Fishscale+Cocaine+Online&amp;sca_esv=1a2a07081c7891bb&amp;rlz=1C1RXQR_enIN1098IN1098&amp;ei=mbPOZ-GmPLTq1e8PlZ_wwAw&amp;ved=0ahUKEwih14GgnP-LAxU0dfUHHZUPHMgQ4dUDCBA&amp;uact=5&amp;oq=Buy+Fishscale+Cocaine+Online&amp;gs_lp=Egxnd3Mtd2l6LXNlcnAiHEJ1eSBGaXNoc2NhbGUgQ29jYWluZSBPbmxpbmVIggdQ4AJY4AJwAngAkAEAmAHNAaABzQGqAQMyLTG4AQPIAQD4AQL4AQGYAgCgAgCYAwCIBgGSBwCgB9MB&amp;sclient=gws-wiz-serp\">Fishscale cocaine<\/a> Di\u011fer kokain t\u00fcrlerinden onu ay\u0131ran bir\u00e7ok faydas\u0131 vard\u0131r, bunlardan biri de yo\u011fun y\u00fckselmeler ve al\u00e7almalar yaratma yetene\u011fidir.<\/p>\n<p style=\"text-align: justify;\">Bal\u0131k pulu kokain de y\u00fcksek kalitede mevcuttur, bu nedenle m\u00fcmk\u00fcn olan en iyi deneyimi ald\u0131\u011f\u0131n\u0131zdan emin olabilirsiniz. Kullan\u0131ld\u0131\u011f\u0131nda yakla\u015f\u0131k iki saat s\u00fcrer, bu nedenle k\u0131sa aral\u0131klarla veya tam bir doz i\u00e7in zaman\u0131n\u0131z olmad\u0131\u011f\u0131nda almak i\u00e7in m\u00fckemmeldir. Bal\u0131k pulu kokain kullanman\u0131n yasal veya sa\u011fl\u0131kla ilgili hi\u00e7bir endi\u015fesi yoktur; bu, insanlar\u0131n kullanmaktan ho\u015fland\u0131\u011f\u0131 ba\u015fka bir uyu\u015fturucu t\u00fcr\u00fcd\u00fcr. <a href=\"https:\/\/duckduckgo.com\/?q=Buy+Fishscale+Cocaine+Online&amp;t=h_&amp;ia=web\">fishscale cocaine<\/a>\u2014insanlar\u0131n kullanmaktan keyif ald\u0131\u011f\u0131 bir uyu\u015fturucu t\u00fcr\u00fcd\u00fcr.<\/p>\n<p style=\"text-align: justify;\">Bal\u0131k pulu kokain, son y\u0131llarda giderek daha pop\u00fcler hale gelen g\u00fc\u00e7l\u00fc bir kokain bi\u00e7imidir. Yo\u011fun bir y\u00fcksek sa\u011flayabilse de, potansiyel olarak tehlikeli yan etkileri de olabilir. Bal\u0131k pulu kokain kullanmadan \u00f6nce ilac\u0131n nas\u0131l yap\u0131ld\u0131\u011f\u0131n\u0131, potansiyel faydalar\u0131n\u0131 ve risklerini ve nereden g\u00fcvenli bir \u015fekilde sat\u0131n al\u0131naca\u011f\u0131n\u0131 anlamak \u00f6nemlidir. Nihayetinde, tercih ettiklerinde kendi sa\u011fl\u0131klar\u0131 ve esenlikleri ile ilgili bilin\u00e7li kararlar vermek bireylerin sorumlulu\u011fundad\u0131r. <a href=\"https:\/\/duckduckgo.com\/?q=Buy+Fishscale+Cocaine+Online&amp;t=h_&amp;ia=web\"><strong>internetten bal\u0131k pulu kokain sipari\u015fi ver<\/strong><\/a>\u00a0toplu veya k\u00fc\u00e7\u00fck miktarlarda.<\/p>\n<h3 style=\"text-align: justify;\">Fishscale Kokain \u00c7evrimi\u00e7i Olarak Nereden Sat\u0131n Al\u0131n\u0131r?<\/h3>\n<p style=\"text-align: justify;\">Uyu\u015fturucular\u0131 g\u00fcvenli bir \u015fekilde muhafaza etmek Narco Powders'ta birincil hedefimizdir, bu nedenle bal\u0131k pulu kokaini yaln\u0131zca g\u00fcvenilir tedarik\u00e7ilerden temin ederiz. T\u00fcm bal\u0131k pulu kokainlerimiz, y\u00fcksek kaliteli bir \u00fcr\u00fcn alman\u0131z\u0131 sa\u011flamak i\u00e7in s\u0131k\u0131 kalite kontrol ve test prosed\u00fcrlerinden ge\u00e7er. Her zaman paketler ve g\u00f6ndeririz\u00a0<strong>\u0130nternette sat\u0131l\u0131k bal\u0131k pulu kokain\u00a0<\/strong>dikkatli bir \u015fekilde teslim edin ve g\u00fcvenli teslimat\u0131 sa\u011flamak i\u00e7in her t\u00fcrl\u00fc \u00f6nlemi al\u0131n. i\u00e7in sipari\u015f ver\u00a0<strong>bal\u0131k pulu kokain toptan sat\u0131\u015f\u0131\u00a0<\/strong>bug\u00fcn!<\/p>","protected":false},"excerpt":{"rendered":"<p>Buy Fishscale Cocaine Online Fishscale cocaine is one of the purest forms of cocaine on the market today and is becoming increasingly popular with users looking for a high-quality product. Fishscale cocaine has a stronger effect than traditional forms of cocaine and is often used in combination with other drugs to increase its potency. If [&hellip;]<\/p>","protected":false},"featured_media":19196,"comment_status":"open","ping_status":"closed","template":"","meta":{"_joinchat":[]},"product_brand":[],"product_cat":[1179],"product_tag":[1266,1260,1269,1272,1273,1271,1263,1348,1268,1262,1261,1274,1267,1275,1264,1270,1265],"class_list":{"0":"post-19144","1":"product","2":"type-product","3":"status-publish","4":"has-post-thumbnail","6":"product_cat-buy-cocaine-online","7":"product_tag-benefits-of-fishscale-cocaine","8":"product_tag-best-place-to-order-fishscale-cocaine","9":"product_tag-buy-fishscale-cocaine-legally","10":"product_tag-buy-fishscale-cocaine-online-australia","11":"product_tag-buy-fishscale-cocaine-online-near-me","12":"product_tag-buy-fishscale-cocaine-online-usa","13":"product_tag-cheap-fishscale-cocaine","14":"product_tag-cocaine-fish-scale","15":"product_tag-fishscale-cocaine-for-sale","16":"product_tag-fishscale-cocaine-price","17":"product_tag-fishscale-cocaine-wholesale","18":"product_tag-how-can-i-get-the-best-fishscale-cocaine","19":"product_tag-how-to-order-fishscale-cocaine","20":"product_tag-legit-fishscale-cocaine-online","21":"product_tag-what-is-fishscale-cocaine","22":"product_tag-where-can-i-buy-fishscale-cocaine","23":"product_tag-where-to-buy-fishscale-cocaine","25":"first","26":"instock","27":"shipping-taxable","28":"purchasable","29":"product-type-variable","30":"add-to-wishlist-after_add_to_cart"},"yoast_head":"<!-- This site is optimized with the Yoast SEO plugin v25.9 - https:\/\/yoast.com\/wordpress\/plugins\/seo\/ -->\n<title>Fishscale Cocaine for Sale - Buy Fish scale Cocaine Online<\/title>\n<meta name=\"description\" content=\"Looking for high purity fishscale cocaine for sale in bulk quantity? At here, you can buy fishscale cocaine online, order fishscale cocaine online.\" \/>\n<meta name=\"robots\" content=\"index, follow, max-snippet:-1, max-image-preview:large, max-video-preview:-1\" \/>\n<link rel=\"canonical\" href=\"https:\/\/narcopowders.com\/tr\/urun\/balik-pulu-kokain\/\" \/>\n<meta property=\"og:locale\" content=\"tr_TR\" \/>\n<meta property=\"og:type\" content=\"article\" \/>\n<meta property=\"og:title\" content=\"Fishscale Cocaine for Sale - Buy Fish scale Cocaine Online\" \/>\n<meta property=\"og:description\" content=\"Looking for high purity fishscale cocaine for sale in bulk quantity? At here, you can buy fishscale cocaine online, order fishscale cocaine online.\" \/>\n<meta property=\"og:url\" content=\"https:\/\/narcopowders.com\/tr\/urun\/balik-pulu-kokain\/\" \/>\n<meta property=\"og:site_name\" content=\"Narco Powders\" \/>\n<meta property=\"article:modified_time\" content=\"2025-03-25T12:01:17+00:00\" \/>\n<meta property=\"og:image\" content=\"https:\/\/narcopowders.com\/wp-content\/uploads\/2023\/01\/fishscale-cocaine.jpg\" \/>\n\t<meta property=\"og:image:width\" content=\"600\" \/>\n\t<meta property=\"og:image:height\" content=\"600\" \/>\n\t<meta property=\"og:image:type\" content=\"image\/jpeg\" \/>\n<meta name=\"twitter:card\" content=\"summary_large_image\" \/>\n<meta name=\"twitter:label1\" content=\"Tahmini okuma s\u00fcresi\" \/>\n\t<meta name=\"twitter:data1\" content=\"3 dakika\" \/>\n<!-- \/ Yoast SEO plugin. -->","yoast_head_json":{"title":"Sat\u0131l\u0131k Bal\u0131k Pulu Kokain - Online Bal\u0131k Pulu Kokain Sat\u0131n Al\u0131n","description":"Toptan sat\u0131\u015f i\u00e7in y\u00fcksek safl\u0131kta bal\u0131k pulu kokain mi ar\u0131yorsunuz? Burada, online bal\u0131k pulu kokain sat\u0131n alabilir, online bal\u0131k pulu kokain sipari\u015f edebilirsiniz.","robots":{"index":"index","follow":"follow","max-snippet":"max-snippet:-1","max-image-preview":"max-image-preview:large","max-video-preview":"max-video-preview:-1"},"canonical":"https:\/\/narcopowders.com\/tr\/urun\/balik-pulu-kokain\/","og_locale":"tr_TR","og_type":"article","og_title":"Fishscale Cocaine for Sale - Buy Fish scale Cocaine Online","og_description":"Looking for high purity fishscale cocaine for sale in bulk quantity? At here, you can buy fishscale cocaine online, order fishscale cocaine online.","og_url":"https:\/\/narcopowders.com\/tr\/urun\/balik-pulu-kokain\/","og_site_name":"Narco Powders","article_modified_time":"2025-03-25T12:01:17+00:00","og_image":[{"width":600,"height":600,"url":"https:\/\/narcopowders.com\/wp-content\/uploads\/2023\/01\/fishscale-cocaine.jpg","type":"image\/jpeg"}],"twitter_card":"summary_large_image","twitter_misc":{"Tahmini okuma s\u00fcresi":"3 dakika"},"schema":{"@context":"https:\/\/schema.org","@graph":[{"@type":"WebPage","@id":"https:\/\/narcopowders.com\/product\/fishscale-cocaine\/","url":"https:\/\/narcopowders.com\/product\/fishscale-cocaine\/","name":"Sat\u0131l\u0131k Bal\u0131k Pulu Kokain - Online Bal\u0131k Pulu Kokain Sat\u0131n Al\u0131n","isPartOf":{"@id":"https:\/\/narcopowders.com\/#website"},"primaryImageOfPage":{"@id":"https:\/\/narcopowders.com\/product\/fishscale-cocaine\/#primaryimage"},"image":{"@id":"https:\/\/narcopowders.com\/product\/fishscale-cocaine\/#primaryimage"},"thumbnailUrl":"https:\/\/narcopowders.com\/wp-content\/uploads\/2023\/01\/fishscale-cocaine.jpg","datePublished":"2023-01-02T10:31:30+00:00","dateModified":"2025-03-25T12:01:17+00:00","description":"Toptan sat\u0131\u015f i\u00e7in y\u00fcksek safl\u0131kta bal\u0131k pulu kokain mi ar\u0131yorsunuz? Burada, online bal\u0131k pulu kokain sat\u0131n alabilir, online bal\u0131k pulu kokain sipari\u015f edebilirsiniz.","breadcrumb":{"@id":"https:\/\/narcopowders.com\/product\/fishscale-cocaine\/#breadcrumb"},"inLanguage":"tr","potentialAction":[{"@type":"ReadAction","target":["https:\/\/narcopowders.com\/product\/fishscale-cocaine\/"]}]},{"@type":"ImageObject","inLanguage":"tr","@id":"https:\/\/narcopowders.com\/product\/fishscale-cocaine\/#primaryimage","url":"https:\/\/narcopowders.com\/wp-content\/uploads\/2023\/01\/fishscale-cocaine.jpg","contentUrl":"https:\/\/narcopowders.com\/wp-content\/uploads\/2023\/01\/fishscale-cocaine.jpg","width":600,"height":600,"caption":"Fishscale Cocaine for Sale"},{"@type":"BreadcrumbList","@id":"https:\/\/narcopowders.com\/product\/fishscale-cocaine\/#breadcrumb","itemListElement":[{"@type":"ListItem","position":1,"name":"Home","item":"https:\/\/narcopowders.com\/"},{"@type":"ListItem","position":2,"name":"Shop Page","item":"https:\/\/narcopowders.com\/shop\/"},{"@type":"ListItem","position":3,"name":"Buy Fishscale Cocaine Online"}]},{"@type":"WebSite","@id":"https:\/\/narcopowders.com\/#website","url":"https:\/\/narcopowders.com\/","name":"Narko Tozlar","description":"WordPress Blogum","potentialAction":[{"@type":"SearchAction","target":{"@type":"EntryPoint","urlTemplate":"https:\/\/narcopowders.com\/?s={search_term_string}"},"query-input":{"@type":"PropertyValueSpecification","valueRequired":true,"valueName":"search_term_string"}}],"inLanguage":"tr"}]}},"_links":{"self":[{"href":"https:\/\/narcopowders.com\/tr\/wp-json\/wp\/v2\/product\/19144","targetHints":{"allow":["GET"]}}],"collection":[{"href":"https:\/\/narcopowders.com\/tr\/wp-json\/wp\/v2\/product"}],"about":[{"href":"https:\/\/narcopowders.com\/tr\/wp-json\/wp\/v2\/types\/product"}],"replies":[{"embeddable":true,"href":"https:\/\/narcopowders.com\/tr\/wp-json\/wp\/v2\/comments?post=19144"}],"wp:featuredmedia":[{"embeddable":true,"href":"https:\/\/narcopowders.com\/tr\/wp-json\/wp\/v2\/media\/19196"}],"wp:attachment":[{"href":"https:\/\/narcopowders.com\/tr\/wp-json\/wp\/v2\/media?parent=19144"}],"wp:term":[{"taxonomy":"product_brand","embeddable":true,"href":"https:\/\/narcopowders.com\/tr\/wp-json\/wp\/v2\/product_brand?post=19144"},{"taxonomy":"product_cat","embeddable":true,"href":"https:\/\/narcopowders.com\/tr\/wp-json\/wp\/v2\/product_cat?post=19144"},{"taxonomy":"product_tag","embeddable":true,"href":"https:\/\/narcopowders.com\/tr\/wp-json\/wp\/v2\/product_tag?post=19144"}],"curies":[{"name":"wp","href":"https:\/\/api.w.org\/{rel}","templated":true}]}}