{"id":19145,"date":"2023-01-02T10:20:37","date_gmt":"2023-01-02T10:20:37","guid":{"rendered":"https:\/\/nembutalhouse.com\/narco\/?post_type=product&#038;p=19145"},"modified":"2025-03-25T11:57:14","modified_gmt":"2025-03-25T11:57:14","slug":"colombian-cocaine","status":"publish","type":"product","link":"https:\/\/narcopowders.com\/tr\/urun\/kolombiyali-kokain\/","title":{"rendered":"\u00c7evrimi\u00e7i Kolombiya Kokaini Sat\u0131n Al\u0131n"},"content":{"rendered":"<h2 style=\"text-align: justify;\">\u00c7evrimi\u00e7i Kolombiya Kokaini Sat\u0131n Al\u0131n<\/h2>\n<p style=\"text-align: justify;\">ar\u0131yor musun\u00a0<a href=\"https:\/\/narcopowders.com\/tr\/urun\/kolombiyali-kokain\/\"><strong>\u00e7evrimi\u00e7i Kolombiya kokaini sat\u0131n al<\/strong><\/a>? If so, <a href=\"https:\/\/narcopowders.com\/tr\/\">Narko Tozlar<\/a> Sizin i\u00e7in m\u00fckemmel bir yer. Burada \u00e7ok \u00e7e\u015fitli \u00fcr\u00fcnler bulacaks\u0131n\u0131z. <a href=\"https:\/\/en.wikipedia.org\/wiki\/Cocaine\">y\u00fcksek kaliteli kokain<\/a> Kolombiya koka yapraklar\u0131ndan yap\u0131lan \u00fcr\u00fcnler.<\/p>\n<h3 style=\"text-align: justify;\">Kolombiya Kokaini Nas\u0131l Yap\u0131l\u0131r?<\/h3>\n<p style=\"text-align: justify;\"><a href=\"https:\/\/www.bing.com\/search?q=Buy%20Colombian%20Cocaine%20Online&amp;qs=n&amp;form=QBRE&amp;sp=-1&amp;lq=0&amp;pq=buy%20colombian%20cocaine%20online&amp;sc=1-28&amp;sk=&amp;cvid=B9F08B78D28D4CFF9767D05E320B96BB&amp;ghsh=0&amp;ghacc=0&amp;ghpl=\">Colombian cocaine<\/a> Kolombiya kokaini piyasadaki en pop\u00fcler uyu\u015fturucular aras\u0131ndad\u0131r. Enerji seviyelerini art\u0131rmaya ve odaklanmay\u0131 iyile\u015ftirmeye yard\u0131mc\u0131 olabilecek g\u00fc\u00e7l\u00fc bir uyar\u0131c\u0131d\u0131r. Kolombiya kokaini \u00fcretmek i\u00e7in \u00e7ift\u00e7ilerin \u00f6nce And Da\u011flar\u0131'nda koka yapra\u011f\u0131 yeti\u015ftirmesi gerekiyor. Koka yapraklar\u0131 b\u00fcy\u00fcd\u00fckten sonra toplan\u0131r ve kokain hidroklor\u00fcr kristalleri halinde i\u015flenir. Bu i\u015flem, asit y\u0131kama ve eter ekstraksiyonu dahil olmak \u00fczere \u00e7e\u015fitli kimyasal i\u015flemler kullan\u0131larak yapraklar\u0131n dam\u0131t\u0131lmas\u0131n\u0131 i\u00e7erir. Son olarak, kokain karaborsada sat\u0131lmak \u00fczere deniza\u015f\u0131r\u0131 \u00fclkelere g\u00f6nderilir.<\/p>\n<p style=\"text-align: justify;\">Uyu\u015fturucu ka\u00e7ak\u00e7\u0131l\u0131\u011f\u0131 a\u011flar\u0131, uyu\u015fturucuyu ka\u00e7\u0131rmak i\u00e7in farkl\u0131 rotalar ve limanlar kullan\u0131r. <a href=\"https:\/\/www.google.de\/search?q=Buy+Colombian+Cocaine+Online&amp;sca_esv=1a2a07081c7891bb&amp;rlz=1C1RXQR_enIN1098IN1098&amp;ei=arjOZ5WFK-z21e8P98PxkAg&amp;ved=0ahUKEwiV4ujroP-LAxVse_UHHfdhHIIQ4dUDCBA&amp;uact=5&amp;oq=Buy+Colombian+Cocaine+Online&amp;gs_lp=Egxnd3Mtd2l6LXNlcnAiHEJ1eSBDb2xvbWJpYW4gQ29jYWluZSBPbmxpbmVIkAhQjQRYjQRwA3gAkAEAmAGqAaABqgGqAQMwLjG4AQPIAQD4AQL4AQGYAgCgAgCYAwCIBgGSBwCgB1A&amp;sclient=gws-wiz-serp\">Colombian cocaine<\/a> Uyu\u015fturucu ka\u00e7ak\u00e7\u0131l\u0131\u011f\u0131 a\u011flar\u0131, Kolombiya kokainini di\u011fer uyu\u015fturucu t\u00fcrlerinden daha de\u011ferli oldu\u011fu Avrupa'ya ve d\u00fcnyan\u0131n di\u011fer b\u00f6lgelerine ka\u00e7\u0131rmak i\u00e7in farkl\u0131 rotalar ve limanlar kullan\u0131yor. Bu fakt\u00f6rler nedeniyle, genellikle aras\u0131nda \u00f6nemli farkl\u0131l\u0131klar vard\u0131r.\u00a0<a href=\"https:\/\/www.bing.com\/search?q=Buy%20Colombian%20Cocaine%20Online&amp;qs=n&amp;form=QBRE&amp;sp=-1&amp;lq=0&amp;pq=buy%20colombian%20cocaine%20online&amp;sc=1-28&amp;sk=&amp;cvid=B9F08B78D28D4CFF9767D05E320B96BB&amp;ghsh=0&amp;ghacc=0&amp;ghpl=\"><strong>Kolombiya kokain fiyat\u0131 <\/strong><\/a>ve piyasadaki di\u011fer ila\u00e7 t\u00fcrlerinin fiyat\u0131.<\/p>\n<h3 style=\"text-align: justify;\">Kolombiya Kokaininin Faydalar\u0131<\/h3>\n<p style=\"text-align: justify;\">The use of <a href=\"https:\/\/www.google.de\/search?q=Buy+Colombian+Cocaine+Online&amp;sca_esv=1a2a07081c7891bb&amp;rlz=1C1RXQR_enIN1098IN1098&amp;ei=arjOZ5WFK-z21e8P98PxkAg&amp;ved=0ahUKEwiV4ujroP-LAxVse_UHHfdhHIIQ4dUDCBA&amp;uact=5&amp;oq=Buy+Colombian+Cocaine+Online&amp;gs_lp=Egxnd3Mtd2l6LXNlcnAiHEJ1eSBDb2xvbWJpYW4gQ29jYWluZSBPbmxpbmVIkAhQjQRYjQRwA3gAkAEAmAGqAaABqgGqAQMwLjG4AQPIAQD4AQL4AQGYAgCgAgCYAwCIBgGSBwCgB1A&amp;sclient=gws-wiz-serp\">Colombian cocaine<\/a> \u0423\u043f\u043e\u0442\u0440\u0435\u0431\u043b\u0435\u043d\u0438\u0435 \u043a\u043e\u043b\u0443\u043c\u0431\u0438\u0439\u0441\u043a\u043e\u0433\u043e \u043a\u043e\u043a\u0430\u0438\u043d\u0430 \u043c\u043e\u0436\u0435\u0442 \u043f\u0440\u0438\u043d\u0435\u0441\u0442\u0438 \u0440\u0430\u0437\u043b\u0438\u0447\u043d\u044b\u0435 \u043f\u0440\u0435\u0438\u043c\u0443\u0449\u0435\u0441\u0442\u0432\u0430 \u0442\u0435\u043c, \u043a\u0442\u043e \u0445\u043e\u0447\u0435\u0442 \u0438\u0441\u043f\u044b\u0442\u0430\u0442\u044c \u044d\u0439\u0444\u043e\u0440\u0438\u044e \u0438\u043b\u0438 \u0445\u043e\u0447\u0435\u0442 \u0438\u0441\u043f\u043e\u043b\u044c\u0437\u043e\u0432\u0430\u0442\u044c \u044d\u0442\u043e\u0442 \u043d\u0430\u0440\u043a\u043e\u0442\u0438\u043a \u043a\u0430\u043a \u0447\u0430\u0441\u0442\u044c \u043b\u0435\u0447\u0435\u043d\u0438\u044f \u0437\u0430\u0432\u0438\u0441\u0438\u043c\u043e\u0441\u0442\u0438. \u0412 \u0434\u043e\u043f\u043e\u043b\u043d\u0435\u043d\u0438\u0435 \u043a \u0442\u043e\u043c\u0443, \u0447\u0442\u043e \u043a\u043e\u043b\u0443\u043c\u0431\u0438\u0439\u0441\u043a\u0438\u0439 \u043a\u043e\u043a\u0430\u0438\u043d \u0432\u044b\u0437\u044b\u0432\u0430\u0435\u0442 \u0431\u043e\u043b\u0435\u0435 \u0441\u0438\u043b\u044c\u043d\u043e\u0435 \u0447\u0443\u0432\u0441\u0442\u0432\u043e \u0443\u0434\u043e\u0432\u043e\u043b\u044c\u0441\u0442\u0432\u0438\u044f \u0438 \u0431\u0434\u0438\u0442\u0435\u043b\u044c\u043d\u043e\u0441\u0442\u0438, \u0447\u0435\u043c \u0434\u0440\u0443\u0433\u0438\u0435 \u0440\u0430\u0437\u043d\u043e\u0432\u0438\u0434\u043d\u043e\u0441\u0442\u0438 \u043a\u043e\u043a\u0430\u0438\u043d\u0430, \u043e\u043d \u0442\u0430\u043a\u0436\u0435 \u043e\u0431\u043b\u0430\u0434\u0430\u0435\u0442 \u0431\u043e\u043b\u0435\u0435 \u0432\u044b\u0441\u043e\u043a\u043e\u0439 \u044d\u0444\u0444\u0435\u043a\u0442\u0438\u0432\u043d\u043e\u0441\u0442\u044c\u044e, \u0447\u0435\u043c \u0434\u0440\u0443\u0433\u0438\u0435 \u0432\u0438\u0434\u044b \u043a\u043e\u043a\u0430\u0438\u043d\u0430, \u0447\u0442\u043e \u043f\u043e\u0437\u0432\u043e\u043b\u044f\u0435\u0442 \u043f\u043e\u0442\u0440\u0435\u0431\u0438\u0442\u0435\u043b\u044f\u043c \u0438\u0441\u043f\u044b\u0442\u044b\u0432\u0430\u0442\u044c \u044d\u0444\u0444\u0435\u043a\u0442\u044b \u0441 \u0433\u043e\u0440\u0430\u0437\u0434\u043e \u043c\u0435\u043d\u044c\u0448\u0438\u043c \u043a\u043e\u043b\u0438\u0447\u0435\u0441\u0442\u0432\u043e\u043c.\u00a0<strong>Kolombiyal\u0131 kokain \u00e7evrimi\u00e7i<\/strong>\u00a0safl\u0131\u011f\u0131 ve di\u011fer uyu\u015fturucularla kontamine olmamas\u0131 nedeniyle genellikle daha tercih edilir olarak g\u00f6r\u00fcl\u00fcr.<\/p>\n<p style=\"text-align: justify;\">\u0130ster bir horlama ister sigara i\u00e7me havas\u0131nda olun, bizde m\u00fckemmel <a href=\"https:\/\/duckduckgo.com\/?q=Buy+Colombian+Cocaine+Online&amp;t=h_&amp;ia=web\"><strong>Sat\u0131l\u0131k Kolombiyal\u0131 kokain<\/strong><\/a>. \u00d6yleyse neden bug\u00fcn Narco Powders'\u0131 denemiyorsunuz? Hayal k\u0131r\u0131kl\u0131\u011f\u0131na u\u011framayacaks\u0131n!<\/p>\n<h3 style=\"text-align: justify;\">Kolombiya Kokaininin Yan Etkileri<\/h3>\n<p style=\"text-align: justify;\">Kokain kullan\u0131m\u0131n\u0131n k\u0131sa vadeli yan etkileri s\u00f6z konusu oldu\u011funda, kullan\u0131c\u0131lar enerji ve motivasyon art\u0131\u015f\u0131n\u0131n yan\u0131 s\u0131ra \u00f6fori veya acele ya\u015fayabilirler. Bu yan etkiler tipik olarak yakla\u015f\u0131k bir saat s\u00fcrer, ancak ki\u015finin ne kadar kokain ald\u0131\u011f\u0131na ba\u011fl\u0131 olarak de\u011fi\u015febilir. Kokain kullan\u0131m\u0131n\u0131n uzun vadeli yan etkileri aras\u0131nda konsantrasyon ve odaklanma sorunlar\u0131, kalp at\u0131\u015f h\u0131z\u0131 ve kan bas\u0131nc\u0131nda art\u0131\u015f, uykusuzluk, h\u0131zl\u0131 kilo verme veya alma, ba\u011f\u0131ml\u0131l\u0131k, n\u00f6betler, karaci\u011fer hasar\u0131 ve hatta \u00f6l\u00fcm yer alabilir.<\/p>\n<h3 style=\"text-align: justify;\">Kolombiya Kokaini \u00c7evrimi\u00e7i Olarak Nereden Sipari\u015f Edilir?<\/h3>\n<p style=\"text-align: justify;\">i\u00e7in bir\u00e7ok harika neden var\u00a0<strong>internetten kokain sipari\u015fi ver<\/strong>\u00a0Narco Powders'tan. Birincisi, \u00e7evrimi\u00e7i kokain sipari\u015f etmenin yasall\u0131\u011f\u0131 bir\u00e7ok yetkili taraf\u0131ndan h\u00e2l\u00e2 tart\u0131\u015f\u0131lmaktad\u0131r. Ancak yakalanma endi\u015fesi duymadan Kolombiya kokainini \u00e7evrimi\u00e7i sipari\u015f edebilirsiniz. \u00c7evrimi\u00e7i kokain sat\u0131n alman\u0131n bir ba\u015fka nedeni de kolayl\u0131k fakt\u00f6r\u00fcd\u00fcr. Narco Tozlar\u0131 ile \u015funlar\u0131 yapabilirsiniz:\u00a0<a href=\"https:\/\/duckduckgo.com\/?q=Buy+Colombian+Cocaine+Online&amp;t=h_&amp;ia=web\"><strong>toplu olarak Kolombiya kokaini sat\u0131n al<\/strong><\/a> kolayl\u0131kla ve evinizden veya ofisinizden ayr\u0131lman\u0131za gerek kalmadan. Son olarak, Narco Powders'ta sat\u0131n al\u0131nabilecek \u00e7e\u015fitli kokain t\u00fcrleri vard\u0131r - tozdan crack rock'a kadar her \u015fey.<\/p>","protected":false},"excerpt":{"rendered":"<p>Buy Colombian Cocaine Online Are you looking to\u00a0buy Colombian cocaine online? If so, Narco Powders is the perfect place for you. Here, you&#8217;ll find a wide variety of high-quality cocaine products that are made from Colombian coca leaves. How Is Colombian Cocaine Made? Colombian cocaine is among the most popular drugs on the market. It&#8217;s [&hellip;]<\/p>","protected":false},"featured_media":19165,"comment_status":"open","ping_status":"closed","template":"","meta":{"_joinchat":[]},"product_brand":[],"product_cat":[1179],"product_tag":[1250,1244,1253,1257,1247,1252,1246,1245,1258,1251,1259,1248,1254,1249],"class_list":{"0":"post-19145","1":"product","2":"type-product","3":"status-publish","4":"has-post-thumbnail","6":"product_cat-buy-cocaine-online","7":"product_tag-benefits-of-colombian-cocaine","8":"product_tag-best-place-to-order-colombian-cocaine","9":"product_tag-buy-colombian-cocaine-legally","10":"product_tag-buy-colombian-cocaine-online-near-me","11":"product_tag-cheap-colombian-cocaine","12":"product_tag-colombian-cocaine-for-sale","13":"product_tag-colombian-cocaine-price","14":"product_tag-colombian-cocaine-wholesale","15":"product_tag-how-can-i-get-the-best-colombian-cocaine","16":"product_tag-how-to-order-colombian-cocaine","17":"product_tag-legit-colombian-cocaine-online","18":"product_tag-what-is-colombian-cocaine","19":"product_tag-where-can-i-buy-colombian-cocaine","20":"product_tag-where-to-buy-colombian-cocaine","22":"first","23":"instock","24":"shipping-taxable","25":"purchasable","26":"product-type-variable","27":"add-to-wishlist-after_add_to_cart"},"yoast_head":"<!-- This site is optimized with the Yoast SEO plugin v25.9 - https:\/\/yoast.com\/wordpress\/plugins\/seo\/ -->\n<title>Colombian Cocaine for Sale - Buy Colombian Cocaine Online<\/title>\n<meta name=\"description\" content=\"You can get high purity colombian cocaine for sale here. Buy colombian cocaine online, order colombian cocaine in bulk quantity at wholesale price.\" \/>\n<meta name=\"robots\" content=\"index, follow, max-snippet:-1, max-image-preview:large, max-video-preview:-1\" \/>\n<link rel=\"canonical\" href=\"https:\/\/narcopowders.com\/tr\/urun\/kolombiyali-kokain\/\" \/>\n<meta property=\"og:locale\" content=\"tr_TR\" \/>\n<meta property=\"og:type\" content=\"article\" \/>\n<meta property=\"og:title\" content=\"Colombian Cocaine for Sale - Buy Colombian Cocaine Online\" \/>\n<meta property=\"og:description\" content=\"You can get high purity colombian cocaine for sale here. Buy colombian cocaine online, order colombian cocaine in bulk quantity at wholesale price.\" \/>\n<meta property=\"og:url\" content=\"https:\/\/narcopowders.com\/tr\/urun\/kolombiyali-kokain\/\" \/>\n<meta property=\"og:site_name\" content=\"Narco Powders\" \/>\n<meta property=\"article:modified_time\" content=\"2025-03-25T11:57:14+00:00\" \/>\n<meta property=\"og:image\" content=\"https:\/\/narcopowders.com\/wp-content\/uploads\/2023\/01\/colombian-cocaine.jpg\" \/>\n\t<meta property=\"og:image:width\" content=\"600\" \/>\n\t<meta property=\"og:image:height\" content=\"600\" \/>\n\t<meta property=\"og:image:type\" content=\"image\/jpeg\" \/>\n<meta name=\"twitter:card\" content=\"summary_large_image\" \/>\n<meta name=\"twitter:label1\" content=\"Tahmini okuma s\u00fcresi\" \/>\n\t<meta name=\"twitter:data1\" content=\"3 dakika\" \/>\n<!-- \/ Yoast SEO plugin. -->","yoast_head_json":{"title":"Sat\u0131l\u0131k Kolombiya Kokaini - \u00c7evrimi\u00e7i Kolombiya Kokaini Sat\u0131n Al\u0131n","description":"Burada sat\u0131l\u0131k y\u00fcksek safl\u0131kta Kolombiyal\u0131 kokain alabilirsiniz. Kolombiyal\u0131 kokaini \u00e7evrimi\u00e7i sat\u0131n al\u0131n, Kolombiyal\u0131 kokaini toptan fiyata toplu miktarda sipari\u015f edin.","robots":{"index":"index","follow":"follow","max-snippet":"max-snippet:-1","max-image-preview":"max-image-preview:large","max-video-preview":"max-video-preview:-1"},"canonical":"https:\/\/narcopowders.com\/tr\/urun\/kolombiyali-kokain\/","og_locale":"tr_TR","og_type":"article","og_title":"Colombian Cocaine for Sale - Buy Colombian Cocaine Online","og_description":"You can get high purity colombian cocaine for sale here. Buy colombian cocaine online, order colombian cocaine in bulk quantity at wholesale price.","og_url":"https:\/\/narcopowders.com\/tr\/urun\/kolombiyali-kokain\/","og_site_name":"Narco Powders","article_modified_time":"2025-03-25T11:57:14+00:00","og_image":[{"width":600,"height":600,"url":"https:\/\/narcopowders.com\/wp-content\/uploads\/2023\/01\/colombian-cocaine.jpg","type":"image\/jpeg"}],"twitter_card":"summary_large_image","twitter_misc":{"Tahmini okuma s\u00fcresi":"3 dakika"},"schema":{"@context":"https:\/\/schema.org","@graph":[{"@type":"WebPage","@id":"https:\/\/narcopowders.com\/product\/colombian-cocaine\/","url":"https:\/\/narcopowders.com\/product\/colombian-cocaine\/","name":"Sat\u0131l\u0131k Kolombiya Kokaini - \u00c7evrimi\u00e7i Kolombiya Kokaini Sat\u0131n Al\u0131n","isPartOf":{"@id":"https:\/\/narcopowders.com\/#website"},"primaryImageOfPage":{"@id":"https:\/\/narcopowders.com\/product\/colombian-cocaine\/#primaryimage"},"image":{"@id":"https:\/\/narcopowders.com\/product\/colombian-cocaine\/#primaryimage"},"thumbnailUrl":"https:\/\/narcopowders.com\/wp-content\/uploads\/2023\/01\/colombian-cocaine.jpg","datePublished":"2023-01-02T10:20:37+00:00","dateModified":"2025-03-25T11:57:14+00:00","description":"Burada sat\u0131l\u0131k y\u00fcksek safl\u0131kta Kolombiyal\u0131 kokain alabilirsiniz. Kolombiyal\u0131 kokaini \u00e7evrimi\u00e7i sat\u0131n al\u0131n, Kolombiyal\u0131 kokaini toptan fiyata toplu miktarda sipari\u015f edin.","breadcrumb":{"@id":"https:\/\/narcopowders.com\/product\/colombian-cocaine\/#breadcrumb"},"inLanguage":"tr","potentialAction":[{"@type":"ReadAction","target":["https:\/\/narcopowders.com\/product\/colombian-cocaine\/"]}]},{"@type":"ImageObject","inLanguage":"tr","@id":"https:\/\/narcopowders.com\/product\/colombian-cocaine\/#primaryimage","url":"https:\/\/narcopowders.com\/wp-content\/uploads\/2023\/01\/colombian-cocaine.jpg","contentUrl":"https:\/\/narcopowders.com\/wp-content\/uploads\/2023\/01\/colombian-cocaine.jpg","width":600,"height":600,"caption":"Colombian Cocaine for Sale"},{"@type":"BreadcrumbList","@id":"https:\/\/narcopowders.com\/product\/colombian-cocaine\/#breadcrumb","itemListElement":[{"@type":"ListItem","position":1,"name":"Home","item":"https:\/\/narcopowders.com\/"},{"@type":"ListItem","position":2,"name":"Shop Page","item":"https:\/\/narcopowders.com\/shop\/"},{"@type":"ListItem","position":3,"name":"Buy Colombian Cocaine Online"}]},{"@type":"WebSite","@id":"https:\/\/narcopowders.com\/#website","url":"https:\/\/narcopowders.com\/","name":"Narko Tozlar","description":"WordPress Blogum","potentialAction":[{"@type":"SearchAction","target":{"@type":"EntryPoint","urlTemplate":"https:\/\/narcopowders.com\/?s={search_term_string}"},"query-input":{"@type":"PropertyValueSpecification","valueRequired":true,"valueName":"search_term_string"}}],"inLanguage":"tr"}]}},"_links":{"self":[{"href":"https:\/\/narcopowders.com\/tr\/wp-json\/wp\/v2\/product\/19145","targetHints":{"allow":["GET"]}}],"collection":[{"href":"https:\/\/narcopowders.com\/tr\/wp-json\/wp\/v2\/product"}],"about":[{"href":"https:\/\/narcopowders.com\/tr\/wp-json\/wp\/v2\/types\/product"}],"replies":[{"embeddable":true,"href":"https:\/\/narcopowders.com\/tr\/wp-json\/wp\/v2\/comments?post=19145"}],"wp:featuredmedia":[{"embeddable":true,"href":"https:\/\/narcopowders.com\/tr\/wp-json\/wp\/v2\/media\/19165"}],"wp:attachment":[{"href":"https:\/\/narcopowders.com\/tr\/wp-json\/wp\/v2\/media?parent=19145"}],"wp:term":[{"taxonomy":"product_brand","embeddable":true,"href":"https:\/\/narcopowders.com\/tr\/wp-json\/wp\/v2\/product_brand?post=19145"},{"taxonomy":"product_cat","embeddable":true,"href":"https:\/\/narcopowders.com\/tr\/wp-json\/wp\/v2\/product_cat?post=19145"},{"taxonomy":"product_tag","embeddable":true,"href":"https:\/\/narcopowders.com\/tr\/wp-json\/wp\/v2\/product_tag?post=19145"}],"curies":[{"name":"wp","href":"https:\/\/api.w.org\/{rel}","templated":true}]}}