{"id":19146,"date":"2023-01-02T10:32:30","date_gmt":"2023-01-02T10:32:30","guid":{"rendered":"https:\/\/nembutalhouse.com\/narco\/?post_type=product&#038;p=19146"},"modified":"2025-03-25T12:04:02","modified_gmt":"2025-03-25T12:04:02","slug":"peruvian-cocaine","status":"publish","type":"product","link":"https:\/\/narcopowders.com\/tr\/urun\/perulu-kokain\/","title":{"rendered":"Online Peru Kokaini Sat\u0131n Al\u0131n"},"content":{"rendered":"<h2 style=\"text-align: justify;\">Online Peru Kokaini Sat\u0131n Al\u0131n<\/h2>\n<p style=\"text-align: justify;\">Otantik ve g\u00fc\u00e7l\u00fc bir y\u00fcksek mi ar\u0131yorsunuz?\u00a0<a href=\"https:\/\/en.wikipedia.org\/wiki\/Cocaine\"><strong>Peru kokainini \u00e7evrimi\u00e7i sipari\u015f edin<\/strong><\/a>\u00a0from <a href=\"https:\/\/narcopowders.com\/tr\/\">Narko Tozlar<\/a>. We specialize in providing only the highest-grade\u00a0<a href=\"https:\/\/narcopowders.com\/tr\/urun\/perulu-kokain\/\"><strong>Perulu kokain \u00e7evrimi\u00e7i<\/strong><\/a>, her zaman kaliteyi garanti eden bir \u00fcretim s\u00fcreci ile.<\/p>\n<h3 style=\"text-align: justify;\">Peru Kokaini Nas\u0131l \u00dcretiliyor?<\/h3>\n<p style=\"text-align: justify;\">Kokain sat\u0131n almak istedi\u011finizde, kullan\u0131lan \u00fcretim y\u00f6ntemlerinin fark\u0131nda olman\u0131z \u00f6nemlidir. Peru kokaini \u00e7e\u015fitli \u015fekillerde \u00fcretilir. <a href=\"https:\/\/www.bing.com\/search?q=Buy%20Peruvian%20Cocaine%20Online&amp;qs=n&amp;form=QBRE&amp;sp=-1&amp;lq=0&amp;pq=buy%20peruvian%20cocaine%20online&amp;sc=0-27&amp;sk=&amp;cvid=876C4E7595D14B1B8CAAC2FBA0DFA998&amp;ghsh=0&amp;ghacc=0&amp;ghpl=\">Peruvian cocaine<\/a> \u00e7e\u015fitli \u015fekillerde \u00fcretilmektedir.<\/p>\n<p style=\"text-align: justify;\">\u00dcretmenin en yayg\u0131n yolu <a href=\"https:\/\/www.bing.com\/search?q=Buy%20Peruvian%20Cocaine%20Online&amp;qs=n&amp;form=QBRE&amp;sp=-1&amp;lq=0&amp;pq=buy%20peruvian%20cocaine%20online&amp;sc=0-27&amp;sk=&amp;cvid=876C4E7595D14B1B8CAAC2FBA0DFA998&amp;ghsh=0&amp;ghacc=0&amp;ghpl=\">Peruvian cocaine<\/a> Peru kokaini \u00fcretmenin en yayg\u0131n yolu fermantasyondur. Fermantasyon s\u0131ras\u0131nda koka yapraklar\u0131 suda bekletilir ve daha sonra kokain hidroklor\u00fcr kristalleri halinde i\u015flenir. Bu i\u015flem, dozlamas\u0131 kolay ve herhangi bir \u00f6zel ekipman veya beceri gerektirmeyen y\u00fcksek kaliteli bir \u00fcr\u00fcn \u00fcretir.<\/p>\n<p style=\"text-align: justify;\">Peru kokaini \u00fcretmenin bir di\u011fer yayg\u0131n y\u00f6ntemi de eterle ekstraksiyondur. Ekstraksiyon s\u0131ras\u0131nda koka yapraklar\u0131 bir eter \u00e7\u00f6zeltisine bat\u0131r\u0131l\u0131r ve ard\u0131ndan i\u015flenerek <a href=\"https:\/\/www.google.com\/search?q=Buy+Peruvian+Cocaine+Online&amp;num=10&amp;sca_esv=1a2a07081c7891bb&amp;rlz=1C1RXQR_enIN1098IN1098&amp;sxsrf=AHTn8zpGRXphTjpY2t0xOyM4zkE9wYTz3w%3A1741681471644&amp;ei=P_PPZ9b9JtSZvr0PpdysyQY&amp;ved=0ahUKEwiWmbeLzYGMAxXUjK8BHSUuK2kQ4dUDCBA&amp;uact=5&amp;oq=Buy+Peruvian+Cocaine+Online&amp;gs_lp=Egxnd3Mtd2l6LXNlcnAiG0J1eSBQZXJ1dmlhbiBDb2NhaW5lIE9ubGluZUjPGFD4Elj4EnADeACQAQCYAZ8BoAGfAaoBAzAuMbgBA8gBAPgBAvgBAZgCAKACAJgDAIgGAZIHAKAHTw&amp;sclient=gws-wiz-serp\">cocaine hydrochloride crystals<\/a>Bu i\u015flem fermantasyondan daha h\u0131zl\u0131d\u0131r ancak ekstraksiyon ko\u015fullar\u0131ndaki olas\u0131 de\u011fi\u015fiklikler nedeniyle kalite a\u00e7\u0131s\u0131ndan daha az tutarl\u0131d\u0131r.<\/p>\n<p style=\"text-align: justify;\">Nihayet, <a href=\"https:\/\/www.google.com\/search?q=Buy+Peruvian+Cocaine+Online&amp;num=10&amp;sca_esv=1a2a07081c7891bb&amp;rlz=1C1RXQR_enIN1098IN1098&amp;sxsrf=AHTn8zpGRXphTjpY2t0xOyM4zkE9wYTz3w%3A1741681471644&amp;ei=P_PPZ9b9JtSZvr0PpdysyQY&amp;ved=0ahUKEwiWmbeLzYGMAxXUjK8BHSUuK2kQ4dUDCBA&amp;uact=5&amp;oq=Buy+Peruvian+Cocaine+Online&amp;gs_lp=Egxnd3Mtd2l6LXNlcnAiG0J1eSBQZXJ1dmlhbiBDb2NhaW5lIE9ubGluZUjPGFD4Elj4EnADeACQAQCYAZ8BoAGfAaoBAzAuMbgBA8gBAPgBAvgBAZgCAKACAJgDAIgGAZIHAKAHTw&amp;sclient=gws-wiz-serp\">Peruvian cocaine<\/a> Son olarak, Peru kokaini de kritik alt\u0131 suya dald\u0131rma teknikleri (SWIM) kullan\u0131larak \u00fcretilmektedir. Y\u00dcZME, koka yapraklar\u0131n\u0131 s\u0131v\u0131 forma d\u00f6n\u00fc\u015fene kadar atmosfer bas\u0131nc\u0131n\u0131n alt\u0131ndaki suda \u0131slatmay\u0131 ve ard\u0131ndan \u00e7\u00f6z\u00fcnm\u00fc\u015f kat\u0131lar\u0131 dam\u0131tma veya kristalle\u015ftirme gibi geleneksel \u00e7\u00f6z\u00fcc\u00fc ekstraksiyon teknikleri kullanarak \u00f6z\u00fctlemeyi i\u00e7erir.<\/p>\n<p style=\"text-align: justify;\">Nihayetinde, ne zaman\u00a0<a href=\"https:\/\/duckduckgo.com\/?q=Buy+Peruvian+Cocaine+Online&amp;t=h_&amp;ia=web\"><strong>Peru kokainini \u00e7evrimi\u00e7i sat\u0131n al<\/strong><\/a> Narco Powders'tan \u00f6zel ihtiya\u00e7lar\u0131n\u0131z\u0131 kar\u015f\u0131layan y\u00fcksek kaliteli bir \u00fcr\u00fcn ald\u0131\u011f\u0131n\u0131zdan emin olabilirsiniz.<\/p>\n<h3 style=\"text-align: justify;\">Peru Kokaininin Faydalar\u0131<\/h3>\n<p style=\"text-align: justify;\">hi\u00e7 \u015f\u00fcphe yok ki\u00a0<a href=\"https:\/\/duckduckgo.com\/?q=Buy+Peruvian+Cocaine+Online&amp;t=h_&amp;ia=web\"><strong>Sat\u0131l\u0131k Perulu kokain<\/strong><\/a> gezegendeki en pop\u00fcler ila\u00e7lardan biridir. Ve iyi bir nedenden dolay\u0131 - enerjinizi art\u0131rman\u0131za ve size bir co\u015fku hissi vermenize yard\u0131mc\u0131 olabilecek g\u00fc\u00e7l\u00fc bir uyar\u0131c\u0131d\u0131r. Bir\u00e7ok Perulu kokain kullan\u0131c\u0131s\u0131, uyu\u015fturucuyu kulland\u0131ktan sonra enerjik ve daha uyan\u0131k hissettiklerini bildirmektedir. Bu geli\u015fmi\u015f enerji \u00fcretkenlik, odaklanma ve problem \u00e7\u00f6zme konusunda yard\u0131mc\u0131 olabilir. <strong>Toplu halde Peru kokaini\u00a0<\/strong>Narco Powders'da \u00e7al\u0131\u015f\u0131yor<strong>\u00a0<\/strong>Ayr\u0131ca, kullan\u0131c\u0131lar\u0131n e\u011flence aktivitelerinden, sosyal olaylardan ve sanatsal aktivitelerden uyu\u015fturucu kullanmadan daha fazla keyif almalar\u0131n\u0131 sa\u011flayarak, haz verici duygular\u0131n artmas\u0131na yard\u0131mc\u0131 olabilir.<\/p>\n<h3 style=\"text-align: justify;\">Peru Kokaini Alman\u0131n Yan Etkileri Nelerdir?<\/h3>\n<p style=\"text-align: justify;\">Peru kokaini, genellikle di\u011fer crack kokain t\u00fcrlerinden daha g\u00fc\u00e7l\u00fc olan bir crack kokain t\u00fcr\u00fcd\u00fcr. Bu, Peru kokaini al\u0131rken di\u011fer crack kokain t\u00fcrlerinden daha fazla fiziksel yan etki ya\u015faman\u0131n m\u00fcmk\u00fcn oldu\u011fu anlam\u0131na gelir. Peru kokaini alman\u0131n baz\u0131 potansiyel fiziksel yan etkileri, kalp at\u0131\u015f h\u0131z\u0131 ve kan bas\u0131nc\u0131nda art\u0131\u015f, daha y\u00fcksek solunum komplikasyonlar\u0131 riski, ba\u011f\u0131ml\u0131l\u0131k ve davran\u0131\u015f de\u011fi\u015fiklikleri, depresyon, anksiyete ve paranoid d\u00fc\u015f\u00fcnceler gibi psikolojik yan etkiler, yoksunluk belirtileri, uzun vadeli hasard\u0131r. i\u00e7 organlar, gebelik riskleri ve di\u011fer sa\u011fl\u0131k sorunlar\u0131.<\/p>\n<h3 style=\"text-align: justify;\">Otantik Peru Kokainini \u0130nternette Nereden Sat\u0131n Alabilirim?<\/h3>\n<p style=\"text-align: justify;\">Yakalanma riski olmadan Peru kokaininin t\u00fcm g\u00fcc\u00fcn\u00fc deneyimlemenin bir yolunu mu ar\u0131yorsunuz? Narco Powders'dan ba\u015fkas\u0131na bakmay\u0131n Burada y\u00fcksek kaliteli \u00fcr\u00fcnler sat\u0131n alabilirsiniz.\u00a0<strong>Perulu kokain toptanc\u0131s\u0131<\/strong>\u00a0G\u00fcvenli ve g\u00fcvenli bir ortamda \u00e7evrimi\u00e7i. \u00dcr\u00fcnlerimiz benzersizdir \u00e7\u00fcnk\u00fc piyasada bulunan di\u011fer kokain \u00e7e\u015fitlerinden daha g\u00fc\u00e7l\u00fcd\u00fcrler. \u015eimdi sipari\u015finizi verin!<\/p>","protected":false},"excerpt":{"rendered":"<p>Buy Peruvian Cocaine Online Are you looking for an authentic and powerful high?\u00a0Order Peruvian cocaine online\u00a0from Narco Powders. We specialize in providing only the highest-grade\u00a0Peruvian cocaine online, with a manufacturing process that ensures quality every time. How Is Peruvian Cocaine Manufactured? When you&#8217;re looking to buy cocaine, it&#8217;s important to be aware of the production [&hellip;]<\/p>","protected":false},"featured_media":19198,"comment_status":"open","ping_status":"closed","template":"","meta":{"_joinchat":[]},"product_brand":[],"product_cat":[1179],"product_tag":[1298,1292,1301,1304,1305,1303,1295,1306,1299,1307,1300,1294,1293,1296,1302,1297],"class_list":{"0":"post-19146","1":"product","2":"type-product","3":"status-publish","4":"has-post-thumbnail","6":"product_cat-buy-cocaine-online","7":"product_tag-benefits-of-peruvian-cocaine","8":"product_tag-best-place-to-order-peruvian-cocaine","9":"product_tag-buy-peruvian-cocaine-legally","10":"product_tag-buy-peruvian-cocaine-online-australia","11":"product_tag-buy-peruvian-cocaine-online-near-me","12":"product_tag-buy-peruvian-cocaine-online-usa","13":"product_tag-cheap-peruvian-cocaine","14":"product_tag-how-can-i-get-the-best-peruvian-cocaine","15":"product_tag-how-to-order-peruvian-cocaine","16":"product_tag-legit-peruvian-cocaine-online","17":"product_tag-peruvian-cocaine-for-sale","18":"product_tag-peruvian-cocaine-price","19":"product_tag-peruvian-cocaine-wholesale","20":"product_tag-what-is-peruvian-cocaine","21":"product_tag-where-can-i-buy-peruvian-cocaine","22":"product_tag-where-to-buy-peruvian-cocaine","24":"first","25":"instock","26":"shipping-taxable","27":"purchasable","28":"product-type-variable","29":"add-to-wishlist-after_add_to_cart"},"yoast_head":"<!-- This site is optimized with the Yoast SEO plugin v25.9 - https:\/\/yoast.com\/wordpress\/plugins\/seo\/ -->\n<title>Buy Peruvian Cocaine Online - Pure Peruvian Cocaine for Sale<\/title>\n<meta name=\"description\" content=\"Looking for peruvian cocaine powder for sale in bulk quantity? You can buy peruvian cocaine online at wholesale price. Order Peruvian Cocaine Now!\" \/>\n<meta name=\"robots\" content=\"index, follow, max-snippet:-1, max-image-preview:large, max-video-preview:-1\" \/>\n<link rel=\"canonical\" href=\"https:\/\/narcopowders.com\/tr\/urun\/perulu-kokain\/\" \/>\n<meta property=\"og:locale\" content=\"tr_TR\" \/>\n<meta property=\"og:type\" content=\"article\" \/>\n<meta property=\"og:title\" content=\"Buy Peruvian Cocaine Online - Pure Peruvian Cocaine for Sale\" \/>\n<meta property=\"og:description\" content=\"Looking for peruvian cocaine powder for sale in bulk quantity? You can buy peruvian cocaine online at wholesale price. Order Peruvian Cocaine Now!\" \/>\n<meta property=\"og:url\" content=\"https:\/\/narcopowders.com\/tr\/urun\/perulu-kokain\/\" \/>\n<meta property=\"og:site_name\" content=\"Narco Powders\" \/>\n<meta property=\"article:modified_time\" content=\"2025-03-25T12:04:02+00:00\" \/>\n<meta property=\"og:image\" content=\"https:\/\/narcopowders.com\/wp-content\/uploads\/2023\/01\/peruvian-cocaine.jpg\" \/>\n\t<meta property=\"og:image:width\" content=\"600\" \/>\n\t<meta property=\"og:image:height\" content=\"600\" \/>\n\t<meta property=\"og:image:type\" content=\"image\/jpeg\" \/>\n<meta name=\"twitter:card\" content=\"summary_large_image\" \/>\n<meta name=\"twitter:label1\" content=\"Tahmini okuma s\u00fcresi\" \/>\n\t<meta name=\"twitter:data1\" content=\"3 dakika\" \/>\n<!-- \/ Yoast SEO plugin. -->","yoast_head_json":{"title":"Online Peru Kokaini Sat\u0131n Al\u0131n - Sat\u0131l\u0131k Saf Peru Kokaini","description":"Toptan sat\u0131\u015f i\u00e7in Peru kokain tozu mu ar\u0131yorsunuz? Peru kokainini \u00e7evrimi\u00e7i olarak toptan fiyata sat\u0131n alabilirsiniz. \u015eimdi Peru Kokaini Sipari\u015f Edin!","robots":{"index":"index","follow":"follow","max-snippet":"max-snippet:-1","max-image-preview":"max-image-preview:large","max-video-preview":"max-video-preview:-1"},"canonical":"https:\/\/narcopowders.com\/tr\/urun\/perulu-kokain\/","og_locale":"tr_TR","og_type":"article","og_title":"Buy Peruvian Cocaine Online - Pure Peruvian Cocaine for Sale","og_description":"Looking for peruvian cocaine powder for sale in bulk quantity? You can buy peruvian cocaine online at wholesale price. Order Peruvian Cocaine Now!","og_url":"https:\/\/narcopowders.com\/tr\/urun\/perulu-kokain\/","og_site_name":"Narco Powders","article_modified_time":"2025-03-25T12:04:02+00:00","og_image":[{"width":600,"height":600,"url":"https:\/\/narcopowders.com\/wp-content\/uploads\/2023\/01\/peruvian-cocaine.jpg","type":"image\/jpeg"}],"twitter_card":"summary_large_image","twitter_misc":{"Tahmini okuma s\u00fcresi":"3 dakika"},"schema":{"@context":"https:\/\/schema.org","@graph":[{"@type":"WebPage","@id":"https:\/\/narcopowders.com\/product\/peruvian-cocaine\/","url":"https:\/\/narcopowders.com\/product\/peruvian-cocaine\/","name":"Online Peru Kokaini Sat\u0131n Al\u0131n - Sat\u0131l\u0131k Saf Peru Kokaini","isPartOf":{"@id":"https:\/\/narcopowders.com\/#website"},"primaryImageOfPage":{"@id":"https:\/\/narcopowders.com\/product\/peruvian-cocaine\/#primaryimage"},"image":{"@id":"https:\/\/narcopowders.com\/product\/peruvian-cocaine\/#primaryimage"},"thumbnailUrl":"https:\/\/narcopowders.com\/wp-content\/uploads\/2023\/01\/peruvian-cocaine.jpg","datePublished":"2023-01-02T10:32:30+00:00","dateModified":"2025-03-25T12:04:02+00:00","description":"Toptan sat\u0131\u015f i\u00e7in Peru kokain tozu mu ar\u0131yorsunuz? Peru kokainini \u00e7evrimi\u00e7i olarak toptan fiyata sat\u0131n alabilirsiniz. \u015eimdi Peru Kokaini Sipari\u015f Edin!","breadcrumb":{"@id":"https:\/\/narcopowders.com\/product\/peruvian-cocaine\/#breadcrumb"},"inLanguage":"tr","potentialAction":[{"@type":"ReadAction","target":["https:\/\/narcopowders.com\/product\/peruvian-cocaine\/"]}]},{"@type":"ImageObject","inLanguage":"tr","@id":"https:\/\/narcopowders.com\/product\/peruvian-cocaine\/#primaryimage","url":"https:\/\/narcopowders.com\/wp-content\/uploads\/2023\/01\/peruvian-cocaine.jpg","contentUrl":"https:\/\/narcopowders.com\/wp-content\/uploads\/2023\/01\/peruvian-cocaine.jpg","width":600,"height":600,"caption":"peruvian cocaine"},{"@type":"BreadcrumbList","@id":"https:\/\/narcopowders.com\/product\/peruvian-cocaine\/#breadcrumb","itemListElement":[{"@type":"ListItem","position":1,"name":"Home","item":"https:\/\/narcopowders.com\/"},{"@type":"ListItem","position":2,"name":"Shop Page","item":"https:\/\/narcopowders.com\/shop\/"},{"@type":"ListItem","position":3,"name":"Buy Peruvian Cocaine Online"}]},{"@type":"WebSite","@id":"https:\/\/narcopowders.com\/#website","url":"https:\/\/narcopowders.com\/","name":"Narko Tozlar","description":"WordPress Blogum","potentialAction":[{"@type":"SearchAction","target":{"@type":"EntryPoint","urlTemplate":"https:\/\/narcopowders.com\/?s={search_term_string}"},"query-input":{"@type":"PropertyValueSpecification","valueRequired":true,"valueName":"search_term_string"}}],"inLanguage":"tr"}]}},"_links":{"self":[{"href":"https:\/\/narcopowders.com\/tr\/wp-json\/wp\/v2\/product\/19146","targetHints":{"allow":["GET"]}}],"collection":[{"href":"https:\/\/narcopowders.com\/tr\/wp-json\/wp\/v2\/product"}],"about":[{"href":"https:\/\/narcopowders.com\/tr\/wp-json\/wp\/v2\/types\/product"}],"replies":[{"embeddable":true,"href":"https:\/\/narcopowders.com\/tr\/wp-json\/wp\/v2\/comments?post=19146"}],"wp:featuredmedia":[{"embeddable":true,"href":"https:\/\/narcopowders.com\/tr\/wp-json\/wp\/v2\/media\/19198"}],"wp:attachment":[{"href":"https:\/\/narcopowders.com\/tr\/wp-json\/wp\/v2\/media?parent=19146"}],"wp:term":[{"taxonomy":"product_brand","embeddable":true,"href":"https:\/\/narcopowders.com\/tr\/wp-json\/wp\/v2\/product_brand?post=19146"},{"taxonomy":"product_cat","embeddable":true,"href":"https:\/\/narcopowders.com\/tr\/wp-json\/wp\/v2\/product_cat?post=19146"},{"taxonomy":"product_tag","embeddable":true,"href":"https:\/\/narcopowders.com\/tr\/wp-json\/wp\/v2\/product_tag?post=19146"}],"curies":[{"name":"wp","href":"https:\/\/api.w.org\/{rel}","templated":true}]}}