{"id":19217,"date":"2023-01-03T09:19:42","date_gmt":"2023-01-03T09:19:42","guid":{"rendered":"https:\/\/narcopowders.com\/?post_type=product&#038;p=19217"},"modified":"2025-03-25T12:27:06","modified_gmt":"2025-03-25T12:27:06","slug":"afghan-heroin","status":"publish","type":"product","link":"https:\/\/narcopowders.com\/tr\/urun\/afgan-eroin\/","title":{"rendered":"Afgan Eroini"},"content":{"rendered":"<h2 style=\"text-align: justify;\">\u00c7evrimi\u00e7i Afgan Eroini Sat\u0131n Al\u0131n<\/h2>\n<p style=\"text-align: justify;\">Harvesting <a href=\"https:\/\/en.wikipedia.org\/wiki\/Heroin\">Afghan heroin<\/a> Afgan eroininin ha\u015fha\u015f tarlalar\u0131ndan hasat edilmesi bir\u00e7ok \u00fclkede yasa d\u0131\u015f\u0131d\u0131r, ancak bu, insanlar\u0131n bu ilac\u0131 almas\u0131n\u0131 engellemez. Asl\u0131nda Afgan eroini, k\u0131smen yo\u011fun \u00f6forik etkileri sayesinde piyasadaki en pop\u00fcler eroin t\u00fcrleri aras\u0131ndad\u0131r. En iyisini ar\u0131yorsan\u0131z <a href=\"https:\/\/narcopowders.com\/tr\/urun\/afgan-eroin\/\"><strong>\u0130nternet \u00fczerinden sat\u0131l\u0131k Afgan eroini<\/strong><\/a>, then look no further than <a href=\"https:\/\/narcopowders.com\/tr\/\">Narko Tozlar<\/a>.<\/p>\n<h3 style=\"text-align: justify;\">Afgan Eroini Nas\u0131l \u00dcretilir?<\/h3>\n<p style=\"text-align: justify;\">Afgan eroini, afyondan yap\u0131lan bir opioid t\u00fcr\u00fcd\u00fcr. Afyon, ha\u015fha\u015f bitkisinden elde edilir ve <a href=\"https:\/\/www.google.com\/search?q=Buy+Afghan+Heroin+Online&amp;sca_esv=7d1b82273738a5db&amp;sxsrf=AHTn8zoNL9SAp7Ses5ieQ5J3StmSQ-ZOZA%3A1742904303459&amp;ei=75viZ4PlG4iZseMPpM2fyAk&amp;ved=0ahUKEwjDmIq_mKWMAxWITGwGHaTmB5kQ4dUDCA8&amp;uact=5&amp;oq=Buy+Afghan+Heroin+Online&amp;gs_lp=Egxnd3Mtd2l6LXNlcnAiGEJ1eSBBZmdoYW4gSGVyb2luIE9ubGluZUiRCFCqAViqAXABeACQAQCYAd0BoAHdAaoBAzItMbgBA8gBAPgBAfgBApgCAaACJ6gCEcICBxAjGCcY6gLCAhQQABiABBiRAhi0AhiKBRjqAtgBAcICFBAAGIAEGOMEGLQCGOkEGOoC2AEBwgIQEAAYAxi0AhjqAhiPAdgBAcICEBAuGAMYtAIY6gIYjwHYAQGYAyfxBXk66vEMk5S9ugYGCAEQARgBkgcBMaAHVLIHALgHAA&amp;sclient=gws-wiz-serp\">natural source of morphine and codeine<\/a>Afgan eroini, afyondan yap\u0131lan bir opioid t\u00fcr\u00fcd\u00fcr. Afyon ha\u015fha\u015f bitkisinden gelir ve do\u011fal bir morfin ve kodein kayna\u011f\u0131d\u0131r. Afyonu Afgan eroinine d\u00f6n\u00fc\u015ft\u00fcrme i\u015flemi, afyonun yap\u0131\u015fkan siyah bir katran haline gelene kadar kaynat\u0131lmas\u0131 ve ard\u0131ndan safs\u0131zl\u0131klar\u0131 gidermek i\u00e7in t\u00fclbentten s\u00fcz\u00fclmesi dahil olmak \u00fczere birka\u00e7 ad\u0131m\u0131 i\u00e7erir. Bu siyah katran daha sonra kurutulur ve tu\u011fla veya hap haline getirilmeden \u00f6nce bir toz haline getirilir.<\/p>\n<p style=\"text-align: justify;\">Afgan eroininin bir\u00e7ok farkl\u0131 t\u00fcr\u00fc vard\u0131r ve her birinin kendine \u00f6zg\u00fc nitelikleri ve kullan\u0131m alanlar\u0131 vard\u0131r. <a href=\"https:\/\/duckduckgo.com\/?q=Buy+Afghan+Heroin+Online&amp;t=h_&amp;ia=web\">Beyaz eroin (ayn\u0131 zamanda \"ham afyon\" olarak da bilinir)<\/a> Her biri kendine \u00f6zg\u00fc niteliklere ve kullan\u0131mlara sahip olan birka\u00e7 farkl\u0131 Afgan eroin formu vard\u0131r. Beyaz eroin (\"ham afyon\" olarak da bilinir) en yayg\u0131n t\u00fcrd\u00fcr ve tipik olarak di\u011fer Afgan eroin t\u00fcrlerinden daha d\u00fc\u015f\u00fck bir kaliteye sahiptir. Kahverengi eroin (k\u0131smen kurutulmu\u015f siyah katrandan yap\u0131l\u0131r) daha g\u00fc\u00e7l\u00fc etkilere sahiptir ve g\u00fcc\u00fc nedeniyle kullan\u0131c\u0131lar aras\u0131nda daha pop\u00fclerdir. Koyu kahverengi eroin (tamamen kurutulmu\u015f siyah katrandan yap\u0131l\u0131r) en g\u00fc\u00e7l\u00fc etkiye sahip olan\u0131d\u0131r ama ayn\u0131 zamanda dozaj seviyelerini kontrol etmek daha zor oldu\u011fu i\u00e7in k\u00f6t\u00fcye kullan\u0131m potansiyeli de en y\u00fcksektir.<\/p>\n<h3 style=\"text-align: justify;\">Afgan Eroininin Faydalar\u0131<\/h3>\n<p style=\"text-align: justify;\">G\u00fc\u00e7l\u00fc ve \u00f6forik bir y\u00fcksek ar\u0131yorsan\u0131z,\u00a0<a href=\"https:\/\/www.google.com\/search?q=Buy+Afghan+Heroin+Online&amp;sca_esv=7d1b82273738a5db&amp;sxsrf=AHTn8zoNL9SAp7Ses5ieQ5J3StmSQ-ZOZA%3A1742904303459&amp;ei=75viZ4PlG4iZseMPpM2fyAk&amp;ved=0ahUKEwjDmIq_mKWMAxWITGwGHaTmB5kQ4dUDCA8&amp;uact=5&amp;oq=Buy+Afghan+Heroin+Online&amp;gs_lp=Egxnd3Mtd2l6LXNlcnAiGEJ1eSBBZmdoYW4gSGVyb2luIE9ubGluZUiRCFCqAViqAXABeACQAQCYAd0BoAHdAaoBAzItMbgBA8gBAPgBAfgBApgCAaACJ6gCEcICBxAjGCcY6gLCAhQQABiABBiRAhi0AhiKBRjqAtgBAcICFBAAGIAEGOMEGLQCGOkEGOoC2AEBwgIQEAAYAxi0AhjqAhiPAdgBAcICEBAuGAMYtAIY6gIYjwHYAQGYAyfxBXk66vEMk5S9ugYGCAEQARgBkgcBMaAHVLIHALgHAA&amp;sclient=gws-wiz-serp\"><strong>Afgan eroini \u00e7evrimi\u00e7i<\/strong><\/a>\u00a0en iyi bahsinizdir. Bu t\u00fcr eroin, mevcut en saf ve en g\u00fc\u00e7l\u00fc \u00e7e\u015fitler aras\u0131ndad\u0131r ve genellikle yo\u011fun etkileri nedeniyle aran\u0131r. Sonu\u00e7 olarak, Afgan eroini, g\u00fcn\u00fcm\u00fcz toplumunda \u00e7ok yayg\u0131n olan kronik a\u011fr\u0131 ve opioid ba\u011f\u0131ml\u0131l\u0131\u011f\u0131n\u0131 tedavi etmek i\u00e7in kullan\u0131l\u0131yor.<\/p>\n<h3 style=\"text-align: justify;\">Afgan Eroinin Yan Etkileri<\/h3>\n<p style=\"text-align: justify;\"><a href=\"https:\/\/www.bing.com\/search?q=Buy%20Afghan%20Heroin%20Online&amp;qs=n&amp;form=QBRE&amp;sp=-1&amp;lq=0&amp;pq=buy%20afghan%20heroin%20online&amp;sc=0-24&amp;sk=&amp;cvid=6B58336F96224C11B4CFC291185C5A1E&amp;ghsh=0&amp;ghacc=0&amp;ghpl=\">Afghan heroin is a type of opioid<\/a> Afgan eroini, afyon ha\u015fha\u015f\u0131ndan elde edilen bir opioid t\u00fcr\u00fcd\u00fcr, dolay\u0131s\u0131yla baz\u0131 yan etkileri de vard\u0131r. Afgan eroin kullan\u0131m\u0131yla ili\u015fkili k\u0131sa vadeli yan etkiler, artan kalp at\u0131\u015f h\u0131z\u0131, artan kan bas\u0131nc\u0131 ve \u00f6fori duygular\u0131n\u0131 (eroin kullan\u0131m\u0131ndan kaynaklanan y\u00fcksek) i\u00e7erebilir. Afgan eroin kullan\u0131m\u0131na ba\u011fl\u0131 uzun vadeli sa\u011fl\u0131k sorunlar\u0131 aras\u0131nda ba\u011f\u0131ml\u0131l\u0131k, kronik hepatit C enfeksiyonu (potansiyel olarak \u00f6l\u00fcmc\u00fcl bir karaci\u011fer hastal\u0131\u011f\u0131), anksiyete ve depresyon gibi ak\u0131l sa\u011fl\u0131\u011f\u0131 sorunlar\u0131 ve a\u015f\u0131r\u0131 doz nedeniyle \u00f6l\u00fcm yer alabilir.<\/p>\n<h3 style=\"text-align: justify;\">Afgan Eroini \u00c7evrimi\u00e7i Olarak Nereden Sat\u0131n Al\u0131n\u0131r?<\/h3>\n<p style=\"text-align: justify;\">ar\u0131yor musun\u00a0<a href=\"https:\/\/duckduckgo.com\/?q=Buy+Afghan+Heroin+Online&amp;t=h_&amp;ia=web\"><strong>Afgan eroini \u00e7evrimi\u00e7i sipari\u015f edin<\/strong><\/a> bu g\u00fcvenli, emniyetli ve sa\u011fduyulu? Narco Powders'tan sat\u0131n al\u0131n. Sekt\u00f6rde y\u0131llar\u0131n tecr\u00fcbesine sahibiz ve geni\u015f bir kaliteli \u00fcr\u00fcn yelpazesi sunuyoruz. Sizin i\u00e7in do\u011fru dozu bulmak i\u00e7in \u00e7e\u015fitli saf, organik ve laboratuvarda test edilmi\u015f \u00fcr\u00fcnler aras\u0131ndan se\u00e7im yapabilirsiniz. Kredi kartlar\u0131, PayPal ve Western Union gibi sat\u0131n almay\u0131 kolayla\u015ft\u0131ran bir\u00e7ok uygun \u00f6deme se\u00e7ene\u011fi mevcuttur.\u00a0<a href=\"https:\/\/www.bing.com\/search?q=Buy%20Afghan%20Heroin%20Online&amp;qs=n&amp;form=QBRE&amp;sp=-1&amp;lq=0&amp;pq=buy%20afghan%20heroin%20online&amp;sc=0-24&amp;sk=&amp;cvid=6B58336F96224C11B4CFC291185C5A1E&amp;ghsh=0&amp;ghacc=0&amp;ghpl=\"><strong>Afgan eroini \u00e7evrimi\u00e7i toptan sat\u0131\u015f<\/strong><\/a>\u00a0herkes i\u00e7in kolay ve kullan\u0131\u015fl\u0131. O halde, bug\u00fcn en iyi Afgan eroini i\u00e7in sipari\u015finizi verin!<\/p>","protected":false},"excerpt":{"rendered":"<p>Buy Afghan Heroin Online Harvesting Afghan heroin from poppy fields is illegal in many countries, but this doesn&#8217;t stop people from getting this drug. In fact, Afghani heroin is among the most popular types of heroin on the market, thanks in part to its intense euphoric effects. If you are looking for the best Afghan [&hellip;]<\/p>","protected":false},"featured_media":19243,"comment_status":"open","ping_status":"closed","template":"","meta":{"_joinchat":[]},"product_brand":[],"product_cat":[1168],"product_tag":[],"class_list":{"0":"post-19217","1":"product","2":"type-product","3":"status-publish","4":"has-post-thumbnail","6":"product_cat-buy-heroin-online","8":"first","9":"instock","10":"shipping-taxable","11":"purchasable","12":"product-type-variable","13":"has-default-attributes","14":"add-to-wishlist-after_add_to_cart"},"yoast_head":"<!-- This site is optimized with the Yoast SEO plugin v25.9 - https:\/\/yoast.com\/wordpress\/plugins\/seo\/ -->\n<title>Buy Afghan Heroin Online - Afghan Heroin for Sale | NarcoPowders<\/title>\n<meta name=\"description\" content=\"Looking to buy afghan heroin online? Order afghan heroin powder for sale at an affordable prices. Get the highest-purity powder for you.\" \/>\n<meta name=\"robots\" content=\"index, follow, max-snippet:-1, max-image-preview:large, max-video-preview:-1\" \/>\n<link rel=\"canonical\" href=\"https:\/\/narcopowders.com\/tr\/urun\/afgan-eroin\/\" \/>\n<meta property=\"og:locale\" content=\"tr_TR\" \/>\n<meta property=\"og:type\" content=\"article\" \/>\n<meta property=\"og:title\" content=\"Buy Afghan Heroin Online - Afghan Heroin for Sale | NarcoPowders\" \/>\n<meta property=\"og:description\" content=\"Looking to buy afghan heroin online? Order afghan heroin powder for sale at an affordable prices. Get the highest-purity powder for you.\" \/>\n<meta property=\"og:url\" content=\"https:\/\/narcopowders.com\/tr\/urun\/afgan-eroin\/\" \/>\n<meta property=\"og:site_name\" content=\"Narco Powders\" \/>\n<meta property=\"article:modified_time\" content=\"2025-03-25T12:27:06+00:00\" \/>\n<meta property=\"og:image\" content=\"https:\/\/narcopowders.com\/wp-content\/uploads\/2023\/01\/afghan-heroin.jpg\" \/>\n\t<meta property=\"og:image:width\" content=\"600\" \/>\n\t<meta property=\"og:image:height\" content=\"600\" \/>\n\t<meta property=\"og:image:type\" content=\"image\/jpeg\" \/>\n<meta name=\"twitter:card\" content=\"summary_large_image\" \/>\n<meta name=\"twitter:label1\" content=\"Tahmini okuma s\u00fcresi\" \/>\n\t<meta name=\"twitter:data1\" content=\"3 dakika\" \/>\n<!-- \/ Yoast SEO plugin. -->","yoast_head_json":{"title":"Afgan Eroini Online Sat\u0131n Al\u0131n - Sat\u0131l\u0131k Afgan Eroini | narcotozlar","description":"\u0130nternetten afgan eroini mi sat\u0131n almak istiyorsunuz? Uygun fiyatlarla sat\u0131l\u0131k afgan eroin tozu sipari\u015f edin. Sizin i\u00e7in en y\u00fcksek safl\u0131kta pudray\u0131 al\u0131n.","robots":{"index":"index","follow":"follow","max-snippet":"max-snippet:-1","max-image-preview":"max-image-preview:large","max-video-preview":"max-video-preview:-1"},"canonical":"https:\/\/narcopowders.com\/tr\/urun\/afgan-eroin\/","og_locale":"tr_TR","og_type":"article","og_title":"Buy Afghan Heroin Online - Afghan Heroin for Sale | NarcoPowders","og_description":"Looking to buy afghan heroin online? Order afghan heroin powder for sale at an affordable prices. Get the highest-purity powder for you.","og_url":"https:\/\/narcopowders.com\/tr\/urun\/afgan-eroin\/","og_site_name":"Narco Powders","article_modified_time":"2025-03-25T12:27:06+00:00","og_image":[{"width":600,"height":600,"url":"https:\/\/narcopowders.com\/wp-content\/uploads\/2023\/01\/afghan-heroin.jpg","type":"image\/jpeg"}],"twitter_card":"summary_large_image","twitter_misc":{"Tahmini okuma s\u00fcresi":"3 dakika"},"schema":{"@context":"https:\/\/schema.org","@graph":[{"@type":"WebPage","@id":"https:\/\/narcopowders.com\/product\/afghan-heroin\/","url":"https:\/\/narcopowders.com\/product\/afghan-heroin\/","name":"Afgan Eroini Online Sat\u0131n Al\u0131n - Sat\u0131l\u0131k Afgan Eroini | narcotozlar","isPartOf":{"@id":"https:\/\/narcopowders.com\/#website"},"primaryImageOfPage":{"@id":"https:\/\/narcopowders.com\/product\/afghan-heroin\/#primaryimage"},"image":{"@id":"https:\/\/narcopowders.com\/product\/afghan-heroin\/#primaryimage"},"thumbnailUrl":"https:\/\/narcopowders.com\/wp-content\/uploads\/2023\/01\/afghan-heroin.jpg","datePublished":"2023-01-03T09:19:42+00:00","dateModified":"2025-03-25T12:27:06+00:00","description":"\u0130nternetten afgan eroini mi sat\u0131n almak istiyorsunuz? Uygun fiyatlarla sat\u0131l\u0131k afgan eroin tozu sipari\u015f edin. Sizin i\u00e7in en y\u00fcksek safl\u0131kta pudray\u0131 al\u0131n.","breadcrumb":{"@id":"https:\/\/narcopowders.com\/product\/afghan-heroin\/#breadcrumb"},"inLanguage":"tr","potentialAction":[{"@type":"ReadAction","target":["https:\/\/narcopowders.com\/product\/afghan-heroin\/"]}]},{"@type":"ImageObject","inLanguage":"tr","@id":"https:\/\/narcopowders.com\/product\/afghan-heroin\/#primaryimage","url":"https:\/\/narcopowders.com\/wp-content\/uploads\/2023\/01\/afghan-heroin.jpg","contentUrl":"https:\/\/narcopowders.com\/wp-content\/uploads\/2023\/01\/afghan-heroin.jpg","width":600,"height":600,"caption":"Buy Afghan Heroin Online"},{"@type":"BreadcrumbList","@id":"https:\/\/narcopowders.com\/product\/afghan-heroin\/#breadcrumb","itemListElement":[{"@type":"ListItem","position":1,"name":"Home","item":"https:\/\/narcopowders.com\/"},{"@type":"ListItem","position":2,"name":"Shop Page","item":"https:\/\/narcopowders.com\/shop\/"},{"@type":"ListItem","position":3,"name":"Afghan Heroin"}]},{"@type":"WebSite","@id":"https:\/\/narcopowders.com\/#website","url":"https:\/\/narcopowders.com\/","name":"Narko Tozlar","description":"WordPress Blogum","potentialAction":[{"@type":"SearchAction","target":{"@type":"EntryPoint","urlTemplate":"https:\/\/narcopowders.com\/?s={search_term_string}"},"query-input":{"@type":"PropertyValueSpecification","valueRequired":true,"valueName":"search_term_string"}}],"inLanguage":"tr"}]}},"_links":{"self":[{"href":"https:\/\/narcopowders.com\/tr\/wp-json\/wp\/v2\/product\/19217","targetHints":{"allow":["GET"]}}],"collection":[{"href":"https:\/\/narcopowders.com\/tr\/wp-json\/wp\/v2\/product"}],"about":[{"href":"https:\/\/narcopowders.com\/tr\/wp-json\/wp\/v2\/types\/product"}],"replies":[{"embeddable":true,"href":"https:\/\/narcopowders.com\/tr\/wp-json\/wp\/v2\/comments?post=19217"}],"wp:featuredmedia":[{"embeddable":true,"href":"https:\/\/narcopowders.com\/tr\/wp-json\/wp\/v2\/media\/19243"}],"wp:attachment":[{"href":"https:\/\/narcopowders.com\/tr\/wp-json\/wp\/v2\/media?parent=19217"}],"wp:term":[{"taxonomy":"product_brand","embeddable":true,"href":"https:\/\/narcopowders.com\/tr\/wp-json\/wp\/v2\/product_brand?post=19217"},{"taxonomy":"product_cat","embeddable":true,"href":"https:\/\/narcopowders.com\/tr\/wp-json\/wp\/v2\/product_cat?post=19217"},{"taxonomy":"product_tag","embeddable":true,"href":"https:\/\/narcopowders.com\/tr\/wp-json\/wp\/v2\/product_tag?post=19217"}],"curies":[{"name":"wp","href":"https:\/\/api.w.org\/{rel}","templated":true}]}}