{"id":19218,"date":"2023-01-03T09:19:24","date_gmt":"2023-01-03T09:19:24","guid":{"rendered":"https:\/\/narcopowders.com\/?post_type=product&#038;p=19218"},"modified":"2025-03-25T12:33:41","modified_gmt":"2025-03-25T12:33:41","slug":"china-white-heroin","status":"publish","type":"product","link":"https:\/\/narcopowders.com\/tr\/urun\/cin-beyaz-eroin\/","title":{"rendered":"\u00c7in Beyaz Eroini \u00c7evrimi\u00e7i Sat\u0131n Al\u0131n"},"content":{"rendered":"<h2 style=\"text-align: justify;\">\u00c7in Beyaz Eroini \u00c7evrimi\u00e7i Sat\u0131n Al\u0131n<\/h2>\n<p style=\"text-align: justify;\">Opioid salg\u0131n\u0131, T\u00fcrkiye'de ve d\u00fcnyada tahribata neden oluyor. Buna yan\u0131t olarak, pek \u00e7ok insan, yar\u0131m yamalak sokak sat\u0131c\u0131lar\u0131yla u\u011fra\u015fmay\u0131 gerektirmeyen, g\u00fc\u00e7l\u00fc, saf eroine eri\u015fmenin yollar\u0131n\u0131 ar\u0131yor. Neyse ki, \u00c7in beyaz eroini \u015feklinde harika bir se\u00e7enek var. Yani, ayr\u0131ca planl\u0131yorsan\u0131z <a href=\"https:\/\/en.wikipedia.org\/wiki\/Heroin\">China white heroin<\/a>E\u011fer planl\u0131yorsan\u0131z\u00a0<a href=\"https:\/\/narcopowders.com\/tr\/urun\/cin-beyaz-eroin\/\"><strong>\u00c7in beyaz\u0131 eroini \u00e7evrimi\u00e7i sat\u0131n al<\/strong><\/a>, bunu hemen yap\u0131n <a href=\"https:\/\/narcopowders.com\/tr\/\">Narko Tozlar<\/a>.<\/p>\n<h3 style=\"text-align: justify;\">\u00c7in Beyaz Eroini Nas\u0131l Yap\u0131l\u0131r?<\/h3>\n<p style=\"text-align: justify;\"><a href=\"https:\/\/www.bing.com\/search?q=Buy%20China%20White%20Heroin%20Online&amp;qs=n&amp;form=QBRE&amp;sp=-1&amp;lq=0&amp;pq=buy%20china%20white%20heroin%20online&amp;sc=0-29&amp;sk=&amp;cvid=28E8386036E745749A9FBCADDC566C1F&amp;ghsh=0&amp;ghacc=0&amp;ghpl=\">China white heroin<\/a> \u00c7in beyaz eroini tipik olarak di\u011fer eroin t\u00fcrlerinden daha az etkilidir ve daha d\u00fc\u015f\u00fck bir fiyata sat\u0131labilir. \u00c7in beyaz eroininin \u00fcretim s\u00fcreci karma\u015f\u0131kt\u0131r ve birka\u00e7 farkl\u0131 ad\u0131m\u0131 i\u00e7erir. <a href=\"https:\/\/www.google.com\/search?q=Buy+China+White+Heroin+Online&amp;num=10&amp;sca_esv=1a2a07081c7891bb&amp;rlz=1C1RXQR_enIN1098IN1098&amp;sxsrf=AHTn8zrgE7FrmNwSGqFsR_aJD8gWxreCYA%3A1741685668457&amp;ei=pAPQZ9fQG9WZvr0PmoCWiAk&amp;ved=0ahUKEwjXstDc3IGMAxXVjK8BHRqABZEQ4dUDCBA&amp;uact=5&amp;oq=Buy+China+White+Heroin+Online&amp;gs_lp=Egxnd3Mtd2l6LXNlcnAiHUJ1eSBDaGluYSBXaGl0ZSBIZXJvaW4gT25saW5lSIYIUNUDWNUDcAN4AJABAJgBtAGgAbQBqgEDMC4xuAEDyAEA-AEC-AEBmAIAoAIAmAMAiAYBkgcAoAdR&amp;sclient=gws-wiz-serp\">China white heroin<\/a> karma\u015f\u0131kt\u0131r ve birka\u00e7 farkl\u0131 ad\u0131m\u0131 i\u00e7erir.<\/p>\n<p style=\"text-align: justify;\">Birincisi, hammaddeler - tipik olarak afyon - Afganistan veya Pakistan'dan geliyor. Daha sonra afyon, so\u011fuk veya vakumlu pi\u015firme teknikleri kullan\u0131larak morfine i\u015flenir. Bu s\u00fcre\u00e7, morfinin tespit edilmesini ve kullan\u0131lmas\u0131n\u0131 \u00e7ok daha zorla\u015ft\u0131r\u0131r, bu da onu uyu\u015fturucu sat\u0131c\u0131lar\u0131 i\u00e7in daha cazip hale getirir.<\/p>\n<p style=\"text-align: justify;\">To\u00a0<a href=\"https:\/\/www.google.com\/search?q=Buy+China+White+Heroin+Online&amp;num=10&amp;sca_esv=1a2a07081c7891bb&amp;rlz=1C1RXQR_enIN1098IN1098&amp;sxsrf=AHTn8zrgE7FrmNwSGqFsR_aJD8gWxreCYA%3A1741685668457&amp;ei=pAPQZ9fQG9WZvr0PmoCWiAk&amp;ved=0ahUKEwjXstDc3IGMAxXVjK8BHRqABZEQ4dUDCBA&amp;uact=5&amp;oq=Buy+China+White+Heroin+Online&amp;gs_lp=Egxnd3Mtd2l6LXNlcnAiHUJ1eSBDaGluYSBXaGl0ZSBIZXJvaW4gT25saW5lSIYIUNUDWNUDcAN4AJABAJgBtAGgAbQBqgEDMC4xuAEDyAEA-AEC-AEBmAIAoAIAmAMAiAYBkgcAoAdR&amp;sclient=gws-wiz-serp\">\u00c7in beyaz eroini \u00e7evrimi\u00e7i sipari\u015f edin<\/a> Narco Powders'tan farkl\u0131 t\u00fcrlere g\u00f6z atabilirsiniz <a href=\"https:\/\/www.bing.com\/search?q=Buy%20China%20White%20Heroin%20Online&amp;qs=n&amp;form=QBRE&amp;sp=-1&amp;lq=0&amp;pq=buy%20china%20white%20heroin%20online&amp;sc=0-29&amp;sk=&amp;cvid=28E8386036E745749A9FBCADDC566C1F&amp;ghsh=0&amp;ghacc=0&amp;ghpl=\">China White heroin<\/a> Narco Powders'tan \u00e7evrimi\u00e7i olarak \u00c7in beyaz eroin sipari\u015fi vermek i\u00e7in web sitesinde bulunan farkl\u0131 \u00c7in Beyaz eroin t\u00fcrlerine g\u00f6z atabilir ve sat\u0131n almak istedi\u011finiz dozu se\u00e7ebilirsiniz. Bu ilac\u0131 kullan\u0131rken ne gibi \u00f6nlemler alaca\u011f\u0131n\u0131z\u0131 bilmek i\u00e7in sat\u0131n almadan \u00f6nce g\u00fcvenlik bilgilerini okudu\u011funuzdan emin olun.<\/p>\n<h3 style=\"text-align: justify;\">\u00c7in Beyaz Eroininin Faydalar\u0131<\/h3>\n<p style=\"text-align: justify;\"><a href=\"https:\/\/duckduckgo.com\/?q=Buy+China+White+Heroin+Online&amp;t=h_&amp;ia=web\">China white heroin<\/a> \u00c7in beyaz eroini, yaln\u0131zca Narco Powder'da \u00e7evrimi\u00e7i olarak bulunabilen olduk\u00e7a g\u00fc\u00e7l\u00fc ve kaliteli bir eroin bi\u00e7imidir. G\u00fcc\u00fc art\u0131rmak ve \u00e7e\u015fitli uyu\u015fturucu t\u00fcrleri olu\u015fturmak i\u00e7in di\u011fer maddelerle kar\u0131\u015ft\u0131r\u0131labilen di\u011fer eroin t\u00fcrlerinin aksine, \u00c7in beyaz eroini saft\u0131r ve sat\u0131n al\u0131m\u0131ndan sat\u0131n al\u0131m\u0131na kadar tutarl\u0131d\u0131r. Bu, sisteminizde ba\u015fka ne olursa olsun, onu her ald\u0131\u011f\u0131n\u0131zda ayn\u0131 g\u00fc\u00e7l\u00fc etkileri elde edece\u011finiz anlam\u0131na gelir.<\/p>\n<p style=\"text-align: justify;\">\u00c7in beyaz eroini, fentanil veya morfin bazl\u0131 ila\u00e7lar gibi di\u011fer opioidlerle ili\u015fkili herhangi bir ho\u015f olmayan yan etki veya risk olmaks\u0131z\u0131n g\u00fc\u00e7l\u00fc bir zirve arayanlar i\u00e7in harika bir se\u00e7enektir. Bulmak ve sat\u0131n almak kolayd\u0131r <a href=\"https:\/\/duckduckgo.com\/?q=Buy+China+White+Heroin+Online&amp;t=h_&amp;ia=web\"><strong>buy<\/strong>\u00a0<\/a><strong><a href=\"https:\/\/duckduckgo.com\/?q=Buy+China+White+Heroin+Online&amp;t=h_&amp;ia=web\">Sat\u0131l\u0131k \u00c7in beyaz eroin<\/a>\u00a0<\/strong>Narco Powders'ta, bu y\u00fczden daha fazla beklemeyin.<\/p>\n<h3 style=\"text-align: justify;\">\u00c7in Beyaz Eroininin Yan Etkileri<\/h3>\n<p style=\"text-align: justify;\">China White eroinin ciddi yan etkileri olabilir, bu nedenle kullanmadan \u00f6nce olu\u015fturdu\u011fu tehlikelerin fark\u0131nda olmak \u00f6nemlidir. Yayg\u0131n yan etkiler mide bulant\u0131s\u0131, ba\u015f d\u00f6nmesi, ba\u015f a\u011fr\u0131s\u0131, kafa kar\u0131\u015f\u0131kl\u0131\u011f\u0131, sinirlilik ve kayg\u0131y\u0131 i\u00e7erir. Fazla miktarda ve uzun bir s\u00fcre boyunca al\u0131nd\u0131\u011f\u0131nda, China White eroin y\u00fcksek d\u00fczeyde ba\u011f\u0131ml\u0131l\u0131k yapabilir ve daha ciddi sonu\u00e7lara yol a\u00e7abilir.<\/p>\n<h3 style=\"text-align: justify;\">\u00c7in Beyaz Eroini \u00c7evrimi\u00e7i Olarak Nereden Sat\u0131n Al\u0131n\u0131r?<\/h3>\n<p style=\"text-align: justify;\">\u00c7in beyaz eroini g\u00fc\u00e7l\u00fc ve tehlikeli bir maddedir. \u00d6forik etkilerin yan\u0131 s\u0131ra bir\u00e7ok potansiyel sa\u011fl\u0131k riski sa\u011flayabilir. Bu ilac\u0131n \u00fcretim y\u00f6ntemleri, tedarik\u00e7iye ve kaynaklar\u0131na ba\u011fl\u0131 olarak ham ila geli\u015fmi\u015f aras\u0131nda de\u011fi\u015febilir. Bu ilac\u0131 kullanmayla ili\u015fkili risklerin fark\u0131nda olmak ve onu yaln\u0131zca Narco Powders gibi sayg\u0131n bir kaynaktan sat\u0131n almak \u00f6nemlidir. G\u00fcvenlik protokollerine ba\u011fl\u0131 kal\u0131yoruz ve en k\u0131sa s\u00fcrede kap\u0131n\u0131za teslim ediyoruz.<\/p>","protected":false},"excerpt":{"rendered":"<p>Buy China White Heroin Online The opioid epidemic is causing havoc in the United States and around the world. In response, many people are looking for ways to get access to powerful, pure heroin that doesn&#8217;t involve dealing with sketchy street dealers. Fortunately, there&#8217;s a great option available in the form of China white heroin. [&hellip;]<\/p>","protected":false},"featured_media":19242,"comment_status":"open","ping_status":"closed","template":"","meta":{"_joinchat":[]},"product_brand":[],"product_cat":[1168],"product_tag":[],"class_list":{"0":"post-19218","1":"product","2":"type-product","3":"status-publish","4":"has-post-thumbnail","6":"product_cat-buy-heroin-online","8":"first","9":"instock","10":"shipping-taxable","11":"purchasable","12":"product-type-variable","13":"add-to-wishlist-after_add_to_cart"},"yoast_head":"<!-- This site is optimized with the Yoast SEO plugin v25.9 - https:\/\/yoast.com\/wordpress\/plugins\/seo\/ -->\n<title>Buy China White Heroin Online - China White Heroin for Sale<\/title>\n<meta name=\"description\" content=\"Buy china white heroin online from our reliable store narcopowders.com. We offer the china white heroin for sale with discreet shipping service.\" \/>\n<meta name=\"robots\" content=\"index, follow, max-snippet:-1, max-image-preview:large, max-video-preview:-1\" \/>\n<link rel=\"canonical\" href=\"https:\/\/narcopowders.com\/tr\/urun\/cin-beyaz-eroin\/\" \/>\n<meta property=\"og:locale\" content=\"tr_TR\" \/>\n<meta property=\"og:type\" content=\"article\" \/>\n<meta property=\"og:title\" content=\"Buy China White Heroin Online - China White Heroin for Sale\" \/>\n<meta property=\"og:description\" content=\"Buy china white heroin online from our reliable store narcopowders.com. We offer the china white heroin for sale with discreet shipping service.\" \/>\n<meta property=\"og:url\" content=\"https:\/\/narcopowders.com\/tr\/urun\/cin-beyaz-eroin\/\" \/>\n<meta property=\"og:site_name\" content=\"Narco Powders\" \/>\n<meta property=\"article:modified_time\" content=\"2025-03-25T12:33:41+00:00\" \/>\n<meta property=\"og:image\" content=\"https:\/\/narcopowders.com\/wp-content\/uploads\/2023\/01\/china-white-heroin.jpg\" \/>\n\t<meta property=\"og:image:width\" content=\"600\" \/>\n\t<meta property=\"og:image:height\" content=\"600\" \/>\n\t<meta property=\"og:image:type\" content=\"image\/jpeg\" \/>\n<meta name=\"twitter:card\" content=\"summary_large_image\" \/>\n<meta name=\"twitter:label1\" content=\"Tahmini okuma s\u00fcresi\" \/>\n\t<meta name=\"twitter:data1\" content=\"3 dakika\" \/>\n<!-- \/ Yoast SEO plugin. -->","yoast_head_json":{"title":"Buy China White Heroin Online - China White Heroin for Sale","description":"G\u00fcvenilir ma\u011fazam\u0131z narcopowders.com'dan \u00e7evrimi\u00e7i \u00e7in beyaz eroin sat\u0131n al\u0131n. \u00c7in beyaz eroinini gizli nakliye hizmeti ile sat\u0131\u015fa sunuyoruz.","robots":{"index":"index","follow":"follow","max-snippet":"max-snippet:-1","max-image-preview":"max-image-preview:large","max-video-preview":"max-video-preview:-1"},"canonical":"https:\/\/narcopowders.com\/tr\/urun\/cin-beyaz-eroin\/","og_locale":"tr_TR","og_type":"article","og_title":"Buy China White Heroin Online - China White Heroin for Sale","og_description":"Buy china white heroin online from our reliable store narcopowders.com. We offer the china white heroin for sale with discreet shipping service.","og_url":"https:\/\/narcopowders.com\/tr\/urun\/cin-beyaz-eroin\/","og_site_name":"Narco Powders","article_modified_time":"2025-03-25T12:33:41+00:00","og_image":[{"width":600,"height":600,"url":"https:\/\/narcopowders.com\/wp-content\/uploads\/2023\/01\/china-white-heroin.jpg","type":"image\/jpeg"}],"twitter_card":"summary_large_image","twitter_misc":{"Tahmini okuma s\u00fcresi":"3 dakika"},"schema":{"@context":"https:\/\/schema.org","@graph":[{"@type":"WebPage","@id":"https:\/\/narcopowders.com\/product\/china-white-heroin\/","url":"https:\/\/narcopowders.com\/product\/china-white-heroin\/","name":"Buy China White Heroin Online - China White Heroin for Sale","isPartOf":{"@id":"https:\/\/narcopowders.com\/#website"},"primaryImageOfPage":{"@id":"https:\/\/narcopowders.com\/product\/china-white-heroin\/#primaryimage"},"image":{"@id":"https:\/\/narcopowders.com\/product\/china-white-heroin\/#primaryimage"},"thumbnailUrl":"https:\/\/narcopowders.com\/wp-content\/uploads\/2023\/01\/china-white-heroin.jpg","datePublished":"2023-01-03T09:19:24+00:00","dateModified":"2025-03-25T12:33:41+00:00","description":"G\u00fcvenilir ma\u011fazam\u0131z narcopowders.com'dan \u00e7evrimi\u00e7i \u00e7in beyaz eroin sat\u0131n al\u0131n. \u00c7in beyaz eroinini gizli nakliye hizmeti ile sat\u0131\u015fa sunuyoruz.","breadcrumb":{"@id":"https:\/\/narcopowders.com\/product\/china-white-heroin\/#breadcrumb"},"inLanguage":"tr","potentialAction":[{"@type":"ReadAction","target":["https:\/\/narcopowders.com\/product\/china-white-heroin\/"]}]},{"@type":"ImageObject","inLanguage":"tr","@id":"https:\/\/narcopowders.com\/product\/china-white-heroin\/#primaryimage","url":"https:\/\/narcopowders.com\/wp-content\/uploads\/2023\/01\/china-white-heroin.jpg","contentUrl":"https:\/\/narcopowders.com\/wp-content\/uploads\/2023\/01\/china-white-heroin.jpg","width":600,"height":600,"caption":"Buy China White Heroin Online"},{"@type":"BreadcrumbList","@id":"https:\/\/narcopowders.com\/product\/china-white-heroin\/#breadcrumb","itemListElement":[{"@type":"ListItem","position":1,"name":"Home","item":"https:\/\/narcopowders.com\/"},{"@type":"ListItem","position":2,"name":"Shop Page","item":"https:\/\/narcopowders.com\/shop\/"},{"@type":"ListItem","position":3,"name":"Buy China White Heroin Online"}]},{"@type":"WebSite","@id":"https:\/\/narcopowders.com\/#website","url":"https:\/\/narcopowders.com\/","name":"Narko Tozlar","description":"WordPress Blogum","potentialAction":[{"@type":"SearchAction","target":{"@type":"EntryPoint","urlTemplate":"https:\/\/narcopowders.com\/?s={search_term_string}"},"query-input":{"@type":"PropertyValueSpecification","valueRequired":true,"valueName":"search_term_string"}}],"inLanguage":"tr"}]}},"_links":{"self":[{"href":"https:\/\/narcopowders.com\/tr\/wp-json\/wp\/v2\/product\/19218","targetHints":{"allow":["GET"]}}],"collection":[{"href":"https:\/\/narcopowders.com\/tr\/wp-json\/wp\/v2\/product"}],"about":[{"href":"https:\/\/narcopowders.com\/tr\/wp-json\/wp\/v2\/types\/product"}],"replies":[{"embeddable":true,"href":"https:\/\/narcopowders.com\/tr\/wp-json\/wp\/v2\/comments?post=19218"}],"wp:featuredmedia":[{"embeddable":true,"href":"https:\/\/narcopowders.com\/tr\/wp-json\/wp\/v2\/media\/19242"}],"wp:attachment":[{"href":"https:\/\/narcopowders.com\/tr\/wp-json\/wp\/v2\/media?parent=19218"}],"wp:term":[{"taxonomy":"product_brand","embeddable":true,"href":"https:\/\/narcopowders.com\/tr\/wp-json\/wp\/v2\/product_brand?post=19218"},{"taxonomy":"product_cat","embeddable":true,"href":"https:\/\/narcopowders.com\/tr\/wp-json\/wp\/v2\/product_cat?post=19218"},{"taxonomy":"product_tag","embeddable":true,"href":"https:\/\/narcopowders.com\/tr\/wp-json\/wp\/v2\/product_tag?post=19218"}],"curies":[{"name":"wp","href":"https:\/\/api.w.org\/{rel}","templated":true}]}}