{"id":19219,"date":"2023-01-03T09:18:43","date_gmt":"2023-01-03T09:18:43","guid":{"rendered":"https:\/\/narcopowders.com\/?post_type=product&#038;p=19219"},"modified":"2025-03-25T12:37:48","modified_gmt":"2025-03-25T12:37:48","slug":"uncut-heroin","status":"publish","type":"product","link":"https:\/\/narcopowders.com\/tr\/urun\/kesilmemis-eroin\/","title":{"rendered":"kesilmemi\u015f eroin"},"content":{"rendered":"<h2 style=\"text-align: justify;\">\u00c7evrimi\u00e7i Kesilmemi\u015f Eroin Sat\u0131n Al\u0131n<\/h2>\n<p style=\"text-align: justify;\"><a href=\"https:\/\/en.wikipedia.org\/wiki\/Heroin\">Uncut heroin<\/a> Kesilmemi\u015f eroin, belirli sat\u0131c\u0131lardan \u00e7evrimi\u00e7i olarak sat\u0131n al\u0131nabilir, ancak bunun kendi riskleri vard\u0131r. Bu nedenle, orijinal ve g\u00fcvenli kesilmemi\u015f eroini \u00e7evrimi\u00e7i olarak nereden sat\u0131n alaca\u011f\u0131n\u0131z\u0131 merak ediyorsan\u0131z\u00a0Gidece\u011finiz ma\u011faza Narco Powders't\u0131r. <a href=\"https:\/\/narcopowders.com\/tr\/urun\/kesilmemis-eroin\/\">buy uncut heroin online<\/a> otantik ve g\u00fcvenli olan,\u00a0<a href=\"https:\/\/narcopowders.com\/tr\/\">Narko Tozlar<\/a> is your go-to store.<\/p>\n<h3 style=\"text-align: justify;\">Kesilmemi\u015f Eroin Nas\u0131l Yap\u0131l\u0131r?<\/h3>\n<p style=\"text-align: justify;\">Saf eroin, afyon ha\u015fha\u015f bitkisinin kurutulmu\u015f baklalar\u0131ndan yap\u0131l\u0131r. <a href=\"https:\/\/www.google.com\/search?q=Buy+Uncut+Heroin+Online&amp;sca_esv=7d1b82273738a5db&amp;sxsrf=AHTn8zqSop3OM4vkMObcHMIO6R9xb_KCdw%3A1742905711939&amp;ei=b6HiZ_v3OKmeseMP__7noQ0&amp;ved=0ahUKEwi769jenaWMAxUpT2wGHX__OdQQ4dUDCA8&amp;uact=5&amp;oq=Buy+Uncut+Heroin+Online&amp;gs_lp=Egxnd3Mtd2l6LXNlcnAiF0J1eSBVbmN1dCBIZXJvaW4gT25saW5lSLkNUIUCWIUCcAF4AJABAJgB2QGgAdkBqgEDMi0xuAEDyAEA-AEB-AECmAIBoAJbqAIQwgIHECMYJxjqAsICFxAAGIAEGJECGLQCGMcDGIoFGOoC2AEBwgIQEAAYAxi0AhjqAhiPAdgBAZgDW_EFrG91rDpW1GO6BgYIARABGAGSBwExoAdTsgcAuAcA&amp;sclient=gws-wiz-serp\">Hasat edilir ve beyaz bir renge i\u015flenir<\/a>Kesilmemi\u015f eroin, afyon ha\u015fha\u015f bitkisinin kurutulmu\u015f kabuklar\u0131ndan yap\u0131l\u0131r. Hasat edilir ve beyaz, toz halinde bir maddeye i\u015flenir. Morfin ve kodein dahil olmak \u00fczere y\u00fcksek d\u00fczeyde g\u00fc\u00e7l\u00fc opioidler ve di\u011fer ila\u00e7lar\u0131 i\u00e7erir. Nihai \u00fcr\u00fcn, rafine edilmemi\u015f ve ek katk\u0131 maddeleri ve i\u015fleme maddeleri i\u00e7ermeyen bir afyon t\u00fcr\u00fcd\u00fcr. \u0130lac\u0131n g\u00fcc\u00fc, mevcut nem ve alkaloidlerin miktar\u0131na ba\u011fl\u0131 olarak de\u011fi\u015fir.<\/p>\n<h3 style=\"text-align: justify;\">Kesilmemi\u015f Eroinin Faydalar\u0131<\/h3>\n<p style=\"text-align: justify;\">Di\u011ferlerinden daha iyi bir y\u00fcksek ar\u0131yorsan\u0131z, tercihiniz kesilmemi\u015f eroin olmal\u0131d\u0131r. Kesilmemi\u015f eroin, di\u011fer eroin t\u00fcrlerinden daha y\u00fcksek bir etkiye ve safl\u0131\u011fa sahiptir, bu da daha y\u00fcksek seviyelere ve daha iyi uzun vadeli sonu\u00e7lara yol a\u00e7ar. Ayr\u0131ca, ilac\u0131n dozaj\u0131 ve kalitesi \u00fczerinde daha fazla kontrol sunan kokteyller yarat\u0131larak kullan\u0131c\u0131n\u0131n ihtiya\u00e7lar\u0131na g\u00f6re \u00f6zelle\u015ftirilebilir.<\/p>\n<p style=\"text-align: justify;\"><a href=\"https:\/\/www.bing.com\/search?q=Buy%20Uncut%20Heroin%20Online&amp;qs=n&amp;form=QBRE&amp;sp=-1&amp;lq=0&amp;pq=buy%20uncut%20heroin%20online&amp;sc=0-23&amp;sk=&amp;cvid=C47FB2A3D0B84EA8801EC7F34ACFAE77&amp;ghsh=0&amp;ghacc=0&amp;ghpl=\"><strong>Sat\u0131l\u0131k kesilmemi\u015f eroin<\/strong><\/a> \u00e7evrimi\u00e7i ayr\u0131ca kontroll\u00fc bir ortamda kullanmak daha g\u00fcvenlidir. Daha y\u00fcksek potensi nedeniyle, a\u015f\u0131r\u0131 doz riski azal\u0131r. Ek olarak, kesilmemi\u015f eroin, di\u011fer eroin t\u00fcrlerine g\u00f6re daha az yan etki ve daha d\u00fc\u015f\u00fck ba\u011f\u0131ml\u0131l\u0131k riski sa\u011flar. Asl\u0131nda, kullan\u0131c\u0131lar saf ve g\u00fc\u00e7l\u00fc olan\u0131 bulman\u0131n daha kolay oldu\u011funu bile belirtmi\u015flerdir.\u00a0<strong><a href=\"https:\/\/www.google.com\/search?q=Buy+Uncut+Heroin+Online&amp;sca_esv=7d1b82273738a5db&amp;sxsrf=AHTn8zqSop3OM4vkMObcHMIO6R9xb_KCdw%3A1742905711939&amp;ei=b6HiZ_v3OKmeseMP__7noQ0&amp;ved=0ahUKEwi769jenaWMAxUpT2wGHX__OdQQ4dUDCA8&amp;uact=5&amp;oq=Buy+Uncut+Heroin+Online&amp;gs_lp=Egxnd3Mtd2l6LXNlcnAiF0J1eSBVbmN1dCBIZXJvaW4gT25saW5lSLkNUIUCWIUCcAF4AJABAJgB2QGgAdkBqgEDMi0xuAEDyAEA-AEB-AECmAIBoAJbqAIQwgIHECMYJxjqAsICFxAAGIAEGJECGLQCGMcDGIoFGOoC2AEBwgIQEAAYAxi0AhjqAhiPAdgBAZgDW_EFrG91rDpW1GO6BgYIARABGAGSBwExoAdTsgcAuAcA&amp;sclient=gws-wiz-serp\">kesilmemi\u015f eroin \u00e7evrimi\u00e7i<\/a>\u00a0<\/strong>Narco Powders'ta.<\/p>\n<h3 style=\"text-align: justify;\">Kesilmemi\u015f Eroinin Yan Etkileri<\/h3>\n<p style=\"text-align: justify;\">\u0130\u015flenmemi\u015f eroin kullan\u0131m\u0131yla ili\u015fkili sa\u011fl\u0131k riskleri aras\u0131nda ba\u011f\u0131ml\u0131l\u0131k ve a\u015f\u0131r\u0131 doz riskinin artmas\u0131, ayr\u0131ca HIV ve di\u011fer enfeksiyon oranlar\u0131n\u0131n artmas\u0131 yer al\u0131yor. <a href=\"https:\/\/duckduckgo.com\/?q=Buy+Uncut+Heroin+Online&amp;t=h_&amp;ia=web\">Uncut heroin<\/a> Ayr\u0131ca mide bulant\u0131s\u0131, kusma, kalp at\u0131\u015f h\u0131z\u0131nda art\u0131\u015f ve a\u015f\u0131r\u0131 doz riskinin artmas\u0131 gibi fiziksel etkilere de neden olabilir. Baz\u0131 durumlarda \u00f6l\u00fcme bile yol a\u00e7abilir.<\/p>\n<h3 style=\"text-align: justify;\">\u0130nternette Kesilmemi\u015f Eroin Nereden Al\u0131n\u0131r?<\/h3>\n<p style=\"text-align: justify;\">ara\u015ft\u0131r\u0131rken\u00a0<a href=\"https:\/\/www.bing.com\/search?q=Buy%20Uncut%20Heroin%20Online&amp;qs=n&amp;form=QBRE&amp;sp=-1&amp;lq=0&amp;pq=buy%20uncut%20heroin%20online&amp;sc=0-23&amp;sk=&amp;cvid=C47FB2A3D0B84EA8801EC7F34ACFAE77&amp;ghsh=0&amp;ghacc=0&amp;ghpl=\"><strong>kesilmemi\u015f eroin toplu \u00e7evrimi\u00e7i<\/strong><\/a>, Narco Powders gibi \u00fc\u00e7\u00fcnc\u00fc taraf kaynaklar taraf\u0131ndan y\u00fcksek kaliteli \u00fcr\u00fcnler oldu\u011fu do\u011frulanan kaynaklar\u0131 aray\u0131n. \u00c7evrimi\u00e7i kesilmemi\u015f eroin fiyatlar\u0131n\u0131 de\u011ferlendirirken, fiyatlar\u0131n konuma (\u00f6rne\u011fin, eroinin sokak de\u011ferinin daha y\u00fcksek oldu\u011fu \u015fehirlerde), g\u00fcn\u00fcn saatine (\u00f6tenazi t\u00f6renleri genellikle daha y\u00fcksek fiyatlara yol a\u00e7ar), y\u00f6ntemine g\u00f6re \u00f6nemli \u00f6l\u00e7\u00fcde de\u011fi\u015febilece\u011fini unutmay\u0131n. \u00f6deme (kredi kartlar\u0131 PayPal'dan daha y\u00fcksek \u00fccret alma e\u011filimindedir), vb. Fiyatland\u0131rma ayr\u0131nt\u0131lar\u0131na \u00e7ok fazla tak\u0131lmamak \u00f6nemlidir, \u00e7\u00fcnk\u00fc sonu\u00e7ta, sat\u0131n ald\u0131\u011f\u0131n\u0131z \u015fey, kayna\u011f\u0131 ne olursa olsun, muhtemelen ba\u015fka maddelerle zaten kesilecektir, bu nedenle \u00f6deme dikkat, safl\u0131k ve tazelik seviyelerinin sadece son \u00fcr\u00fcn a\u015famas\u0131nda de\u011fil, nakliye ve sat\u0131n alma s\u00fcreci boyunca korunmas\u0131n\u0131 sa\u011flar.<\/p>\n<h3 style=\"text-align: justify;\">Narco Powders'tan \u00c7evrimi\u00e7i Uncut Eroin Sat\u0131n Al\u0131n<\/h3>\n<p style=\"text-align: justify;\">Unutulmamal\u0131d\u0131r ki, kesilmemi\u015f eroin do\u011fru veya sorumlu bir \u015fekilde kullan\u0131lmad\u0131\u011f\u0131 takdirde ciddi sonu\u00e7lar do\u011furabilir. Yani, sadece <a href=\"https:\/\/duckduckgo.com\/?q=Buy+Uncut+Heroin+Online&amp;t=h_&amp;ia=web\"><strong>internetten kesilmemi\u015f eroin sipari\u015fi ver<\/strong><\/a> Narco Powders gibi tan\u0131nm\u0131\u015f dispanserlerden. Yaln\u0131zca otantik, kesilmemi\u015f eroini en iyi fiyata toptan sat\u0131yoruz.<\/p>","protected":false},"excerpt":{"rendered":"<p>Buy Uncut Heroin Online Uncut heroin can be bought online from certain vendors, but this comes with its own risks. So, if you have been wondering where to buy uncut heroin online that is authentic and safe,\u00a0Narco Powders is your go-to store. How Is Uncut Heroin Made? Uncut heroin is made from the dried pods [&hellip;]<\/p>","protected":false},"featured_media":19241,"comment_status":"open","ping_status":"closed","template":"","meta":{"_joinchat":[]},"product_brand":[],"product_cat":[1168],"product_tag":[],"class_list":{"0":"post-19219","1":"product","2":"type-product","3":"status-publish","4":"has-post-thumbnail","6":"product_cat-buy-heroin-online","8":"first","9":"instock","10":"shipping-taxable","11":"purchasable","12":"product-type-variable","13":"add-to-wishlist-after_add_to_cart"},"yoast_head":"<!-- This site is optimized with the Yoast SEO plugin v25.9 - https:\/\/yoast.com\/wordpress\/plugins\/seo\/ -->\n<title>Buy Uncut Heroin Online - High Purity Uncut Heroin for Sale<\/title>\n<meta name=\"description\" content=\"if you are looking to buy uncut heroin online at best price, we are a reliable source where you can get high purity uncut heroin for sale. Order Now!\" \/>\n<meta name=\"robots\" content=\"index, follow, max-snippet:-1, max-image-preview:large, max-video-preview:-1\" \/>\n<link rel=\"canonical\" href=\"https:\/\/narcopowders.com\/tr\/urun\/kesilmemis-eroin\/\" \/>\n<meta property=\"og:locale\" content=\"tr_TR\" \/>\n<meta property=\"og:type\" content=\"article\" \/>\n<meta property=\"og:title\" content=\"Buy Uncut Heroin Online - High Purity Uncut Heroin for Sale\" \/>\n<meta property=\"og:description\" content=\"if you are looking to buy uncut heroin online at best price, we are a reliable source where you can get high purity uncut heroin for sale. Order Now!\" \/>\n<meta property=\"og:url\" content=\"https:\/\/narcopowders.com\/tr\/urun\/kesilmemis-eroin\/\" \/>\n<meta property=\"og:site_name\" content=\"Narco Powders\" \/>\n<meta property=\"article:modified_time\" content=\"2025-03-25T12:37:48+00:00\" \/>\n<meta property=\"og:image\" content=\"https:\/\/narcopowders.com\/wp-content\/uploads\/2023\/01\/uncut-heroin.jpg\" \/>\n\t<meta property=\"og:image:width\" content=\"600\" \/>\n\t<meta property=\"og:image:height\" content=\"600\" \/>\n\t<meta property=\"og:image:type\" content=\"image\/jpeg\" \/>\n<meta name=\"twitter:card\" content=\"summary_large_image\" \/>\n<meta name=\"twitter:label1\" content=\"Tahmini okuma s\u00fcresi\" \/>\n\t<meta name=\"twitter:data1\" content=\"3 dakika\" \/>\n<!-- \/ Yoast SEO plugin. -->","yoast_head_json":{"title":"\u00c7evrimi\u00e7i Kesilmemi\u015f Eroin Sat\u0131n Al\u0131n - Sat\u0131l\u0131k Y\u00fcksek Safl\u0131kta Kesilmemi\u015f Eroin","description":"\u044f\u043a\u0449\u043e \u0432\u0438 \u0445\u043e\u0447\u0435\u0442\u0435 \u043f\u0440\u0438\u0434\u0431\u0430\u0442\u0438 \u043d\u0435\u043e\u0431\u0440\u0456\u0437\u0430\u043d\u0438\u0439 \u0433\u0435\u0440\u043e\u0457\u043d \u043e\u043d\u043b\u0430\u0439\u043d \u0437\u0430 \u043d\u0430\u0439\u043a\u0440\u0430\u0449\u043e\u044e \u0446\u0456\u043d\u043e\u044e, \u043c\u0438 \u0454 \u043d\u0430\u0434\u0456\u0439\u043d\u0438\u043c \u0434\u0436\u0435\u0440\u0435\u043b\u043e\u043c, \u0434\u0435 \u0432\u0438 \u043c\u043e\u0436\u0435\u0442\u0435 \u043f\u0440\u0438\u0434\u0431\u0430\u0442\u0438 \u043d\u0435\u043e\u0431\u0440\u0456\u0437\u0430\u043d\u0438\u0439 \u0433\u0435\u0440\u043e\u0457\u043d \u0432\u0438\u0441\u043e\u043a\u043e\u0457 \u0447\u0438\u0441\u0442\u043e\u0442\u0438 \u0434\u043b\u044f \u043f\u0440\u043e\u0434\u0430\u0436\u0443. \u0417\u0430\u043c\u043e\u0432\u0438\u0442\u0438 \u0437\u0430\u0440\u0430\u0437!","robots":{"index":"index","follow":"follow","max-snippet":"max-snippet:-1","max-image-preview":"max-image-preview:large","max-video-preview":"max-video-preview:-1"},"canonical":"https:\/\/narcopowders.com\/tr\/urun\/kesilmemis-eroin\/","og_locale":"tr_TR","og_type":"article","og_title":"Buy Uncut Heroin Online - High Purity Uncut Heroin for Sale","og_description":"if you are looking to buy uncut heroin online at best price, we are a reliable source where you can get high purity uncut heroin for sale. Order Now!","og_url":"https:\/\/narcopowders.com\/tr\/urun\/kesilmemis-eroin\/","og_site_name":"Narco Powders","article_modified_time":"2025-03-25T12:37:48+00:00","og_image":[{"width":600,"height":600,"url":"https:\/\/narcopowders.com\/wp-content\/uploads\/2023\/01\/uncut-heroin.jpg","type":"image\/jpeg"}],"twitter_card":"summary_large_image","twitter_misc":{"Tahmini okuma s\u00fcresi":"3 dakika"},"schema":{"@context":"https:\/\/schema.org","@graph":[{"@type":"WebPage","@id":"https:\/\/narcopowders.com\/product\/uncut-heroin\/","url":"https:\/\/narcopowders.com\/product\/uncut-heroin\/","name":"\u00c7evrimi\u00e7i Kesilmemi\u015f Eroin Sat\u0131n Al\u0131n - Sat\u0131l\u0131k Y\u00fcksek Safl\u0131kta Kesilmemi\u015f Eroin","isPartOf":{"@id":"https:\/\/narcopowders.com\/#website"},"primaryImageOfPage":{"@id":"https:\/\/narcopowders.com\/product\/uncut-heroin\/#primaryimage"},"image":{"@id":"https:\/\/narcopowders.com\/product\/uncut-heroin\/#primaryimage"},"thumbnailUrl":"https:\/\/narcopowders.com\/wp-content\/uploads\/2023\/01\/uncut-heroin.jpg","datePublished":"2023-01-03T09:18:43+00:00","dateModified":"2025-03-25T12:37:48+00:00","description":"\u044f\u043a\u0449\u043e \u0432\u0438 \u0445\u043e\u0447\u0435\u0442\u0435 \u043f\u0440\u0438\u0434\u0431\u0430\u0442\u0438 \u043d\u0435\u043e\u0431\u0440\u0456\u0437\u0430\u043d\u0438\u0439 \u0433\u0435\u0440\u043e\u0457\u043d \u043e\u043d\u043b\u0430\u0439\u043d \u0437\u0430 \u043d\u0430\u0439\u043a\u0440\u0430\u0449\u043e\u044e \u0446\u0456\u043d\u043e\u044e, \u043c\u0438 \u0454 \u043d\u0430\u0434\u0456\u0439\u043d\u0438\u043c \u0434\u0436\u0435\u0440\u0435\u043b\u043e\u043c, \u0434\u0435 \u0432\u0438 \u043c\u043e\u0436\u0435\u0442\u0435 \u043f\u0440\u0438\u0434\u0431\u0430\u0442\u0438 \u043d\u0435\u043e\u0431\u0440\u0456\u0437\u0430\u043d\u0438\u0439 \u0433\u0435\u0440\u043e\u0457\u043d \u0432\u0438\u0441\u043e\u043a\u043e\u0457 \u0447\u0438\u0441\u0442\u043e\u0442\u0438 \u0434\u043b\u044f \u043f\u0440\u043e\u0434\u0430\u0436\u0443. \u0417\u0430\u043c\u043e\u0432\u0438\u0442\u0438 \u0437\u0430\u0440\u0430\u0437!","breadcrumb":{"@id":"https:\/\/narcopowders.com\/product\/uncut-heroin\/#breadcrumb"},"inLanguage":"tr","potentialAction":[{"@type":"ReadAction","target":["https:\/\/narcopowders.com\/product\/uncut-heroin\/"]}]},{"@type":"ImageObject","inLanguage":"tr","@id":"https:\/\/narcopowders.com\/product\/uncut-heroin\/#primaryimage","url":"https:\/\/narcopowders.com\/wp-content\/uploads\/2023\/01\/uncut-heroin.jpg","contentUrl":"https:\/\/narcopowders.com\/wp-content\/uploads\/2023\/01\/uncut-heroin.jpg","width":600,"height":600,"caption":"Buy Uncut Heroin Online"},{"@type":"BreadcrumbList","@id":"https:\/\/narcopowders.com\/product\/uncut-heroin\/#breadcrumb","itemListElement":[{"@type":"ListItem","position":1,"name":"Home","item":"https:\/\/narcopowders.com\/"},{"@type":"ListItem","position":2,"name":"Shop Page","item":"https:\/\/narcopowders.com\/shop\/"},{"@type":"ListItem","position":3,"name":"Uncut Heroin"}]},{"@type":"WebSite","@id":"https:\/\/narcopowders.com\/#website","url":"https:\/\/narcopowders.com\/","name":"Narko Tozlar","description":"WordPress Blogum","potentialAction":[{"@type":"SearchAction","target":{"@type":"EntryPoint","urlTemplate":"https:\/\/narcopowders.com\/?s={search_term_string}"},"query-input":{"@type":"PropertyValueSpecification","valueRequired":true,"valueName":"search_term_string"}}],"inLanguage":"tr"}]}},"_links":{"self":[{"href":"https:\/\/narcopowders.com\/tr\/wp-json\/wp\/v2\/product\/19219","targetHints":{"allow":["GET"]}}],"collection":[{"href":"https:\/\/narcopowders.com\/tr\/wp-json\/wp\/v2\/product"}],"about":[{"href":"https:\/\/narcopowders.com\/tr\/wp-json\/wp\/v2\/types\/product"}],"replies":[{"embeddable":true,"href":"https:\/\/narcopowders.com\/tr\/wp-json\/wp\/v2\/comments?post=19219"}],"wp:featuredmedia":[{"embeddable":true,"href":"https:\/\/narcopowders.com\/tr\/wp-json\/wp\/v2\/media\/19241"}],"wp:attachment":[{"href":"https:\/\/narcopowders.com\/tr\/wp-json\/wp\/v2\/media?parent=19219"}],"wp:term":[{"taxonomy":"product_brand","embeddable":true,"href":"https:\/\/narcopowders.com\/tr\/wp-json\/wp\/v2\/product_brand?post=19219"},{"taxonomy":"product_cat","embeddable":true,"href":"https:\/\/narcopowders.com\/tr\/wp-json\/wp\/v2\/product_cat?post=19219"},{"taxonomy":"product_tag","embeddable":true,"href":"https:\/\/narcopowders.com\/tr\/wp-json\/wp\/v2\/product_tag?post=19219"}],"curies":[{"name":"wp","href":"https:\/\/api.w.org\/{rel}","templated":true}]}}