{"id":19417,"date":"2023-07-29T07:40:51","date_gmt":"2023-07-29T07:40:51","guid":{"rendered":"https:\/\/narcopowders.com\/?post_type=product&#038;p=19417"},"modified":"2025-03-10T09:57:40","modified_gmt":"2025-03-10T09:57:40","slug":"buy-methamphetamine-crystal-meth-online","status":"publish","type":"product","link":"https:\/\/narcopowders.com\/tr\/urun\/metamfetamin-kristal-meth-online-satin-al\/","title":{"rendered":"Metamfetamin (Kristal meth) Online Sat\u0131n Al\u0131n"},"content":{"rendered":"<h2>Metamfetamin (Kristal meth) Online Sat\u0131n Al\u0131n<\/h2>\n<p><a href=\"https:\/\/narcopowders.com\/tr\/urun\/metamfetamin-kristal-meth-online-satin-al\/\">Metamfetamin<\/a>Bazen kristal meth olarak da adland\u0131r\u0131lan bu uyu\u015fturucu, internette mevcuttur. Uyu\u015fturucunun yaln\u0131zca bir t\u00fcr\u00fc vard\u0131r. <a href=\"https:\/\/www.bing.com\/search?q=Buy%20Methamphetamine%20(Crystal%20meth)%20online&amp;qs=n&amp;form=QBRE&amp;sp=-1&amp;lq=0&amp;pq=buy%20methamphetamine%20(crystal%20meth)%20online&amp;sc=0-41&amp;sk=&amp;cvid=BB60AAAE0D5B429C974E1362F4E5F21B&amp;ghsh=0&amp;ghacc=0&amp;ghpl=\">Metamfetamin<\/a> bulunmaktad\u0131r ve ba\u015fka yerlerde sat\u0131lan g\u00fcvenli olmayan \u00fcr\u00fcnler yerine her zaman y\u00fcksek kaliteli \u00fcr\u00fcnler alman\u0131z tavsiye edilir. Meth \u00e7evrimi\u00e7i olarak sat\u0131n al\u0131nabilir.<\/p>\n<p><a href=\"https:\/\/www.bing.com\/search?q=Buy%20Methamphetamine%20(Crystal%20meth)%20online&amp;qs=n&amp;form=QBRE&amp;sp=-1&amp;lq=0&amp;pq=buy%20methamphetamine%20(crystal%20meth)%20online&amp;sc=0-41&amp;sk=&amp;cvid=BB60AAAE0D5B429C974E1362F4E5F21B&amp;ghsh=0&amp;ghacc=0&amp;ghpl=\">Metamfetamin<\/a> Metamfetamin merkezi sinir sistemini etkiler ve g\u00fc\u00e7l\u00fc, y\u00fcksek derecede ba\u011f\u0131ml\u0131l\u0131k yap\u0131c\u0131 bir uyar\u0131c\u0131d\u0131r. Suda veya alkolde kolayca \u00e7\u00f6z\u00fcnen beyaz, kokusuz, ac\u0131 tad\u0131 olan kristal toz formundad\u0131r. Di\u011fer bir\u00e7ok ismin yan\u0131 s\u0131ra meth, blue, ice ve crystal olarak da bilinir. <a href=\"https:\/\/duckduckgo.com\/?q=Buy+Methamphetamine+(Crystal+meth)+online&amp;t=h_&amp;ia=web\">crystal<\/a>, among many other names. <a href=\"https:\/\/narcopowders.com\/tr\/\">Narco Powders.<\/a><\/p>\n<p>Sigara i\u00e7erek, enjekte ederek veya burundan \u00e7ekerek (burundan soluyarak) t\u00fcketebilirsiniz. Hatta a\u011f\u0131zdan da alabilirsiniz, bu da g\u00fcven, hiperaktivite ve canl\u0131l\u0131\u011f\u0131n yan\u0131 s\u0131ra ho\u015f bir mutluluk ve refah hissi ile sonu\u00e7lanacakt\u0131r. \u00c7ok az miktarda alman\u0131z\u0131 ve \u00e7ok s\u0131k almaman\u0131z\u0131 \u015fiddetle tavsiye ederiz \u00e7\u00fcnk\u00fc etkileri genellikle alt\u0131 ila sekiz saat s\u00fcrer ancak yirmi d\u00f6rt saate kadar da s\u00fcrebilir.<\/p>\n<h3>METAMFETAMIN NE RENKTIR?<\/h3>\n<p><a href=\"https:\/\/www.google.de\/search?q=Buy+Methamphetamine+%28Crystal+meth%29+online&amp;sca_esv=1a2a07081c7891bb&amp;rlz=1C1RXQR_enIN1098IN1098&amp;ei=KrfOZ6aSI7GMvr0PkMyG4QU&amp;ved=0ahUKEwimz5XTn_-LAxUxhq8BHRCmIVwQ4dUDCBA&amp;uact=5&amp;oq=Buy+Methamphetamine+%28Crystal+meth%29+online&amp;gs_lp=Egxnd3Mtd2l6LXNlcnAiKUJ1eSBNZXRoYW1waGV0YW1pbmUgKENyeXN0YWwgbWV0aCkgb25saW5lSKgHUK0DWK0DcAJ4AJABAJgBkQKgAZECqgEDMi0xuAEDyAEA-AEC-AEBmAIAoAIAmAMAiAYBkgcAoAdd&amp;sclient=gws-wiz-serp\">Metamfetamin<\/a> is typically sold as a <a href=\"https:\/\/www.google.de\/search?q=Buy+Methamphetamine+%28Crystal+meth%29+online&amp;sca_esv=1a2a07081c7891bb&amp;rlz=1C1RXQR_enIN1098IN1098&amp;ei=KrfOZ6aSI7GMvr0PkMyG4QU&amp;ved=0ahUKEwimz5XTn_-LAxUxhq8BHRCmIVwQ4dUDCBA&amp;uact=5&amp;oq=Buy+Methamphetamine+%28Crystal+meth%29+online&amp;gs_lp=Egxnd3Mtd2l6LXNlcnAiKUJ1eSBNZXRoYW1waGV0YW1pbmUgKENyeXN0YWwgbWV0aCkgb25saW5lSKgHUK0DWK0DcAJ4AJABAJgBkQKgAZECqgEDMi0xuAEDyAEA-AEC-AEBmAIAoAIAmAMAiAYBkgcAoAdd&amp;sclient=gws-wiz-serp\">crystalline white powder<\/a> that dissolves quickly in liquids like water or alcohol but has a strong taste.<\/p>\n<p>Koyu, sar\u0131-lo\u015f, turuncu ve hatta pembe dahil olmak \u00fczere \u00e7e\u015fitli tonlarda tozlar g\u00f6zlemlenmi\u015ftir. Ayr\u0131ca hap formuna da d\u00f6n\u00fc\u015ft\u00fcr\u00fclebilir. \u00c7evrimi\u00e7i kristal meth al\u0131mlar\u0131 <a href=\"https:\/\/duckduckgo.com\/?q=Buy+Methamphetamine+(Crystal+meth)+online&amp;t=h_&amp;ia=web\">kristal meth<\/a> purchases<br \/>\nDaha \u00f6nce de belirtildi\u011fi gibi, i\u00e7ilebilir, burundan \u00e7ekilebilir veya enjekte edilebilir.<\/p>\n<p>Koka yapraklar\u0131n\u0131n kar\u0131\u015f\u0131m\u0131ndan yap\u0131lan koka \u00e7ay\u0131 bir di\u011fer yayg\u0131n kullan\u0131m y\u00f6ntemidir. Y\u00fckseklik enfeksiyonunu \u00f6nlemek i\u00e7in And Da\u011flar\u0131'ndaki ka\u015fiflere s\u0131k s\u0131k \u00e7ay verilmi\u015ftir. Bununla birlikte, ger\u00e7ek yeterlili\u011fi hi\u00e7bir zaman etkili bir \u015fekilde dikkate al\u0131nmam\u0131\u015ft\u0131r.<\/p>\n<p>&nbsp;<\/p>","protected":false},"excerpt":{"rendered":"<p>Buy Methamphetamine (Crystal meth) online Methamphetamine, sometimes referred to as crystal meth, is available online. There is just one type of the drug methamphetamine available here, and it is always advisable to get high-quality products rather than the unsafe ones that are sold elsewhere. Meth can be purchased online. Methamphetamine impacts the central nervous system [&hellip;]<\/p>","protected":false},"featured_media":19426,"comment_status":"open","ping_status":"closed","template":"","meta":{"_joinchat":[]},"product_brand":[],"product_cat":[1324],"product_tag":[],"class_list":{"0":"post-19417","1":"product","2":"type-product","3":"status-publish","4":"has-post-thumbnail","6":"product_cat-buy-crystal-meth-online","8":"first","9":"instock","10":"shipping-taxable","11":"purchasable","12":"product-type-variable","13":"add-to-wishlist-after_add_to_cart"},"yoast_head":"<!-- This site is optimized with the Yoast SEO plugin v25.9 - https:\/\/yoast.com\/wordpress\/plugins\/seo\/ -->\n<title>Buy Methamphetamine (Crystal meth) online - Narco Powders<\/title>\n<meta name=\"robots\" content=\"index, follow, max-snippet:-1, max-image-preview:large, max-video-preview:-1\" \/>\n<link rel=\"canonical\" href=\"https:\/\/narcopowders.com\/tr\/urun\/metamfetamin-kristal-meth-online-satin-al\/\" \/>\n<meta property=\"og:locale\" content=\"tr_TR\" \/>\n<meta property=\"og:type\" content=\"article\" \/>\n<meta property=\"og:title\" content=\"Buy Methamphetamine (Crystal meth) online - Narco Powders\" \/>\n<meta property=\"og:description\" content=\"Buy Methamphetamine (Crystal meth) online Methamphetamine, sometimes referred to as crystal meth, is available online. There is just one type of the drug methamphetamine available here, and it is always advisable to get high-quality products rather than the unsafe ones that are sold elsewhere. Meth can be purchased online. Methamphetamine impacts the central nervous system [&hellip;]\" \/>\n<meta property=\"og:url\" content=\"https:\/\/narcopowders.com\/tr\/urun\/metamfetamin-kristal-meth-online-satin-al\/\" \/>\n<meta property=\"og:site_name\" content=\"Narco Powders\" \/>\n<meta property=\"article:modified_time\" content=\"2025-03-10T09:57:40+00:00\" \/>\n<meta property=\"og:image\" content=\"https:\/\/narcopowders.com\/wp-content\/uploads\/2023\/07\/Buy-Methamphetamine.jpg\" \/>\n\t<meta property=\"og:image:width\" content=\"600\" \/>\n\t<meta property=\"og:image:height\" content=\"600\" \/>\n\t<meta property=\"og:image:type\" content=\"image\/jpeg\" \/>\n<meta name=\"twitter:card\" content=\"summary_large_image\" \/>\n<meta name=\"twitter:label1\" content=\"Tahmini okuma s\u00fcresi\" \/>\n\t<meta name=\"twitter:data1\" content=\"2 dakika\" \/>\n<!-- \/ Yoast SEO plugin. -->","yoast_head_json":{"title":"Metamfetamin (Kristal meth) Online Sat\u0131n Al\u0131n - Narco Powders","robots":{"index":"index","follow":"follow","max-snippet":"max-snippet:-1","max-image-preview":"max-image-preview:large","max-video-preview":"max-video-preview:-1"},"canonical":"https:\/\/narcopowders.com\/tr\/urun\/metamfetamin-kristal-meth-online-satin-al\/","og_locale":"tr_TR","og_type":"article","og_title":"Buy Methamphetamine (Crystal meth) online - Narco Powders","og_description":"Buy Methamphetamine (Crystal meth) online Methamphetamine, sometimes referred to as crystal meth, is available online. There is just one type of the drug methamphetamine available here, and it is always advisable to get high-quality products rather than the unsafe ones that are sold elsewhere. Meth can be purchased online. Methamphetamine impacts the central nervous system [&hellip;]","og_url":"https:\/\/narcopowders.com\/tr\/urun\/metamfetamin-kristal-meth-online-satin-al\/","og_site_name":"Narco Powders","article_modified_time":"2025-03-10T09:57:40+00:00","og_image":[{"width":600,"height":600,"url":"https:\/\/narcopowders.com\/wp-content\/uploads\/2023\/07\/Buy-Methamphetamine.jpg","type":"image\/jpeg"}],"twitter_card":"summary_large_image","twitter_misc":{"Tahmini okuma s\u00fcresi":"2 dakika"},"schema":{"@context":"https:\/\/schema.org","@graph":[{"@type":"WebPage","@id":"https:\/\/narcopowders.com\/product\/buy-methamphetamine-crystal-meth-online\/","url":"https:\/\/narcopowders.com\/product\/buy-methamphetamine-crystal-meth-online\/","name":"Metamfetamin (Kristal meth) Online Sat\u0131n Al\u0131n - Narco Powders","isPartOf":{"@id":"https:\/\/narcopowders.com\/#website"},"primaryImageOfPage":{"@id":"https:\/\/narcopowders.com\/product\/buy-methamphetamine-crystal-meth-online\/#primaryimage"},"image":{"@id":"https:\/\/narcopowders.com\/product\/buy-methamphetamine-crystal-meth-online\/#primaryimage"},"thumbnailUrl":"https:\/\/narcopowders.com\/wp-content\/uploads\/2023\/07\/Buy-Methamphetamine.jpg","datePublished":"2023-07-29T07:40:51+00:00","dateModified":"2025-03-10T09:57:40+00:00","breadcrumb":{"@id":"https:\/\/narcopowders.com\/product\/buy-methamphetamine-crystal-meth-online\/#breadcrumb"},"inLanguage":"tr","potentialAction":[{"@type":"ReadAction","target":["https:\/\/narcopowders.com\/product\/buy-methamphetamine-crystal-meth-online\/"]}]},{"@type":"ImageObject","inLanguage":"tr","@id":"https:\/\/narcopowders.com\/product\/buy-methamphetamine-crystal-meth-online\/#primaryimage","url":"https:\/\/narcopowders.com\/wp-content\/uploads\/2023\/07\/Buy-Methamphetamine.jpg","contentUrl":"https:\/\/narcopowders.com\/wp-content\/uploads\/2023\/07\/Buy-Methamphetamine.jpg","width":600,"height":600,"caption":"Buy-Methamphetamine"},{"@type":"BreadcrumbList","@id":"https:\/\/narcopowders.com\/product\/buy-methamphetamine-crystal-meth-online\/#breadcrumb","itemListElement":[{"@type":"ListItem","position":1,"name":"Home","item":"https:\/\/narcopowders.com\/"},{"@type":"ListItem","position":2,"name":"Shop Page","item":"https:\/\/narcopowders.com\/shop\/"},{"@type":"ListItem","position":3,"name":"Buy Methamphetamine (Crystal meth) online"}]},{"@type":"WebSite","@id":"https:\/\/narcopowders.com\/#website","url":"https:\/\/narcopowders.com\/","name":"Narko Tozlar","description":"WordPress Blogum","potentialAction":[{"@type":"SearchAction","target":{"@type":"EntryPoint","urlTemplate":"https:\/\/narcopowders.com\/?s={search_term_string}"},"query-input":{"@type":"PropertyValueSpecification","valueRequired":true,"valueName":"search_term_string"}}],"inLanguage":"tr"}]}},"_links":{"self":[{"href":"https:\/\/narcopowders.com\/tr\/wp-json\/wp\/v2\/product\/19417","targetHints":{"allow":["GET"]}}],"collection":[{"href":"https:\/\/narcopowders.com\/tr\/wp-json\/wp\/v2\/product"}],"about":[{"href":"https:\/\/narcopowders.com\/tr\/wp-json\/wp\/v2\/types\/product"}],"replies":[{"embeddable":true,"href":"https:\/\/narcopowders.com\/tr\/wp-json\/wp\/v2\/comments?post=19417"}],"wp:featuredmedia":[{"embeddable":true,"href":"https:\/\/narcopowders.com\/tr\/wp-json\/wp\/v2\/media\/19426"}],"wp:attachment":[{"href":"https:\/\/narcopowders.com\/tr\/wp-json\/wp\/v2\/media?parent=19417"}],"wp:term":[{"taxonomy":"product_brand","embeddable":true,"href":"https:\/\/narcopowders.com\/tr\/wp-json\/wp\/v2\/product_brand?post=19417"},{"taxonomy":"product_cat","embeddable":true,"href":"https:\/\/narcopowders.com\/tr\/wp-json\/wp\/v2\/product_cat?post=19417"},{"taxonomy":"product_tag","embeddable":true,"href":"https:\/\/narcopowders.com\/tr\/wp-json\/wp\/v2\/product_tag?post=19417"}],"curies":[{"name":"wp","href":"https:\/\/api.w.org\/{rel}","templated":true}]}}