{"id":19418,"date":"2023-07-29T07:40:53","date_gmt":"2023-07-29T07:40:53","guid":{"rendered":"https:\/\/narcopowders.com\/?post_type=product&#038;p=19418"},"modified":"2025-03-26T06:52:36","modified_gmt":"2025-03-26T06:52:36","slug":"buy-crystal-meth-online","status":"publish","type":"product","link":"https:\/\/narcopowders.com\/tr\/urun\/kristal-meth-online-satin-al\/","title":{"rendered":"Crystal Meth Online Sat\u0131n Al\u0131n"},"content":{"rendered":"<h2>Crystal Meth Online Sat\u0131n Al\u0131n<\/h2>\n<p><a href=\"https:\/\/narcopowders.com\/tr\/urun\/kristal-meth-online-satin-al\/\">Crystal Meth Online Sat\u0131n Al\u0131n<\/a>Bazen kristal meth olarak da adland\u0131r\u0131lan metamfetamin, internette mevcuttur. Uyu\u015fturucunun yaln\u0131zca bir t\u00fcr\u00fc vard\u0131r. <a href=\"https:\/\/en.wikipedia.org\/wiki\/Ketamine\">metamfetamin burada mevcuttur<\/a>ve her zaman edinilmesi tavsiye edilir <a href=\"https:\/\/narcopowders.com\/tr\/\">high-quality products<\/a> Ba\u015fka yerlerde sat\u0131lan g\u00fcvenli olmayanlardan ziyade.<\/p>\n<p>Sigara i\u00e7erek, i\u011fne ile enjekte ederek veya burundan \u00e7ekerek (burundan soluyarak) t\u00fcketebilirsiniz. Hatta a\u011f\u0131zdan da alabilirsiniz, bu da g\u00fcven, hiperaktivite ve canl\u0131l\u0131\u011f\u0131n yan\u0131 s\u0131ra ho\u015f bir mutluluk ve refah hissi ile sonu\u00e7lanacakt\u0131r. \u00c7ok az miktarda alman\u0131z\u0131 ve \u00e7ok s\u0131k almaman\u0131z\u0131 \u015fiddetle tavsiye ederiz \u00e7\u00fcnk\u00fc etkileri genellikle alt\u0131 ila sekiz saat s\u00fcrer, ancak yirmi d\u00f6rt saate kadar s\u00fcrebilir.<\/p>\n<h3>METAMFETAMIN NE RENKTIR?<\/h3>\n<p>En yayg\u0131n bi\u00e7imi <a href=\"https:\/\/www.bing.com\/search?q=Buy%20Crystal%20Meth%20online&amp;qs=n&amp;form=QBRE&amp;sp=-1&amp;lq=0&amp;pq=buy%20crystal%20meth%20online&amp;sc=0-23&amp;sk=&amp;cvid=40F5F914259E4B628A652F5105472A73&amp;ghsh=0&amp;ghacc=0&amp;ghpl=\">methamphetamine for sale<\/a> is a <a href=\"https:\/\/www.bing.com\/search?q=Buy%20Crystal%20Meth%20online&amp;qs=n&amp;form=QBRE&amp;sp=-1&amp;lq=0&amp;pq=buy%20crystal%20meth%20online&amp;sc=0-23&amp;sk=&amp;cvid=40F5F914259E4B628A652F5105472A73&amp;ghsh=0&amp;ghacc=0&amp;ghpl=\">crystalline white powder<\/a> kokusuz ve ac\u0131 bir tada sahip <a href=\"https:\/\/www.google.com\/search?q=Buy+Crystal+Meth+online&amp;sca_esv=2a2a93e8be91f013&amp;sxsrf=AHTn8zoDfzwck05_jrxz3pndVamcvCr7gA%3A1742971354653&amp;ei=2qHjZ_eoJ_HlseMP2cvv4QI&amp;ved=0ahUKEwj3_cmjkqeMAxXxcmwGHdnlOywQ4dUDCA8&amp;uact=5&amp;oq=Buy+Crystal+Meth+online&amp;gs_lp=Egxnd3Mtd2l6LXNlcnAiF0J1eSBDcnlzdGFsIE1ldGggb25saW5lSPMJUN4EWN4EcAN4AJABAJgB2AGgAdgBqgEDMi0xuAEDyAEA-AEC-AEBmAIAoAIAmAMA4gMFEgExIECIBgGSBwCgB1OyBwC4BwA&amp;sclient=gws-wiz-serp\">dissolves rapidly in water or alcohol<\/a>.<\/p>\n<p>Tozun kahverengi, sar\u0131-gri, turuncu ve hatta pembe tonlar\u0131nda oldu\u011fu da g\u00f6r\u00fclm\u00fc\u015ft\u00fcr. Ek olarak, haplar halinde s\u0131k\u0131\u015ft\u0131r\u0131labilir. <a href=\"https:\/\/www.google.com\/search?q=Buy+Crystal+Meth+online&amp;sca_esv=2a2a93e8be91f013&amp;sxsrf=AHTn8zoDfzwck05_jrxz3pndVamcvCr7gA%3A1742971354653&amp;ei=2qHjZ_eoJ_HlseMP2cvv4QI&amp;ved=0ahUKEwj3_cmjkqeMAxXxcmwGHdnlOywQ4dUDCA8&amp;uact=5&amp;oq=Buy+Crystal+Meth+online&amp;gs_lp=Egxnd3Mtd2l6LXNlcnAiF0J1eSBDcnlzdGFsIE1ldGggb25saW5lSPMJUN4EWN4EcAN4AJABAJgB2AGgAdgBqgEDMi0xuAEDyAEA-AEC-AEBmAIAoAIAmAMA4gMFEgExIECIBgGSBwCgB1OyBwC4BwA&amp;sclient=gws-wiz-serp\">haplara s\u0131k\u0131\u015ft\u0131r\u0131lm\u0131\u015f<\/a>.<\/p>\n<p>\u5982\u524d\u6240\u8ff0\uff0c\u5b83\u53ef\u4ee5\u88ab\u5438\u98df\u3001\u5438\u5165\u6216\u6ce8\u5c04<a href=\"https:\/\/en.wikipedia.org\/wiki\/Special:Search?go=Go&amp;search=Buy+Crystal+Meth&amp;ns0=1\">.<\/a><\/p>\n<p>En s\u0131k i\u00e7ilen, <a href=\"https:\/\/duckduckgo.com\/?q=Buy+Crystal+Meth+online&amp;t=h_&amp;ia=web\">kristal meth<\/a> iri taneli olarak gelir, <a href=\"https:\/\/duckduckgo.com\/?q=Buy+Crystal+Meth+online&amp;t=h_&amp;ia=web\">kristalin kristaller<\/a> buz gibi g\u00f6r\u00fcnen<a href=\"https:\/\/narcopowders.com\/tr\/\">.<\/a><\/p>","protected":false},"excerpt":{"rendered":"<p>Buy Crystal Meth online Buy Crystal Meth online, Methamphetamine, sometimes referred to as crystal meth, is available online. There is just one type of the drug methamphetamine available here, and it is always advisable to get high-quality products rather than the unsafe ones that are sold elsewhere. You can consume it via smoking, injecting with [&hellip;]<\/p>","protected":false},"featured_media":19427,"comment_status":"open","ping_status":"closed","template":"","meta":{"_joinchat":[]},"product_brand":[],"product_cat":[1324],"product_tag":[1326,1327,1328,1329,1330,1331,1332,1333,1334,1335,1336,1337],"class_list":{"0":"post-19418","1":"product","2":"type-product","3":"status-publish","4":"has-post-thumbnail","6":"product_cat-buy-crystal-meth-online","7":"product_tag-buy-crystal-meth-online","8":"product_tag-buying-crystal-methamphetamine-online","9":"product_tag-crystal-meth-blue","10":"product_tag-methonline","11":"product_tag-uncategorized","12":"product_tag-what-does-crystal-meth-look-like-quizlet","13":"product_tag-what-is-crystal-meth","14":"product_tag-what-is-crystal-metheny","15":"product_tag-what-is-crystal-methodology","16":"product_tag-what-is-crystal-methyd","17":"product_tag-what-is-rotating-crystal-method","18":"product_tag-what-is-the-crystal-method","20":"first","21":"instock","22":"shipping-taxable","23":"purchasable","24":"product-type-variable","25":"add-to-wishlist-after_add_to_cart"},"yoast_head":"<!-- This site is optimized with the Yoast SEO plugin v25.9 - https:\/\/yoast.com\/wordpress\/plugins\/seo\/ -->\n<title>Buy Crystal Meth Online | Crystal Meth for sale |Order Cyrstal Meth<\/title>\n<meta name=\"description\" content=\"Buy Crystal Meth Online, Buying Crystal Meth Online, Buy Meth Online, Crystal meth for sale online Meth For Sale, Order Crystal methamphetamine Online.\" \/>\n<meta name=\"robots\" content=\"index, follow, max-snippet:-1, max-image-preview:large, max-video-preview:-1\" \/>\n<link rel=\"canonical\" href=\"https:\/\/narcopowders.com\/tr\/urun\/kristal-meth-online-satin-al\/\" \/>\n<meta property=\"og:locale\" content=\"tr_TR\" \/>\n<meta property=\"og:type\" content=\"article\" \/>\n<meta property=\"og:title\" content=\"Buy Crystal Meth Online | Crystal Meth for sale |Order Cyrstal Meth\" \/>\n<meta property=\"og:description\" content=\"Buy Crystal Meth Online, Buying Crystal Meth Online, Buy Meth Online, Crystal meth for sale online Meth For Sale, Order Crystal methamphetamine Online.\" \/>\n<meta property=\"og:url\" content=\"https:\/\/narcopowders.com\/tr\/urun\/kristal-meth-online-satin-al\/\" \/>\n<meta property=\"og:site_name\" content=\"Narco Powders\" \/>\n<meta property=\"article:modified_time\" content=\"2025-03-26T06:52:36+00:00\" \/>\n<meta property=\"og:image\" content=\"https:\/\/narcopowders.com\/wp-content\/uploads\/2023\/07\/crystal-meth.jpg\" \/>\n\t<meta property=\"og:image:width\" content=\"600\" \/>\n\t<meta property=\"og:image:height\" content=\"600\" \/>\n\t<meta property=\"og:image:type\" content=\"image\/jpeg\" \/>\n<meta name=\"twitter:card\" content=\"summary_large_image\" \/>\n<meta name=\"twitter:label1\" content=\"Tahmini okuma s\u00fcresi\" \/>\n\t<meta name=\"twitter:data1\" content=\"2 dakika\" \/>\n<!-- \/ Yoast SEO plugin. -->","yoast_head_json":{"title":"Online Crystal Meth Sat\u0131n Al\u0131n | Sat\u0131l\u0131k Crystal Meth | Cyrstal Meth Sipari\u015f Edin","description":"\u00c7evrimi\u00e7i Kristal Metamfetamin Sat\u0131n Al\u0131n, \u00c7evrimi\u00e7i Kristal Metamfetamin Sat\u0131n Alma, \u00c7evrimi\u00e7i Metamfetamin Sat\u0131n Al\u0131n, \u00c7evrimi\u00e7i Sat\u0131l\u0131k Kristal Metamfetamin, \u00c7evrimi\u00e7i Kristal metamfetamin Sipari\u015f Edin.","robots":{"index":"index","follow":"follow","max-snippet":"max-snippet:-1","max-image-preview":"max-image-preview:large","max-video-preview":"max-video-preview:-1"},"canonical":"https:\/\/narcopowders.com\/tr\/urun\/kristal-meth-online-satin-al\/","og_locale":"tr_TR","og_type":"article","og_title":"Buy Crystal Meth Online | Crystal Meth for sale |Order Cyrstal Meth","og_description":"Buy Crystal Meth Online, Buying Crystal Meth Online, Buy Meth Online, Crystal meth for sale online Meth For Sale, Order Crystal methamphetamine Online.","og_url":"https:\/\/narcopowders.com\/tr\/urun\/kristal-meth-online-satin-al\/","og_site_name":"Narco Powders","article_modified_time":"2025-03-26T06:52:36+00:00","og_image":[{"width":600,"height":600,"url":"https:\/\/narcopowders.com\/wp-content\/uploads\/2023\/07\/crystal-meth.jpg","type":"image\/jpeg"}],"twitter_card":"summary_large_image","twitter_misc":{"Tahmini okuma s\u00fcresi":"2 dakika"},"schema":{"@context":"https:\/\/schema.org","@graph":[{"@type":"WebPage","@id":"https:\/\/narcopowders.com\/product\/buy-crystal-meth-online\/","url":"https:\/\/narcopowders.com\/product\/buy-crystal-meth-online\/","name":"Online Crystal Meth Sat\u0131n Al\u0131n | Sat\u0131l\u0131k Crystal Meth | Cyrstal Meth Sipari\u015f Edin","isPartOf":{"@id":"https:\/\/narcopowders.com\/#website"},"primaryImageOfPage":{"@id":"https:\/\/narcopowders.com\/product\/buy-crystal-meth-online\/#primaryimage"},"image":{"@id":"https:\/\/narcopowders.com\/product\/buy-crystal-meth-online\/#primaryimage"},"thumbnailUrl":"https:\/\/narcopowders.com\/wp-content\/uploads\/2023\/07\/crystal-meth.jpg","datePublished":"2023-07-29T07:40:53+00:00","dateModified":"2025-03-26T06:52:36+00:00","description":"\u00c7evrimi\u00e7i Kristal Metamfetamin Sat\u0131n Al\u0131n, \u00c7evrimi\u00e7i Kristal Metamfetamin Sat\u0131n Alma, \u00c7evrimi\u00e7i Metamfetamin Sat\u0131n Al\u0131n, \u00c7evrimi\u00e7i Sat\u0131l\u0131k Kristal Metamfetamin, \u00c7evrimi\u00e7i Kristal metamfetamin Sipari\u015f Edin.","breadcrumb":{"@id":"https:\/\/narcopowders.com\/product\/buy-crystal-meth-online\/#breadcrumb"},"inLanguage":"tr","potentialAction":[{"@type":"ReadAction","target":["https:\/\/narcopowders.com\/product\/buy-crystal-meth-online\/"]}]},{"@type":"ImageObject","inLanguage":"tr","@id":"https:\/\/narcopowders.com\/product\/buy-crystal-meth-online\/#primaryimage","url":"https:\/\/narcopowders.com\/wp-content\/uploads\/2023\/07\/crystal-meth.jpg","contentUrl":"https:\/\/narcopowders.com\/wp-content\/uploads\/2023\/07\/crystal-meth.jpg","width":600,"height":600,"caption":"crystal-meth"},{"@type":"BreadcrumbList","@id":"https:\/\/narcopowders.com\/product\/buy-crystal-meth-online\/#breadcrumb","itemListElement":[{"@type":"ListItem","position":1,"name":"Home","item":"https:\/\/narcopowders.com\/"},{"@type":"ListItem","position":2,"name":"Shop Page","item":"https:\/\/narcopowders.com\/shop\/"},{"@type":"ListItem","position":3,"name":"Buy Crystal Meth online"}]},{"@type":"WebSite","@id":"https:\/\/narcopowders.com\/#website","url":"https:\/\/narcopowders.com\/","name":"Narko Tozlar","description":"WordPress Blogum","potentialAction":[{"@type":"SearchAction","target":{"@type":"EntryPoint","urlTemplate":"https:\/\/narcopowders.com\/?s={search_term_string}"},"query-input":{"@type":"PropertyValueSpecification","valueRequired":true,"valueName":"search_term_string"}}],"inLanguage":"tr"}]}},"_links":{"self":[{"href":"https:\/\/narcopowders.com\/tr\/wp-json\/wp\/v2\/product\/19418","targetHints":{"allow":["GET"]}}],"collection":[{"href":"https:\/\/narcopowders.com\/tr\/wp-json\/wp\/v2\/product"}],"about":[{"href":"https:\/\/narcopowders.com\/tr\/wp-json\/wp\/v2\/types\/product"}],"replies":[{"embeddable":true,"href":"https:\/\/narcopowders.com\/tr\/wp-json\/wp\/v2\/comments?post=19418"}],"wp:featuredmedia":[{"embeddable":true,"href":"https:\/\/narcopowders.com\/tr\/wp-json\/wp\/v2\/media\/19427"}],"wp:attachment":[{"href":"https:\/\/narcopowders.com\/tr\/wp-json\/wp\/v2\/media?parent=19418"}],"wp:term":[{"taxonomy":"product_brand","embeddable":true,"href":"https:\/\/narcopowders.com\/tr\/wp-json\/wp\/v2\/product_brand?post=19418"},{"taxonomy":"product_cat","embeddable":true,"href":"https:\/\/narcopowders.com\/tr\/wp-json\/wp\/v2\/product_cat?post=19418"},{"taxonomy":"product_tag","embeddable":true,"href":"https:\/\/narcopowders.com\/tr\/wp-json\/wp\/v2\/product_tag?post=19418"}],"curies":[{"name":"wp","href":"https:\/\/api.w.org\/{rel}","templated":true}]}}