{"id":19431,"date":"2023-07-29T08:01:13","date_gmt":"2023-07-29T08:01:13","guid":{"rendered":"https:\/\/narcopowders.com\/?post_type=product&#038;p=19431"},"modified":"2025-09-25T07:47:15","modified_gmt":"2025-09-25T07:47:15","slug":"buy-anasket-1000mg-10ml","status":"publish","type":"product","link":"https:\/\/narcopowders.com\/tr\/urun\/anasket-1000mg-10ml-satin-al\/","title":{"rendered":"Anasket 1000mg\/10ml Sat\u0131n Al\u0131n"},"content":{"rendered":"<h2>Anasket 1000mg\/10ml Sat\u0131n Al\u0131n<\/h2>\n<p><a href=\"https:\/\/narcopowders.com\/tr\/urun\/anasket-1000mg-10ml-satin-al\/\">Anasket 1000mg\/10ml Sat\u0131n Al\u0131n<\/a>, Anestezik Sat\u0131n Al Sat\u0131l\u0131k saf anesket 1000 mg\/10 ml'dir.<\/p>\n<p>Biz en iyi ve en g\u00fcvenilir saf ketamin 1000 mg\/10 ml tedarik\u00e7isiyiz. Web sitesi <a href=\"https:\/\/narcopowders.com\/tr\/\">NarcoPowders.com<\/a> nas\u0131l yap\u0131laca\u011f\u0131 da dahil olmak \u00fczere \u00e7e\u015fitli \u00f6\u011feler sunar <a href=\"https:\/\/en.wikipedia.org\/wiki\/Ketamine\">ketamin tozu sipari\u015f edin<\/a> ve s\u0131v\u0131 hcl. T\u00fcm \u00fcr\u00fcnlerimiz Narcopowders taraf\u0131ndan \u00fcretilmektedir.<\/p>\n<p>Anasket \u00e7o\u011fu \u00fclkede yasal olan ve yayg\u0131n olarak kullan\u0131lan bir ila\u00e7t\u0131r<a href=\"https:\/\/en.wikipedia.org\/w\/index.php?search=Anasket+1000mg&amp;title=Special:Search&amp;profile=advanced&amp;fulltext=1&amp;ns0=1\">.<\/a><\/p>\n<p>Do\u011frudan \u00fcreticiden ald\u0131\u011f\u0131m\u0131z malzemeler kullan\u0131yoruz. Bunu Anesket ticari ad\u0131 alt\u0131nda bir laboratuvar <a href=\"https:\/\/www.google.com\/search?q=Buy+Anasket+1000mg%2F10ml+Online&amp;sca_esv=7d1b82273738a5db&amp;sxsrf=AHTn8zoQ4iYviNvbX2DGKHfxQybv57lbGw%3A1742907080934&amp;ei=yKbiZ_XZOLmfnesPqsCw-Qc&amp;ved=0ahUKEwj13b3roqWMAxW5T2cHHSogLH8Q4dUDCA8&amp;uact=5&amp;oq=Buy+Anasket+1000mg%2F10ml+Online&amp;gs_lp=Egxnd3Mtd2l6LXNlcnAiHkJ1eSBBbmFza2V0IDEwMDBtZy8xMG1sIE9ubGluZTIHECEYoAEYCjIHECEYoAEYCjIHECEYoAEYCkjtMFDFA1jUH3AEeACQAQCYAYMCoAGYCqoBBTAuNS4yuAEDyAEA-AEBmAIKoALKCpgDAOIDBRIBMSBAiAYBkgcFMy41LjKgB9wgsgcFMC41LjK4B8AK&amp;sclient=gws-wiz-serp\">kontrol\u00fc olarak sa\u011fl\u0131yoruz.<\/a>.<\/p>\n<h3>Saf Anesket Nedir<\/h3>\n<p><a href=\"https:\/\/www.google.com\/search?q=Buy+Anasket+1000mg%2F10ml+Online&amp;sca_esv=7d1b82273738a5db&amp;sxsrf=AHTn8zoQ4iYviNvbX2DGKHfxQybv57lbGw%3A1742907080934&amp;ei=yKbiZ_XZOLmfnesPqsCw-Qc&amp;ved=0ahUKEwj13b3roqWMAxW5T2cHHSogLH8Q4dUDCA8&amp;uact=5&amp;oq=Buy+Anasket+1000mg%2F10ml+Online&amp;gs_lp=Egxnd3Mtd2l6LXNlcnAiHkJ1eSBBbmFza2V0IDEwMDBtZy8xMG1sIE9ubGluZTIHECEYoAEYCjIHECEYoAEYCjIHECEYoAEYCkjtMFDFA1jUH3AEeACQAQCYAYMCoAGYCqoBBTAuNS4yuAEDyAEA-AEBmAIKoALKCpgDAOIDBRIBMSBAiAYBkgcFMy41LjKgB9wgsgcFMC41LjK4B8AK&amp;sclient=gws-wiz-serp\">Ketamin hidroklor\u00fcr i\u00e7erir<\/a>. It is the medicine to beat, and doctors use it for a range of conditions all across the world. <a href=\"https:\/\/www.bing.com\/search?q=Buy%20Anasket%201000mg%2F10ml%20Online&amp;qs=n&amp;form=QBRE&amp;sp=-1&amp;lq=0&amp;pq=buy%20anasket%201000mg%2F10ml%20online&amp;sc=0-30&amp;sk=&amp;cvid=B0214D489ABC42E7AED31B90CF908A6C&amp;ghsh=0&amp;ghacc=0&amp;ghpl=\">10 ml enjeksiyonda 1000 mg saf anestezik<\/a>. The anaesthetic class includes the pharmaceutical class.<\/p>\n<h3>Saf Anesket 1000mg\/ 10ml i\u00e7inde Ketamin 1000 mg nedir?<\/h3>\n<p>Bu \u00f6nemli ilac\u0131n kullan\u0131m\u0131 yayg\u0131nd\u0131r. \u00c7o\u011funlu\u011fu <a href=\"https:\/\/duckduckgo.com\/?q=Buy+Anasket+1000mg%2F10ml+Online&amp;t=h_&amp;ia=web\">surgical operations, general medical practise, painkillers<\/a>.<\/p>\n<h3>Bunun etkileri nelerdir?<\/h3>\n<p><strong>Olumsuz etkiler<\/strong><\/p>\n<p>Elbette ilac\u0131n yan etkileri de var ve bunlar olduk\u00e7a \u015fiddetli olabiliyor. <a href=\"https:\/\/duckduckgo.com\/?q=Buy+Anasket+1000mg%2F10ml+Online&amp;t=h_&amp;ia=web\">K\u0131sa vadeli olumsuz etkiler aras\u0131nda k\u00f6t\u00fc hal\u00fcsinasyonlar da yer al\u0131yor<\/a>Elbette, ilac\u0131n yan etkileri vard\u0131r ve bunlar olduk\u00e7a \u015fiddetli olabilir. K\u00f6t\u00fc hal\u00fcsinasyonlar k\u0131sa vadeli yan etkiler aras\u0131ndad\u0131r. Hal\u00fcsinasyonun ho\u015flu\u011fu kullan\u0131c\u0131n\u0131n ruhsal durumuna ba\u011fl\u0131d\u0131r ve e\u011fer kullan\u0131c\u0131 \u00fcz\u00fcnt\u00fcden ka\u00e7maya \u00e7al\u0131\u015f\u0131yorsa, hal\u00fcsinasyonlar muhtemelen ho\u015f olmayacakt\u0131r. Bu t\u00fcm psikotropik ila\u00e7lar i\u00e7in ge\u00e7erlidir <a href=\"https:\/\/www.bing.com\/search?q=Buy%20Anasket%201000mg%2F10ml%20Online&amp;qs=n&amp;form=QBRE&amp;sp=-1&amp;lq=0&amp;pq=buy%20anasket%201000mg%2F10ml%20online&amp;sc=0-30&amp;sk=&amp;cvid=B0214D489ABC42E7AED31B90CF908A6C&amp;ghsh=0&amp;ghacc=0&amp;ghpl=\">Ketamin'i \u00c7evrimi\u00e7i Sat\u0131n Al\u0131n<\/a><a href=\"https:\/\/narcopowders.com\/tr\/\">.<\/a><\/p>","protected":false},"excerpt":{"rendered":"<p>Buy Anasket 1000mg\/10ml Buy Anasket 1000mg\/10ml, Buy Anaesthetic On Sale&#8217;s For sale is pure anesket 1000 mg\/10 ml. We are the top and most dependable purest ketamine 1000mg \/ 10ml provider. The website NarcoPowders.com offers a variety of items, including how to order ketamine powder and liquid hcl. All of our products are produced by [&hellip;]<\/p>","protected":false},"featured_media":19447,"comment_status":"open","ping_status":"closed","template":"","meta":{"_joinchat":[]},"product_brand":[],"product_cat":[1325],"product_tag":[],"class_list":{"0":"post-19431","1":"product","2":"type-product","3":"status-publish","4":"has-post-thumbnail","6":"product_cat-buy-ketamine-online","8":"first","9":"instock","10":"shipping-taxable","11":"purchasable","12":"product-type-variable","13":"add-to-wishlist-after_add_to_cart"},"yoast_head":"<!-- This site is optimized with the Yoast SEO plugin v27.5 - https:\/\/yoast.com\/product\/yoast-seo-wordpress\/ -->\n<title>Buy Anasket 1000mg\/10ml - Narco Powders<\/title>\n<meta name=\"description\" content=\"Buy Anasket 1000mg\/10ml, Anesket 1000mg-10ml Solution | Anesket Injection, Non prescription | Buy Ketamine for Sale Online Near me discreetly.\" \/>\n<meta name=\"robots\" content=\"index, follow, max-snippet:-1, max-image-preview:large, max-video-preview:-1\" \/>\n<link rel=\"canonical\" href=\"https:\/\/narcopowders.com\/tr\/urun\/anasket-1000mg-10ml-satin-al\/\" \/>\n<meta property=\"og:locale\" content=\"tr_TR\" \/>\n<meta property=\"og:type\" content=\"article\" \/>\n<meta property=\"og:title\" content=\"Buy Anasket 1000mg\/10ml - Narco Powders\" \/>\n<meta property=\"og:description\" content=\"Buy Anasket 1000mg\/10ml, Anesket 1000mg-10ml Solution | Anesket Injection, Non prescription | Buy Ketamine for Sale Online Near me discreetly.\" \/>\n<meta property=\"og:url\" content=\"https:\/\/narcopowders.com\/tr\/urun\/anasket-1000mg-10ml-satin-al\/\" \/>\n<meta property=\"og:site_name\" content=\"Narco Powders\" \/>\n<meta property=\"article:modified_time\" content=\"2025-09-25T07:47:15+00:00\" \/>\n<meta property=\"og:image\" content=\"https:\/\/narcopowders.com\/wp-content\/uploads\/2023\/07\/Anasket.jpg\" \/>\n\t<meta property=\"og:image:width\" content=\"600\" \/>\n\t<meta property=\"og:image:height\" content=\"600\" \/>\n\t<meta property=\"og:image:type\" content=\"image\/jpeg\" \/>\n<meta name=\"twitter:card\" content=\"summary_large_image\" \/>\n<meta name=\"twitter:label1\" content=\"Tahmini okuma s\u00fcresi\" \/>\n\t<meta name=\"twitter:data1\" content=\"2 dakika\" \/>\n<!-- \/ Yoast SEO plugin. -->","yoast_head_json":{"title":"Anasket 1000mg\/10ml Sat\u0131n Al\u0131n - Narco Powders","description":"Anasket 1000mg \/ 10ml, Anesket 1000mg-10ml \u00c7\u00f6zelti | Anesket Enjeksiyon, Re\u00e7etesiz | Yak\u0131n\u0131mdaki \u00c7evrimi\u00e7i Sat\u0131l\u0131k Ketamin'i gizlice sat\u0131n al\u0131n.","robots":{"index":"index","follow":"follow","max-snippet":"max-snippet:-1","max-image-preview":"max-image-preview:large","max-video-preview":"max-video-preview:-1"},"canonical":"https:\/\/narcopowders.com\/tr\/urun\/anasket-1000mg-10ml-satin-al\/","og_locale":"tr_TR","og_type":"article","og_title":"Buy Anasket 1000mg\/10ml - Narco Powders","og_description":"Buy Anasket 1000mg\/10ml, Anesket 1000mg-10ml Solution | Anesket Injection, Non prescription | Buy Ketamine for Sale Online Near me discreetly.","og_url":"https:\/\/narcopowders.com\/tr\/urun\/anasket-1000mg-10ml-satin-al\/","og_site_name":"Narco Powders","article_modified_time":"2025-09-25T07:47:15+00:00","og_image":[{"width":600,"height":600,"url":"https:\/\/narcopowders.com\/wp-content\/uploads\/2023\/07\/Anasket.jpg","type":"image\/jpeg"}],"twitter_card":"summary_large_image","twitter_misc":{"Tahmini okuma s\u00fcresi":"2 dakika"},"schema":{"@context":"https:\/\/schema.org","@graph":[{"@type":"WebPage","@id":"https:\/\/narcopowders.com\/product\/buy-anasket-1000mg-10ml\/","url":"https:\/\/narcopowders.com\/product\/buy-anasket-1000mg-10ml\/","name":"Anasket 1000mg\/10ml Sat\u0131n Al\u0131n - Narco Powders","isPartOf":{"@id":"https:\/\/narcopowders.com\/#website"},"primaryImageOfPage":{"@id":"https:\/\/narcopowders.com\/product\/buy-anasket-1000mg-10ml\/#primaryimage"},"image":{"@id":"https:\/\/narcopowders.com\/product\/buy-anasket-1000mg-10ml\/#primaryimage"},"thumbnailUrl":"https:\/\/narcopowders.com\/wp-content\/uploads\/2023\/07\/Anasket.jpg","datePublished":"2023-07-29T08:01:13+00:00","dateModified":"2025-09-25T07:47:15+00:00","description":"Anasket 1000mg \/ 10ml, Anesket 1000mg-10ml \u00c7\u00f6zelti | Anesket Enjeksiyon, Re\u00e7etesiz | Yak\u0131n\u0131mdaki \u00c7evrimi\u00e7i Sat\u0131l\u0131k Ketamin'i gizlice sat\u0131n al\u0131n.","breadcrumb":{"@id":"https:\/\/narcopowders.com\/product\/buy-anasket-1000mg-10ml\/#breadcrumb"},"inLanguage":"tr","potentialAction":[{"@type":"ReadAction","target":["https:\/\/narcopowders.com\/product\/buy-anasket-1000mg-10ml\/"]}]},{"@type":"ImageObject","inLanguage":"tr","@id":"https:\/\/narcopowders.com\/product\/buy-anasket-1000mg-10ml\/#primaryimage","url":"https:\/\/narcopowders.com\/wp-content\/uploads\/2023\/07\/Anasket.jpg","contentUrl":"https:\/\/narcopowders.com\/wp-content\/uploads\/2023\/07\/Anasket.jpg","width":600,"height":600,"caption":"Anasket"},{"@type":"BreadcrumbList","@id":"https:\/\/narcopowders.com\/product\/buy-anasket-1000mg-10ml\/#breadcrumb","itemListElement":[{"@type":"ListItem","position":1,"name":"Home","item":"https:\/\/narcopowders.com\/"},{"@type":"ListItem","position":2,"name":"Shop Page","item":"https:\/\/narcopowders.com\/shop\/"},{"@type":"ListItem","position":3,"name":"Buy Anasket 1000mg\/10ml"}]},{"@type":"WebSite","@id":"https:\/\/narcopowders.com\/#website","url":"https:\/\/narcopowders.com\/","name":"Narko Tozlar","description":"WordPress Blogum","potentialAction":[{"@type":"SearchAction","target":{"@type":"EntryPoint","urlTemplate":"https:\/\/narcopowders.com\/?s={search_term_string}"},"query-input":{"@type":"PropertyValueSpecification","valueRequired":true,"valueName":"search_term_string"}}],"inLanguage":"tr"}]}},"_links":{"self":[{"href":"https:\/\/narcopowders.com\/tr\/wp-json\/wp\/v2\/product\/19431","targetHints":{"allow":["GET"]}}],"collection":[{"href":"https:\/\/narcopowders.com\/tr\/wp-json\/wp\/v2\/product"}],"about":[{"href":"https:\/\/narcopowders.com\/tr\/wp-json\/wp\/v2\/types\/product"}],"replies":[{"embeddable":true,"href":"https:\/\/narcopowders.com\/tr\/wp-json\/wp\/v2\/comments?post=19431"}],"wp:featuredmedia":[{"embeddable":true,"href":"https:\/\/narcopowders.com\/tr\/wp-json\/wp\/v2\/media\/19447"}],"wp:attachment":[{"href":"https:\/\/narcopowders.com\/tr\/wp-json\/wp\/v2\/media?parent=19431"}],"wp:term":[{"taxonomy":"product_brand","embeddable":true,"href":"https:\/\/narcopowders.com\/tr\/wp-json\/wp\/v2\/product_brand?post=19431"},{"taxonomy":"product_cat","embeddable":true,"href":"https:\/\/narcopowders.com\/tr\/wp-json\/wp\/v2\/product_cat?post=19431"},{"taxonomy":"product_tag","embeddable":true,"href":"https:\/\/narcopowders.com\/tr\/wp-json\/wp\/v2\/product_tag?post=19431"}],"curies":[{"name":"wp","href":"https:\/\/api.w.org\/{rel}","templated":true}]}}