{"id":19449,"date":"2023-07-29T08:09:11","date_gmt":"2023-07-29T08:09:11","guid":{"rendered":"https:\/\/narcopowders.com\/?post_type=product&#038;p=19449"},"modified":"2025-09-25T07:53:14","modified_gmt":"2025-09-25T07:53:14","slug":"buy-ketamine-anasket-powder","status":"publish","type":"product","link":"https:\/\/narcopowders.com\/tr\/urun\/ketamin-anasket-tozu-satin-al\/","title":{"rendered":"Ketamin Anasket Tozu Sat\u0131n Al\u0131n"},"content":{"rendered":"<h2>Ketamin Anasket Tozu Sat\u0131n Al\u0131n<\/h2>\n<p><strong>En Kaliteli Anesket 1000mg\/10ml Online Sat\u0131n Al\u0131n. Anesket 1000mg\/10ml Sat\u0131l\u0131k.<\/strong><\/p>\n<p><a href=\"https:\/\/narcopowders.com\/tr\/urun\/ketamin-anasket-tozu-satin-al\/\">Ketamin anestezik tozu sat\u0131n al\u0131n.<\/a> One of the main things we do here is offer <a href=\"https:\/\/narcopowders.com\/tr\/\">anaesthetic for sale<\/a>Ketamin anestezik tozu sat\u0131n al\u0131n Burada yapt\u0131\u011f\u0131m\u0131z ana \u015feylerden biri sat\u0131l\u0131k anestezik sunmakt\u0131r. Sonu\u00e7 olarak, Anesket'i hem re\u00e7eteli hem de re\u00e7etesiz olarak sat\u0131yor veya tedarik ediyoruz. D\u00fcnyan\u0131n her yerinden \u00e7evrimi\u00e7i al\u0131\u015fveri\u015f yapanlar Anesket'i re\u00e7eteli veya re\u00e7etesiz sat\u0131n alabilirler. Ancak bu ila\u00e7 ketamine benzer \u015fekilde davran\u0131r. Karma\u015f\u0131k operasyonlar s\u0131ras\u0131nda bir hastay\u0131 sakinle\u015ftirmek i\u00e7in kullan\u0131l\u0131r. Sonu\u00e7 olarak, anestezi olarak bilinen ayn\u0131 t\u0131p dal\u0131na aittir. <a href=\"https:\/\/en.wikipedia.org\/wiki\/Ketamine\">anaesthesia<\/a>.<\/p>\n<p>\u0130la\u00e7, renksiz bir \u015fi\u015fede bulunur ve sakinle\u015ftirici ve hal\u00fcsinojenik etkileri nedeniyle son derece etkilidir. D\u00fcnyadaki \u00e7o\u011fu \u00fclkede, <a href=\"https:\/\/www.google.com\/search?q=Buy+Ketamine+Anasket+Powder+online&amp;sca_esv=7d1b82273738a5db&amp;sxsrf=AHTn8zo54tGqkU6L_8OjZ_3jVKesgfLYSA%3A1742907629164&amp;ei=7ajiZ9DZCbmvseMPy4fciQ8&amp;ved=0ahUKEwiQhPPwpKWMAxW5V2wGHcsDN_EQ4dUDCA8&amp;uact=5&amp;oq=Buy+Ketamine+Anasket+Powder+online&amp;gs_lp=Egxnd3Mtd2l6LXNlcnAiIkJ1eSBLZXRhbWluZSBBbmFza2V0IFBvd2RlciBvbmxpbmVIyQZQuQRYuQRwAXgAkAEAmAHeAaAB3gGqAQMyLTG4AQPIAQD4AQH4AQKYAgGgAgqoAhTCAgcQIxgnGOoCwgIQEAAYAxi0AhjqAhiPAdgBAcICEBAuGAMYtAIY6gIYjwHYAQGYAwrxBbaSxbb4_RXLugYGCAEQARgKkgcBMaAH4wGyBwC4BwA&amp;sclient=gws-wiz-serp\">anesket is frequently used as a muscle relaxant<\/a>\u0130la\u00e7, a\u011fr\u0131, depresyon ve di\u011fer bir\u00e7ok rahats\u0131zl\u0131\u011f\u0131n tedavisinde faydal\u0131 olmas\u0131n\u0131n yan\u0131 s\u0131ra, <a href=\"https:\/\/www.bing.com\/search?q=Buy%20Ketamine%20Anasket%20Powder%20online&amp;qs=n&amp;form=QBRE&amp;sp=-1&amp;lq=0&amp;pq=buy%20ketamine%20anasket%20powder%20online&amp;sc=0-34&amp;sk=&amp;cvid=B1808501B839429CA847B791ED920727&amp;ghsh=0&amp;ghacc=0&amp;ghpl=\">used as a sedative or anaesthesia<\/a>. Non-prescription Anaesthetizing Injection<\/p>\n<p><a href=\"https:\/\/www.google.com\/search?q=Buy+Ketamine+Anasket+Powder+online&amp;sca_esv=7d1b82273738a5db&amp;sxsrf=AHTn8zo54tGqkU6L_8OjZ_3jVKesgfLYSA%3A1742907629164&amp;ei=7ajiZ9DZCbmvseMPy4fciQ8&amp;ved=0ahUKEwiQhPPwpKWMAxW5V2wGHcsDN_EQ4dUDCA8&amp;uact=5&amp;oq=Buy+Ketamine+Anasket+Powder+online&amp;gs_lp=Egxnd3Mtd2l6LXNlcnAiIkJ1eSBLZXRhbWluZSBBbmFza2V0IFBvd2RlciBvbmxpbmVIyQZQuQRYuQRwAXgAkAEAmAHeAaAB3gGqAQMyLTG4AQPIAQD4AQH4AQKYAgGgAgqoAhTCAgcQIxgnGOoCwgIQEAAYAxi0AhjqAhiPAdgBAcICEBAuGAMYtAIY6gIYjwHYAQGYAwrxBbaSxbb4_RXLugYGCAEQARgKkgcBMaAH4wGyBwC4BwA&amp;sclient=gws-wiz-serp\">Anesket 1000mg-10ml Solution<\/a> | Anesket Injection, No Prescription | <a href=\"https:\/\/duckduckgo.com\/?q=Buy+Ketamine+Anasket+Powder+online&amp;t=h_&amp;ia=web\">Discreet Online Ketamine Purchase Near Me<\/a><\/p>\n<h3>En \u0130yi S\u0131n\u0131f ANESKET 1000MG-10ML SOL\u00dcSYON sunmak bizim yapt\u0131\u011f\u0131m\u0131z \u015feydir.<\/h3>\n<p>M\u00fckemmel kalitede ANESKET 1000MG-10ML SOL\u00dcSYON sunarak, bu alanda farkl\u0131 bir konum olu\u015fturduk.<\/p>\n<p>Anestezi enjeksiyonlar\u0131, ameliyat veya di\u011fer t\u0131bbi prosed\u00fcrler \u00f6ncesinde ve s\u0131ras\u0131nda bilin\u00e7 kayb\u0131na neden olmak i\u00e7in tek ba\u015f\u0131na veya di\u011fer ila\u00e7larla birlikte uygulanabilir. Genel anestezikler olarak bilinen ila\u00e7 s\u0131n\u0131f\u0131n\u0131n bir \u00fcyesidir. 1000mg\/10ml yasal anestezik. Sat\u0131l\u0131k: ketamin enjeksiyonu. <a href=\"https:\/\/duckduckgo.com\/?q=Buy+Ketamine+Anasket+Powder+online&amp;t=h_&amp;ia=web\">Ketamin anestezik tozu sat\u0131n al\u0131n.<\/a>.<\/p>\n<p>Anestezikleri yaln\u0131zca kullan\u0131m\u0131nda uzman t\u0131p uzmanlar\u0131 uygulayabilir ve bunu do\u011frudan g\u00f6zetimleri alt\u0131nda yapmal\u0131d\u0131rlar. Ameliyat s\u0131ras\u0131nda ihtiyac\u0131n\u0131z olursa doktorunuz veya anestezi uzman\u0131n\u0131z Anesket'i uygulayacak ve ilerlemenizi yak\u0131ndan izleyecektir. 1000mg\/10ml yasal anestezik Ketamin anestezik toz sat\u0131n al\u0131n<a href=\"https:\/\/www.bing.com\/search?q=Buy%20Ketamine%20Anasket%20Powder%20online&amp;qs=n&amp;form=QBRE&amp;sp=-1&amp;lq=0&amp;pq=buy%20ketamine%20anasket%20powder%20online&amp;sc=0-34&amp;sk=&amp;cvid=B1808501B839429CA847B791ED920727&amp;ghsh=0&amp;ghacc=0&amp;ghpl=\">Ketamin anestezik tozu sat\u0131n al\u0131n.<\/a><\/p>","protected":false},"excerpt":{"rendered":"<p>Buy Ketamine Anasket Powder Buy Top Quality Anesket 1000mg\/10ml Online. Anesket 1000mg\/10ml for sale. Purchase ketamine anaesthetic powder One of the main things we do here is offer anaesthetic for sale. As a result, we sell or supply anesket both with and without a prescription. Online shoppers from all around the world can purchase Anesket [&hellip;]<\/p>","protected":false},"featured_media":19564,"comment_status":"open","ping_status":"closed","template":"","meta":{"_joinchat":[]},"product_brand":[],"product_cat":[1325],"product_tag":[],"class_list":{"0":"post-19449","1":"product","2":"type-product","3":"status-publish","4":"has-post-thumbnail","6":"product_cat-buy-ketamine-online","8":"first","9":"instock","10":"shipping-taxable","11":"purchasable","12":"product-type-variable","13":"add-to-wishlist-after_add_to_cart"},"yoast_head":"<!-- This site is optimized with the Yoast SEO plugin v27.5 - https:\/\/yoast.com\/product\/yoast-seo-wordpress\/ -->\n<title>Buy Ketamine Anasket Powder - Narco Powders<\/title>\n<meta name=\"robots\" content=\"index, follow, max-snippet:-1, max-image-preview:large, max-video-preview:-1\" \/>\n<link rel=\"canonical\" href=\"https:\/\/narcopowders.com\/tr\/urun\/ketamin-anasket-tozu-satin-al\/\" \/>\n<meta property=\"og:locale\" content=\"tr_TR\" \/>\n<meta property=\"og:type\" content=\"article\" \/>\n<meta property=\"og:title\" content=\"Buy Ketamine Anasket Powder - Narco Powders\" \/>\n<meta property=\"og:description\" content=\"Buy Ketamine Anasket Powder Buy Top Quality Anesket 1000mg\/10ml Online. Anesket 1000mg\/10ml for sale. Purchase ketamine anaesthetic powder One of the main things we do here is offer anaesthetic for sale. As a result, we sell or supply anesket both with and without a prescription. Online shoppers from all around the world can purchase Anesket [&hellip;]\" \/>\n<meta property=\"og:url\" content=\"https:\/\/narcopowders.com\/tr\/urun\/ketamin-anasket-tozu-satin-al\/\" \/>\n<meta property=\"og:site_name\" content=\"Narco Powders\" \/>\n<meta property=\"article:modified_time\" content=\"2025-09-25T07:53:14+00:00\" \/>\n<meta property=\"og:image\" content=\"https:\/\/narcopowders.com\/wp-content\/uploads\/2023\/07\/Buy-Ketamine-Powder.jpg\" \/>\n\t<meta property=\"og:image:width\" content=\"600\" \/>\n\t<meta property=\"og:image:height\" content=\"600\" \/>\n\t<meta property=\"og:image:type\" content=\"image\/jpeg\" \/>\n<meta name=\"twitter:card\" content=\"summary_large_image\" \/>\n<meta name=\"twitter:label1\" content=\"Tahmini okuma s\u00fcresi\" \/>\n\t<meta name=\"twitter:data1\" content=\"2 dakika\" \/>\n<!-- \/ Yoast SEO plugin. -->","yoast_head_json":{"title":"Ketamin Anasket Tozu Sat\u0131n Al\u0131n - Narko Tozlar","robots":{"index":"index","follow":"follow","max-snippet":"max-snippet:-1","max-image-preview":"max-image-preview:large","max-video-preview":"max-video-preview:-1"},"canonical":"https:\/\/narcopowders.com\/tr\/urun\/ketamin-anasket-tozu-satin-al\/","og_locale":"tr_TR","og_type":"article","og_title":"Buy Ketamine Anasket Powder - Narco Powders","og_description":"Buy Ketamine Anasket Powder Buy Top Quality Anesket 1000mg\/10ml Online. Anesket 1000mg\/10ml for sale. Purchase ketamine anaesthetic powder One of the main things we do here is offer anaesthetic for sale. As a result, we sell or supply anesket both with and without a prescription. Online shoppers from all around the world can purchase Anesket [&hellip;]","og_url":"https:\/\/narcopowders.com\/tr\/urun\/ketamin-anasket-tozu-satin-al\/","og_site_name":"Narco Powders","article_modified_time":"2025-09-25T07:53:14+00:00","og_image":[{"width":600,"height":600,"url":"https:\/\/narcopowders.com\/wp-content\/uploads\/2023\/07\/Buy-Ketamine-Powder.jpg","type":"image\/jpeg"}],"twitter_card":"summary_large_image","twitter_misc":{"Tahmini okuma s\u00fcresi":"2 dakika"},"schema":{"@context":"https:\/\/schema.org","@graph":[{"@type":"WebPage","@id":"https:\/\/narcopowders.com\/product\/buy-ketamine-anasket-powder\/","url":"https:\/\/narcopowders.com\/product\/buy-ketamine-anasket-powder\/","name":"Ketamin Anasket Tozu Sat\u0131n Al\u0131n - Narko Tozlar","isPartOf":{"@id":"https:\/\/narcopowders.com\/#website"},"primaryImageOfPage":{"@id":"https:\/\/narcopowders.com\/product\/buy-ketamine-anasket-powder\/#primaryimage"},"image":{"@id":"https:\/\/narcopowders.com\/product\/buy-ketamine-anasket-powder\/#primaryimage"},"thumbnailUrl":"https:\/\/narcopowders.com\/wp-content\/uploads\/2023\/07\/Buy-Ketamine-Powder.jpg","datePublished":"2023-07-29T08:09:11+00:00","dateModified":"2025-09-25T07:53:14+00:00","breadcrumb":{"@id":"https:\/\/narcopowders.com\/product\/buy-ketamine-anasket-powder\/#breadcrumb"},"inLanguage":"tr","potentialAction":[{"@type":"ReadAction","target":["https:\/\/narcopowders.com\/product\/buy-ketamine-anasket-powder\/"]}]},{"@type":"ImageObject","inLanguage":"tr","@id":"https:\/\/narcopowders.com\/product\/buy-ketamine-anasket-powder\/#primaryimage","url":"https:\/\/narcopowders.com\/wp-content\/uploads\/2023\/07\/Buy-Ketamine-Powder.jpg","contentUrl":"https:\/\/narcopowders.com\/wp-content\/uploads\/2023\/07\/Buy-Ketamine-Powder.jpg","width":600,"height":600,"caption":"Buy-Ketamine-Powder online"},{"@type":"BreadcrumbList","@id":"https:\/\/narcopowders.com\/product\/buy-ketamine-anasket-powder\/#breadcrumb","itemListElement":[{"@type":"ListItem","position":1,"name":"Home","item":"https:\/\/narcopowders.com\/"},{"@type":"ListItem","position":2,"name":"Shop Page","item":"https:\/\/narcopowders.com\/shop\/"},{"@type":"ListItem","position":3,"name":"Buy Ketamine Anasket Powder"}]},{"@type":"WebSite","@id":"https:\/\/narcopowders.com\/#website","url":"https:\/\/narcopowders.com\/","name":"Narko Tozlar","description":"WordPress Blogum","potentialAction":[{"@type":"SearchAction","target":{"@type":"EntryPoint","urlTemplate":"https:\/\/narcopowders.com\/?s={search_term_string}"},"query-input":{"@type":"PropertyValueSpecification","valueRequired":true,"valueName":"search_term_string"}}],"inLanguage":"tr"}]}},"_links":{"self":[{"href":"https:\/\/narcopowders.com\/tr\/wp-json\/wp\/v2\/product\/19449","targetHints":{"allow":["GET"]}}],"collection":[{"href":"https:\/\/narcopowders.com\/tr\/wp-json\/wp\/v2\/product"}],"about":[{"href":"https:\/\/narcopowders.com\/tr\/wp-json\/wp\/v2\/types\/product"}],"replies":[{"embeddable":true,"href":"https:\/\/narcopowders.com\/tr\/wp-json\/wp\/v2\/comments?post=19449"}],"wp:featuredmedia":[{"embeddable":true,"href":"https:\/\/narcopowders.com\/tr\/wp-json\/wp\/v2\/media\/19564"}],"wp:attachment":[{"href":"https:\/\/narcopowders.com\/tr\/wp-json\/wp\/v2\/media?parent=19449"}],"wp:term":[{"taxonomy":"product_brand","embeddable":true,"href":"https:\/\/narcopowders.com\/tr\/wp-json\/wp\/v2\/product_brand?post=19449"},{"taxonomy":"product_cat","embeddable":true,"href":"https:\/\/narcopowders.com\/tr\/wp-json\/wp\/v2\/product_cat?post=19449"},{"taxonomy":"product_tag","embeddable":true,"href":"https:\/\/narcopowders.com\/tr\/wp-json\/wp\/v2\/product_tag?post=19449"}],"curies":[{"name":"wp","href":"https:\/\/api.w.org\/{rel}","templated":true}]}}