{"id":19504,"date":"2023-07-29T09:21:34","date_gmt":"2023-07-29T09:21:34","guid":{"rendered":"https:\/\/narcopowders.com\/?post_type=product&#038;p=19504"},"modified":"2025-09-25T08:16:45","modified_gmt":"2025-09-25T08:16:45","slug":"buy-ketamine-powder","status":"publish","type":"product","link":"https:\/\/narcopowders.com\/tr\/urun\/ketamin-tozu-satin-al\/","title":{"rendered":"Ketamin Tozunu \u00c7evrimi\u00e7i Sat\u0131n Al\u0131n"},"content":{"rendered":"<h2>Ketamin Tozunu \u00c7evrimi\u00e7i Sat\u0131n Al\u0131n<\/h2>\n<h3>Ketamin nedir?<\/h3>\n<p>Since the 1970s, <a href=\"https:\/\/www.bing.com\/search?q=Buy%20Ketamine%20Powder%20Online&amp;qs=n&amp;form=QBRE&amp;sp=-1&amp;lq=0&amp;pq=buy%20ketamine%20powder%20online&amp;sc=1-26&amp;sk=&amp;cvid=309B2C9F49BA448482453AD8D57E8491&amp;ghsh=0&amp;ghacc=0&amp;ghpl=\">ketamine<\/a> (marka ad\u0131: Ketalar) Amerika Birle\u015fik Devletleri'nde hem insan hem de veterinerlik ama\u00e7lar\u0131 i\u00e7in re\u00e7ete ile eri\u015filebilir durumdad\u0131r. Disosiyatif enjekte edilebilir bir anesteziktir (duyusal alg\u0131y\u0131 bloke eder). <a href=\"https:\/\/www.bing.com\/search?q=Buy%20Ketamine%20Powder%20Online&amp;qs=n&amp;form=QBRE&amp;sp=-1&amp;lq=0&amp;pq=buy%20ketamine%20powder%20online&amp;sc=1-26&amp;sk=&amp;cvid=309B2C9F49BA448482453AD8D57E8491&amp;ghsh=0&amp;ghacc=0&amp;ghpl=\">Ketamin<\/a> on prescription can be purchased as a nasal spray, <a href=\"https:\/\/narcopowders.com\/tr\/\">clear liquid injection<\/a>, or off-white powder for intravenous use<a href=\"https:\/\/narcopowders.com\/tr\/product-category\/buy-cocaine-online\/\">.<\/a><\/p>\n<p>Because of its dissociative effects, <a href=\"https:\/\/en.wikipedia.org\/wiki\/Ketamine\">ketamine is frequently misused illegally<\/a>Dissosiyatif etkileri nedeniyle ketamin s\u0131kl\u0131kla yasa d\u0131\u015f\u0131 olarak k\u00f6t\u00fcye kullan\u0131lmaktad\u0131r. Dissosiyasyona neden olan ila\u00e7lar ki\u015finin \u00e7evresinin, benli\u011finin ve \u00e7evresinin \u00e7arp\u0131t\u0131lmas\u0131na neden olabilir. S\u0131kl\u0131kla burundan \"\u00e7ekilir\", enjekte edilir, i\u00e7eceklere eklenir veya t\u00fct\u00fcn ya da marihuana ile birlikte i\u00e7ilir.<\/p>\n<p>Di\u011fer dissosiyatif ila\u00e7lara \u00f6rnek olarak dekstrometorfan (DXM), salvia divinorum ve fensiklidin (PCP) verilebilir. LSD, psilosibin ve meskalin hal\u00fcsinojen olarak kabul edilir.<\/p>\n<h3>Why is Ketamine Used Medically?<\/h3>\n<p><a href=\"https:\/\/www.google.com\/search?q=Buy+Ketamine+Powder+Online&amp;num=10&amp;sca_esv=1a2a07081c7891bb&amp;rlz=1C1RXQR_enIN1098IN1098&amp;sxsrf=AHTn8zrbbDy4EKTOM3nTtdr1qXlkXHUH2g%3A1741685832287&amp;ei=SATQZ6yiEYuR1e8Pr92a6Qo&amp;ved=0ahUKEwis5t-q3YGMAxWLSPUHHa-uJq0Q4dUDCBA&amp;uact=5&amp;oq=Buy+Ketamine+Powder+Online&amp;gs_lp=Egxnd3Mtd2l6LXNlcnAiGkJ1eSBLZXRhbWluZSBQb3dkZXIgT25saW5lSPgHUPkDWPkDcAJ4AJABAJgBhgKgAYYCqgEDMi0xuAEDyAEA-AEC-AEBmAIAoAIAmAMAiAYBkgcAoAdO&amp;sclient=gws-wiz-serp\">Ketamin<\/a> can reduce pain and cause temporary memory loss (such as amnesia from a medical procedure).<\/p>\n<p>Ameliyat s\u0131ras\u0131nda genel anestezi ind\u00fcksiyonu ve idame ilac\u0131 olarak kullan\u0131l\u0131r.<\/p>\n<p>Ayr\u0131ca, yan etkileri veya alerjileri nedeniyle di\u011fer anestezikleri kullanamayan \u00e7ocuklarda, yan\u0131k tedavisinde ve sava\u015f yaralanmalar\u0131nda a\u011fr\u0131y\u0131 y\u00f6netmek i\u00e7in kullan\u0131lm\u0131\u015ft\u0131r.<br \/>\n<a href=\"https:\/\/www.google.com\/search?q=Buy+Ketamine+Powder+Online&amp;num=10&amp;sca_esv=1a2a07081c7891bb&amp;rlz=1C1RXQR_enIN1098IN1098&amp;sxsrf=AHTn8zrbbDy4EKTOM3nTtdr1qXlkXHUH2g%3A1741685832287&amp;ei=SATQZ6yiEYuR1e8Pr92a6Qo&amp;ved=0ahUKEwis5t-q3YGMAxWLSPUHHa-uJq0Q4dUDCBA&amp;uact=5&amp;oq=Buy+Ketamine+Powder+Online&amp;gs_lp=Egxnd3Mtd2l6LXNlcnAiGkJ1eSBLZXRhbWluZSBQb3dkZXIgT25saW5lSPgHUPkDWPkDcAJ4AJABAJgBhgKgAYYCqgEDMi0xuAEDyAEA-AEC-AEBmAIAoAIAmAMAiAYBkgcAoAdO&amp;sclient=gws-wiz-serp\">Ketamin<\/a> works quickly to alleviate acute suicidal ideation and depressive symptoms by inhibiting the N-methyl-D-aspartate (NMDA) site.<\/p>\n<p>It is frequently recommended as an <a href=\"https:\/\/duckduckgo.com\/?q=Buy+Ketamine+Powder+Online&amp;t=h_&amp;ia=web\">anaesthetic<\/a> in patients at risk of bronchospasm and respiratory depression when administered at regular doses.<\/p>\n<h3>Ketamin K\u00f6t\u00fcye Kullan\u0131m\u0131: Nas\u0131l Yap\u0131l\u0131r?<\/h3>\n<p><a href=\"https:\/\/duckduckgo.com\/?q=Buy+Ketamine+Powder+Online&amp;t=h_&amp;ia=web\">Ketamin<\/a> Ketamin ve sentetik analoglar\u0131, yasal ve t\u0131bbi kullan\u0131mlar\u0131n\u0131n yan\u0131 s\u0131ra psikedelik etkileri olan k\u00f6t\u00fcye kullan\u0131m ila\u00e7lar\u0131na d\u00f6n\u00fc\u015fm\u00fc\u015ft\u00fcr. \"Tecav\u00fcz\" ilac\u0131 olarak da kullan\u0131lmaktad\u0131r.<\/p>\n<p>K\u00f6t\u00fcye kullan\u0131ld\u0131\u011f\u0131nda, genellikle toplum i\u00e7inde solunur (veya burundan \"\u00e7ekilir\"). Ayr\u0131ca, enjekte edilebilir, s\u0131v\u0131 olarak a\u011f\u0131zdan al\u0131nabilir (i\u00e7eceklere kar\u0131\u015ft\u0131r\u0131larak) veya t\u00fct\u00fcn ya da marihuana ile birlikte i\u00e7ilebilir. \u00c7o\u011fu durumda kokain, <a href=\"https:\/\/narcopowders.com\/tr\/urun\/ketamin-tozu-satin-al\/\">MDMA<\/a>veya amfetaminler. \u00c7oklu uyu\u015fturucu kullan\u0131m\u0131 \u00f6l\u00fcmlere yol a\u00e7m\u0131\u015ft\u0131r.<\/p>","protected":false},"excerpt":{"rendered":"<p>Buy Ketamine Powder Online What is Ketamine? Since the 1970s, ketamine (brand name: Ketalar) has been accessible by prescription in the United States for both human and veterinary purposes. It is a dissociative injectable anaesthetic (blocks sensory perception). Ketamine on prescription can be purchased as a nasal spray, clear liquid injection, or off-white powder for [&hellip;]<\/p>","protected":false},"featured_media":19509,"comment_status":"open","ping_status":"closed","template":"","meta":{"_joinchat":[]},"product_brand":[],"product_cat":[1325],"product_tag":[],"class_list":{"0":"post-19504","1":"product","2":"type-product","3":"status-publish","4":"has-post-thumbnail","6":"product_cat-buy-ketamine-online","8":"first","9":"instock","10":"shipping-taxable","11":"purchasable","12":"product-type-variable","13":"add-to-wishlist-after_add_to_cart"},"yoast_head":"<!-- This site is optimized with the Yoast SEO plugin v27.5 - https:\/\/yoast.com\/product\/yoast-seo-wordpress\/ -->\n<title>Buy Ketamine Powder Online - Narco Powders<\/title>\n<meta name=\"description\" content=\"Buy Ketamine Powder, Ketamine Powder For Sale | Where To Buy Ketamine Powder With Bitcoin. you can fine Quality powder Ketamine at narcopowders safely.\" \/>\n<meta name=\"robots\" content=\"index, follow, max-snippet:-1, max-image-preview:large, max-video-preview:-1\" \/>\n<link rel=\"canonical\" href=\"https:\/\/narcopowders.com\/tr\/urun\/ketamin-tozu-satin-al\/\" \/>\n<meta property=\"og:locale\" content=\"tr_TR\" \/>\n<meta property=\"og:type\" content=\"article\" \/>\n<meta property=\"og:title\" content=\"Buy Ketamine Powder Online - Narco Powders\" \/>\n<meta property=\"og:description\" content=\"Buy Ketamine Powder, Ketamine Powder For Sale | Where To Buy Ketamine Powder With Bitcoin. you can fine Quality powder Ketamine at narcopowders safely.\" \/>\n<meta property=\"og:url\" content=\"https:\/\/narcopowders.com\/tr\/urun\/ketamin-tozu-satin-al\/\" \/>\n<meta property=\"og:site_name\" content=\"Narco Powders\" \/>\n<meta property=\"article:modified_time\" content=\"2025-09-25T08:16:45+00:00\" \/>\n<meta property=\"og:image\" content=\"https:\/\/narcopowders.com\/wp-content\/uploads\/2023\/07\/Buy-Ketamine-Powde.jpg\" \/>\n\t<meta property=\"og:image:width\" content=\"600\" \/>\n\t<meta property=\"og:image:height\" content=\"600\" \/>\n\t<meta property=\"og:image:type\" content=\"image\/jpeg\" \/>\n<meta name=\"twitter:card\" content=\"summary_large_image\" \/>\n<meta name=\"twitter:label1\" content=\"Tahmini okuma s\u00fcresi\" \/>\n\t<meta name=\"twitter:data1\" content=\"2 dakika\" \/>\n<!-- \/ Yoast SEO plugin. -->","yoast_head_json":{"title":"Buy Ketamine Powder Online - Narco Powders","description":"Ketamin Tozu Sat\u0131n Al\u0131n, Sat\u0131l\u0131k Ketamin Tozu | Bitcoin ile Ketamin Tozu Nereden Al\u0131n\u0131r. narcopowders'da kaliteli toz Ketamin'i g\u00fcvenle ince yapabilirsiniz.","robots":{"index":"index","follow":"follow","max-snippet":"max-snippet:-1","max-image-preview":"max-image-preview:large","max-video-preview":"max-video-preview:-1"},"canonical":"https:\/\/narcopowders.com\/tr\/urun\/ketamin-tozu-satin-al\/","og_locale":"tr_TR","og_type":"article","og_title":"Buy Ketamine Powder Online - Narco Powders","og_description":"Buy Ketamine Powder, Ketamine Powder For Sale | Where To Buy Ketamine Powder With Bitcoin. you can fine Quality powder Ketamine at narcopowders safely.","og_url":"https:\/\/narcopowders.com\/tr\/urun\/ketamin-tozu-satin-al\/","og_site_name":"Narco Powders","article_modified_time":"2025-09-25T08:16:45+00:00","og_image":[{"width":600,"height":600,"url":"https:\/\/narcopowders.com\/wp-content\/uploads\/2023\/07\/Buy-Ketamine-Powde.jpg","type":"image\/jpeg"}],"twitter_card":"summary_large_image","twitter_misc":{"Tahmini okuma s\u00fcresi":"2 dakika"},"schema":{"@context":"https:\/\/schema.org","@graph":[{"@type":"WebPage","@id":"https:\/\/narcopowders.com\/product\/buy-ketamine-powder\/","url":"https:\/\/narcopowders.com\/product\/buy-ketamine-powder\/","name":"Buy Ketamine Powder Online - Narco Powders","isPartOf":{"@id":"https:\/\/narcopowders.com\/#website"},"primaryImageOfPage":{"@id":"https:\/\/narcopowders.com\/product\/buy-ketamine-powder\/#primaryimage"},"image":{"@id":"https:\/\/narcopowders.com\/product\/buy-ketamine-powder\/#primaryimage"},"thumbnailUrl":"https:\/\/narcopowders.com\/wp-content\/uploads\/2023\/07\/Buy-Ketamine-Powde.jpg","datePublished":"2023-07-29T09:21:34+00:00","dateModified":"2025-09-25T08:16:45+00:00","description":"Ketamin Tozu Sat\u0131n Al\u0131n, Sat\u0131l\u0131k Ketamin Tozu | Bitcoin ile Ketamin Tozu Nereden Al\u0131n\u0131r. narcopowders'da kaliteli toz Ketamin'i g\u00fcvenle ince yapabilirsiniz.","breadcrumb":{"@id":"https:\/\/narcopowders.com\/product\/buy-ketamine-powder\/#breadcrumb"},"inLanguage":"tr","potentialAction":[{"@type":"ReadAction","target":["https:\/\/narcopowders.com\/product\/buy-ketamine-powder\/"]}]},{"@type":"ImageObject","inLanguage":"tr","@id":"https:\/\/narcopowders.com\/product\/buy-ketamine-powder\/#primaryimage","url":"https:\/\/narcopowders.com\/wp-content\/uploads\/2023\/07\/Buy-Ketamine-Powde.jpg","contentUrl":"https:\/\/narcopowders.com\/wp-content\/uploads\/2023\/07\/Buy-Ketamine-Powde.jpg","width":600,"height":600,"caption":"Buy-Ketamine-Powder online"},{"@type":"BreadcrumbList","@id":"https:\/\/narcopowders.com\/product\/buy-ketamine-powder\/#breadcrumb","itemListElement":[{"@type":"ListItem","position":1,"name":"Home","item":"https:\/\/narcopowders.com\/"},{"@type":"ListItem","position":2,"name":"Shop Page","item":"https:\/\/narcopowders.com\/shop\/"},{"@type":"ListItem","position":3,"name":"Buy Ketamine Powder Online"}]},{"@type":"WebSite","@id":"https:\/\/narcopowders.com\/#website","url":"https:\/\/narcopowders.com\/","name":"Narko Tozlar","description":"WordPress Blogum","potentialAction":[{"@type":"SearchAction","target":{"@type":"EntryPoint","urlTemplate":"https:\/\/narcopowders.com\/?s={search_term_string}"},"query-input":{"@type":"PropertyValueSpecification","valueRequired":true,"valueName":"search_term_string"}}],"inLanguage":"tr"}]}},"_links":{"self":[{"href":"https:\/\/narcopowders.com\/tr\/wp-json\/wp\/v2\/product\/19504","targetHints":{"allow":["GET"]}}],"collection":[{"href":"https:\/\/narcopowders.com\/tr\/wp-json\/wp\/v2\/product"}],"about":[{"href":"https:\/\/narcopowders.com\/tr\/wp-json\/wp\/v2\/types\/product"}],"replies":[{"embeddable":true,"href":"https:\/\/narcopowders.com\/tr\/wp-json\/wp\/v2\/comments?post=19504"}],"wp:featuredmedia":[{"embeddable":true,"href":"https:\/\/narcopowders.com\/tr\/wp-json\/wp\/v2\/media\/19509"}],"wp:attachment":[{"href":"https:\/\/narcopowders.com\/tr\/wp-json\/wp\/v2\/media?parent=19504"}],"wp:term":[{"taxonomy":"product_brand","embeddable":true,"href":"https:\/\/narcopowders.com\/tr\/wp-json\/wp\/v2\/product_brand?post=19504"},{"taxonomy":"product_cat","embeddable":true,"href":"https:\/\/narcopowders.com\/tr\/wp-json\/wp\/v2\/product_cat?post=19504"},{"taxonomy":"product_tag","embeddable":true,"href":"https:\/\/narcopowders.com\/tr\/wp-json\/wp\/v2\/product_tag?post=19504"}],"curies":[{"name":"wp","href":"https:\/\/api.w.org\/{rel}","templated":true}]}}