{"id":19506,"date":"2023-07-29T09:38:31","date_gmt":"2023-07-29T09:38:31","guid":{"rendered":"https:\/\/narcopowders.com\/?post_type=product&#038;p=19506"},"modified":"2025-09-25T08:24:22","modified_gmt":"2025-09-25T08:24:22","slug":"buy-ketamine-shards","status":"publish","type":"product","link":"https:\/\/narcopowders.com\/tr\/urun\/ketamin-parcalari-satin-al\/","title":{"rendered":"Ketamine Shards Sat\u0131n Al\u0131n"},"content":{"rendered":"<h2>Ketamine Shards Sat\u0131n Al\u0131n<\/h2>\n<p><a href=\"https:\/\/narcopowders.com\/tr\/urun\/ketamin-parcalari-satin-al\/\">Ketamine Shards Online Sat\u0131n Al\u0131n<\/a><\/p>\n<p>Ortak bir uygulama i\u00e7in <a href=\"https:\/\/narcopowders.com\/tr\/\">ketamin HCL<\/a> Shards anestezidir. Akut bak\u0131mda kronik a\u011fr\u0131 ve sedasyon <a href=\"https:\/\/en.wikipedia.org\/wiki\/Ketamine\">daha fazla uygulama<\/a>.<\/p>\n<p>The abrupt high that <a href=\"https:\/\/www.bing.com\/search?q=Buy%20Ketamine%20Shards%20Online&amp;qs=n&amp;form=QBRE&amp;sp=-1&amp;lq=0&amp;pq=buy%20ketamine%20shards%20online&amp;sc=0-26&amp;sk=&amp;cvid=C51A24F7A4E440A1BA31ADF76CC2111F&amp;ghsh=0&amp;ghacc=0&amp;ghpl=\">Ketamin<\/a> Ketamine Shards'\u0131n neden oldu\u011fu ani y\u00fckselme yakla\u015f\u0131k bir saat s\u00fcrer. Dozun i\u00e7ilmesinden veya yutulmas\u0131ndan 2 ila 5 dakika sonra ba\u015flar. Bir enjeksiyon kullan\u0131ld\u0131\u011f\u0131nda, enjeksiyondan yakla\u015f\u0131k 30 saniye sonra ortaya \u00e7\u0131kar.<\/p>\n<p>La abrumadora <a href=\"https:\/\/www.google.com\/search?q=Buy+Ketamine+Shards+Online&amp;sca_esv=2a2a93e8be91f013&amp;sxsrf=AHTn8zqWfFSXsdV9Nh8kUsMBE8kFC6DY5A%3A1742970807246&amp;ei=t5_jZ8XIDvCgseMPpLWO0AQ&amp;ved=0ahUKEwiFgMeekKeMAxVwUGwGHaSaA0oQ4dUDCA8&amp;uact=5&amp;oq=Buy+Ketamine+Shards+Online&amp;gs_lp=Egxnd3Mtd2l6LXNlcnAiGkJ1eSBLZXRhbWluZSBTaGFyZHMgT25saW5lSI8JUOQDWOQDcAF4AJABAJgB_AGgAfwBqgEDMi0xuAEDyAEA-AEB-AECmAIBoAIdqAIUwgIHECMYJxjqAsICDRAuGNEDGMcBGCcY6gLCAhAQABgDGLQCGOoCGI8B2AEBmAMd8QX4iFZdnx5FfroGBggBEAEYCpIHATGgB06yBwC4BwA&amp;sclient=gws-wiz-serp\">rahatlama hissi<\/a> Kullan\u0131c\u0131n\u0131n ilk kafay\u0131 buldu\u011funda ya\u015fayaca\u011f\u0131 a\u015f\u0131r\u0131 rahatlama hissi s\u0131kl\u0131kla t\u00fcm v\u00fccut v\u0131z\u0131lt\u0131s\u0131 olarak adland\u0131r\u0131l\u0131r. Baz\u0131 kullan\u0131c\u0131lar havada s\u00fcz\u00fcl\u00fcyormu\u015f gibi hissettiklerini ve hatta baz\u0131lar\u0131 v\u00fccutlar\u0131nda de\u011filmi\u015f gibi hissettiklerini s\u00f6ylerler. <a href=\"https:\/\/www.bing.com\/search?q=Buy%20Ketamine%20Shards%20Online&amp;qs=n&amp;form=QBRE&amp;sp=-1&amp;lq=0&amp;pq=buy%20ketamine%20shards%20online&amp;sc=0-26&amp;sk=&amp;cvid=C51A24F7A4E440A1BA31ADF76CC2111F&amp;ghsh=0&amp;ghacc=0&amp;ghpl=\">Hal\u00fcsinasyonlar yayg\u0131nd\u0131r<\/a> yayg\u0131nd\u0131r ve genellikle etkilerinden daha uzun s\u00fcrer <a href=\"https:\/\/www.google.com\/search?q=Buy+Ketamine+Shards+Online&amp;sca_esv=2a2a93e8be91f013&amp;sxsrf=AHTn8zqWfFSXsdV9Nh8kUsMBE8kFC6DY5A%3A1742970807246&amp;ei=t5_jZ8XIDvCgseMPpLWO0AQ&amp;ved=0ahUKEwiFgMeekKeMAxVwUGwGHaSaA0oQ4dUDCA8&amp;uact=5&amp;oq=Buy+Ketamine+Shards+Online&amp;gs_lp=Egxnd3Mtd2l6LXNlcnAiGkJ1eSBLZXRhbWluZSBTaGFyZHMgT25saW5lSI8JUOQDWOQDcAF4AJABAJgB_AGgAfwBqgEDMi0xuAEDyAEA-AEB-AECmAIBoAIdqAIUwgIHECMYJxjqAsICDRAuGNEDGMcBGCcY6gLCAhAQABgDGLQCGOoCGI8B2AEBmAMd8QX4iFZdnx5FfroGBggBEAEYCpIHATGgB06yBwC4BwA&amp;sclient=gws-wiz-serp\">anestezinin etkileri<\/a>.<\/p>\n<h3>Kullan\u0131c\u0131lar daha y\u00fcksek dozlarda tam ve g\u00fc\u00e7l\u00fc yan\u0131tlar bildirmi\u015flerdir.<\/h3>\n<p>Users have reported full and <a href=\"https:\/\/duckduckgo.com\/?q=Buy+Ketamine+Shards+Online&amp;t=h_&amp;ia=web\">total dissociation<\/a> Kullan\u0131c\u0131lar, daha y\u00fcksek dozlar\u0131n neden olabilece\u011fi daha \u015fiddetli etkilerin bir sonucu olarak v\u00fccutlar\u0131ndan tamamen ve tamamen ayr\u0131ld\u0131klar\u0131n\u0131 bildirmi\u015flerdir. Bu hisler \"K-deli\u011finde\" olmak olarak adland\u0131r\u0131l\u0131r ve \u00f6l\u00fcme yak\u0131n deneyimler ya\u015fayan ki\u015filerin ya\u015fad\u0131klar\u0131yla kar\u015f\u0131la\u015ft\u0131r\u0131labilir.<\/p>\n<p><a href=\"https:\/\/duckduckgo.com\/?q=Buy+Ketamine+Shards+Online&amp;t=h_&amp;ia=web\">Ucuz Ketamin Par\u00e7alar\u0131 \u00e7evrimi\u00e7i olarak mevcuttur.<\/a>.<\/p>","protected":false},"excerpt":{"rendered":"<p>Buy Ketamine Shards Buy Ketamine Shards Online A common application for ketamine HCL Shards is anaesthesia. Chronic pain and sedation in acute care are further applications. The abrupt high that Ketamine Shards induce lasts for around an hour. It begins 2 to 5 minutes after smoking or ingesting the dose. When an injection is used, [&hellip;]<\/p>","protected":false},"featured_media":19565,"comment_status":"open","ping_status":"closed","template":"","meta":{"_joinchat":[]},"product_brand":[],"product_cat":[1325],"product_tag":[],"class_list":{"0":"post-19506","1":"product","2":"type-product","3":"status-publish","4":"has-post-thumbnail","6":"product_cat-buy-ketamine-online","8":"first","9":"instock","10":"shipping-taxable","11":"purchasable","12":"product-type-variable","13":"add-to-wishlist-after_add_to_cart"},"yoast_head":"<!-- This site is optimized with the Yoast SEO plugin v25.9 - https:\/\/yoast.com\/wordpress\/plugins\/seo\/ -->\n<title>Buy Ketamine Shards - ketamine Crystals @narcopowders<\/title>\n<meta name=\"description\" content=\"Buy Ketamine Shards, - Supplier of Ketamine without a prescription with EU and UK domestic delivery. Online order Ketamine with FREE next day delivery.\" \/>\n<meta name=\"robots\" content=\"index, follow, max-snippet:-1, max-image-preview:large, max-video-preview:-1\" \/>\n<link rel=\"canonical\" href=\"https:\/\/narcopowders.com\/tr\/urun\/ketamin-parcalari-satin-al\/\" \/>\n<meta property=\"og:locale\" content=\"tr_TR\" \/>\n<meta property=\"og:type\" content=\"article\" \/>\n<meta property=\"og:title\" content=\"Buy Ketamine Shards - ketamine Crystals @narcopowders\" \/>\n<meta property=\"og:description\" content=\"Buy Ketamine Shards, - Supplier of Ketamine without a prescription with EU and UK domestic delivery. Online order Ketamine with FREE next day delivery.\" \/>\n<meta property=\"og:url\" content=\"https:\/\/narcopowders.com\/tr\/urun\/ketamin-parcalari-satin-al\/\" \/>\n<meta property=\"og:site_name\" content=\"Narco Powders\" \/>\n<meta property=\"article:modified_time\" content=\"2025-09-25T08:24:22+00:00\" \/>\n<meta property=\"og:image\" content=\"https:\/\/narcopowders.com\/wp-content\/uploads\/2023\/07\/Buy-Ketamine-Shards-1.jpg\" \/>\n\t<meta property=\"og:image:width\" content=\"600\" \/>\n\t<meta property=\"og:image:height\" content=\"600\" \/>\n\t<meta property=\"og:image:type\" content=\"image\/jpeg\" \/>\n<meta name=\"twitter:card\" content=\"summary_large_image\" \/>\n<meta name=\"twitter:label1\" content=\"Tahmini okuma s\u00fcresi\" \/>\n\t<meta name=\"twitter:data1\" content=\"1 dakika\" \/>\n<!-- \/ Yoast SEO plugin. -->","yoast_head_json":{"title":"Buy Ketamine Shards - ketamine Crystals @narcopowders","description":"Buy Ketamine Shards, - Supplier of Ketamine without a prescription with EU and UK domestic delivery. Online order Ketamine with FREE next day delivery.","robots":{"index":"index","follow":"follow","max-snippet":"max-snippet:-1","max-image-preview":"max-image-preview:large","max-video-preview":"max-video-preview:-1"},"canonical":"https:\/\/narcopowders.com\/tr\/urun\/ketamin-parcalari-satin-al\/","og_locale":"tr_TR","og_type":"article","og_title":"Buy Ketamine Shards - ketamine Crystals @narcopowders","og_description":"Buy Ketamine Shards, - Supplier of Ketamine without a prescription with EU and UK domestic delivery. Online order Ketamine with FREE next day delivery.","og_url":"https:\/\/narcopowders.com\/tr\/urun\/ketamin-parcalari-satin-al\/","og_site_name":"Narco Powders","article_modified_time":"2025-09-25T08:24:22+00:00","og_image":[{"width":600,"height":600,"url":"https:\/\/narcopowders.com\/wp-content\/uploads\/2023\/07\/Buy-Ketamine-Shards-1.jpg","type":"image\/jpeg"}],"twitter_card":"summary_large_image","twitter_misc":{"Tahmini okuma s\u00fcresi":"1 dakika"},"schema":{"@context":"https:\/\/schema.org","@graph":[{"@type":"WebPage","@id":"https:\/\/narcopowders.com\/product\/buy-ketamine-shards\/","url":"https:\/\/narcopowders.com\/product\/buy-ketamine-shards\/","name":"Buy Ketamine Shards - ketamine Crystals @narcopowders","isPartOf":{"@id":"https:\/\/narcopowders.com\/#website"},"primaryImageOfPage":{"@id":"https:\/\/narcopowders.com\/product\/buy-ketamine-shards\/#primaryimage"},"image":{"@id":"https:\/\/narcopowders.com\/product\/buy-ketamine-shards\/#primaryimage"},"thumbnailUrl":"https:\/\/narcopowders.com\/wp-content\/uploads\/2023\/07\/Buy-Ketamine-Shards-1.jpg","datePublished":"2023-07-29T09:38:31+00:00","dateModified":"2025-09-25T08:24:22+00:00","description":"Buy Ketamine Shards, - Supplier of Ketamine without a prescription with EU and UK domestic delivery. Online order Ketamine with FREE next day delivery.","breadcrumb":{"@id":"https:\/\/narcopowders.com\/product\/buy-ketamine-shards\/#breadcrumb"},"inLanguage":"tr","potentialAction":[{"@type":"ReadAction","target":["https:\/\/narcopowders.com\/product\/buy-ketamine-shards\/"]}]},{"@type":"ImageObject","inLanguage":"tr","@id":"https:\/\/narcopowders.com\/product\/buy-ketamine-shards\/#primaryimage","url":"https:\/\/narcopowders.com\/wp-content\/uploads\/2023\/07\/Buy-Ketamine-Shards-1.jpg","contentUrl":"https:\/\/narcopowders.com\/wp-content\/uploads\/2023\/07\/Buy-Ketamine-Shards-1.jpg","width":600,"height":600,"caption":"Buy-Ketamine-Shards online"},{"@type":"BreadcrumbList","@id":"https:\/\/narcopowders.com\/product\/buy-ketamine-shards\/#breadcrumb","itemListElement":[{"@type":"ListItem","position":1,"name":"Home","item":"https:\/\/narcopowders.com\/"},{"@type":"ListItem","position":2,"name":"Shop Page","item":"https:\/\/narcopowders.com\/shop\/"},{"@type":"ListItem","position":3,"name":"Buy Ketamine Shards"}]},{"@type":"WebSite","@id":"https:\/\/narcopowders.com\/#website","url":"https:\/\/narcopowders.com\/","name":"Narko Tozlar","description":"WordPress Blogum","potentialAction":[{"@type":"SearchAction","target":{"@type":"EntryPoint","urlTemplate":"https:\/\/narcopowders.com\/?s={search_term_string}"},"query-input":{"@type":"PropertyValueSpecification","valueRequired":true,"valueName":"search_term_string"}}],"inLanguage":"tr"}]}},"_links":{"self":[{"href":"https:\/\/narcopowders.com\/tr\/wp-json\/wp\/v2\/product\/19506","targetHints":{"allow":["GET"]}}],"collection":[{"href":"https:\/\/narcopowders.com\/tr\/wp-json\/wp\/v2\/product"}],"about":[{"href":"https:\/\/narcopowders.com\/tr\/wp-json\/wp\/v2\/types\/product"}],"replies":[{"embeddable":true,"href":"https:\/\/narcopowders.com\/tr\/wp-json\/wp\/v2\/comments?post=19506"}],"wp:featuredmedia":[{"embeddable":true,"href":"https:\/\/narcopowders.com\/tr\/wp-json\/wp\/v2\/media\/19565"}],"wp:attachment":[{"href":"https:\/\/narcopowders.com\/tr\/wp-json\/wp\/v2\/media?parent=19506"}],"wp:term":[{"taxonomy":"product_brand","embeddable":true,"href":"https:\/\/narcopowders.com\/tr\/wp-json\/wp\/v2\/product_brand?post=19506"},{"taxonomy":"product_cat","embeddable":true,"href":"https:\/\/narcopowders.com\/tr\/wp-json\/wp\/v2\/product_cat?post=19506"},{"taxonomy":"product_tag","embeddable":true,"href":"https:\/\/narcopowders.com\/tr\/wp-json\/wp\/v2\/product_tag?post=19506"}],"curies":[{"name":"wp","href":"https:\/\/api.w.org\/{rel}","templated":true}]}}