{"id":19508,"date":"2023-07-29T09:21:40","date_gmt":"2023-07-29T09:21:40","guid":{"rendered":"https:\/\/narcopowders.com\/?post_type=product&#038;p=19508"},"modified":"2025-09-25T08:19:15","modified_gmt":"2025-09-25T08:19:15","slug":"buy-ketamine-rocks","status":"publish","type":"product","link":"https:\/\/narcopowders.com\/tr\/urun\/ketamin-kayalari-satin-al\/","title":{"rendered":"Buy Ketamine Rocks Online"},"content":{"rendered":"<h2>Ketamine Rocks Sat\u0131n Al\u0131n<\/h2>\n<p><a href=\"https:\/\/narcopowders.com\/tr\/urun\/ketamin-kayalari-satin-al\/\">Ketamine Crystal Rock Online Sat\u0131n Al\u0131n<\/a><\/p>\n<p>A common application for the medication <a href=\"https:\/\/www.bing.com\/search?q=Buy%20Ketamine%20Rocks%20Online&amp;qs=n&amp;form=QBRE&amp;sp=-1&amp;lq=0&amp;pq=buy%20ketamine%20rocks%20online&amp;sc=0-25&amp;sk=&amp;cvid=DCF60421973A4EFCBD042ABC4E510649&amp;ghsh=0&amp;ghacc=0&amp;ghpl=\">Ketamine Crystal Rock<\/a> anestezidir. Kronik a\u011fr\u0131 ve akut bak\u0131mda sedasyon di\u011fer uygulamalard\u0131r.<\/p>\n<p>The abrupt high from <a href=\"https:\/\/www.bing.com\/search?q=Buy%20Ketamine%20Rocks%20Online&amp;qs=n&amp;form=QBRE&amp;sp=-1&amp;lq=0&amp;pq=buy%20ketamine%20rocks%20online&amp;sc=0-25&amp;sk=&amp;cvid=DCF60421973A4EFCBD042ABC4E510649&amp;ghsh=0&amp;ghacc=0&amp;ghpl=\">ketamin HCL<\/a> Ketaminin neden oldu\u011fu h\u0131zl\u0131 y\u00fckselme yakla\u015f\u0131k bir saat s\u00fcrer. Dozun i\u00e7ilmesinden veya yutulmas\u0131ndan 2 ila 5 dakika sonra ba\u015flar. Bir enjeksiyon kullan\u0131ld\u0131\u011f\u0131nda, enjeksiyondan yakla\u015f\u0131k 30 saniye sonra ortaya \u00e7\u0131kar.<\/p>\n<p>Kullan\u0131c\u0131n\u0131n ilk kafay\u0131 buldu\u011funda ya\u015fayaca\u011f\u0131 a\u015f\u0131r\u0131 rahatlama hissi s\u0131kl\u0131kla t\u00fcm v\u00fccut v\u0131z\u0131lt\u0131s\u0131 olarak adland\u0131r\u0131l\u0131r. Baz\u0131 kullan\u0131c\u0131lar havada s\u00fcz\u00fcl\u00fcyormu\u015f gibi hissettiklerini ve hatta baz\u0131lar\u0131 v\u00fccutlar\u0131nda de\u011filmi\u015f gibi hissettiklerini s\u00f6ylerler. Hal\u00fcsinasyonlar yayg\u0131nd\u0131r ve genellikle anestezinin etkilerinden daha uzun s\u00fcrer. <a href=\"https:\/\/www.google.com\/search?q=Buy+Ketamine+Rocks+Online&amp;num=10&amp;sca_esv=1a2a07081c7891bb&amp;rlz=1C1RXQR_enIN1098IN1098&amp;sxsrf=AHTn8zo3S-FVfUCUfoDtPkswaKPB3WdbUQ%3A1741762655339&amp;ei=XzDRZ4CyFKCXjuMPwKjDwAE&amp;ved=0ahUKEwjA3erC-4OMAxWgi2MGHUDUEBgQ4dUDCBA&amp;uact=5&amp;oq=Buy+Ketamine+Rocks+Online&amp;gs_lp=Egxnd3Mtd2l6LXNlcnAiGUJ1eSBLZXRhbWluZSBSb2NrcyBPbmxpbmVIkQdQpANYpANwAngAkAEAmAH3AaAB9wGqAQMyLTG4AQPIAQD4AQL4AQGYAgCgAgCYAwCIBgGSBwCgB00&amp;sclient=gws-wiz-serp\">Kristal kaya ketamin sat\u0131n al<\/a><\/p>\n<p>Kullan\u0131c\u0131lar, daha y\u00fcksek dozlar\u0131n neden olabilece\u011fi daha \u015fiddetli etkilerin bir sonucu olarak v\u00fccutlar\u0131ndan tamamen ve tamamen ayr\u0131ld\u0131klar\u0131n\u0131 bildirmi\u015flerdir. Bu hisler \"K-deli\u011finde\" olmak olarak adland\u0131r\u0131l\u0131r ve \u00f6l\u00fcme yak\u0131n deneyimler ya\u015fayan ki\u015filerin ya\u015fad\u0131klar\u0131yla kar\u015f\u0131la\u015ft\u0131r\u0131labilir.<a href=\"https:\/\/www.google.com\/search?q=Buy+Ketamine+Rocks+Online&amp;num=10&amp;sca_esv=1a2a07081c7891bb&amp;rlz=1C1RXQR_enIN1098IN1098&amp;sxsrf=AHTn8zo3S-FVfUCUfoDtPkswaKPB3WdbUQ%3A1741762655339&amp;ei=XzDRZ4CyFKCXjuMPwKjDwAE&amp;ved=0ahUKEwjA3erC-4OMAxWgi2MGHUDUEBgQ4dUDCBA&amp;uact=5&amp;oq=Buy+Ketamine+Rocks+Online&amp;gs_lp=Egxnd3Mtd2l6LXNlcnAiGUJ1eSBLZXRhbWluZSBSb2NrcyBPbmxpbmVIkQdQpANYpANwAngAkAEAmAH3AaAB9wGqAQMyLTG4AQPIAQD4AQL4AQGYAgCgAgCYAwCIBgGSBwCgB00&amp;sclient=gws-wiz-serp\">K-hole<\/a>e\u201d ve \u00f6l\u00fcmden d\u00f6nme deneyimi ya\u015fayan ki\u015filerin deneyimledikleri deneyimlere benzerdir.<\/p>\n<p>Recent advances in <a href=\"https:\/\/duckduckgo.com\/?q=Buy+Ketamine+Rocks+Online&amp;t=h_&amp;ia=web\">ketamine research<\/a> Ketamin ara\u015ft\u0131rmalar\u0131ndaki son geli\u015fmeler, depresyondaki insanlar i\u00e7in sa\u011flad\u0131\u011f\u0131 avantajlar\u0131 vurgulamaktad\u0131r. \u00d6zellikle de \u00e7e\u015fitli antidepresanlar\u0131 denemi\u015f ancak ba\u015far\u0131s\u0131z olmu\u015f ki\u015filer i\u00e7in. Depresyon tedavisinde tipik olarak \u00f6nerilen SSRI'larla kar\u015f\u0131la\u015ft\u0131r\u0131ld\u0131\u011f\u0131nda, ketamin beyin i\u00e7inde farkl\u0131 \u015fekilde i\u015flev g\u00f6r\u00fcr. Bir kez kontrol alt\u0131na al\u0131nd\u0131\u011f\u0131nda, ketamin h\u0131zl\u0131 bir \u015fekilde \u00e7al\u0131\u015f\u0131r. <a href=\"https:\/\/en.wikipedia.org\/wiki\/Ketamine\">ketamine operates quickly<\/a>.<\/p>\n<p>Ketamin, uygulamadan 40 dakika sonra belirgin bir uyar\u0131c\u0131 etkiye sahiptir. Yay\u0131na g\u00f6re, son ara\u015ft\u0131rmalar \"ketaminden sonra yakla\u015f\u0131k 24 saat i\u00e7inde sahte tedaviye k\u0131yasla k\u00fclfetli yan etkilerde b\u00fcy\u00fck iyile\u015fme\" oldu\u011funu g\u00f6steriyor.<a href=\"https:\/\/duckduckgo.com\/?q=Buy+Ketamine+Rocks+Online&amp;t=h_&amp;ia=web\"> ketamine<\/a> compared with fake treatment,&#8221; according to the publication.<\/p>\n<p><a href=\"https:\/\/narcopowders.com\/tr\/\">Ketamin<\/a> inhaled revealed hardly any psychotomimetic or dissociative effects.<\/p>\n<p>Do\u011fru ketamin uygulama tekni\u011fi ile bu ila\u00e7, beynin yeni n\u00f6ronal ba\u011flant\u0131lar geli\u015ftirmesine yard\u0131mc\u0131 olabilir ve uzun s\u00fcreli rahatlama sa\u011flayabilir.<\/p>","protected":false},"excerpt":{"rendered":"<p>Buy Ketamine Rocks Buy Ketamine Crystal Rock online A common application for the medication Ketamine Crystal Rock is anaesthesia. Chronic pain and sedation in acute care are further applications. The abrupt high from ketamine HCL lasts for roughly an hour. It begins 2 to 5 minutes after smoking or ingesting the dose. When an injection [&hellip;]<\/p>","protected":false},"featured_media":19510,"comment_status":"open","ping_status":"closed","template":"","meta":{"_joinchat":[]},"product_brand":[],"product_cat":[1325],"product_tag":[],"class_list":{"0":"post-19508","1":"product","2":"type-product","3":"status-publish","4":"has-post-thumbnail","6":"product_cat-buy-ketamine-online","8":"first","9":"instock","10":"shipping-taxable","11":"purchasable","12":"product-type-variable","13":"add-to-wishlist-after_add_to_cart"},"yoast_head":"<!-- This site is optimized with the Yoast SEO plugin v25.9 - https:\/\/yoast.com\/wordpress\/plugins\/seo\/ -->\n<title>Buy Ketamine Rocks Online - Narco Powders<\/title>\n<meta name=\"robots\" content=\"index, follow, max-snippet:-1, max-image-preview:large, max-video-preview:-1\" \/>\n<link rel=\"canonical\" href=\"https:\/\/narcopowders.com\/tr\/urun\/ketamin-kayalari-satin-al\/\" \/>\n<meta property=\"og:locale\" content=\"tr_TR\" \/>\n<meta property=\"og:type\" content=\"article\" \/>\n<meta property=\"og:title\" content=\"Buy Ketamine Rocks Online - Narco Powders\" \/>\n<meta property=\"og:description\" content=\"Buy Ketamine Rocks Buy Ketamine Crystal Rock online A common application for the medication Ketamine Crystal Rock is anaesthesia. Chronic pain and sedation in acute care are further applications. The abrupt high from ketamine HCL lasts for roughly an hour. It begins 2 to 5 minutes after smoking or ingesting the dose. When an injection [&hellip;]\" \/>\n<meta property=\"og:url\" content=\"https:\/\/narcopowders.com\/tr\/urun\/ketamin-kayalari-satin-al\/\" \/>\n<meta property=\"og:site_name\" content=\"Narco Powders\" \/>\n<meta property=\"article:modified_time\" content=\"2025-09-25T08:19:15+00:00\" \/>\n<meta property=\"og:image\" content=\"https:\/\/narcopowders.com\/wp-content\/uploads\/2023\/07\/Buy-Ketamine-Rocks.jpg\" \/>\n\t<meta property=\"og:image:width\" content=\"600\" \/>\n\t<meta property=\"og:image:height\" content=\"600\" \/>\n\t<meta property=\"og:image:type\" content=\"image\/jpeg\" \/>\n<meta name=\"twitter:card\" content=\"summary_large_image\" \/>\n<meta name=\"twitter:label1\" content=\"Tahmini okuma s\u00fcresi\" \/>\n\t<meta name=\"twitter:data1\" content=\"2 dakika\" \/>\n<!-- \/ Yoast SEO plugin. -->","yoast_head_json":{"title":"Buy Ketamine Rocks Online - Narco Powders","robots":{"index":"index","follow":"follow","max-snippet":"max-snippet:-1","max-image-preview":"max-image-preview:large","max-video-preview":"max-video-preview:-1"},"canonical":"https:\/\/narcopowders.com\/tr\/urun\/ketamin-kayalari-satin-al\/","og_locale":"tr_TR","og_type":"article","og_title":"Buy Ketamine Rocks Online - Narco Powders","og_description":"Buy Ketamine Rocks Buy Ketamine Crystal Rock online A common application for the medication Ketamine Crystal Rock is anaesthesia. Chronic pain and sedation in acute care are further applications. The abrupt high from ketamine HCL lasts for roughly an hour. It begins 2 to 5 minutes after smoking or ingesting the dose. When an injection [&hellip;]","og_url":"https:\/\/narcopowders.com\/tr\/urun\/ketamin-kayalari-satin-al\/","og_site_name":"Narco Powders","article_modified_time":"2025-09-25T08:19:15+00:00","og_image":[{"width":600,"height":600,"url":"https:\/\/narcopowders.com\/wp-content\/uploads\/2023\/07\/Buy-Ketamine-Rocks.jpg","type":"image\/jpeg"}],"twitter_card":"summary_large_image","twitter_misc":{"Tahmini okuma s\u00fcresi":"2 dakika"},"schema":{"@context":"https:\/\/schema.org","@graph":[{"@type":"WebPage","@id":"https:\/\/narcopowders.com\/product\/buy-ketamine-rocks\/","url":"https:\/\/narcopowders.com\/product\/buy-ketamine-rocks\/","name":"Buy Ketamine Rocks Online - Narco Powders","isPartOf":{"@id":"https:\/\/narcopowders.com\/#website"},"primaryImageOfPage":{"@id":"https:\/\/narcopowders.com\/product\/buy-ketamine-rocks\/#primaryimage"},"image":{"@id":"https:\/\/narcopowders.com\/product\/buy-ketamine-rocks\/#primaryimage"},"thumbnailUrl":"https:\/\/narcopowders.com\/wp-content\/uploads\/2023\/07\/Buy-Ketamine-Rocks.jpg","datePublished":"2023-07-29T09:21:40+00:00","dateModified":"2025-09-25T08:19:15+00:00","breadcrumb":{"@id":"https:\/\/narcopowders.com\/product\/buy-ketamine-rocks\/#breadcrumb"},"inLanguage":"tr","potentialAction":[{"@type":"ReadAction","target":["https:\/\/narcopowders.com\/product\/buy-ketamine-rocks\/"]}]},{"@type":"ImageObject","inLanguage":"tr","@id":"https:\/\/narcopowders.com\/product\/buy-ketamine-rocks\/#primaryimage","url":"https:\/\/narcopowders.com\/wp-content\/uploads\/2023\/07\/Buy-Ketamine-Rocks.jpg","contentUrl":"https:\/\/narcopowders.com\/wp-content\/uploads\/2023\/07\/Buy-Ketamine-Rocks.jpg","width":600,"height":600,"caption":"Buy-Ketamine-Rocks online"},{"@type":"BreadcrumbList","@id":"https:\/\/narcopowders.com\/product\/buy-ketamine-rocks\/#breadcrumb","itemListElement":[{"@type":"ListItem","position":1,"name":"Home","item":"https:\/\/narcopowders.com\/"},{"@type":"ListItem","position":2,"name":"Shop Page","item":"https:\/\/narcopowders.com\/shop\/"},{"@type":"ListItem","position":3,"name":"Buy Ketamine Rocks Online"}]},{"@type":"WebSite","@id":"https:\/\/narcopowders.com\/#website","url":"https:\/\/narcopowders.com\/","name":"Narko Tozlar","description":"WordPress Blogum","potentialAction":[{"@type":"SearchAction","target":{"@type":"EntryPoint","urlTemplate":"https:\/\/narcopowders.com\/?s={search_term_string}"},"query-input":{"@type":"PropertyValueSpecification","valueRequired":true,"valueName":"search_term_string"}}],"inLanguage":"tr"}]}},"_links":{"self":[{"href":"https:\/\/narcopowders.com\/tr\/wp-json\/wp\/v2\/product\/19508","targetHints":{"allow":["GET"]}}],"collection":[{"href":"https:\/\/narcopowders.com\/tr\/wp-json\/wp\/v2\/product"}],"about":[{"href":"https:\/\/narcopowders.com\/tr\/wp-json\/wp\/v2\/types\/product"}],"replies":[{"embeddable":true,"href":"https:\/\/narcopowders.com\/tr\/wp-json\/wp\/v2\/comments?post=19508"}],"wp:featuredmedia":[{"embeddable":true,"href":"https:\/\/narcopowders.com\/tr\/wp-json\/wp\/v2\/media\/19510"}],"wp:attachment":[{"href":"https:\/\/narcopowders.com\/tr\/wp-json\/wp\/v2\/media?parent=19508"}],"wp:term":[{"taxonomy":"product_brand","embeddable":true,"href":"https:\/\/narcopowders.com\/tr\/wp-json\/wp\/v2\/product_brand?post=19508"},{"taxonomy":"product_cat","embeddable":true,"href":"https:\/\/narcopowders.com\/tr\/wp-json\/wp\/v2\/product_cat?post=19508"},{"taxonomy":"product_tag","embeddable":true,"href":"https:\/\/narcopowders.com\/tr\/wp-json\/wp\/v2\/product_tag?post=19508"}],"curies":[{"name":"wp","href":"https:\/\/api.w.org\/{rel}","templated":true}]}}