{"id":19548,"date":"2023-07-29T09:44:14","date_gmt":"2023-07-29T09:44:14","guid":{"rendered":"https:\/\/narcopowders.com\/?post_type=product&#038;p=19548"},"modified":"2025-09-25T08:27:16","modified_gmt":"2025-09-25T08:27:16","slug":"buy-ketanir-ketamine-500mg-10","status":"publish","type":"product","link":"https:\/\/narcopowders.com\/tr\/urun\/ketanir-ketamin-500mg-10-satin-al\/","title":{"rendered":"Ketanir Ketamin 500mg\/10 Sat\u0131n Al\u0131n"},"content":{"rendered":"<h2>Ketanir Ketamin Sat\u0131n Al\u0131n<\/h2>\n<p><a href=\"https:\/\/narcopowders.com\/tr\/urun\/ketanir-ketamin-500mg-10-satin-al\/\">Ketanir Ketamine Online Sat\u0131n Al\u0131n<\/a><\/p>\n<p>Madde i\u00e7in ortak bir uygulama <a href=\"https:\/\/narcopowders.com\/tr\/\">ketamine HCL is anaesthesia<\/a>. Chronic pain and sedation in acute care are <a href=\"https:\/\/en.wikipedia.org\/wiki\/Ketamine\">daha fazla uygulama<\/a>.<\/p>\n<p>H\u0131zl\u0131 y\u00fckseli\u015f <a href=\"https:\/\/www.bing.com\/search?q=Buy%20Ketanir%20Ketamine%20online&amp;qs=n&amp;form=QBRE&amp;sp=-1&amp;lq=0&amp;pq=buy%20ketanir%20ketamine%20online&amp;sc=0-27&amp;sk=&amp;cvid=2317054633F94C5A8BB2FAFDA4EC6C6F&amp;ghsh=0&amp;ghacc=0&amp;ghpl=\">ketamine causes<\/a> Ketaminin neden oldu\u011fu h\u0131zl\u0131 y\u00fckselme yakla\u015f\u0131k bir saat s\u00fcrer. Dozun i\u00e7ilmesinden veya yutulmas\u0131ndan 2 ila 5 dakika sonra ba\u015flar. Bir enjeksiyon kullan\u0131ld\u0131\u011f\u0131nda, enjeksiyondan yakla\u015f\u0131k 30 saniye sonra ortaya \u00e7\u0131kar. <a href=\"https:\/\/www.google.com\/search?q=Buy+Ketanir+Ketamine+online&amp;sca_esv=2a2a93e8be91f013&amp;sxsrf=AHTn8zqZ0ZhZJouHVYWfDUqUn5ELqbuZmw%3A1742971169561&amp;ei=IaHjZ-L_IZSwseMPtf6l-Q8&amp;ved=0ahUKEwiilKnLkaeMAxUUWGwGHTV_Kf8Q4dUDCA8&amp;uact=5&amp;oq=Buy+Ketanir+Ketamine+online&amp;gs_lp=Egxnd3Mtd2l6LXNlcnAiG0J1eSBLZXRhbmlyIEtldGFtaW5lIG9ubGluZUiiCFCyA1iyA3ADeACQAQCYAZIDoAGSA6oBAzQtMbgBA8gBAPgBAvgBAZgCAKACAJgDAIgGAZIHAKAH0AGyBwC4BwA&amp;sclient=gws-wiz-serp\">500 mg\/10 ml of Ketanir Ketamine<\/a><\/p>\n<p>La abrumadora <a href=\"https:\/\/www.google.com\/search?q=Buy+Ketanir+Ketamine+online&amp;sca_esv=2a2a93e8be91f013&amp;sxsrf=AHTn8zqZ0ZhZJouHVYWfDUqUn5ELqbuZmw%3A1742971169561&amp;ei=IaHjZ-L_IZSwseMPtf6l-Q8&amp;ved=0ahUKEwiilKnLkaeMAxUUWGwGHTV_Kf8Q4dUDCA8&amp;uact=5&amp;oq=Buy+Ketanir+Ketamine+online&amp;gs_lp=Egxnd3Mtd2l6LXNlcnAiG0J1eSBLZXRhbmlyIEtldGFtaW5lIG9ubGluZUiiCFCyA1iyA3ADeACQAQCYAZIDoAGSA6oBAzQtMbgBA8gBAPgBAvgBAZgCAKACAJgDAIgGAZIHAKAH0AGyBwC4BwA&amp;sclient=gws-wiz-serp\">rahatlama hissi<\/a> Kullan\u0131c\u0131n\u0131n ilk kafay\u0131 buldu\u011funda ya\u015fayaca\u011f\u0131 a\u015f\u0131r\u0131 rahatlama hissi s\u0131kl\u0131kla t\u00fcm v\u00fccut v\u0131z\u0131lt\u0131s\u0131 olarak adland\u0131r\u0131l\u0131r. Baz\u0131 kullan\u0131c\u0131lar havada s\u00fcz\u00fcl\u00fcyormu\u015f gibi hissettiklerini ve hatta baz\u0131lar\u0131 v\u00fccutlar\u0131nda de\u011filmi\u015f gibi hissettiklerini s\u00f6ylerler. <a href=\"https:\/\/duckduckgo.com\/?q=Buy+Ketanir+Ketamine+online&amp;t=h_&amp;ia=web\">Hal\u00fcsinasyonlar yayg\u0131nd\u0131r<\/a> Hal\u00fcsinasyonlar yayg\u0131nd\u0131r ve \u00e7o\u011fu zaman anestezinin etkisinden daha uzun s\u00fcrer.<\/p>\n<p>Kullan\u0131c\u0131lar, daha y\u00fcksek dozlar\u0131n neden olabilece\u011fi daha \u015fiddetli etkilerin bir sonucu olarak v\u00fccutlar\u0131ndan tamamen ve tamamen ayr\u0131ld\u0131klar\u0131n\u0131 bildirmi\u015flerdir. Bu hisler \"K-deli\u011finde\" olmak olarak adland\u0131r\u0131l\u0131r ve \u00f6l\u00fcme yak\u0131n deneyimler ya\u015fayan ki\u015filerin ya\u015fad\u0131klar\u0131yla kar\u015f\u0131la\u015ft\u0131r\u0131labilir.<a href=\"https:\/\/duckduckgo.com\/?q=Buy+Ketanir+Ketamine+online&amp;t=h_&amp;ia=web\">K-hole<\/a>e\u201d ve \u00f6l\u00fcmden d\u00f6nme deneyimi ya\u015fayan ki\u015filerin deneyimledikleri deneyimlere benzerdir.<\/p>\n<p><a href=\"https:\/\/www.bing.com\/search?q=Buy%20Ketanir%20Ketamine%20online&amp;qs=n&amp;form=QBRE&amp;sp=-1&amp;lq=0&amp;pq=buy%20ketanir%20ketamine%20online&amp;sc=0-27&amp;sk=&amp;cvid=2317054633F94C5A8BB2FAFDA4EC6C6F&amp;ghsh=0&amp;ghacc=0&amp;ghpl=\">Ucuz Ketanir Ketamine 500mg\/10ml online sat\u0131n al\u0131nabilir.<\/a>.<\/p>\n<p>&nbsp;<\/p>","protected":false},"excerpt":{"rendered":"<p>Buy Ketanir Ketamine Buy Ketanir Ketamine online A common application for the substance ketamine HCL is anaesthesia. Chronic pain and sedation in acute care are further applications. The rapid high that ketamine causes lasts for roughly one hour. It begins 2 to 5 minutes after smoking or ingesting the dose. When an injection is used, [&hellip;]<\/p>","protected":false},"featured_media":19549,"comment_status":"open","ping_status":"closed","template":"","meta":{"_joinchat":[]},"product_brand":[],"product_cat":[1325],"product_tag":[],"class_list":{"0":"post-19548","1":"product","2":"type-product","3":"status-publish","4":"has-post-thumbnail","6":"product_cat-buy-ketamine-online","8":"first","9":"instock","10":"shipping-taxable","11":"purchasable","12":"product-type-variable","13":"add-to-wishlist-after_add_to_cart"},"yoast_head":"<!-- This site is optimized with the Yoast SEO plugin v25.9 - https:\/\/yoast.com\/wordpress\/plugins\/seo\/ -->\n<title>Buy Ketanir Ketamine 500mg\/10 - Narco Powders<\/title>\n<meta name=\"robots\" content=\"index, follow, max-snippet:-1, max-image-preview:large, max-video-preview:-1\" \/>\n<link rel=\"canonical\" href=\"https:\/\/narcopowders.com\/tr\/urun\/ketanir-ketamin-500mg-10-satin-al\/\" \/>\n<meta property=\"og:locale\" content=\"tr_TR\" \/>\n<meta property=\"og:type\" content=\"article\" \/>\n<meta property=\"og:title\" content=\"Buy Ketanir Ketamine 500mg\/10 - Narco Powders\" \/>\n<meta property=\"og:description\" content=\"Buy Ketanir Ketamine Buy Ketanir Ketamine online A common application for the substance ketamine HCL is anaesthesia. Chronic pain and sedation in acute care are further applications. The rapid high that ketamine causes lasts for roughly one hour. It begins 2 to 5 minutes after smoking or ingesting the dose. When an injection is used, [&hellip;]\" \/>\n<meta property=\"og:url\" content=\"https:\/\/narcopowders.com\/tr\/urun\/ketanir-ketamin-500mg-10-satin-al\/\" \/>\n<meta property=\"og:site_name\" content=\"Narco Powders\" \/>\n<meta property=\"article:modified_time\" content=\"2025-09-25T08:27:16+00:00\" \/>\n<meta property=\"og:image\" content=\"https:\/\/narcopowders.com\/wp-content\/uploads\/2023\/07\/Buy-Ketanir-Ketamine.jpg\" \/>\n\t<meta property=\"og:image:width\" content=\"600\" \/>\n\t<meta property=\"og:image:height\" content=\"600\" \/>\n\t<meta property=\"og:image:type\" content=\"image\/jpeg\" \/>\n<meta name=\"twitter:card\" content=\"summary_large_image\" \/>\n<meta name=\"twitter:label1\" content=\"Tahmini okuma s\u00fcresi\" \/>\n\t<meta name=\"twitter:data1\" content=\"1 dakika\" \/>\n<!-- \/ Yoast SEO plugin. -->","yoast_head_json":{"title":"Ketanir Ketamin 500mg\/10 Sat\u0131n Al\u0131n - Narco Powders","robots":{"index":"index","follow":"follow","max-snippet":"max-snippet:-1","max-image-preview":"max-image-preview:large","max-video-preview":"max-video-preview:-1"},"canonical":"https:\/\/narcopowders.com\/tr\/urun\/ketanir-ketamin-500mg-10-satin-al\/","og_locale":"tr_TR","og_type":"article","og_title":"Buy Ketanir Ketamine 500mg\/10 - Narco Powders","og_description":"Buy Ketanir Ketamine Buy Ketanir Ketamine online A common application for the substance ketamine HCL is anaesthesia. Chronic pain and sedation in acute care are further applications. The rapid high that ketamine causes lasts for roughly one hour. It begins 2 to 5 minutes after smoking or ingesting the dose. When an injection is used, [&hellip;]","og_url":"https:\/\/narcopowders.com\/tr\/urun\/ketanir-ketamin-500mg-10-satin-al\/","og_site_name":"Narco Powders","article_modified_time":"2025-09-25T08:27:16+00:00","og_image":[{"width":600,"height":600,"url":"https:\/\/narcopowders.com\/wp-content\/uploads\/2023\/07\/Buy-Ketanir-Ketamine.jpg","type":"image\/jpeg"}],"twitter_card":"summary_large_image","twitter_misc":{"Tahmini okuma s\u00fcresi":"1 dakika"},"schema":{"@context":"https:\/\/schema.org","@graph":[{"@type":"WebPage","@id":"https:\/\/narcopowders.com\/product\/buy-ketanir-ketamine-500mg-10\/","url":"https:\/\/narcopowders.com\/product\/buy-ketanir-ketamine-500mg-10\/","name":"Ketanir Ketamin 500mg\/10 Sat\u0131n Al\u0131n - Narco Powders","isPartOf":{"@id":"https:\/\/narcopowders.com\/#website"},"primaryImageOfPage":{"@id":"https:\/\/narcopowders.com\/product\/buy-ketanir-ketamine-500mg-10\/#primaryimage"},"image":{"@id":"https:\/\/narcopowders.com\/product\/buy-ketanir-ketamine-500mg-10\/#primaryimage"},"thumbnailUrl":"https:\/\/narcopowders.com\/wp-content\/uploads\/2023\/07\/Buy-Ketanir-Ketamine.jpg","datePublished":"2023-07-29T09:44:14+00:00","dateModified":"2025-09-25T08:27:16+00:00","breadcrumb":{"@id":"https:\/\/narcopowders.com\/product\/buy-ketanir-ketamine-500mg-10\/#breadcrumb"},"inLanguage":"tr","potentialAction":[{"@type":"ReadAction","target":["https:\/\/narcopowders.com\/product\/buy-ketanir-ketamine-500mg-10\/"]}]},{"@type":"ImageObject","inLanguage":"tr","@id":"https:\/\/narcopowders.com\/product\/buy-ketanir-ketamine-500mg-10\/#primaryimage","url":"https:\/\/narcopowders.com\/wp-content\/uploads\/2023\/07\/Buy-Ketanir-Ketamine.jpg","contentUrl":"https:\/\/narcopowders.com\/wp-content\/uploads\/2023\/07\/Buy-Ketanir-Ketamine.jpg","width":600,"height":600,"caption":"Buy-Ketanir-Ketamine online"},{"@type":"BreadcrumbList","@id":"https:\/\/narcopowders.com\/product\/buy-ketanir-ketamine-500mg-10\/#breadcrumb","itemListElement":[{"@type":"ListItem","position":1,"name":"Home","item":"https:\/\/narcopowders.com\/"},{"@type":"ListItem","position":2,"name":"Shop Page","item":"https:\/\/narcopowders.com\/shop\/"},{"@type":"ListItem","position":3,"name":"Buy Ketanir Ketamine 500mg\/10"}]},{"@type":"WebSite","@id":"https:\/\/narcopowders.com\/#website","url":"https:\/\/narcopowders.com\/","name":"Narko Tozlar","description":"WordPress Blogum","potentialAction":[{"@type":"SearchAction","target":{"@type":"EntryPoint","urlTemplate":"https:\/\/narcopowders.com\/?s={search_term_string}"},"query-input":{"@type":"PropertyValueSpecification","valueRequired":true,"valueName":"search_term_string"}}],"inLanguage":"tr"}]}},"_links":{"self":[{"href":"https:\/\/narcopowders.com\/tr\/wp-json\/wp\/v2\/product\/19548","targetHints":{"allow":["GET"]}}],"collection":[{"href":"https:\/\/narcopowders.com\/tr\/wp-json\/wp\/v2\/product"}],"about":[{"href":"https:\/\/narcopowders.com\/tr\/wp-json\/wp\/v2\/types\/product"}],"replies":[{"embeddable":true,"href":"https:\/\/narcopowders.com\/tr\/wp-json\/wp\/v2\/comments?post=19548"}],"wp:featuredmedia":[{"embeddable":true,"href":"https:\/\/narcopowders.com\/tr\/wp-json\/wp\/v2\/media\/19549"}],"wp:attachment":[{"href":"https:\/\/narcopowders.com\/tr\/wp-json\/wp\/v2\/media?parent=19548"}],"wp:term":[{"taxonomy":"product_brand","embeddable":true,"href":"https:\/\/narcopowders.com\/tr\/wp-json\/wp\/v2\/product_brand?post=19548"},{"taxonomy":"product_cat","embeddable":true,"href":"https:\/\/narcopowders.com\/tr\/wp-json\/wp\/v2\/product_cat?post=19548"},{"taxonomy":"product_tag","embeddable":true,"href":"https:\/\/narcopowders.com\/tr\/wp-json\/wp\/v2\/product_tag?post=19548"}],"curies":[{"name":"wp","href":"https:\/\/api.w.org\/{rel}","templated":true}]}}