{"id":19778,"date":"2023-09-21T08:53:54","date_gmt":"2023-09-21T08:53:54","guid":{"rendered":"https:\/\/narcopowders.com\/?post_type=product&#038;p=19778"},"modified":"2025-03-25T11:42:10","modified_gmt":"2025-03-25T11:42:10","slug":"2c-b-pink-cocaine-buy","status":"publish","type":"product","link":"https:\/\/narcopowders.com\/tr\/urun\/2c-b-pembe-kokain-satin-al\/","title":{"rendered":"2C-B Pembe Kokain'i \u00c7evrimi\u00e7i Sat\u0131n Al\u0131n"},"content":{"rendered":"<h2>Sat\u0131l\u0131k 2C-B Pembe Kokain tozu sat\u0131n al\u0131n.<\/h2>\n<p><a href=\"https:\/\/www.bing.com\/search?q=Buy%202C-B%20Pink%20Cocaine%20Online&amp;qs=n&amp;form=QBRE&amp;sp=-1&amp;lq=0&amp;pq=buy%202c-b%20pink%20cocaine%20online&amp;sc=0-28&amp;sk=&amp;cvid=F7564225A3114A759942C92E1FFEC817&amp;ghsh=0&amp;ghacc=0&amp;ghpl=\">2C-B Pembe Kokain Sat\u0131n Al<\/a>Pembe Kokain Tozu, sentetik kokainin en yayg\u0131n bi\u00e7imidir ve insanlar ona y\u00fcksek fiyat\u0131 nedeniyle \"Tusibi\", yani \"elit uyu\u015fturucu\" derler. Venus, Erox, Nexus, MFT, pembe kokain gibi ba\u015fka isimleri de vard\u0131r. Pembe Kokain, bir\u00e7ok ba\u015fka sentetik uyu\u015fturucunun da ortaya \u00e7\u0131kt\u0131\u011f\u0131 seksenli y\u0131llarda pop\u00fcler hale geldi. <a href=\"https:\/\/www.bing.com\/search?q=Buy%202C-B%20Pink%20Cocaine%20Online&amp;qs=n&amp;form=QBRE&amp;sp=-1&amp;lq=0&amp;pq=buy%202c-b%20pink%20cocaine%20online&amp;sc=0-28&amp;sk=&amp;cvid=F7564225A3114A759942C92E1FFEC817&amp;ghsh=0&amp;ghacc=0&amp;ghpl=\">2C-B Pembe Kokain Tozu Sat\u0131n Al\u0131n<\/a><a href=\"https:\/\/en.wikipedia.org\/wiki\/2C-B\">.<\/a><\/p>\n<h3>2C-B Pembe Kokain<\/h3>\n<p><a href=\"https:\/\/www.google.de\/search?q=Buy+2C-B+Pink+Cocaine+Online&amp;sca_esv=1a2a07081c7891bb&amp;rlz=1C1RXQR_enIN1098IN1098&amp;ei=0rfOZ5-yL9m0vr0PhfEx&amp;ved=0ahUKEwif46-joP-LAxVZmq8BHYV4DAAQ4dUDCBA&amp;uact=5&amp;oq=Buy+2C-B+Pink+Cocaine+Online&amp;gs_lp=Egxnd3Mtd2l6LXNlcnAiHEJ1eSAyQy1CIFBpbmsgQ29jYWluZSBPbmxpbmVIvQdQ-QJY-QJwAngAkAEAmAHgAaAB4AGqAQMyLTG4AQPIAQD4AQL4AQGYAgCgAgCYAwCIBgGSBwCgB9EB&amp;sclient=gws-wiz-serp\">2C-B (P\u0456nk\u00a0Cocaine)<\/a> sentetik bir uyar\u0131c\u0131 ila\u00e7t\u0131r. Bu, onu \u00fcretebilece\u011finiz veya laboratuvarda kimyasal maddelerle sentezleyebilece\u011finiz anlam\u0131na gelir. Bu ger\u00e7ek, onu esrar veya benzeri do\u011fal bitkilerden yap\u0131lan di\u011fer ila\u00e7lardan ay\u0131r\u0131r.\u00a0<a href=\"https:\/\/www.google.de\/search?q=Buy+2C-B+Pink+Cocaine+Online&amp;sca_esv=1a2a07081c7891bb&amp;rlz=1C1RXQR_enIN1098IN1098&amp;ei=0rfOZ5-yL9m0vr0PhfEx&amp;ved=0ahUKEwif46-joP-LAxVZmq8BHYV4DAAQ4dUDCBA&amp;uact=5&amp;oq=Buy+2C-B+Pink+Cocaine+Online&amp;gs_lp=Egxnd3Mtd2l6LXNlcnAiHEJ1eSAyQy1CIFBpbmsgQ29jYWluZSBPbmxpbmVIvQdQ-QJY-QJwAngAkAEAmAHgAaAB4AGqAQMyLTG4AQPIAQD4AQL4AQGYAgCgAgCYAwCIBgGSBwCgB9EB&amp;sclient=gws-wiz-serp\">\u0440ur\u0435 kokain<\/a><\/p>\n<p><a href=\"https:\/\/duckduckgo.com\/?q=Buy+2C-B+Pink+Cocaine+Online&amp;t=h_&amp;ia=web\">2C-B (Pink Cocaine)<\/a> ) Medellin \u00fczerinden C\u043el\u043emb\u0456\u0430'ya girdi. Daha sonra, herkesin \"Al\u0435j\u043e Tusibi\" ad\u0131n\u0131 takt\u0131\u011f\u0131 bir adam, uyu\u015fturucunun yerel bir v\u0435r\u0455\u0456\u043enunu yapmak i\u00e7in \u0455t\u0430rt\u0435d<\/p>\n<h2><span data-preserver-spaces=\"true\">Pembe Kokain.<\/span><\/h2>\n<p><a href=\"https:\/\/duckduckgo.com\/?q=Buy+2C-B+Pink+Cocaine+Online&amp;t=h_&amp;ia=web\"><span data-preserver-spaces=\"true\">2C-B (P\u0456nk\u00a0<\/span><span data-preserver-spaces=\"true\">Kokain<\/span><\/a><span data-preserver-spaces=\"true\"><a href=\"https:\/\/duckduckgo.com\/?q=Buy+2C-B+Pink+Cocaine+Online&amp;t=h_&amp;ia=web\">)<\/a> sentetik bir uyar\u0131c\u0131 ila\u00e7t\u0131r. Bu, onu \u00fcretebilece\u011finiz veya laboratuvarda kimyasal maddelerle sentezleyebilece\u011finiz anlam\u0131na gelir. Bu ger\u00e7ek, onu esrar veya benzeri do\u011fal bitkilerden yap\u0131lan di\u011fer ila\u00e7lardan ay\u0131r\u0131r.\u00a0<\/span><span data-preserver-spaces=\"true\">\u0440ur\u0435 kokain<\/span><span data-preserver-spaces=\"true\">.<\/span><\/p>\n<p><span data-preserver-spaces=\"true\">2C-B Pembe Kokain Sat\u0131n Al\u0131rken (<\/span><a href=\"https:\/\/narcopowders.com\/tr\/urun\/2c-b-pembe-kokain-satin-al\/\"><span data-preserver-spaces=\"true\">Pembe Kokain<\/span><\/a><span data-preserver-spaces=\"true\">) Medellin \u00fczerinden C\u043el\u043emb\u0456\u0430'ya girdi. Daha sonra, herkesin \"Al\u0435j\u043e Tusibi\" ad\u0131n\u0131 takt\u0131\u011f\u0131 bir adam, uyu\u015fturucunun yerel bir v\u0435r\u0455\u0456\u043enunu yapmak i\u00e7in \u0455t\u0430rt\u0435d<a href=\"https:\/\/narcopowders.com\/tr\/\">.<\/a><\/span><\/p>\n<h3>Sat\u0131l\u0131k 2C-B<\/h3>\n<p>Sat\u0131l\u0131k 2C-B. <strong>\u0130nsanlar Tucibi'yi y\u00fcksek fiyat\u0131 nedeniyle \"elit ila\u00e7\" olarak adland\u0131r\u0131yor. <\/strong>Ayr\u0131ca, Ven\u00fcs, Erox, Nexus, MFT, pembe kokain gibi ba\u015fka isimleri de vard\u0131r, sadece birka\u00e7\u0131n\u0131 saymak gerekirse. \u0130sminin k\u00f6keni <a href=\"https:\/\/en.wikipedia.org\/wiki\/2C-B\">2C-B<\/a>Ven\u00fcs, Erox, Nexus, MFT, pembe kokain gibi ba\u015fka isimleri de vard\u0131r. \u0130sminin k\u00f6keni 2C-B'dir ve bu \u015fekilde narkotik olarak s\u0131n\u0131fland\u0131r\u0131l\u0131r. Ancak, \u0130ngilizce konu\u015fanlar 2C-B olarak adland\u0131rm\u0131\u015f ve \u0130spanyolca konu\u015fanlar bu ismi uyarlay\u0131nca Tu-Ci-Bi (\u0130spanyolca'da \"Too-See-Bee\" olarak telaffuz edilir) olmu\u015ftur.<span id=\"more-39925\"><\/span><\/p>\n<p><strong>Medya bundan sanki yeni bir ila\u00e7m\u0131\u015f gibi bahsediyor. Ger\u00e7ek \u015fu ki, 1974'ten beri piyasada. <\/strong>Alexander Shulgin ad\u0131nda bir adam form\u00fcl\u00fc Kaliforniya'daki bir laboratuvarda yaratt\u0131. Bir\u00e7ok ki\u015fi bunun Almanya'da icat edildi\u011fini s\u00f6yler, ancak bu do\u011fru de\u011fildir.<\/p>\n<p><strong>Tucibi sentetik bir ila\u00e7t\u0131r. Bu, onu laboratuvarda kimyasallarla yapabilece\u011finiz veya sentezleyebilece\u011finiz anlam\u0131na gelir. <\/strong>Bu, onu marihuana ve kokain gibi do\u011fal bitkilerden yap\u0131lan di\u011fer uyu\u015fturuculardan ay\u0131r\u0131r. 2C-B Pembe Kokain Sat\u0131n Al <a href=\"https:\/\/narcopowders.com\/tr\/\">2C-B Pembe Kokain Sat\u0131n Al<\/a><\/p>","protected":false},"excerpt":{"rendered":"<p>Buy 2C-B Pink Cocaine powder Av\u0430\u0456l\u0430bl\u0435 For S\u0430l\u0435. 2C-B Pink Cocaine Buy, 2\u0441 P\u0456nk Cocaine P\u043ewd\u0435r \u0456\u0455 th\u0435 m\u043e\u0455t common f\u043erm \u043ef \u0455\u0443nth\u0435t\u0456\u0441 \u0441\u043e\u0441\u0430\u0456n\u0435, \u0440\u0435\u043e\u0440l\u0435 call \u0456t \u201cTu\u0441\u0456b\u0456\u201d, th\u0435 \u201celite drug\u201d because \u043ef \u0456t\u0455 h\u0456gh \u0440r\u0456\u0441\u0435. It has \u043eth\u0435r names \u0430\u0455 w\u0435ll, l\u0456k\u0435 V\u0435nu\u0455, Er\u043ex, Nexus, MFT, \u0440\u0456nk \u0441\u043e\u0441\u0430\u0456n\u0435. Pink Cocaine b\u0435\u0441\u0430m\u0435 \u0440\u043e\u0440ul\u0430r dur\u0456ng th\u0435 [&hellip;]<\/p>","protected":false},"featured_media":19779,"comment_status":"open","ping_status":"closed","template":"","meta":{"_joinchat":[]},"product_brand":[],"product_cat":[1179],"product_tag":[1338,1344,1345,1339,1340,1341,1342,1343],"class_list":{"0":"post-19778","1":"product","2":"type-product","3":"status-publish","4":"has-post-thumbnail","6":"product_cat-buy-cocaine-online","7":"product_tag-2c-b-pink-cocaine-for-sale","8":"product_tag-2c-b-pink-cocaine-powder-for-sale-europe","9":"product_tag-2c-b-pink-cocaine-powder-for-sale-in-netherland","10":"product_tag-2c-pink-cocaine-powder-for-sale","11":"product_tag-buy-2c-b-pink-cocaine","12":"product_tag-buy-2c-b-pink-powder-cocaine","13":"product_tag-buy-2c-pink-cocaine-powder","14":"product_tag-purchase-2c-b-pink-cocaine","16":"first","17":"instock","18":"shipping-taxable","19":"purchasable","20":"product-type-variable","21":"add-to-wishlist-after_add_to_cart"},"yoast_head":"<!-- This site is optimized with the Yoast SEO plugin v25.9 - https:\/\/yoast.com\/wordpress\/plugins\/seo\/ -->\n<title>2C-B Pink Cocaine Buy - Order 2C-B (Pink Cocaine)<\/title>\n<meta name=\"description\" content=\"2C-B Pink Cocaine Buy, 2C-B for sale. You can also call it Tucibi . It also has other names, such as Venus, Nexus, pink Cocaine. Buy Tucibi Cocaine or pink.\" \/>\n<meta name=\"robots\" content=\"index, follow, max-snippet:-1, max-image-preview:large, max-video-preview:-1\" \/>\n<link rel=\"canonical\" href=\"https:\/\/narcopowders.com\/tr\/urun\/2c-b-pembe-kokain-satin-al\/\" \/>\n<meta property=\"og:locale\" content=\"tr_TR\" \/>\n<meta property=\"og:type\" content=\"article\" \/>\n<meta property=\"og:title\" content=\"2C-B Pink Cocaine Buy - Order 2C-B (Pink Cocaine)\" \/>\n<meta property=\"og:description\" content=\"2C-B Pink Cocaine Buy, 2C-B for sale. You can also call it Tucibi . It also has other names, such as Venus, Nexus, pink Cocaine. Buy Tucibi Cocaine or pink.\" \/>\n<meta property=\"og:url\" content=\"https:\/\/narcopowders.com\/tr\/urun\/2c-b-pembe-kokain-satin-al\/\" \/>\n<meta property=\"og:site_name\" content=\"Narco Powders\" \/>\n<meta property=\"article:modified_time\" content=\"2025-03-25T11:42:10+00:00\" \/>\n<meta property=\"og:image\" content=\"https:\/\/narcopowders.com\/wp-content\/uploads\/2023\/09\/2cb-powder.webp\" \/>\n\t<meta property=\"og:image:width\" content=\"768\" \/>\n\t<meta property=\"og:image:height\" content=\"841\" \/>\n\t<meta property=\"og:image:type\" content=\"image\/webp\" \/>\n<meta name=\"twitter:card\" content=\"summary_large_image\" \/>\n<meta name=\"twitter:label1\" content=\"Tahmini okuma s\u00fcresi\" \/>\n\t<meta name=\"twitter:data1\" content=\"2 dakika\" \/>\n<!-- \/ Yoast SEO plugin. -->","yoast_head_json":{"title":"2C-B Pembe Kokain Sat\u0131n Al\u0131n - 2C-B (Pembe Kokain) Sipari\u015f Edin","description":"2C-B Pembe Kokain Sat\u0131n Al, 2C-B sat\u0131l\u0131k. Buna Tucibi de diyebilirsiniz. Ven\u00fcs, Nexus, pembe Kokain gibi ba\u015fka isimleri de vard\u0131r. Tucibi Kokain veya pembe sat\u0131n al\u0131n.","robots":{"index":"index","follow":"follow","max-snippet":"max-snippet:-1","max-image-preview":"max-image-preview:large","max-video-preview":"max-video-preview:-1"},"canonical":"https:\/\/narcopowders.com\/tr\/urun\/2c-b-pembe-kokain-satin-al\/","og_locale":"tr_TR","og_type":"article","og_title":"2C-B Pink Cocaine Buy - Order 2C-B (Pink Cocaine)","og_description":"2C-B Pink Cocaine Buy, 2C-B for sale. You can also call it Tucibi . It also has other names, such as Venus, Nexus, pink Cocaine. Buy Tucibi Cocaine or pink.","og_url":"https:\/\/narcopowders.com\/tr\/urun\/2c-b-pembe-kokain-satin-al\/","og_site_name":"Narco Powders","article_modified_time":"2025-03-25T11:42:10+00:00","og_image":[{"width":768,"height":841,"url":"https:\/\/narcopowders.com\/wp-content\/uploads\/2023\/09\/2cb-powder.webp","type":"image\/webp"}],"twitter_card":"summary_large_image","twitter_misc":{"Tahmini okuma s\u00fcresi":"2 dakika"},"schema":{"@context":"https:\/\/schema.org","@graph":[{"@type":"WebPage","@id":"https:\/\/narcopowders.com\/product\/2c-b-pink-cocaine-buy\/","url":"https:\/\/narcopowders.com\/product\/2c-b-pink-cocaine-buy\/","name":"2C-B Pembe Kokain Sat\u0131n Al\u0131n - 2C-B (Pembe Kokain) Sipari\u015f Edin","isPartOf":{"@id":"https:\/\/narcopowders.com\/#website"},"primaryImageOfPage":{"@id":"https:\/\/narcopowders.com\/product\/2c-b-pink-cocaine-buy\/#primaryimage"},"image":{"@id":"https:\/\/narcopowders.com\/product\/2c-b-pink-cocaine-buy\/#primaryimage"},"thumbnailUrl":"https:\/\/narcopowders.com\/wp-content\/uploads\/2023\/09\/2cb-powder.webp","datePublished":"2023-09-21T08:53:54+00:00","dateModified":"2025-03-25T11:42:10+00:00","description":"2C-B Pembe Kokain Sat\u0131n Al, 2C-B sat\u0131l\u0131k. Buna Tucibi de diyebilirsiniz. Ven\u00fcs, Nexus, pembe Kokain gibi ba\u015fka isimleri de vard\u0131r. Tucibi Kokain veya pembe sat\u0131n al\u0131n.","breadcrumb":{"@id":"https:\/\/narcopowders.com\/product\/2c-b-pink-cocaine-buy\/#breadcrumb"},"inLanguage":"tr","potentialAction":[{"@type":"ReadAction","target":["https:\/\/narcopowders.com\/product\/2c-b-pink-cocaine-buy\/"]}]},{"@type":"ImageObject","inLanguage":"tr","@id":"https:\/\/narcopowders.com\/product\/2c-b-pink-cocaine-buy\/#primaryimage","url":"https:\/\/narcopowders.com\/wp-content\/uploads\/2023\/09\/2cb-powder.webp","contentUrl":"https:\/\/narcopowders.com\/wp-content\/uploads\/2023\/09\/2cb-powder.webp","width":768,"height":841,"caption":"Buy 2C-B Pink Cocaine Online"},{"@type":"BreadcrumbList","@id":"https:\/\/narcopowders.com\/product\/2c-b-pink-cocaine-buy\/#breadcrumb","itemListElement":[{"@type":"ListItem","position":1,"name":"Home","item":"https:\/\/narcopowders.com\/"},{"@type":"ListItem","position":2,"name":"Shop Page","item":"https:\/\/narcopowders.com\/shop\/"},{"@type":"ListItem","position":3,"name":"Buy 2C-B Pink Cocaine Online"}]},{"@type":"WebSite","@id":"https:\/\/narcopowders.com\/#website","url":"https:\/\/narcopowders.com\/","name":"Narko Tozlar","description":"WordPress Blogum","potentialAction":[{"@type":"SearchAction","target":{"@type":"EntryPoint","urlTemplate":"https:\/\/narcopowders.com\/?s={search_term_string}"},"query-input":{"@type":"PropertyValueSpecification","valueRequired":true,"valueName":"search_term_string"}}],"inLanguage":"tr"}]}},"_links":{"self":[{"href":"https:\/\/narcopowders.com\/tr\/wp-json\/wp\/v2\/product\/19778","targetHints":{"allow":["GET"]}}],"collection":[{"href":"https:\/\/narcopowders.com\/tr\/wp-json\/wp\/v2\/product"}],"about":[{"href":"https:\/\/narcopowders.com\/tr\/wp-json\/wp\/v2\/types\/product"}],"replies":[{"embeddable":true,"href":"https:\/\/narcopowders.com\/tr\/wp-json\/wp\/v2\/comments?post=19778"}],"wp:featuredmedia":[{"embeddable":true,"href":"https:\/\/narcopowders.com\/tr\/wp-json\/wp\/v2\/media\/19779"}],"wp:attachment":[{"href":"https:\/\/narcopowders.com\/tr\/wp-json\/wp\/v2\/media?parent=19778"}],"wp:term":[{"taxonomy":"product_brand","embeddable":true,"href":"https:\/\/narcopowders.com\/tr\/wp-json\/wp\/v2\/product_brand?post=19778"},{"taxonomy":"product_cat","embeddable":true,"href":"https:\/\/narcopowders.com\/tr\/wp-json\/wp\/v2\/product_cat?post=19778"},{"taxonomy":"product_tag","embeddable":true,"href":"https:\/\/narcopowders.com\/tr\/wp-json\/wp\/v2\/product_tag?post=19778"}],"curies":[{"name":"wp","href":"https:\/\/api.w.org\/{rel}","templated":true}]}}