{"id":20453,"date":"2024-05-23T06:13:59","date_gmt":"2024-05-23T06:13:59","guid":{"rendered":"https:\/\/narcopowders.com\/?post_type=product&#038;p=20453"},"modified":"2025-03-26T11:18:50","modified_gmt":"2025-03-26T11:18:50","slug":"buy-alprazolam-online","status":"publish","type":"product","link":"https:\/\/narcopowders.com\/tr\/urun\/buy-alprazolam-online\/","title":{"rendered":"Alprazolam Online Sat\u0131n Al\u0131n"},"content":{"rendered":"<p><strong>\u00dcr\u00fcn\u00fcn Tan\u0131m\u0131<\/strong><\/p>\n<p>Strong, fast-acting benzodiazepines like alprazolam have a soothing effect on the central nervous system. If you want to <a href=\"https:\/\/narcopowders.com\/tr\/urun\/buy-alprazolam-online\/\">buy alprazolam powder online<\/a> and be certain to receive <a href=\"https:\/\/narcopowders.com\/tr\/\">high-quality powder<\/a>, go no farther than Shenchulab.<\/p>\n<p>Additionally, the market for <a href=\"https:\/\/en.wikipedia.org\/wiki\/Alprazolam\">alprazolam powder<\/a> is divided into segments based on location, end user, and application.<\/p>\n<p>B\u00f6ylece uygulamaya g\u00f6re anksiyete, depresyon, uykusuzluk ve panik bozukluklar olarak ayr\u0131l\u0131r.<\/p>\n<p>Ayr\u0131ca, son kullan\u0131c\u0131ya g\u00f6re ara\u015ft\u0131rma enstit\u00fcleri, ila\u00e7 \u015firketleri ve di\u011fer kurulu\u015flar (hastaneler ve klinikler) olarak ikiye ayr\u0131l\u0131r. Sat\u0131l\u0131k: alprazolam tozu. <a href=\"https:\/\/www.bing.com\/search?q=Buy+Alprazolam+Online&amp;form=QBLH&amp;sp=-1&amp;lq=0&amp;pq=buy+alprazolam+online&amp;sc=1-21&amp;qs=n&amp;sk=&amp;cvid=ED10688EDDE24F76A8E1723677B961DB&amp;ghsh=0&amp;ghacc=0&amp;ghpl=\">alprazolam powder<\/a>.<\/p>\n<p>Bununla birlikte, co\u011frafi olarak Kuzey Amerika, Avrupa, Asya-Pasifik ve LAMEA'da incelenmektedir.<\/p>\n<p><strong>Temel Avantajlar<\/strong><\/p>\n<ul>\n<li>However the study provides an in-depth analysis of the global <a href=\"https:\/\/www.google.com\/search?q=Buy+Alprazolam+Online&amp;sca_esv=ae1c882eac2a8cbb&amp;sxsrf=AHTn8zp4kTTNtVHTXmAbn2Kdj-rCZhdn6w%3A1742986372446&amp;source=hp&amp;ei=hNzjZ9qqGMKj1e8P57e-iAg&amp;iflsig=ACkRmUkAAAAAZ-PqlHEBcu-0c4UzbtELsu97EdY_NTd_&amp;ved=0ahUKEwja_MycyqeMAxXCUfUHHeebD4EQ4dUDCBo&amp;uact=5&amp;oq=Buy+Alprazolam+Online&amp;gs_lp=Egdnd3Mtd2l6IhVCdXkgQWxwcmF6b2xhbSBPbmxpbmVI1QdQAFgAcAB4AJABAJgB9gKgAfYCqgEDMy0xuAEDyAEA-AEC-AEBmAIAoAIAmAMAkgcAoAdJsgcAuAcA&amp;sclient=gws-wiz\">Alprazolam powder<\/a> market, with current trends and future estimations to elucidate the investment pockets.<\/li>\n<li>Sonu\u00e7 olarak, pazar\u0131n b\u00fcy\u00fcmesini y\u00f6nlendiren ve k\u0131s\u0131tlayan fakt\u00f6rlerin kapsaml\u0131 analizi sa\u011flanmaktad\u0131r.<\/li>\n<li>Ayr\u0131ca rapor, payda\u015flar\u0131n mevcut pazar f\u0131rsatlar\u0131ndan yararlanmalar\u0131na yard\u0131mc\u0131 olmak i\u00e7in nicel bir analiz sunmaktad\u0131r.<\/li>\n<li>Bu nedenle, farkl\u0131 segmentlerin kapsaml\u0131 analizi, pazar\u0131n \u00e7e\u015fitli \u00fcr\u00fcnlerinin anla\u015f\u0131lmas\u0131n\u0131 kolayla\u015ft\u0131r\u0131r.<\/li>\n<li>Bununla birlikte, kilit oyuncular profildir ve ayr\u0131ca pazar\u0131n rekabet\u00e7i g\u00f6r\u00fcn\u00fcm\u00fcn\u00fc tahmin etmek i\u00e7in stratejileri kapsaml\u0131 bir \u015fekilde analiz edilir. <a href=\"https:\/\/duckduckgo.com\/?t=h_&amp;q=Buy+Alprazolam+Online&amp;ia=web\">Buy alprazolam powder online<\/a>.<\/li>\n<\/ul>\n<p><strong>Alprazolam Toz Pazar\u0131 Anahtar Segmentleri:<\/strong><\/p>\n<ul>\n<li>Uygulama ile<\/li>\n<li>Panik Bozukluklar ve ayr\u0131ca Anksiyete<\/li>\n<li>Depresyon<\/li>\n<li>Uykusuzluk<\/li>\n<\/ul>\n<p>&nbsp;<\/p>\n<p>&nbsp;<\/p>","protected":false},"excerpt":{"rendered":"<p>Description of the Product Strong, fast-acting benzodiazepines like alprazolam have a soothing effect on the central nervous system. If you want to buy alprazolam powder online and be certain to receive high-quality powder, go no farther than Shenchulab. Additionally, the market for alprazolam powder is divided into segments based on location, end user, and application. [&hellip;]<\/p>","protected":false},"featured_media":21308,"comment_status":"open","ping_status":"closed","template":"","meta":{"_joinchat":[]},"product_brand":[],"product_cat":[1724],"product_tag":[],"class_list":{"0":"post-20453","1":"product","2":"type-product","3":"status-publish","4":"has-post-thumbnail","6":"product_cat-research-chemicals","8":"first","9":"instock","10":"shipping-taxable","11":"purchasable","12":"product-type-variable","13":"add-to-wishlist-after_add_to_cart"},"yoast_head":"<!-- This site is optimized with the Yoast SEO plugin v25.9 - https:\/\/yoast.com\/wordpress\/plugins\/seo\/ -->\n<title>Buy Alprazolam Online - Alprazolam Powder for Sale | NarcoPowders<\/title>\n<meta name=\"description\" content=\"At our NarcoPowders, you can get alprazolam powder for sale at cheap rates. Here you can buy alprazolam online from our store now. Order Now!\" \/>\n<meta name=\"robots\" content=\"index, follow, max-snippet:-1, max-image-preview:large, max-video-preview:-1\" \/>\n<link rel=\"canonical\" href=\"https:\/\/narcopowders.com\/tr\/urun\/buy-alprazolam-online\/\" \/>\n<meta property=\"og:locale\" content=\"tr_TR\" \/>\n<meta property=\"og:type\" content=\"article\" \/>\n<meta property=\"og:title\" content=\"Buy Alprazolam Online - Alprazolam Powder for Sale | NarcoPowders\" \/>\n<meta property=\"og:description\" content=\"At our NarcoPowders, you can get alprazolam powder for sale at cheap rates. Here you can buy alprazolam online from our store now. Order Now!\" \/>\n<meta property=\"og:url\" content=\"https:\/\/narcopowders.com\/tr\/urun\/buy-alprazolam-online\/\" \/>\n<meta property=\"og:site_name\" content=\"Narco Powders\" \/>\n<meta property=\"article:modified_time\" content=\"2025-03-26T11:18:50+00:00\" \/>\n<meta property=\"og:image\" content=\"https:\/\/narcopowders.com\/wp-content\/uploads\/2024\/05\/Alprazolam.gif\" \/>\n\t<meta property=\"og:image:width\" content=\"600\" \/>\n\t<meta property=\"og:image:height\" content=\"600\" \/>\n\t<meta property=\"og:image:type\" content=\"image\/gif\" \/>\n<meta name=\"twitter:card\" content=\"summary_large_image\" \/>\n<meta name=\"twitter:label1\" content=\"Tahmini okuma s\u00fcresi\" \/>\n\t<meta name=\"twitter:data1\" content=\"2 dakika\" \/>\n<!-- \/ Yoast SEO plugin. -->","yoast_head_json":{"title":"Alprazolam Online Sat\u0131n Al\u0131n - Sat\u0131l\u0131k Alprazolam Tozu | NarcoPowders","description":"NarcoPowders'\u0131m\u0131zda, ucuz fiyatlarla sat\u0131l\u0131k alprazolam tozu alabilirsiniz. Burada \u015fimdi ma\u011fazam\u0131zdan \u00e7evrimi\u00e7i alprazolam sat\u0131n alabilirsiniz. \u015eimdi Sipari\u015f Verin!","robots":{"index":"index","follow":"follow","max-snippet":"max-snippet:-1","max-image-preview":"max-image-preview:large","max-video-preview":"max-video-preview:-1"},"canonical":"https:\/\/narcopowders.com\/tr\/urun\/buy-alprazolam-online\/","og_locale":"tr_TR","og_type":"article","og_title":"Buy Alprazolam Online - Alprazolam Powder for Sale | NarcoPowders","og_description":"At our NarcoPowders, you can get alprazolam powder for sale at cheap rates. Here you can buy alprazolam online from our store now. Order Now!","og_url":"https:\/\/narcopowders.com\/tr\/urun\/buy-alprazolam-online\/","og_site_name":"Narco Powders","article_modified_time":"2025-03-26T11:18:50+00:00","og_image":[{"width":600,"height":600,"url":"https:\/\/narcopowders.com\/wp-content\/uploads\/2024\/05\/Alprazolam.gif","type":"image\/gif"}],"twitter_card":"summary_large_image","twitter_misc":{"Tahmini okuma s\u00fcresi":"2 dakika"},"schema":{"@context":"https:\/\/schema.org","@graph":[{"@type":"WebPage","@id":"https:\/\/narcopowders.com\/product\/buy-alprazolam-online\/","url":"https:\/\/narcopowders.com\/product\/buy-alprazolam-online\/","name":"Alprazolam Online Sat\u0131n Al\u0131n - Sat\u0131l\u0131k Alprazolam Tozu | NarcoPowders","isPartOf":{"@id":"https:\/\/narcopowders.com\/#website"},"primaryImageOfPage":{"@id":"https:\/\/narcopowders.com\/product\/buy-alprazolam-online\/#primaryimage"},"image":{"@id":"https:\/\/narcopowders.com\/product\/buy-alprazolam-online\/#primaryimage"},"thumbnailUrl":"https:\/\/narcopowders.com\/wp-content\/uploads\/2024\/05\/Alprazolam.gif","datePublished":"2024-05-23T06:13:59+00:00","dateModified":"2025-03-26T11:18:50+00:00","description":"NarcoPowders'\u0131m\u0131zda, ucuz fiyatlarla sat\u0131l\u0131k alprazolam tozu alabilirsiniz. Burada \u015fimdi ma\u011fazam\u0131zdan \u00e7evrimi\u00e7i alprazolam sat\u0131n alabilirsiniz. \u015eimdi Sipari\u015f Verin!","breadcrumb":{"@id":"https:\/\/narcopowders.com\/product\/buy-alprazolam-online\/#breadcrumb"},"inLanguage":"tr","potentialAction":[{"@type":"ReadAction","target":["https:\/\/narcopowders.com\/product\/buy-alprazolam-online\/"]}]},{"@type":"ImageObject","inLanguage":"tr","@id":"https:\/\/narcopowders.com\/product\/buy-alprazolam-online\/#primaryimage","url":"https:\/\/narcopowders.com\/wp-content\/uploads\/2024\/05\/Alprazolam.gif","contentUrl":"https:\/\/narcopowders.com\/wp-content\/uploads\/2024\/05\/Alprazolam.gif","width":600,"height":600,"caption":"Buy Alprazolam Online"},{"@type":"BreadcrumbList","@id":"https:\/\/narcopowders.com\/product\/buy-alprazolam-online\/#breadcrumb","itemListElement":[{"@type":"ListItem","position":1,"name":"Home","item":"https:\/\/narcopowders.com\/"},{"@type":"ListItem","position":2,"name":"Shop Page","item":"https:\/\/narcopowders.com\/shop\/"},{"@type":"ListItem","position":3,"name":"Buy Alprazolam Online"}]},{"@type":"WebSite","@id":"https:\/\/narcopowders.com\/#website","url":"https:\/\/narcopowders.com\/","name":"Narko Tozlar","description":"WordPress Blogum","potentialAction":[{"@type":"SearchAction","target":{"@type":"EntryPoint","urlTemplate":"https:\/\/narcopowders.com\/?s={search_term_string}"},"query-input":{"@type":"PropertyValueSpecification","valueRequired":true,"valueName":"search_term_string"}}],"inLanguage":"tr"}]}},"_links":{"self":[{"href":"https:\/\/narcopowders.com\/tr\/wp-json\/wp\/v2\/product\/20453","targetHints":{"allow":["GET"]}}],"collection":[{"href":"https:\/\/narcopowders.com\/tr\/wp-json\/wp\/v2\/product"}],"about":[{"href":"https:\/\/narcopowders.com\/tr\/wp-json\/wp\/v2\/types\/product"}],"replies":[{"embeddable":true,"href":"https:\/\/narcopowders.com\/tr\/wp-json\/wp\/v2\/comments?post=20453"}],"wp:featuredmedia":[{"embeddable":true,"href":"https:\/\/narcopowders.com\/tr\/wp-json\/wp\/v2\/media\/21308"}],"wp:attachment":[{"href":"https:\/\/narcopowders.com\/tr\/wp-json\/wp\/v2\/media?parent=20453"}],"wp:term":[{"taxonomy":"product_brand","embeddable":true,"href":"https:\/\/narcopowders.com\/tr\/wp-json\/wp\/v2\/product_brand?post=20453"},{"taxonomy":"product_cat","embeddable":true,"href":"https:\/\/narcopowders.com\/tr\/wp-json\/wp\/v2\/product_cat?post=20453"},{"taxonomy":"product_tag","embeddable":true,"href":"https:\/\/narcopowders.com\/tr\/wp-json\/wp\/v2\/product_tag?post=20453"}],"curies":[{"name":"wp","href":"https:\/\/api.w.org\/{rel}","templated":true}]}}