{"id":20460,"date":"2024-05-23T06:14:04","date_gmt":"2024-05-23T06:14:04","guid":{"rendered":"https:\/\/narcopowders.com\/?post_type=product&#038;p=20460"},"modified":"2025-03-26T08:16:42","modified_gmt":"2025-03-26T08:16:42","slug":"buy-adb-p-online","status":"publish","type":"product","link":"https:\/\/narcopowders.com\/tr\/urun\/adb-p-online-satin-al\/","title":{"rendered":"ADB-P Online Sat\u0131n Al\u0131n"},"content":{"rendered":"<h2>ADB-Pinaca Powder Online Sat\u0131n Al\u0131n<\/h2>\n<p><a href=\"https:\/\/narcopowders.com\/tr\/urun\/adb-p-online-satin-al\/\">Purchase online ADB-Pinaca Powder<\/a>. Methiopropamine\/MPA is a <a href=\"https:\/\/www.google.com\/search?q=Buy+ADB-Pinaca+Powder+online&amp;sca_esv=2a2a93e8be91f013&amp;sxsrf=AHTn8zouNx5T5pMWDwf5U0zFtGlUHOlGsg%3A1742975629298&amp;ei=jbLjZ4LtEaqPseMPqeKoyAc&amp;ved=0ahUKEwjC5_GZoqeMAxWqR2wGHSkxCnkQ4dUDCA8&amp;uact=5&amp;oq=Buy+ADB-Pinaca+Powder+online&amp;gs_lp=Egxnd3Mtd2l6LXNlcnAiHEJ1eSBBREItUGluYWNhIFBvd2RlciBvbmxpbmUyBRAhGKABMgUQIRigAUjbCVCPBViPBXADeACQAQCYAd0BoAHdAaoBAzItMbgBA8gBAPgBAvgBAZgCBKAC9gHCAgsQABiwAxiiBBiJBcICCxAAGIAEGLADGKIEwgIIEAAYsAMY7wWYAwCIBgGQBgWSBwUzLjAuMaAHkwKyBwMyLTG4B-IB&amp;sclient=gws-wiz-serp\">kimyasal<\/a> stock that is available in powder and crystal form. <a href=\"https:\/\/narcopowders.com\/tr\/\">ADB-Pinaca<\/a> Powder Purity 98%<\/p>\n<h3>ADB-Pinaca Tozunun Safl\u0131\u011f\u0131<\/h3>\n<p>ProName: <a href=\"https:\/\/en.wikipedia.org\/wiki\/ADB-PINACA\">5F-ADB 5FADB ADB powder<\/a>, 5F-MDMB-PINACA<\/p>\n<p>CasNo: 68585-34-2<\/p>\n<p>Chemical Formula: <a href=\"https:\/\/www.bing.com\/search?q=Buy%20ADB-Pinaca%20Powder%20online&amp;qs=n&amp;form=QBRE&amp;sp=-1&amp;ghc=1&amp;lq=0&amp;pq=buy%20adb-pinaca%20powder%20online&amp;sc=12-28&amp;sk=&amp;cvid=3F610330B4134E0C98E28CC1879F33A6&amp;ghsh=0&amp;ghacc=0&amp;ghpl=\">ADB<\/a><\/p>\n<p>Look: a <a href=\"https:\/\/www.google.com\/search?q=Buy+ADB-Pinaca+Powder+online&amp;sca_esv=2a2a93e8be91f013&amp;sxsrf=AHTn8zouNx5T5pMWDwf5U0zFtGlUHOlGsg%3A1742975629298&amp;ei=jbLjZ4LtEaqPseMPqeKoyAc&amp;ved=0ahUKEwjC5_GZoqeMAxWqR2wGHSkxCnkQ4dUDCA8&amp;uact=5&amp;oq=Buy+ADB-Pinaca+Powder+online&amp;gs_lp=Egxnd3Mtd2l6LXNlcnAiHEJ1eSBBREItUGluYWNhIFBvd2RlciBvbmxpbmUyBRAhGKABMgUQIRigAUjbCVCPBViPBXADeACQAQCYAd0BoAHdAaoBAzItMbgBA8gBAPgBAvgBAZgCBKAC9gHCAgsQABiwAxiiBBiJBcICCxAAGIAEGLADGKIEwgIIEAAYsAMY7wWYAwCIBgGQBgWSBwUzLjAuMaAHkwKyBwMyLTG4B-IB&amp;sclient=gws-wiz-serp\">powdery white crystal<\/a><\/p>\n<p>Kullan\u0131m: farmas\u00f6tik arac\u0131<\/p>\n<p>Tamamlanan \u00fcr\u00fcnler i\u00e7in teslimat s\u00fcresi 4-7 g\u00fcnd\u00fcr.<\/p>\n<p>Ambalaj: 1 kg\/folyo astarl\u0131 torba<\/p>\n<p>Tianjin liman<\/p>\n<p>\u00dcretim Kapasitesi: 10.000 kg\/ay<\/p>\n<p>&gt;99,5% safl\u0131\u011f\u0131<\/p>\n<p>Saklama: kuru, serin ve a\u011fz\u0131 s\u0131k\u0131ca kapal\u0131 olarak saklay\u0131n.<\/p>\n<p>Nakliye: DHL, FEDEX ve EMS ile<\/p>\n<p>Nem \u0130\u00e7eri\u011fi: \u22640,01<\/p>\n<p><a href=\"https:\/\/www.bing.com\/search?q=Buy%20ADB-Pinaca%20Powder%20online&amp;qs=n&amp;form=QBRE&amp;sp=-1&amp;ghc=1&amp;lq=0&amp;pq=buy%20adb-pinaca%20powder%20online&amp;sc=12-28&amp;sk=&amp;cvid=3F610330B4134E0C98E28CC1879F33A6&amp;ghsh=0&amp;ghacc=0&amp;ghpl=\">ADB-Pinaca Powder<\/a> Purity 98% for Sale, Research Chemical Vendors, Research Chemicals China, <a href=\"https:\/\/duckduckgo.com\/?q=Buy+ADB-Pinaca+Powder+online&amp;t=h_&amp;ia=web\">Ara\u015ft\u0131rma Kimyasallar\u0131<\/a> Reddit, Research Chemicals Best Site to Buy, Research Chemicals Bodybuilding, <a href=\"https:\/\/duckduckgo.com\/?q=Buy+ADB-Pinaca+Powder+online&amp;t=h_&amp;ia=web\">Cheap Research Chemicals USA<\/a><\/p>","protected":false},"excerpt":{"rendered":"<p>Buy ADB-Pinaca Powder online Purchase online ADB-Pinaca Powder. Methiopropamine\/MPA is a chemical stock that is available in powder and crystal form. ADB-Pinaca Powder Purity 98% Purity of ADB-Pinaca Powder ProName: 5F-ADB 5FADB ADB powder, 5F-MDMB-PINACA CasNo: 68585-34-2 Chemical Formula: ADB Look: a powdery white crystal Use: pharmaceutical intermediary Delivery time for completed items is 4\u20137 [&hellip;]<\/p>","protected":false},"featured_media":21274,"comment_status":"open","ping_status":"closed","template":"","meta":{"_joinchat":[]},"product_brand":[],"product_cat":[1724],"product_tag":[],"class_list":{"0":"post-20460","1":"product","2":"type-product","3":"status-publish","4":"has-post-thumbnail","6":"product_cat-research-chemicals","8":"first","9":"instock","10":"shipping-taxable","11":"purchasable","12":"product-type-variable","13":"add-to-wishlist-after_add_to_cart"},"yoast_head":"<!-- This site is optimized with the Yoast SEO plugin v25.9 - https:\/\/yoast.com\/wordpress\/plugins\/seo\/ -->\n<title>ADBB for Sale - Buy ADBB Online - Order ADBB Online<\/title>\n<meta name=\"description\" content=\"You can now get adbb for sale from our top best store NarcoPowders. Our staff will assist you to buy adbb online at the best prices. Order adbb online today with worldwide shipping!\" \/>\n<meta name=\"robots\" content=\"index, follow, max-snippet:-1, max-image-preview:large, max-video-preview:-1\" \/>\n<link rel=\"canonical\" href=\"https:\/\/narcopowders.com\/tr\/urun\/adb-p-online-satin-al\/\" \/>\n<meta property=\"og:locale\" content=\"tr_TR\" \/>\n<meta property=\"og:type\" content=\"article\" \/>\n<meta property=\"og:title\" content=\"ADBB for Sale - Buy ADBB Online - Order ADBB Online\" \/>\n<meta property=\"og:description\" content=\"You can now get adbb for sale from our top best store NarcoPowders. Our staff will assist you to buy adbb online at the best prices. Order adbb online today with worldwide shipping!\" \/>\n<meta property=\"og:url\" content=\"https:\/\/narcopowders.com\/tr\/urun\/adb-p-online-satin-al\/\" \/>\n<meta property=\"og:site_name\" content=\"Narco Powders\" \/>\n<meta property=\"article:modified_time\" content=\"2025-03-26T08:16:42+00:00\" \/>\n<meta property=\"og:image\" content=\"https:\/\/narcopowders.com\/wp-content\/uploads\/2024\/05\/Adbp.gif\" \/>\n\t<meta property=\"og:image:width\" content=\"600\" \/>\n\t<meta property=\"og:image:height\" content=\"600\" \/>\n\t<meta property=\"og:image:type\" content=\"image\/gif\" \/>\n<meta name=\"twitter:card\" content=\"summary_large_image\" \/>\n<meta name=\"twitter:label1\" content=\"Tahmini okuma s\u00fcresi\" \/>\n\t<meta name=\"twitter:data1\" content=\"1 dakika\" \/>\n<!-- \/ Yoast SEO plugin. -->","yoast_head_json":{"title":"Sat\u0131l\u0131k ADBB - Online ADBB Sat\u0131n Al - Online ADBB Sipari\u015f Et","description":"\u015eimdi en iyi ma\u011fazam\u0131z NarcoPowders'dan sat\u0131l\u0131k adbb alabilirsiniz. Personelimiz adbb'yi en iyi fiyatlarla \u00e7evrimi\u00e7i sat\u0131n alman\u0131za yard\u0131mc\u0131 olacakt\u0131r. D\u00fcnya \u00e7ap\u0131nda nakliye ile bug\u00fcn \u00e7evrimi\u00e7i adbb sipari\u015f edin!","robots":{"index":"index","follow":"follow","max-snippet":"max-snippet:-1","max-image-preview":"max-image-preview:large","max-video-preview":"max-video-preview:-1"},"canonical":"https:\/\/narcopowders.com\/tr\/urun\/adb-p-online-satin-al\/","og_locale":"tr_TR","og_type":"article","og_title":"ADBB for Sale - Buy ADBB Online - Order ADBB Online","og_description":"You can now get adbb for sale from our top best store NarcoPowders. Our staff will assist you to buy adbb online at the best prices. Order adbb online today with worldwide shipping!","og_url":"https:\/\/narcopowders.com\/tr\/urun\/adb-p-online-satin-al\/","og_site_name":"Narco Powders","article_modified_time":"2025-03-26T08:16:42+00:00","og_image":[{"width":600,"height":600,"url":"https:\/\/narcopowders.com\/wp-content\/uploads\/2024\/05\/Adbp.gif","type":"image\/gif"}],"twitter_card":"summary_large_image","twitter_misc":{"Tahmini okuma s\u00fcresi":"1 dakika"},"schema":{"@context":"https:\/\/schema.org","@graph":[{"@type":"WebPage","@id":"https:\/\/narcopowders.com\/product\/buy-adb-p-online\/","url":"https:\/\/narcopowders.com\/product\/buy-adb-p-online\/","name":"Sat\u0131l\u0131k ADBB - Online ADBB Sat\u0131n Al - Online ADBB Sipari\u015f Et","isPartOf":{"@id":"https:\/\/narcopowders.com\/#website"},"primaryImageOfPage":{"@id":"https:\/\/narcopowders.com\/product\/buy-adb-p-online\/#primaryimage"},"image":{"@id":"https:\/\/narcopowders.com\/product\/buy-adb-p-online\/#primaryimage"},"thumbnailUrl":"https:\/\/narcopowders.com\/wp-content\/uploads\/2024\/05\/Adbp.gif","datePublished":"2024-05-23T06:14:04+00:00","dateModified":"2025-03-26T08:16:42+00:00","description":"\u015eimdi en iyi ma\u011fazam\u0131z NarcoPowders'dan sat\u0131l\u0131k adbb alabilirsiniz. Personelimiz adbb'yi en iyi fiyatlarla \u00e7evrimi\u00e7i sat\u0131n alman\u0131za yard\u0131mc\u0131 olacakt\u0131r. D\u00fcnya \u00e7ap\u0131nda nakliye ile bug\u00fcn \u00e7evrimi\u00e7i adbb sipari\u015f edin!","breadcrumb":{"@id":"https:\/\/narcopowders.com\/product\/buy-adb-p-online\/#breadcrumb"},"inLanguage":"tr","potentialAction":[{"@type":"ReadAction","target":["https:\/\/narcopowders.com\/product\/buy-adb-p-online\/"]}]},{"@type":"ImageObject","inLanguage":"tr","@id":"https:\/\/narcopowders.com\/product\/buy-adb-p-online\/#primaryimage","url":"https:\/\/narcopowders.com\/wp-content\/uploads\/2024\/05\/Adbp.gif","contentUrl":"https:\/\/narcopowders.com\/wp-content\/uploads\/2024\/05\/Adbp.gif","width":600,"height":600,"caption":"Buy ADB-P Online"},{"@type":"BreadcrumbList","@id":"https:\/\/narcopowders.com\/product\/buy-adb-p-online\/#breadcrumb","itemListElement":[{"@type":"ListItem","position":1,"name":"Home","item":"https:\/\/narcopowders.com\/"},{"@type":"ListItem","position":2,"name":"Shop Page","item":"https:\/\/narcopowders.com\/shop\/"},{"@type":"ListItem","position":3,"name":"Buy ADB-P Online"}]},{"@type":"WebSite","@id":"https:\/\/narcopowders.com\/#website","url":"https:\/\/narcopowders.com\/","name":"Narko Tozlar","description":"WordPress Blogum","potentialAction":[{"@type":"SearchAction","target":{"@type":"EntryPoint","urlTemplate":"https:\/\/narcopowders.com\/?s={search_term_string}"},"query-input":{"@type":"PropertyValueSpecification","valueRequired":true,"valueName":"search_term_string"}}],"inLanguage":"tr"}]}},"_links":{"self":[{"href":"https:\/\/narcopowders.com\/tr\/wp-json\/wp\/v2\/product\/20460","targetHints":{"allow":["GET"]}}],"collection":[{"href":"https:\/\/narcopowders.com\/tr\/wp-json\/wp\/v2\/product"}],"about":[{"href":"https:\/\/narcopowders.com\/tr\/wp-json\/wp\/v2\/types\/product"}],"replies":[{"embeddable":true,"href":"https:\/\/narcopowders.com\/tr\/wp-json\/wp\/v2\/comments?post=20460"}],"wp:featuredmedia":[{"embeddable":true,"href":"https:\/\/narcopowders.com\/tr\/wp-json\/wp\/v2\/media\/21274"}],"wp:attachment":[{"href":"https:\/\/narcopowders.com\/tr\/wp-json\/wp\/v2\/media?parent=20460"}],"wp:term":[{"taxonomy":"product_brand","embeddable":true,"href":"https:\/\/narcopowders.com\/tr\/wp-json\/wp\/v2\/product_brand?post=20460"},{"taxonomy":"product_cat","embeddable":true,"href":"https:\/\/narcopowders.com\/tr\/wp-json\/wp\/v2\/product_cat?post=20460"},{"taxonomy":"product_tag","embeddable":true,"href":"https:\/\/narcopowders.com\/tr\/wp-json\/wp\/v2\/product_tag?post=20460"}],"curies":[{"name":"wp","href":"https:\/\/api.w.org\/{rel}","templated":true}]}}