{"id":20462,"date":"2024-05-23T06:14:04","date_gmt":"2024-05-23T06:14:04","guid":{"rendered":"https:\/\/narcopowders.com\/?post_type=product&#038;p=20462"},"modified":"2025-03-26T07:25:04","modified_gmt":"2025-03-26T07:25:04","slug":"buy-4f-bca","status":"publish","type":"product","link":"https:\/\/narcopowders.com\/tr\/urun\/satin-4f-bca\/","title":{"rendered":"4F-BCA Online Sat\u0131n Al\u0131n"},"content":{"rendered":"<h2>4F-BCA'y\u0131 NarcoPowder'dan Uygun Fiyatlarla Online Sat\u0131n Al\u0131n!<\/h2>\n<p><a href=\"https:\/\/narcopowders.com\/tr\/urun\/satin-4f-bca\/\">4F-BCA Sat\u0131n Al\u0131n<\/a>4F-BCA terimi, s\u0131v\u0131 ve kat\u0131 formlarda bulunan 4-floro-BCA'y\u0131 ifade eder. Eskiden uyar\u0131c\u0131 olarak kullan\u0131l\u0131rd\u0131 ve \u015fu s\u0131n\u0131fa aitti: <a href=\"https:\/\/narcopowders.com\/tr\/\">cannabinoid indazoles<\/a>\u0130nternette tasar\u0131mc\u0131 ila\u00e7lar\u0131 olarak sat\u0131\u015fa sunulan bir bitki kar\u0131\u015f\u0131m\u0131n\u0131n par\u00e7as\u0131d\u0131r. Haz\u0131rlanma s\u00fcreci kesin ve basit olmayabilir.<\/p>\n<p>It is a strong <a href=\"https:\/\/en.wikipedia.org\/wiki\/4F-MDMB-BINACA\">ara\u015ft\u0131rma kimyasal\u0131<\/a> that is not recommended for human consumption. <a href=\"https:\/\/www.bing.com\/search?q=Buy%204F-BCA%20Online&amp;qs=n&amp;form=QBRE&amp;sp=-1&amp;lq=0&amp;pq=buy%204f-bca%20online&amp;sc=9-17&amp;sk=&amp;cvid=DBD53E1596B54DBDB3ADE646F740F343&amp;ghsh=0&amp;ghacc=0&amp;ghpl=\">4F-BCA<\/a> seems to have effects that are comparable to those of other cannabinoids. Chemists and researchers can purchase 4F-BCA at <a href=\"https:\/\/duckduckgo.com\/?q=Buy+4F-BCA+Online&amp;t=h_&amp;ia=web\">NarcoPowder<\/a> for use in testing, research, and forensic applications.<\/p>\n<h3>4F-BCA'n\u0131n Genel Farmakolojisi<\/h3>\n<p>4F-BCA esrar molek\u00fcl ailesinin bir \u00fcyesidir. 4F-ADB'nin onun yerini almas\u0131 ama\u00e7lanm\u0131\u015ft\u0131r. 4F-BCA'n\u0131n etkileri 5F-ADB ve 4F-ADB'ninkilere benzerdir. Yaln\u0131zca kenevir ila\u00e7 end\u00fcstrisi ara\u015ft\u0131rmalar\u0131 i\u00e7in tasarlanm\u0131\u015f yeni bir ara\u015ft\u0131rma bile\u015fi\u011fi olarak tan\u0131t\u0131lmaktad\u0131r. Hem 4F-ADB hem de 5F-ADB i\u00e7in iyi bir ikamedir. <a href=\"https:\/\/www.bing.com\/search?q=Buy%204F-BCA%20Online&amp;qs=n&amp;form=QBRE&amp;sp=-1&amp;lq=0&amp;pq=buy%204f-bca%20online&amp;sc=9-17&amp;sk=&amp;cvid=DBD53E1596B54DBDB3ADE646F740F343&amp;ghsh=0&amp;ghacc=0&amp;ghpl=\">4F-BCA<\/a> from us today at a discounted price online!<\/p>\n<p>4F-BCA s\u0131v\u0131 ve kat\u0131 formlarda bulundu\u011fundan t\u00fcketilebilir veya t\u00fctt\u00fcr\u00fclebilir.<\/p>\n<p>La <a href=\"https:\/\/www.google.com\/search?q=Buy+4F-BCA+Online&amp;sca_esv=2a2a93e8be91f013&amp;sxsrf=AHTn8zqzaehfD_tD-MQTXjuTUgHWTKl5mQ%3A1742973503660&amp;ei=P6rjZ7_zJ62gseMP2a3NuQI&amp;ved=0ahUKEwj_jqekmqeMAxUtUGwGHdlWMycQ4dUDCA8&amp;uact=5&amp;oq=Buy+4F-BCA+Online&amp;gs_lp=Egxnd3Mtd2l6LXNlcnAiEUJ1eSA0Ri1CQ0EgT25saW5lMgUQABjvBTIIEAAYogQYiQUyCBAAGIAEGKIEMggQABiABBiiBEjNBlChAlihAnABeACQAQCYAdoBoAHaAaoBAzItMbgBA8gBAPgBAfgBApgCAqAC_QGoAhDCAgcQIxgnGOoCwgINEC4Y0QMYxwEYJxjqAsICFBAAGIAEGJECGLQCGIoFGOoC2AEBmAMZ8QUqGGdK6G0bSboGBggBEAEYAZIHBTEuMC4xoAeIArIHAzItMbgH5AE&amp;sclient=gws-wiz-serp\">4F-BCA'n\u0131n kimyasal form\u00fcl\u00fc<\/a> form\u00fcl\u00fc C23H22FN3O. A\u00e7\u0131klamada sar\u0131 toz halinde bir ara\u015ft\u0131rma bile\u015fi\u011fi oldu\u011fu yaz\u0131yor. Uzun s\u00fcre serin ve kuru bir yerde saklay\u0131n.<\/p>\n<p><strong>Kullan\u0131m Y\u00f6ntemi<\/strong><\/p>\n<p>Regarding the <a href=\"https:\/\/www.google.com\/search?q=Buy+4F-BCA+Online&amp;sca_esv=2a2a93e8be91f013&amp;sxsrf=AHTn8zqzaehfD_tD-MQTXjuTUgHWTKl5mQ%3A1742973503660&amp;ei=P6rjZ7_zJ62gseMP2a3NuQI&amp;ved=0ahUKEwj_jqekmqeMAxUtUGwGHdlWMycQ4dUDCA8&amp;uact=5&amp;oq=Buy+4F-BCA+Online&amp;gs_lp=Egxnd3Mtd2l6LXNlcnAiEUJ1eSA0Ri1CQ0EgT25saW5lMgUQABjvBTIIEAAYogQYiQUyCBAAGIAEGKIEMggQABiABBiiBEjNBlChAlihAnABeACQAQCYAdoBoAHaAaoBAzItMbgBA8gBAPgBAfgBApgCAqAC_QGoAhDCAgcQIxgnGOoCwgINEC4Y0QMYxwEYJxjqAsICFBAAGIAEGJECGLQCGIoFGOoC2AEBmAMZ8QUqGGdK6G0bSboGBggBEAEYAZIHBTEuMC4xoAeIArIHAzItMbgH5AE&amp;sclient=gws-wiz-serp\">specific application of 4F-BCA<\/a>4F-BCA'n\u0131n spesifik uygulamas\u0131na ili\u015fkin herhangi bir kan\u0131t bulunmamaktad\u0131r. Evsizler ve \u00e7ok endi\u015feli olan di\u011fer ki\u015filer bu ila\u00e7lar\u0131 kullanmaktad\u0131r. A\u011f\u0131z yoluyla al\u0131nabilse de, sigara i\u00e7mek birincil t\u00fcketim y\u00f6ntemidir. \u0130la\u00e7lar\u0131n kesin miktar\u0131 ve say\u0131s\u0131 -ki bunlar tart\u0131\u015fmaya a\u00e7\u0131kt\u0131r- teknikten daha \u00f6nemlidir.<\/p>\n<p>\u00c7o\u011fu insan hangi spesifik ilac\u0131 veya miktar\u0131 ald\u0131klar\u0131 hakk\u0131nda hi\u00e7bir fikre sahip de\u011fildir. T\u0131bbi ara\u015ft\u0131rmalar, 4F-BCA Sat\u0131n Al gibi bu ila\u00e7lar\u0131n ticari, end\u00fcstriyel veya terap\u00f6tik kullan\u0131mlar\u0131n\u0131n olmad\u0131\u011f\u0131n\u0131 g\u00f6stermektedir.<\/p>\n<p>4F-BCA'y\u0131 hemen \u015fimdi al\u0131n <a href=\"https:\/\/duckduckgo.com\/?q=Buy+4F-BCA+Online&amp;t=h_&amp;ia=web\">Narcopowders.com<\/a>!<\/p>","protected":false},"excerpt":{"rendered":"<p>Purchase 4F-BCA Online at NarcoPowder for Affordable Prices! Buy 4F-BCA, The term 4F-BCA refers to 4-fluoro-BCA, which is available in liquid and solid forms. It was formerly employed as a stimulant and belonged to the class of cannabinoid indazoles. It&#8217;s part of a blend of herbal plants that are offered for sale online as designer [&hellip;]<\/p>","protected":false},"featured_media":21304,"comment_status":"open","ping_status":"closed","template":"","meta":{"_joinchat":[]},"product_brand":[],"product_cat":[1724,1538],"product_tag":[1725,1726,1727,1728,1729,1730,1731,1732,1733,1734,1735],"class_list":{"0":"post-20462","1":"product","2":"type-product","3":"status-publish","4":"has-post-thumbnail","6":"product_cat-research-chemicals","7":"product_cat-cannabinoids","8":"product_tag-4f-adb-psychonaut","9":"product_tag-4f-bca-reddit","10":"product_tag-4f-mdmb-2201","11":"product_tag-4f-mdmb-binaca-effects","12":"product_tag-4f-mdmb-binaca-reddit","13":"product_tag-4f-mdmb-pinaca","14":"product_tag-4fbca-effects","15":"product_tag-4fbca-reddit","16":"product_tag-5cl-adb-a","17":"product_tag-cannabinoid-sales","18":"product_tag-what-is-4f-mdmb-binaca-description-additional-information-what-is-4f-mdmb-binaca-description","20":"first","21":"instock","22":"shipping-taxable","23":"purchasable","24":"product-type-variable","25":"add-to-wishlist-after_add_to_cart"},"yoast_head":"<!-- This site is optimized with the Yoast SEO plugin v27.5 - https:\/\/yoast.com\/product\/yoast-seo-wordpress\/ -->\n<title>Buy 4F-BCA Online - 4F-BCA for Sale | Narcopowders<\/title>\n<meta name=\"description\" content=\"Explore our online store for 4f-bca for sale, offering high-quality 4f-bca powder. Buy 4f-bca online securely and embark on your research journey with confidence.\" \/>\n<meta name=\"robots\" content=\"index, follow, max-snippet:-1, max-image-preview:large, max-video-preview:-1\" \/>\n<link rel=\"canonical\" href=\"https:\/\/narcopowders.com\/tr\/urun\/satin-4f-bca\/\" \/>\n<meta property=\"og:locale\" content=\"tr_TR\" \/>\n<meta property=\"og:type\" content=\"article\" \/>\n<meta property=\"og:title\" content=\"Buy 4F-BCA Online - 4F-BCA for Sale | Narcopowders\" \/>\n<meta property=\"og:description\" content=\"Explore our online store for 4f-bca for sale, offering high-quality 4f-bca powder. Buy 4f-bca online securely and embark on your research journey with confidence.\" \/>\n<meta property=\"og:url\" content=\"https:\/\/narcopowders.com\/tr\/urun\/satin-4f-bca\/\" \/>\n<meta property=\"og:site_name\" content=\"Narco Powders\" \/>\n<meta property=\"article:modified_time\" content=\"2025-03-26T07:25:04+00:00\" \/>\n<meta property=\"og:image\" content=\"https:\/\/narcopowders.com\/wp-content\/uploads\/2024\/05\/4f-bca.gif\" \/>\n\t<meta property=\"og:image:width\" content=\"600\" \/>\n\t<meta property=\"og:image:height\" content=\"600\" \/>\n\t<meta property=\"og:image:type\" content=\"image\/gif\" \/>\n<meta name=\"twitter:card\" content=\"summary_large_image\" \/>\n<meta name=\"twitter:label1\" content=\"Tahmini okuma s\u00fcresi\" \/>\n\t<meta name=\"twitter:data1\" content=\"2 dakika\" \/>\n<!-- \/ Yoast SEO plugin. -->","yoast_head_json":{"title":"4F-BCA Online Sat\u0131n Al\u0131n - Sat\u0131l\u0131k 4F-BCA | Narcopowders","description":"Sat\u0131l\u0131k 4f-bca i\u00e7in y\u00fcksek kaliteli 4f-bca tozu sunan online ma\u011fazam\u0131z\u0131 ke\u015ffedin. G\u00fcvenli bir \u015fekilde \u00e7evrimi\u00e7i 4f-bca sat\u0131n al\u0131n ve ara\u015ft\u0131rma yolculu\u011funuza g\u00fcvenle ba\u015flay\u0131n.","robots":{"index":"index","follow":"follow","max-snippet":"max-snippet:-1","max-image-preview":"max-image-preview:large","max-video-preview":"max-video-preview:-1"},"canonical":"https:\/\/narcopowders.com\/tr\/urun\/satin-4f-bca\/","og_locale":"tr_TR","og_type":"article","og_title":"Buy 4F-BCA Online - 4F-BCA for Sale | Narcopowders","og_description":"Explore our online store for 4f-bca for sale, offering high-quality 4f-bca powder. Buy 4f-bca online securely and embark on your research journey with confidence.","og_url":"https:\/\/narcopowders.com\/tr\/urun\/satin-4f-bca\/","og_site_name":"Narco Powders","article_modified_time":"2025-03-26T07:25:04+00:00","og_image":[{"width":600,"height":600,"url":"https:\/\/narcopowders.com\/wp-content\/uploads\/2024\/05\/4f-bca.gif","type":"image\/gif"}],"twitter_card":"summary_large_image","twitter_misc":{"Tahmini okuma s\u00fcresi":"2 dakika"},"schema":{"@context":"https:\/\/schema.org","@graph":[{"@type":"WebPage","@id":"https:\/\/narcopowders.com\/product\/buy-4f-bca\/","url":"https:\/\/narcopowders.com\/product\/buy-4f-bca\/","name":"4F-BCA Online Sat\u0131n Al\u0131n - Sat\u0131l\u0131k 4F-BCA | Narcopowders","isPartOf":{"@id":"https:\/\/narcopowders.com\/#website"},"primaryImageOfPage":{"@id":"https:\/\/narcopowders.com\/product\/buy-4f-bca\/#primaryimage"},"image":{"@id":"https:\/\/narcopowders.com\/product\/buy-4f-bca\/#primaryimage"},"thumbnailUrl":"https:\/\/narcopowders.com\/wp-content\/uploads\/2024\/05\/4f-bca.gif","datePublished":"2024-05-23T06:14:04+00:00","dateModified":"2025-03-26T07:25:04+00:00","description":"Sat\u0131l\u0131k 4f-bca i\u00e7in y\u00fcksek kaliteli 4f-bca tozu sunan online ma\u011fazam\u0131z\u0131 ke\u015ffedin. G\u00fcvenli bir \u015fekilde \u00e7evrimi\u00e7i 4f-bca sat\u0131n al\u0131n ve ara\u015ft\u0131rma yolculu\u011funuza g\u00fcvenle ba\u015flay\u0131n.","breadcrumb":{"@id":"https:\/\/narcopowders.com\/product\/buy-4f-bca\/#breadcrumb"},"inLanguage":"tr","potentialAction":[{"@type":"ReadAction","target":["https:\/\/narcopowders.com\/product\/buy-4f-bca\/"]}]},{"@type":"ImageObject","inLanguage":"tr","@id":"https:\/\/narcopowders.com\/product\/buy-4f-bca\/#primaryimage","url":"https:\/\/narcopowders.com\/wp-content\/uploads\/2024\/05\/4f-bca.gif","contentUrl":"https:\/\/narcopowders.com\/wp-content\/uploads\/2024\/05\/4f-bca.gif","width":600,"height":600,"caption":"Buy 4F-BCA Online"},{"@type":"BreadcrumbList","@id":"https:\/\/narcopowders.com\/product\/buy-4f-bca\/#breadcrumb","itemListElement":[{"@type":"ListItem","position":1,"name":"Home","item":"https:\/\/narcopowders.com\/"},{"@type":"ListItem","position":2,"name":"Shop Page","item":"https:\/\/narcopowders.com\/shop\/"},{"@type":"ListItem","position":3,"name":"Buy 4F-BCA Online"}]},{"@type":"WebSite","@id":"https:\/\/narcopowders.com\/#website","url":"https:\/\/narcopowders.com\/","name":"Narko Tozlar","description":"WordPress Blogum","potentialAction":[{"@type":"SearchAction","target":{"@type":"EntryPoint","urlTemplate":"https:\/\/narcopowders.com\/?s={search_term_string}"},"query-input":{"@type":"PropertyValueSpecification","valueRequired":true,"valueName":"search_term_string"}}],"inLanguage":"tr"}]}},"_links":{"self":[{"href":"https:\/\/narcopowders.com\/tr\/wp-json\/wp\/v2\/product\/20462","targetHints":{"allow":["GET"]}}],"collection":[{"href":"https:\/\/narcopowders.com\/tr\/wp-json\/wp\/v2\/product"}],"about":[{"href":"https:\/\/narcopowders.com\/tr\/wp-json\/wp\/v2\/types\/product"}],"replies":[{"embeddable":true,"href":"https:\/\/narcopowders.com\/tr\/wp-json\/wp\/v2\/comments?post=20462"}],"wp:featuredmedia":[{"embeddable":true,"href":"https:\/\/narcopowders.com\/tr\/wp-json\/wp\/v2\/media\/21304"}],"wp:attachment":[{"href":"https:\/\/narcopowders.com\/tr\/wp-json\/wp\/v2\/media?parent=20462"}],"wp:term":[{"taxonomy":"product_brand","embeddable":true,"href":"https:\/\/narcopowders.com\/tr\/wp-json\/wp\/v2\/product_brand?post=20462"},{"taxonomy":"product_cat","embeddable":true,"href":"https:\/\/narcopowders.com\/tr\/wp-json\/wp\/v2\/product_cat?post=20462"},{"taxonomy":"product_tag","embeddable":true,"href":"https:\/\/narcopowders.com\/tr\/wp-json\/wp\/v2\/product_tag?post=20462"}],"curies":[{"name":"wp","href":"https:\/\/api.w.org\/{rel}","templated":true}]}}