{"id":20502,"date":"2024-05-23T06:14:12","date_gmt":"2024-05-23T06:14:12","guid":{"rendered":"https:\/\/narcopowders.com\/?post_type=product&#038;p=20502"},"modified":"2024-05-24T07:20:11","modified_gmt":"2024-05-24T07:20:11","slug":"buy-4f%e2%80%90mdmb%e2%80%90binaca-online","status":"publish","type":"product","link":"https:\/\/narcopowders.com\/tr\/urun\/buy-4f\u2010mdmb\u2010binaca-online\/","title":{"rendered":"4F-MDMB-BINACA Online Sat\u0131n Al\u0131n"},"content":{"rendered":"<h2>4f-mdmb-b Online Sat\u0131n Al\u0131n<\/h2>\n<p>4F-MDMB-B Sat\u0131n Al\u0131n, 4f-mdmb-b'yi NarcoPowders'dan bankay\u0131 bozmayacak uygun fiyatla \u00e7evrimi\u00e7i sat\u0131n alabilirsiniz. Uzun y\u0131llard\u0131r sadece sat\u0131l\u0131k 4f-mdmb-b ile ilgileniyoruz. T\u00fcketicilerimizin d\u00fcnya \u00e7ap\u0131nda en iyisinden ba\u015fka bir \u015fey almamas\u0131n\u0131 sa\u011flamak i\u00e7in her \u00fcr\u00fcn\u00fc izliyoruz. Bilgili personelimiz, 4f-mdmb-b ile ilgili sipari\u015fleri \u00e7evrimi\u00e7i olarak tamamlamak i\u00e7in yorulmadan \u00e7al\u0131\u015f\u0131r. \u00c7evrimi\u00e7i t\u00fcccarlar\u0131m\u0131z ve tedarik\u00e7ilerimiz 4f-mdmb-b teslimat\u0131n\u0131 zaman\u0131nda tamamlar<a href=\"https:\/\/narcopowders.com\/tr\/product\/buy-5f-akb48-online\/\">.<\/a><\/p>\n<p>Bizden 4f-mdmb-b sipari\u015f ediyorsan\u0131z, hi\u00e7bir \u015fey i\u00e7in endi\u015felenmeyin. Paketleme personeli sipari\u015finizi g\u00fcvenli bir \u015fekilde paketleyecektir. \u0130htiya\u00e7lar\u0131n\u0131z\u0131 g\u00f6r\u00fc\u015fmek ve bu \u00fcr\u00fcne m\u00fcmk\u00fcn olan en k\u0131sa s\u00fcrede sahip olmak i\u00e7in hemen bizimle ileti\u015fime ge\u00e7in.<\/p>\n<p>4f-mdmb-b'yi hemen \u015fimdi \u00e7evrimi\u00e7i al\u0131n<a href=\"https:\/\/en.wikipedia.org\/wiki\/MDMB-FUBINACA\">!<\/a><\/p>\n<h3>4f-mdmb-b: bu nedi\u0307r?<\/h3>\n<p>\u0130ndazol-3-karboksamid ailesinden indazol bazl\u0131 bir sentetik 4f-mdmb-b olarak adland\u0131r\u0131l\u0131r. Bu hedef i\u00e7in se\u00e7ici olup olmad\u0131\u011f\u0131 bilinmemektedir, ancak \u00fcr\u00fcnlerde aktif bir bile\u015fen olarak kullan\u0131lm\u0131\u015f ve nofollow harici noopener noreferrer olarak pazarlanm\u0131\u015ft\u0131r.<\/p>\n<h3>4f-mdmb-b'nin ne gibi yan etkileri vard\u0131r?<\/h3>\n<p>A\u015fa\u011f\u0131dakiler 4f-mdmb-b yan etkileridir:<\/p>\n<ul>\n<li>Sanr\u0131lar<\/li>\n<li>Kafas\u0131 Kar\u0131\u015f\u0131k Kusmak<\/li>\n<li>G\u00f6\u011f\u00fcste A\u011fr\u0131<\/li>\n<\/ul>\n<h3>Sat\u0131l\u0131k 4f-mdmb-b nas\u0131l bulabilirim?<\/h3>\n<p>4f-mdmb-b'yi nereden alaca\u011f\u0131n\u0131z\u0131 bulmaya \u00e7al\u0131\u015fmaktan vazge\u00e7in. Bu \u00fcr\u00fcn NarcoPowders taraf\u0131ndan makul bir fiyata geli\u015ftirilmi\u015ftir. Ayn\u0131 \u015feyi k\u0131sa bir s\u00fcre i\u00e7inde sa\u011flayaca\u011f\u0131m\u0131za s\u00f6z veriyoruz. \u00c7ok uzun s\u00fcre beklemek zorunda kalmayacaks\u0131n\u0131z. Bize g\u00fcvenin ve sipari\u015finizi h\u0131zl\u0131 bir \u015fekilde teslim edelim!<\/p>\n<p>Herkesin hizmetlerimizi ve \u00fcr\u00fcnlerimizi kullanabilmesini sa\u011flamak i\u00e7in \u00e7abalayan kararl\u0131 ve \u00e7al\u0131\u015fkan uzmanlardan olu\u015fan bir ekibiz. \u0130htiya\u00e7lar\u0131n\u0131z\u0131n fark\u0131nday\u0131z ve makul fiyatl\u0131, birinci s\u0131n\u0131f \u00fcr\u00fcnler i\u00e7in tek noktadan al\u0131\u015fveri\u015f sa\u011flayarak size yard\u0131mc\u0131 olmak i\u00e7in buraday\u0131z, 4F-MDMB-B Sat\u0131n Al\u0131n.<\/p>\n<h2>MDMB-CHMINACA i\u00e7indeki aktif maddeler<\/h2>\n<p>\u0130\u00e7indekiler\u00a0<strong>bir gram min 98%+ saf MDMB-CHMINACA<\/strong>\u00a0sipari\u015f birimi ba\u015f\u0131na.<\/p>\n<h2>MDMB-CHMINACA'n\u0131n Dozaj\u0131<\/h2>\n<p>Tavsiye edilen bir doz yoktur \u00e7\u00fcnk\u00fc\u00a0<strong>MDMB-CHMINACA<\/strong>\u00a0insan t\u00fcketimi i\u00e7in de\u011fildir, sadece ara\u015ft\u0131rma ama\u00e7l\u0131 bir ara\u015ft\u0131rma kimyasal\u0131 olarak sat\u0131lmaktad\u0131r.<\/p>\n<h2>MDMB-CHMINACA'n\u0131n Etkileri :<\/h2>\n<p>\u00c7o\u011fu yeni \u00fcr\u00fcn\u00fcn klinik etkileri\u00a0<strong>tasar\u0131mc\u0131 ila\u00e7lar\u0131<\/strong>\u00a0gibi\u00a0<strong>MDMB-CHMINACA<\/strong>\u00a0hal\u00fcsinojenik, uyar\u0131c\u0131 veya opioid benzeri olarak tan\u0131mlanabilir. Tasar\u0131mc\u0131 yan zincir ikameleri nedeniyle bu etkilerin bir kombinasyonuna da sahip olabilirler.<\/p>\n<h2>MDMB-CHMINACA'n\u0131n yan etkileri<\/h2>\n<p>Di\u011fer tasar\u0131m uyu\u015fturucular gibi\u00a0<strong>MDMB-CHMINACA<\/strong>\u00a0g\u00fc\u00e7l\u00fc yan etkilere neden olabilir; madde klinik olarak test edilmemi\u015ftir ve t\u00fcketim i\u00e7in bir \u00fcr\u00fcn olarak herhangi bir \u015fekilde lisanslanmam\u0131\u015ft\u0131r! Bu nedenle MDMB-CHMINACA \u0130NSAN T\u00dcKET\u0130M\u0130 \u0130\u00c7\u0130N DE\u011e\u0130L, SADECE B\u0130L\u0130MSEL ARA\u015eTIRMA \u0130\u00c7\u0130ND\u0130R!<\/p>\n<h2>MDMB-CHMINACA nas\u0131l saklan\u0131r<\/h2>\n<p>MDMB-CHMINACA'y\u0131 30 santigrat derecenin alt\u0131nda tutunuz. MDMB-CHMINACA'y\u0131 orijinal ambalaj\u0131nda saklay\u0131n\u0131z, direkt g\u00fcne\u015f \u0131\u015f\u0131\u011f\u0131ndan ve nemden koruyunuz.<\/p>","protected":false},"excerpt":{"rendered":"<p>Genellikle MDMB-4F-BINACA, 4F-MDMB-BUTINACA veya 4F-ADB olarak adland\u0131r\u0131lan 4F-MDMB-BINACA, indazollerden t\u00fcretilen sentetik bir kannabinoid ve indazol-3-karboksamid ailesinin bir \u00fcyesidir. 2018'in sonlar\u0131ndan beri tasar\u0131mc\u0131 ilac\u0131 olarak pazarlanmakta ve sentetik kenevir \u00fcr\u00fcnlerinde aktif bir bile\u015fen olarak kullan\u0131lmaktad\u0131r.<\/p>\n<div class=\"l_ecrd_vqfcts_row\">\n<div class=\"lc_expfact\">\n<div class=\"lc_expfact_default\">Yasal stat\u00fc S\u0131n\u0131f F2 (Yasaklanm\u0131\u015f psikotroplar) - : \u00c7izelge II - : Anlage II (Sadece yetkili ticaret, re\u00e7ete edilemez) - S\u0131n\u0131f B - Psikotropik \u00c7izelge II<\/div>\n<div class=\"lc_expfact_plus\" tabindex=\"0\"><\/div>\n<\/div>\n<\/div>\n<div class=\"l_ecrd_vqfcts_row l_ecrd_vqfcts_row_space\">\n<div class=\"lc_expfact\">\n<div class=\"lc_expfact_default\">CAS Numaras\u0131:2390036-46-9<\/div>\n<\/div>\n<\/div>\n<div class=\"l_ecrd_vqfcts_row l_ecrd_vqfcts_row_space\">\n<div class=\"lc_expfact\">\n<div class=\"lc_expfact_default\">PubChem CID:145707216<\/div>\n<\/div>\n<\/div>\n<div class=\"l_ecrd_vqfcts_row l_ecrd_vqfcts_row_space\">\n<div class=\"lc_expfact\">\n<div class=\"lc_expfact_default\">ChemSpider:71117201<\/div>\n<\/div>\n<\/div>\n<div id=\"wire0\" class=\"b_expandable_inline_container\" data-rinterval=\"-1\" data-errormessage=\"We can't find any more info about this page right now\">\n<div class=\"l_ecrd_vqfcts_row l_ecrd_vqfcts_row_space\">\n<div class=\"lc_expfact\">\n<div class=\"lc_expfact_default\">UNII:ZH38UTM145<\/div>\n<\/div>\n<\/div>\n<div class=\"l_ecrd_vqfcts_row l_ecrd_vqfcts_row_space\">\n<div class=\"lc_expfact\">\n<div class=\"lc_expfact_default\">KEGG:C22799<\/div>\n<\/div>\n<\/div>\n<div class=\"l_ecrd_vqfcts_row l_ecrd_vqfcts_row_space\">\n<div class=\"lc_expfact\">\n<div class=\"lc_expfact_default\">CompTox G\u00f6sterge Tablosu (EPA) DTXSID001017266<\/div>\n<div class=\"lc_expfact_plus\" tabindex=\"0\"><\/div>\n<\/div>\n<\/div>\n<div class=\"l_ecrd_vqfcts_row l_ecrd_vqfcts_row_space\">\n<div class=\"lc_expfact\">\n<div class=\"lc_expfact_default\">Form\u00fcl: C\u2081\u2089H\u2082\u2086FN\u2083O\u2083<\/div>\n<\/div>\n<\/div>\n<\/div>","protected":false},"featured_media":21261,"comment_status":"open","ping_status":"closed","template":"","meta":{"_joinchat":[]},"product_brand":[],"product_cat":[1538],"product_tag":[],"class_list":{"0":"post-20502","1":"product","2":"type-product","3":"status-publish","4":"has-post-thumbnail","6":"product_cat-cannabinoids","8":"first","9":"instock","10":"shipping-taxable","11":"purchasable","12":"product-type-variable","13":"add-to-wishlist-after_add_to_cart"},"yoast_head":"<!-- This site is optimized with the Yoast SEO plugin v25.9 - https:\/\/yoast.com\/wordpress\/plugins\/seo\/ -->\n<title>Buy 4F-MDMB-B<\/title>\n<meta name=\"description\" content=\"Buy 4F-MDMB-B, 4F-MDMB-Binaca can be purchased at NarcoPowders. We sell the highest quality 4F-MDMB-Binaca available. Order Now.\" \/>\n<meta name=\"robots\" content=\"index, follow, max-snippet:-1, max-image-preview:large, max-video-preview:-1\" \/>\n<link rel=\"canonical\" href=\"https:\/\/narcopowders.com\/tr\/urun\/buy-4f\u2010mdmb\u2010binaca-online\/\" \/>\n<meta property=\"og:locale\" content=\"tr_TR\" \/>\n<meta property=\"og:type\" content=\"article\" \/>\n<meta property=\"og:title\" content=\"Buy 4F-MDMB-B\" \/>\n<meta property=\"og:description\" content=\"Buy 4F-MDMB-B, 4F-MDMB-Binaca can be purchased at NarcoPowders. We sell the highest quality 4F-MDMB-Binaca available. Order Now.\" \/>\n<meta property=\"og:url\" content=\"https:\/\/narcopowders.com\/tr\/urun\/buy-4f\u2010mdmb\u2010binaca-online\/\" \/>\n<meta property=\"og:site_name\" content=\"Narco Powders\" \/>\n<meta property=\"article:modified_time\" content=\"2024-05-24T07:20:11+00:00\" \/>\n<meta property=\"og:image\" content=\"https:\/\/narcopowders.com\/wp-content\/uploads\/2024\/05\/4f-mdmb2201.gif\" \/>\n\t<meta property=\"og:image:width\" content=\"600\" \/>\n\t<meta property=\"og:image:height\" content=\"600\" \/>\n\t<meta property=\"og:image:type\" content=\"image\/gif\" \/>\n<meta name=\"twitter:card\" content=\"summary_large_image\" \/>\n<meta name=\"twitter:label1\" content=\"Tahmini okuma s\u00fcresi\" \/>\n\t<meta name=\"twitter:data1\" content=\"3 dakika\" \/>\n<!-- \/ Yoast SEO plugin. -->","yoast_head_json":{"title":"4F-MDMB-B Sat\u0131n Al\u0131n","description":"4F-MDMB-B Sat\u0131n Al\u0131n, 4F-MDMB-Binaca NarcoPowders'dan sat\u0131n al\u0131nabilir. Mevcut en y\u00fcksek kalitede 4F-MDMB-Binaca sat\u0131yoruz. \u015eimdi Sipari\u015f Verin.","robots":{"index":"index","follow":"follow","max-snippet":"max-snippet:-1","max-image-preview":"max-image-preview:large","max-video-preview":"max-video-preview:-1"},"canonical":"https:\/\/narcopowders.com\/tr\/urun\/buy-4f\u2010mdmb\u2010binaca-online\/","og_locale":"tr_TR","og_type":"article","og_title":"Buy 4F-MDMB-B","og_description":"Buy 4F-MDMB-B, 4F-MDMB-Binaca can be purchased at NarcoPowders. We sell the highest quality 4F-MDMB-Binaca available. Order Now.","og_url":"https:\/\/narcopowders.com\/tr\/urun\/buy-4f\u2010mdmb\u2010binaca-online\/","og_site_name":"Narco Powders","article_modified_time":"2024-05-24T07:20:11+00:00","og_image":[{"width":600,"height":600,"url":"https:\/\/narcopowders.com\/wp-content\/uploads\/2024\/05\/4f-mdmb2201.gif","type":"image\/gif"}],"twitter_card":"summary_large_image","twitter_misc":{"Tahmini okuma s\u00fcresi":"3 dakika"},"schema":{"@context":"https:\/\/schema.org","@graph":[{"@type":"WebPage","@id":"https:\/\/narcopowders.com\/product\/buy-4f%e2%80%90mdmb%e2%80%90binaca-online\/","url":"https:\/\/narcopowders.com\/product\/buy-4f%e2%80%90mdmb%e2%80%90binaca-online\/","name":"4F-MDMB-B Sat\u0131n Al\u0131n","isPartOf":{"@id":"https:\/\/narcopowders.com\/#website"},"primaryImageOfPage":{"@id":"https:\/\/narcopowders.com\/product\/buy-4f%e2%80%90mdmb%e2%80%90binaca-online\/#primaryimage"},"image":{"@id":"https:\/\/narcopowders.com\/product\/buy-4f%e2%80%90mdmb%e2%80%90binaca-online\/#primaryimage"},"thumbnailUrl":"https:\/\/narcopowders.com\/wp-content\/uploads\/2024\/05\/4f-mdmb2201.gif","datePublished":"2024-05-23T06:14:12+00:00","dateModified":"2024-05-24T07:20:11+00:00","description":"4F-MDMB-B Sat\u0131n Al\u0131n, 4F-MDMB-Binaca NarcoPowders'dan sat\u0131n al\u0131nabilir. Mevcut en y\u00fcksek kalitede 4F-MDMB-Binaca sat\u0131yoruz. \u015eimdi Sipari\u015f Verin.","breadcrumb":{"@id":"https:\/\/narcopowders.com\/product\/buy-4f%e2%80%90mdmb%e2%80%90binaca-online\/#breadcrumb"},"inLanguage":"tr","potentialAction":[{"@type":"ReadAction","target":["https:\/\/narcopowders.com\/product\/buy-4f%e2%80%90mdmb%e2%80%90binaca-online\/"]}]},{"@type":"ImageObject","inLanguage":"tr","@id":"https:\/\/narcopowders.com\/product\/buy-4f%e2%80%90mdmb%e2%80%90binaca-online\/#primaryimage","url":"https:\/\/narcopowders.com\/wp-content\/uploads\/2024\/05\/4f-mdmb2201.gif","contentUrl":"https:\/\/narcopowders.com\/wp-content\/uploads\/2024\/05\/4f-mdmb2201.gif","width":600,"height":600,"caption":"Buy 4F-MDMB-B online"},{"@type":"BreadcrumbList","@id":"https:\/\/narcopowders.com\/product\/buy-4f%e2%80%90mdmb%e2%80%90binaca-online\/#breadcrumb","itemListElement":[{"@type":"ListItem","position":1,"name":"Home","item":"https:\/\/narcopowders.com\/"},{"@type":"ListItem","position":2,"name":"Shop Page","item":"https:\/\/narcopowders.com\/shop\/"},{"@type":"ListItem","position":3,"name":"Buy 4F\u2010MDMB\u2010BINACA Online"}]},{"@type":"WebSite","@id":"https:\/\/narcopowders.com\/#website","url":"https:\/\/narcopowders.com\/","name":"Narko Tozlar","description":"WordPress Blogum","potentialAction":[{"@type":"SearchAction","target":{"@type":"EntryPoint","urlTemplate":"https:\/\/narcopowders.com\/?s={search_term_string}"},"query-input":{"@type":"PropertyValueSpecification","valueRequired":true,"valueName":"search_term_string"}}],"inLanguage":"tr"}]}},"_links":{"self":[{"href":"https:\/\/narcopowders.com\/tr\/wp-json\/wp\/v2\/product\/20502","targetHints":{"allow":["GET"]}}],"collection":[{"href":"https:\/\/narcopowders.com\/tr\/wp-json\/wp\/v2\/product"}],"about":[{"href":"https:\/\/narcopowders.com\/tr\/wp-json\/wp\/v2\/types\/product"}],"replies":[{"embeddable":true,"href":"https:\/\/narcopowders.com\/tr\/wp-json\/wp\/v2\/comments?post=20502"}],"wp:featuredmedia":[{"embeddable":true,"href":"https:\/\/narcopowders.com\/tr\/wp-json\/wp\/v2\/media\/21261"}],"wp:attachment":[{"href":"https:\/\/narcopowders.com\/tr\/wp-json\/wp\/v2\/media?parent=20502"}],"wp:term":[{"taxonomy":"product_brand","embeddable":true,"href":"https:\/\/narcopowders.com\/tr\/wp-json\/wp\/v2\/product_brand?post=20502"},{"taxonomy":"product_cat","embeddable":true,"href":"https:\/\/narcopowders.com\/tr\/wp-json\/wp\/v2\/product_cat?post=20502"},{"taxonomy":"product_tag","embeddable":true,"href":"https:\/\/narcopowders.com\/tr\/wp-json\/wp\/v2\/product_tag?post=20502"}],"curies":[{"name":"wp","href":"https:\/\/api.w.org\/{rel}","templated":true}]}}