{"id":20503,"date":"2024-05-23T06:14:12","date_gmt":"2024-05-23T06:14:12","guid":{"rendered":"https:\/\/narcopowders.com\/?post_type=product&#038;p=20503"},"modified":"2024-05-24T06:29:43","modified_gmt":"2024-05-24T06:29:43","slug":"buy-4f-akb-online","status":"publish","type":"product","link":"https:\/\/narcopowders.com\/tr\/product\/buy-4f-akb-online\/","title":{"rendered":"4F-AKB Online Sat\u0131n Al\u0131n"},"content":{"rendered":"<h2><strong>NarcoPowders.com'dan online 4F-AKB sat\u0131n al\u0131n<\/strong><\/h2>\n<p>4F-AKB, indazol bazl\u0131 sentetik bir kannabinoiddir. G\u00fc\u00e7l\u00fc bir kannabinoid resept\u00f6r agonistidir. 5F-ADB de dahil olmak \u00fczere di\u011fer sentetik kannabinoidlere \u00e7ok benzemektedir. E\u011fer denemek istiyorsan\u0131z, fark edilebilir etkiler elde etmek i\u00e7in bu esrardan \u00e7ok fazla kullanman\u0131za gerek yoktur. Bu, kimyasal\u0131n a\u015f\u0131r\u0131 etkinli\u011finden kaynaklanmaktad\u0131r. A\u015f\u0131r\u0131 deneylerden ka\u00e7\u0131nmak i\u00e7in, laboratuvarda uygun g\u00fcvenlik protokollerini takip etti\u011finizden emin olun. 4F-AKB ile yap\u0131lan deneylerden elde edilen sonu\u00e7lar aras\u0131nda v\u00fccut hafifli\u011fi, rahatlama, disinhibisyon ve artan m\u00fczik duygular\u0131 yer almaktad\u0131r <a href=\"https:\/\/narcopowders.com\/tr\/%c3%bcr%c3%bcn\/3b-rpvp-online-satin-al\/\">.<\/a><\/p>\n<h3><strong>4F-AKB yetkilendirmesi<\/strong><\/h3>\n<p>4F-ADB art\u0131k \u00e7o\u011fu \u00fclkede re\u00e7ete edilmedi\u011finden, bir\u00e7o\u011funda izin verilmektedir. Bununla birlikte, 5F-ADB'nin bir analo\u011fu olarak kabul edilebilece\u011finden, Amerika Birle\u015fik Devletleri gibi kat\u0131 analog mevzuat\u0131 olan \u00fclkelerde yasaklanabilir.<\/p>\n<h3><strong>4F-AKB En iyi etkiye sahip 4FADB depolama tozu 4F-AKB beyaz, g\u00fc\u00e7l\u00fc toz<a href=\"https:\/\/en.wikipedia.org\/wiki\/4F-MDMB-BINACA\">.<\/a><\/strong><\/h3>\n<p>Bilimsel \u00e7al\u0131\u015fmalarda kullan\u0131lmak \u00fczere yepyeni bir ara\u015ft\u0131rma kimyasal\u0131 4F-AKB! 5fadb'nin bir analo\u011fudur; daha fazla ayr\u0131nt\u0131 i\u00e7in 5fadb'ye g\u00f6z at\u0131n! M\u00fckemmel kaliteye sahip en yeni ve en pop\u00fcler kannabinoid 4F-AKB'dir. Daha \u00f6nce g\u00fc\u00e7l\u00fc sentetik kannabinoidler ve 5f-adb gibi kimyasallar \u00fczerinde \u00e7al\u0131\u015fm\u0131\u015f olan deneyimli ara\u015ft\u0131rmac\u0131lar 4F-AKB elde edebilirler. Sonu\u00e7 5f-adb ile kar\u015f\u0131la\u015ft\u0131r\u0131labilir.<\/p>\n<p><strong>Kannabinoidler hakk\u0131ndaki anlay\u0131\u015f\u0131m\u0131z:<\/strong><\/p>\n<p>B\u00fcy\u00fck bir uzmanl\u0131\u011fa sahibiz. M\u00fc\u015fterilerimiz y\u00fcksek kaliteli \u00fcr\u00fcnlerini her zaman m\u00fcmk\u00fcn olan en k\u0131sa s\u00fcrede teslim al\u0131rlar. \u0130ster b\u00fcy\u00fck bir \u015fehir ister k\u00fc\u00e7\u00fck bir k\u00f6y olsun, \u00fcr\u00fcnleri d\u00fcnyan\u0131n en uzak yerlerine bile teslim ediyoruz. Ayr\u0131ca, mallar\u0131n 100% teslimat\u0131na s\u00f6z veriyoruz.<\/p>\n<h3><strong>Safl\u0131k:<\/strong><\/h3>\n<p>(bazen 5F-MDMB-PINACA olarak da an\u0131l\u0131r), indazollere dayanan sentetik bir kannabinoiddir. g\u00fc\u00e7l\u00fc bir CB1 resept\u00f6r agonistidir, ancak bu hedef i\u00e7in spesifik olup olmad\u0131\u011f\u0131 net de\u011fildir. Piyasada bulunan \u00f6nceki sentetik kannabinoidlerden \u00e7ok daha az zararl\u0131 g\u00f6r\u00fcnen en iyi kaliteyi stoklar\u0131m\u0131zda bulunduruyoruz. Doku \u00f6rneklerinde bulunan son derece k\u00fc\u00e7\u00fck miktarlar nedeniyle, inan\u0131lmaz derecede g\u00fc\u00e7l\u00fc oldu\u011funa inan\u0131lmaktad\u0131r.<\/p>\n<h3><strong>4F-ADB tozu nedir?<\/strong><\/h3>\n<p>4F-ADB, indazol bazl\u0131 sentetik bir kannabinoiddir. Kannabinoid resept\u00f6rlerinin g\u00fc\u00e7l\u00fc bir agonistidir. 5F-ADB gibi di\u011fer sentetik kannabinoidlere \u00e7ok benzer. Bu kannabinoid ile deney yapmak istiyorsan\u0131z, g\u00fc\u00e7l\u00fc sonu\u00e7lar elde etmek i\u00e7in sadece k\u00fc\u00e7\u00fck miktarlara ihtiyac\u0131n\u0131z var, 4F-AKB sat\u0131n al\u0131n.<\/p>\n<p>Bunun nedeni bu kimyasal\u0131n \u00e7ok g\u00fc\u00e7l\u00fc olmas\u0131d\u0131r. A\u015f\u0131r\u0131 deneylerden ka\u00e7\u0131nmak i\u00e7in g\u00fcvenlik kurallar\u0131na dikkatle uyun.<\/p>\n<h3><strong>4F-ADB Sat\u0131n Al\u0131n<\/strong><\/h3>\n<p>Chemical Planet en iyi kalitede 4F-ADB satmaktad\u0131r. Sundu\u011fumuz 4F-ADB toz formunda gelir. Bizden 4F-ADB sat\u0131n almak i\u00e7in en az 18 ya\u015f\u0131nda olmal\u0131s\u0131n\u0131z.<\/p>\n<p>\u00dcr\u00fcn insan veya hayvan kullan\u0131m\u0131 i\u00e7in tasarlanmam\u0131\u015ft\u0131r. Sadece deneysel ama\u00e7lar i\u00e7in tasarlanm\u0131\u015ft\u0131r. Ayr\u0131ca, sat\u0131n alma i\u015flemi \u00fclkenizin yasalar\u0131na tam olarak uygun \u015fekilde yap\u0131lmal\u0131d\u0131r.<\/p>\n<h3><strong>4F-ADB'nin yasal stat\u00fcs\u00fc<\/strong><\/h3>\n<p>4F-ADB \u015fu anda bir\u00e7ok \u00fclkede bilinmemektedir ve bu nedenle bir\u00e7ok yerde yasald\u0131r. Bununla birlikte, 5F-ADB'nin bir analo\u011fu olarak kabul edilebilir ve bu da onu Amerika Birle\u015fik Devletleri gibi kat\u0131 analog yasalar\u0131 olan \u00fclkelerde yasad\u0131\u015f\u0131 hale getirebilir. Daha fazla bilgi i\u00e7in l\u00fctfen bizimle ileti\u015fime ge\u00e7in.<\/p>","protected":false},"excerpt":{"rendered":"<p>Buy 4F-AKB online at NarcoPowders.com 4F-AKB is a synthetic cannabinoid based on indazoles. It is a powerful cannabinoid receptor agonist. It closely resembles other synthetic cannabinoids, including 5F-ADB. If you want to experiment with it, you don&#8217;t need a lot of this cannabis to get noticeable effects. This is due to the extreme effectiveness of [&hellip;]<\/p>\n","protected":false},"featured_media":21264,"comment_status":"open","ping_status":"closed","template":"","meta":{"_joinchat":[]},"product_brand":[],"product_cat":[1538],"product_tag":[],"class_list":{"0":"post-20503","1":"product","2":"type-product","3":"status-publish","4":"has-post-thumbnail","6":"product_cat-cannabinoids","8":"first","9":"instock","10":"shipping-taxable","11":"purchasable","12":"product-type-variable","13":"add-to-wishlist-after_add_to_cart"},"yoast_head":"<!-- This site is optimized with the Yoast SEO plugin v27.5 - https:\/\/yoast.com\/product\/yoast-seo-wordpress\/ -->\n<title>Buy 4F-AKB Online<\/title>\n<meta name=\"description\" content=\"Buy 4F-AKB, buyembutal sells 4F-ADB in best quality. The 4F-AKB we offer is 4F-AKB-48, be the first to review this product. Order now at narcopowders.\" \/>\n<meta name=\"robots\" content=\"index, follow, max-snippet:-1, max-image-preview:large, max-video-preview:-1\" \/>\n<link rel=\"canonical\" href=\"https:\/\/narcopowders.com\/tr\/\u00fcr\u00fcn\/buy-4f-akb-online\/\" \/>\n<meta property=\"og:locale\" content=\"tr_TR\" \/>\n<meta property=\"og:type\" content=\"article\" \/>\n<meta property=\"og:title\" content=\"Buy 4F-AKB Online\" \/>\n<meta property=\"og:description\" content=\"Buy 4F-AKB, buyembutal sells 4F-ADB in best quality. The 4F-AKB we offer is 4F-AKB-48, be the first to review this product. Order now at narcopowders.\" \/>\n<meta property=\"og:url\" content=\"https:\/\/narcopowders.com\/tr\/\u00fcr\u00fcn\/buy-4f-akb-online\/\" \/>\n<meta property=\"og:site_name\" content=\"Narco Powders\" \/>\n<meta property=\"article:modified_time\" content=\"2024-05-24T06:29:43+00:00\" \/>\n<meta property=\"og:image\" content=\"https:\/\/narcopowders.com\/wp-content\/uploads\/2024\/05\/4f-akb.gif\" \/>\n\t<meta property=\"og:image:width\" content=\"600\" \/>\n\t<meta property=\"og:image:height\" content=\"600\" \/>\n\t<meta property=\"og:image:type\" content=\"image\/gif\" \/>\n<meta name=\"twitter:card\" content=\"summary_large_image\" \/>\n<meta name=\"twitter:label1\" content=\"Tahmini okuma s\u00fcresi\" \/>\n\t<meta name=\"twitter:data1\" content=\"3 dakika\" \/>\n<!-- \/ Yoast SEO plugin. -->","yoast_head_json":{"title":"4F-AKB Online Sat\u0131n Al\u0131n","description":"4F-AKB sat\u0131n al, buyembutal en iyi kalitede 4F-ADB sat\u0131yor. Sundu\u011fumuz 4F-AKB, 4F-AKB-48'dir, bu \u00fcr\u00fcn\u00fc ilk inceleyen siz olun. \u015eimdi narcopowders'dan sipari\u015f verin.","robots":{"index":"index","follow":"follow","max-snippet":"max-snippet:-1","max-image-preview":"max-image-preview:large","max-video-preview":"max-video-preview:-1"},"canonical":"https:\/\/narcopowders.com\/tr\/\u00fcr\u00fcn\/buy-4f-akb-online\/","og_locale":"tr_TR","og_type":"article","og_title":"Buy 4F-AKB Online","og_description":"Buy 4F-AKB, buyembutal sells 4F-ADB in best quality. The 4F-AKB we offer is 4F-AKB-48, be the first to review this product. Order now at narcopowders.","og_url":"https:\/\/narcopowders.com\/tr\/\u00fcr\u00fcn\/buy-4f-akb-online\/","og_site_name":"Narco Powders","article_modified_time":"2024-05-24T06:29:43+00:00","og_image":[{"width":600,"height":600,"url":"https:\/\/narcopowders.com\/wp-content\/uploads\/2024\/05\/4f-akb.gif","type":"image\/gif"}],"twitter_card":"summary_large_image","twitter_misc":{"Tahmini okuma s\u00fcresi":"3 dakika"},"schema":{"@context":"https:\/\/schema.org","@graph":[{"@type":"WebPage","@id":"https:\/\/narcopowders.com\/product\/buy-4f-akb-online\/","url":"https:\/\/narcopowders.com\/product\/buy-4f-akb-online\/","name":"4F-AKB Online Sat\u0131n Al\u0131n","isPartOf":{"@id":"https:\/\/narcopowders.com\/#website"},"primaryImageOfPage":{"@id":"https:\/\/narcopowders.com\/product\/buy-4f-akb-online\/#primaryimage"},"image":{"@id":"https:\/\/narcopowders.com\/product\/buy-4f-akb-online\/#primaryimage"},"thumbnailUrl":"https:\/\/narcopowders.com\/wp-content\/uploads\/2024\/05\/4f-akb.gif","datePublished":"2024-05-23T06:14:12+00:00","dateModified":"2024-05-24T06:29:43+00:00","description":"4F-AKB sat\u0131n al, buyembutal en iyi kalitede 4F-ADB sat\u0131yor. Sundu\u011fumuz 4F-AKB, 4F-AKB-48'dir, bu \u00fcr\u00fcn\u00fc ilk inceleyen siz olun. \u015eimdi narcopowders'dan sipari\u015f verin.","breadcrumb":{"@id":"https:\/\/narcopowders.com\/product\/buy-4f-akb-online\/#breadcrumb"},"inLanguage":"tr","potentialAction":[{"@type":"ReadAction","target":["https:\/\/narcopowders.com\/product\/buy-4f-akb-online\/"]}]},{"@type":"ImageObject","inLanguage":"tr","@id":"https:\/\/narcopowders.com\/product\/buy-4f-akb-online\/#primaryimage","url":"https:\/\/narcopowders.com\/wp-content\/uploads\/2024\/05\/4f-akb.gif","contentUrl":"https:\/\/narcopowders.com\/wp-content\/uploads\/2024\/05\/4f-akb.gif","width":600,"height":600,"caption":"Buy 4f-akb Online"},{"@type":"BreadcrumbList","@id":"https:\/\/narcopowders.com\/product\/buy-4f-akb-online\/#breadcrumb","itemListElement":[{"@type":"ListItem","position":1,"name":"Home","item":"https:\/\/narcopowders.com\/"},{"@type":"ListItem","position":2,"name":"Shop Page","item":"https:\/\/narcopowders.com\/shop\/"},{"@type":"ListItem","position":3,"name":"Buy 4F-AKB Online"}]},{"@type":"WebSite","@id":"https:\/\/narcopowders.com\/#website","url":"https:\/\/narcopowders.com\/","name":"Narko Tozlar","description":"WordPress Blogum","potentialAction":[{"@type":"SearchAction","target":{"@type":"EntryPoint","urlTemplate":"https:\/\/narcopowders.com\/?s={search_term_string}"},"query-input":{"@type":"PropertyValueSpecification","valueRequired":true,"valueName":"search_term_string"}}],"inLanguage":"tr"}]}},"_links":{"self":[{"href":"https:\/\/narcopowders.com\/tr\/wp-json\/wp\/v2\/product\/20503","targetHints":{"allow":["GET"]}}],"collection":[{"href":"https:\/\/narcopowders.com\/tr\/wp-json\/wp\/v2\/product"}],"about":[{"href":"https:\/\/narcopowders.com\/tr\/wp-json\/wp\/v2\/types\/product"}],"replies":[{"embeddable":true,"href":"https:\/\/narcopowders.com\/tr\/wp-json\/wp\/v2\/comments?post=20503"}],"wp:featuredmedia":[{"embeddable":true,"href":"https:\/\/narcopowders.com\/tr\/wp-json\/wp\/v2\/media\/21264"}],"wp:attachment":[{"href":"https:\/\/narcopowders.com\/tr\/wp-json\/wp\/v2\/media?parent=20503"}],"wp:term":[{"taxonomy":"product_brand","embeddable":true,"href":"https:\/\/narcopowders.com\/tr\/wp-json\/wp\/v2\/product_brand?post=20503"},{"taxonomy":"product_cat","embeddable":true,"href":"https:\/\/narcopowders.com\/tr\/wp-json\/wp\/v2\/product_cat?post=20503"},{"taxonomy":"product_tag","embeddable":true,"href":"https:\/\/narcopowders.com\/tr\/wp-json\/wp\/v2\/product_tag?post=20503"}],"curies":[{"name":"wp","href":"https:\/\/api.w.org\/{rel}","templated":true}]}}