{"id":20510,"date":"2024-05-23T06:14:13","date_gmt":"2024-05-23T06:14:13","guid":{"rendered":"https:\/\/narcopowders.com\/?post_type=product&#038;p=20510"},"modified":"2025-05-06T07:01:49","modified_gmt":"2025-05-06T07:01:49","slug":"buy-5f-emb-online","status":"publish","type":"product","link":"https:\/\/narcopowders.com\/tr\/urun\/5f-emb-online-satin-al\/","title":{"rendered":"5f-EMB Online Sat\u0131n Al\u0131n"},"content":{"rendered":"<h2><strong>Kannabinoid 5f-EMB: Nedir?<\/strong><\/h2>\n<p><a href=\"https:\/\/narcopowders.com\/tr\/urun\/5f-emb-online-satin-al\/\">5f-EMB<\/a> etil (1-(5-floropentil)-1H-indazol-3-karbonil)-L-valinat\u0131n ba\u015fka bir ad\u0131d\u0131r. Sentetik bir <a href=\"https:\/\/en.wikipedia.org\/wiki\/5F-EMB-PINACA\">kanabinoid<\/a> ve bir ara\u015ft\u0131rma kimyasal\u0131d\u0131r. Kimyasal analize g\u00f6re indazol-3-karboksamid ailesiyle ili\u015fkili sentetik indazol bazl\u0131 bir ila\u00e7t\u0131r. Sadece ara\u015ft\u0131rma amac\u0131yla kullan\u0131l\u0131r ve s\u0131kl\u0131kla bir ara\u015ft\u0131rma kimyasal\u0131 olarak an\u0131l\u0131r. <a href=\"https:\/\/narcopowders.com\/tr\/\">ara\u015ft\u0131rma kimyasal\u0131<\/a>.<\/p>\n<h3><strong>\u00c7evrimi\u00e7i Kannabinoid 5f-EMB Sat\u0131n Al\u0131n<\/strong><\/h3>\n<p>Additional terms for this medication include <a href=\"https:\/\/www.bing.com\/search?q=Buy%205f-EMB%20Online&amp;qs=n&amp;form=QBRE&amp;sp=-1&amp;lq=0&amp;pq=buy%205f-emb%20online&amp;sc=9-17&amp;sk=&amp;cvid=786491D039634B1E90CCCE65D4278887&amp;ghsh=0&amp;ghacc=0&amp;ghpl=\">AB-PINACA<\/a> ve 5-fluoro-EMB-PINACA'd\u0131r. 5F-MDMB-2201, 5f-EMB farmakolojik s\u0131n\u0131f\u0131n\u0131n ek bir analo\u011fudur.<\/p>\n<p>It&#8217;s easy and enjoyable to do business with us and make purchases in every way. <a href=\"https:\/\/www.bing.com\/search?q=Buy%205f-EMB%20Online&amp;qs=n&amp;form=QBRE&amp;sp=-1&amp;lq=0&amp;pq=buy%205f-emb%20online&amp;sc=9-17&amp;sk=&amp;cvid=786491D039634B1E90CCCE65D4278887&amp;ghsh=0&amp;ghacc=0&amp;ghpl=\">Pure Chemics<\/a> aray\u0131\u015f\u0131n\u0131zda size yard\u0131mc\u0131 olabilecek g\u00fcvenilir ve g\u00fcvenilir bir kimyasal sa\u011flay\u0131c\u0131d\u0131r. Y\u0131llar boyunca, y\u00fcksek kaliteli \u00fcr\u00fcnlerle u\u011fra\u015ft\u0131k ve m\u00fc\u015fterilerin bizimle al\u0131\u015fveri\u015f deneyimi kusursuz oldu. Y\u0131llar\u0131n tecr\u00fcbesi ile Pure Chemics, cazip ambalajlarda makul maliyetlerle birinci s\u0131n\u0131f \u00fcr\u00fcnler sunmaktad\u0131r.<\/p>\n<p>Pure Chemics sells <a href=\"https:\/\/duckduckgo.com\/?q=Buy+5f-EMB+Online&amp;t=h_&amp;ia=web\">5F-AEB-2201 powder for purchase<\/a>Pure Chemics, sat\u0131n almak i\u00e7in 5F-AEB-2201 tozu satmaktad\u0131r. \u00dcr\u00fcnlerle ilgili ba\u015fka sorular\u0131n\u0131z varsa veya kim oldu\u011fumuz hakk\u0131nda daha fazla bilgi edinmek istiyorsan\u0131z bize istedi\u011finiz zaman ula\u015fabilirsiniz. Pure Chemics'ten kimyasallar ve ara\u015ft\u0131rma malzemeleri sat\u0131n alarak \u015fimdiye kadarki en iyi deneyimi ya\u015fayacaks\u0131n\u0131z. <a href=\"https:\/\/www.google.com\/search?q=Buy+5f-EMB+Online&amp;sca_esv=2a2a93e8be91f013&amp;sxsrf=AHTn8zqibR3WnRbxs0HP1oOBJcBcymlxhQ%3A1742974442280&amp;ei=6q3jZ-3uEIajnesPgpiHsAw&amp;ved=0ahUKEwjti_DjnaeMAxWGUWcHHQLMAcYQ4dUDCA8&amp;uact=5&amp;oq=Buy+5f-EMB+Online&amp;gs_lp=Egxnd3Mtd2l6LXNlcnAiEUJ1eSA1Zi1FTUIgT25saW5lMgQQIxgnMgUQABjvBTIIEAAYgAQYogQyBRAAGO8FSIUHUJEDWJEDcAF4AZABAJgBpQGgAaUBqgEDMC4xuAEDyAEA-AEB-AECmAICoALRAagCEMICBxAjGCcY6gLCAhQQABiABBiRAhi0AhiKBRjqAtgBAcICGhAuGIAEGJECGNEDGLQCGMcBGIoFGOoC2AEBwgIUEAAYgAQY4wQYtAIY6QQY6gLYAQGYAybiAwUSATEgQPEFaRkuR7So_my6BgYIARABGAGSBwMxLjGgB6EEsgcDMC4xuAerAQ&amp;sclient=gws-wiz-serp\">buying chemicals<\/a> and research supplies from Pure Chemics.<\/p>\n<h3><strong>5f-EMB Kimyasal Tan\u0131m ve \u00d6zellikler<\/strong><\/h3>\n<p>Regarding <a href=\"https:\/\/www.google.com\/search?q=Buy+5f-EMB+Online&amp;sca_esv=2a2a93e8be91f013&amp;sxsrf=AHTn8zqibR3WnRbxs0HP1oOBJcBcymlxhQ%3A1742974442280&amp;ei=6q3jZ-3uEIajnesPgpiHsAw&amp;ved=0ahUKEwjti_DjnaeMAxWGUWcHHQLMAcYQ4dUDCA8&amp;uact=5&amp;oq=Buy+5f-EMB+Online&amp;gs_lp=Egxnd3Mtd2l6LXNlcnAiEUJ1eSA1Zi1FTUIgT25saW5lMgQQIxgnMgUQABjvBTIIEAAYgAQYogQyBRAAGO8FSIUHUJEDWJEDcAF4AZABAJgBpQGgAaUBqgEDMC4xuAEDyAEA-AEB-AECmAICoALRAagCEMICBxAjGCcY6gLCAhQQABiABBiRAhi0AhiKBRjqAtgBAcICGhAuGIAEGJECGNEDGLQCGMcBGIoFGOoC2AEBwgIUEAAYgAQY4wQYtAIY6QQY6gLYAQGYAybiAwUSATEgQPEFaRkuR7So_my6BgYIARABGAGSBwMxLjGgB6EEsgcDMC4xuAerAQ&amp;sclient=gws-wiz-serp\">5F-AEB-2201<\/a>5F-AEB-2201 ile ilgili olarak \u00e7ok az bilgi mevcuttur. Bu ila\u00e7 piyasada yenidir ve \u00f6zellikleri hakk\u0131nda daha fazla bilgi edinmek i\u00e7in ara\u015ft\u0131rmalar yap\u0131lmaktad\u0131r.<\/p>\n<p><a href=\"https:\/\/duckduckgo.com\/?q=Buy+5f-EMB+Online&amp;t=h_&amp;ia=web\">\u00c7evrimi\u00e7i Kannabinoid 5f-EMB Sat\u0131n Al\u0131n<\/a><\/p>","protected":false},"excerpt":{"rendered":"<p>Cannabinoid 5f-EMB: What is it? 5f-EMB is another name for ethyl (1-(5-fluoropentyl)-1H-indazole-3-carbonyl)-L-valinate. It is a synthetic cannabinoid generated from botanical sources and a research chemical. It is a synthetic indazole-based medication that is related to the indazole-3-carboxamide family, according to chemical analysis. It is exclusively utilized for research purposes and is frequently referred to as [&hellip;]<\/p>","protected":false},"featured_media":21276,"comment_status":"open","ping_status":"closed","template":"","meta":{"_joinchat":[]},"product_brand":[],"product_cat":[1724],"product_tag":[],"class_list":{"0":"post-20510","1":"product","2":"type-product","3":"status-publish","4":"has-post-thumbnail","6":"product_cat-research-chemicals","8":"first","9":"instock","10":"shipping-taxable","11":"purchasable","12":"product-type-variable","13":"add-to-wishlist-after_add_to_cart"},"yoast_head":"<!-- This site is optimized with the Yoast SEO plugin v25.9 - https:\/\/yoast.com\/wordpress\/plugins\/seo\/ -->\n<title>Buy 5F-EMB Online - 5F-EMB for Sale | NarcoPowders<\/title>\n<meta name=\"description\" content=\"Looking for a reliable source to buy 5f-emb powder online? Your search ends here. Order 5f-emb powder online from our trusted store and enjoy a seamless buying process tailored for your research needs.\" \/>\n<meta name=\"robots\" content=\"index, follow, max-snippet:-1, max-image-preview:large, max-video-preview:-1\" \/>\n<link rel=\"canonical\" href=\"https:\/\/narcopowders.com\/tr\/urun\/5f-emb-online-satin-al\/\" \/>\n<meta property=\"og:locale\" content=\"tr_TR\" \/>\n<meta property=\"og:type\" content=\"article\" \/>\n<meta property=\"og:title\" content=\"Buy 5F-EMB Online - 5F-EMB for Sale | NarcoPowders\" \/>\n<meta property=\"og:description\" content=\"Looking for a reliable source to buy 5f-emb powder online? Your search ends here. Order 5f-emb powder online from our trusted store and enjoy a seamless buying process tailored for your research needs.\" \/>\n<meta property=\"og:url\" content=\"https:\/\/narcopowders.com\/tr\/urun\/5f-emb-online-satin-al\/\" \/>\n<meta property=\"og:site_name\" content=\"Narco Powders\" \/>\n<meta property=\"article:modified_time\" content=\"2025-05-06T07:01:49+00:00\" \/>\n<meta property=\"og:image\" content=\"https:\/\/narcopowders.com\/wp-content\/uploads\/2024\/05\/5f-EMB.gif\" \/>\n\t<meta property=\"og:image:width\" content=\"600\" \/>\n\t<meta property=\"og:image:height\" content=\"600\" \/>\n\t<meta property=\"og:image:type\" content=\"image\/gif\" \/>\n<meta name=\"twitter:card\" content=\"summary_large_image\" \/>\n<meta name=\"twitter:label1\" content=\"Tahmini okuma s\u00fcresi\" \/>\n\t<meta name=\"twitter:data1\" content=\"2 dakika\" \/>\n<!-- \/ Yoast SEO plugin. -->","yoast_head_json":{"title":"5F-EMB Online Sat\u0131n Al\u0131n - Sat\u0131l\u0131k 5F-EMB | NarcoPowders","description":"\u00c7evrimi\u00e7i 5f-emb tozu sat\u0131n almak i\u00e7in g\u00fcvenilir bir kaynak m\u0131 ar\u0131yorsunuz? Araman\u0131z burada sona eriyor. G\u00fcvenilir ma\u011fazam\u0131zdan \u00e7evrimi\u00e7i 5f-emb tozu sipari\u015f edin ve ara\u015ft\u0131rma ihtiya\u00e7lar\u0131n\u0131za g\u00f6re uyarlanm\u0131\u015f sorunsuz bir sat\u0131n alma s\u00fcrecinin tad\u0131n\u0131 \u00e7\u0131kar\u0131n.","robots":{"index":"index","follow":"follow","max-snippet":"max-snippet:-1","max-image-preview":"max-image-preview:large","max-video-preview":"max-video-preview:-1"},"canonical":"https:\/\/narcopowders.com\/tr\/urun\/5f-emb-online-satin-al\/","og_locale":"tr_TR","og_type":"article","og_title":"Buy 5F-EMB Online - 5F-EMB for Sale | NarcoPowders","og_description":"Looking for a reliable source to buy 5f-emb powder online? Your search ends here. Order 5f-emb powder online from our trusted store and enjoy a seamless buying process tailored for your research needs.","og_url":"https:\/\/narcopowders.com\/tr\/urun\/5f-emb-online-satin-al\/","og_site_name":"Narco Powders","article_modified_time":"2025-05-06T07:01:49+00:00","og_image":[{"width":600,"height":600,"url":"https:\/\/narcopowders.com\/wp-content\/uploads\/2024\/05\/5f-EMB.gif","type":"image\/gif"}],"twitter_card":"summary_large_image","twitter_misc":{"Tahmini okuma s\u00fcresi":"2 dakika"},"schema":{"@context":"https:\/\/schema.org","@graph":[{"@type":"WebPage","@id":"https:\/\/narcopowders.com\/product\/buy-5f-emb-online\/","url":"https:\/\/narcopowders.com\/product\/buy-5f-emb-online\/","name":"5F-EMB Online Sat\u0131n Al\u0131n - Sat\u0131l\u0131k 5F-EMB | NarcoPowders","isPartOf":{"@id":"https:\/\/narcopowders.com\/#website"},"primaryImageOfPage":{"@id":"https:\/\/narcopowders.com\/product\/buy-5f-emb-online\/#primaryimage"},"image":{"@id":"https:\/\/narcopowders.com\/product\/buy-5f-emb-online\/#primaryimage"},"thumbnailUrl":"https:\/\/narcopowders.com\/wp-content\/uploads\/2024\/05\/5f-EMB.gif","datePublished":"2024-05-23T06:14:13+00:00","dateModified":"2025-05-06T07:01:49+00:00","description":"\u00c7evrimi\u00e7i 5f-emb tozu sat\u0131n almak i\u00e7in g\u00fcvenilir bir kaynak m\u0131 ar\u0131yorsunuz? Araman\u0131z burada sona eriyor. G\u00fcvenilir ma\u011fazam\u0131zdan \u00e7evrimi\u00e7i 5f-emb tozu sipari\u015f edin ve ara\u015ft\u0131rma ihtiya\u00e7lar\u0131n\u0131za g\u00f6re uyarlanm\u0131\u015f sorunsuz bir sat\u0131n alma s\u00fcrecinin tad\u0131n\u0131 \u00e7\u0131kar\u0131n.","breadcrumb":{"@id":"https:\/\/narcopowders.com\/product\/buy-5f-emb-online\/#breadcrumb"},"inLanguage":"tr","potentialAction":[{"@type":"ReadAction","target":["https:\/\/narcopowders.com\/product\/buy-5f-emb-online\/"]}]},{"@type":"ImageObject","inLanguage":"tr","@id":"https:\/\/narcopowders.com\/product\/buy-5f-emb-online\/#primaryimage","url":"https:\/\/narcopowders.com\/wp-content\/uploads\/2024\/05\/5f-EMB.gif","contentUrl":"https:\/\/narcopowders.com\/wp-content\/uploads\/2024\/05\/5f-EMB.gif","width":600,"height":600,"caption":"Buy 5f-EMB Online"},{"@type":"BreadcrumbList","@id":"https:\/\/narcopowders.com\/product\/buy-5f-emb-online\/#breadcrumb","itemListElement":[{"@type":"ListItem","position":1,"name":"Home","item":"https:\/\/narcopowders.com\/"},{"@type":"ListItem","position":2,"name":"Shop Page","item":"https:\/\/narcopowders.com\/shop\/"},{"@type":"ListItem","position":3,"name":"Buy 5f-EMB Online"}]},{"@type":"WebSite","@id":"https:\/\/narcopowders.com\/#website","url":"https:\/\/narcopowders.com\/","name":"Narko Tozlar","description":"WordPress Blogum","potentialAction":[{"@type":"SearchAction","target":{"@type":"EntryPoint","urlTemplate":"https:\/\/narcopowders.com\/?s={search_term_string}"},"query-input":{"@type":"PropertyValueSpecification","valueRequired":true,"valueName":"search_term_string"}}],"inLanguage":"tr"}]}},"_links":{"self":[{"href":"https:\/\/narcopowders.com\/tr\/wp-json\/wp\/v2\/product\/20510","targetHints":{"allow":["GET"]}}],"collection":[{"href":"https:\/\/narcopowders.com\/tr\/wp-json\/wp\/v2\/product"}],"about":[{"href":"https:\/\/narcopowders.com\/tr\/wp-json\/wp\/v2\/types\/product"}],"replies":[{"embeddable":true,"href":"https:\/\/narcopowders.com\/tr\/wp-json\/wp\/v2\/comments?post=20510"}],"wp:featuredmedia":[{"embeddable":true,"href":"https:\/\/narcopowders.com\/tr\/wp-json\/wp\/v2\/media\/21276"}],"wp:attachment":[{"href":"https:\/\/narcopowders.com\/tr\/wp-json\/wp\/v2\/media?parent=20510"}],"wp:term":[{"taxonomy":"product_brand","embeddable":true,"href":"https:\/\/narcopowders.com\/tr\/wp-json\/wp\/v2\/product_brand?post=20510"},{"taxonomy":"product_cat","embeddable":true,"href":"https:\/\/narcopowders.com\/tr\/wp-json\/wp\/v2\/product_cat?post=20510"},{"taxonomy":"product_tag","embeddable":true,"href":"https:\/\/narcopowders.com\/tr\/wp-json\/wp\/v2\/product_tag?post=20510"}],"curies":[{"name":"wp","href":"https:\/\/api.w.org\/{rel}","templated":true}]}}