{"id":20523,"date":"2024-05-23T06:14:19","date_gmt":"2024-05-23T06:14:19","guid":{"rendered":"https:\/\/narcopowders.com\/?post_type=product&#038;p=20523"},"modified":"2025-03-26T12:20:50","modified_gmt":"2025-03-26T12:20:50","slug":"buy-adb-butinaca-online","status":"publish","type":"product","link":"https:\/\/narcopowders.com\/tr\/urun\/buy-adb-butinaca-online\/","title":{"rendered":"ADB-Butinaca Online Sat\u0131n Al\u0131n"},"content":{"rendered":"<h2><strong>ADBB tozu online sat\u0131n al\u0131n<\/strong><\/h2>\n<p><a href=\"https:\/\/narcopowders.com\/tr\/urun\/buy-adb-butinaca-online\/\">Buy ADBB Online<\/a>, Some synthetic <a href=\"https:\/\/en.wikipedia.org\/wiki\/ADB-BUTINACA\">cannabis products<\/a> contain components of a recently created synthetic drug called <a href=\"https:\/\/www.bing.com\/search?q=Buy%20ADB-Butinaca%20Online&amp;qs=n&amp;form=QBRE&amp;sp=-1&amp;lq=0&amp;pq=buy%20adb-butinaca%20online&amp;sc=2-23&amp;sk=&amp;cvid=763F2B36D18543F698FC47811A3FD525&amp;ghsh=0&amp;ghacc=0&amp;ghpl=\">ADBB<\/a>. With EC50 values \u200b\u200bof 0.52 nM and 0.88 nM respectively, they are the strong agonist. <a href=\"https:\/\/narcopowders.com\/tr\/\">Narco Powders.<\/a><\/p>\n<p>CB1 ve CB2 resept\u00f6rlerini etkiler. Bununla birlikte, bu bile\u015fi\u011fin fizyolojik ve toksikolojik \u00f6zellikleri hala bilinmemektedir<a href=\"http:\/\/: https:\/\/narcopowders.com\/product\/buy-a-pvp-online\/\">.<\/a><\/p>\n<h3><strong>ADBB nas\u0131l kullan\u0131l\u0131r?<\/strong><\/h3>\n<p>ADBB ilac\u0131 insan t\u00fcketimi i\u00e7in uygun de\u011fildir. Bu ila\u00e7 adli laboratuvarlarda ara\u015ft\u0131rmac\u0131lar taraf\u0131ndan ara\u015ft\u0131rma kimyasal\u0131 olarak kullan\u0131lmaktad\u0131r.<\/p>\n<h3><strong>ADBB'nin yan etkileri nelerdir?<\/strong><\/h3>\n<p>ADBB tozunun uzun s\u00fcreli kullan\u0131m\u0131 a\u015fa\u011f\u0131daki yan etkilere neden olabilir:<\/p>\n<p>o Deliryum<\/p>\n<p>o Kardiyotoksisite<\/p>\n<p>o N\u00f6betler<\/p>\n<p>o Hipotermi<\/p>\n<h3><strong>ADB Butinaca'y\u0131 nereden biliyorsunuz?<\/strong><\/h3>\n<p>It is difficult to identify <a href=\"https:\/\/www.google.de\/search?q=Buy+ADB-Butinaca+Online&amp;sca_esv=1a2a07081c7891bb&amp;rlz=1C1RXQR_enIN1098IN1098&amp;ei=2bbOZ_CHF_S2vr0PgN6FqAs&amp;ved=0ahUKEwiw2Lmsn_-LAxV0m68BHQBvAbUQ4dUDCBA&amp;uact=5&amp;oq=Buy+ADB-Butinaca+Online&amp;gs_lp=Egxnd3Mtd2l6LXNlcnAiF0J1eSBBREItQnV0aW5hY2EgT25saW5lSLEHUMEDWMEDcAJ4AJABAJgB1AGgAdQBqgEDMi0xuAEDyAEA-AEC-AEBmAIAoAIAmAMAiAYBkgcAoAdL&amp;sclient=gws-wiz-serp\">ADB Butinaca<\/a> Mant\u0131ksal testler yap\u0131lmadan ADB Butinaca'y\u0131 tan\u0131mlamak zordur. Do\u011fal olarak a\u00e7\u0131k kahverengi veya sar\u0131ms\u0131 partik\u00fcller halinde g\u00f6r\u00fcn\u00fcr ve sat\u0131\u015fa sunulan di\u011fer ADB Butinaca ile kolayca kar\u0131\u015f\u0131r. Bir tad\u0131ml\u0131ktaki az miktarda ADB Butinaca, di\u011fer cihazlar renk tonu, aroma ve tat gibi cephe tan\u0131mlay\u0131c\u0131lar\u0131 kullanabilece\u011finden tan\u0131mlamay\u0131 zorla\u015ft\u0131r\u0131r. Ayr\u0131ca vampir veya s\u00f6zl\u00fc olarak da esinlenebilirler. ADB Butinaca i\u00e7in kapal\u0131 numuneler sokak uyu\u015fturucusu olarak sat\u0131lmaktad\u0131r; \u0130nsanlar bunlar\u0131 yerle\u015ftirmektedir. M\u00fc\u015fteriler ADB Butinaca \u015firketi hakk\u0131nda ancak kulland\u0131ktan sonra \u00f6nemli \u00f6l\u00e7\u00fcde rapor vermi\u015ftir. Kimyasal \u00f6zellikleri hakk\u0131nda \u00e7ok az \u015fey bilindi\u011finden, ara\u015ft\u0131rmac\u0131lar ve kimya merakl\u0131lar\u0131 heyecan verici deneyler yapmak ve bile\u015fi\u011fin temel kimyasal ve fiziksel \u00f6zelliklerini belirlemede \u00f6nc\u00fcl\u00fck etmek i\u00e7in b\u00fcy\u00fck bir f\u0131rsata sahiptir.<\/p>\n<h3><strong>\u0130nsanlar neden ADB Butinaca sat\u0131n al\u0131yor?<\/strong><\/h3>\n<p>Baz\u0131 sentetik kenevir \u00fcr\u00fcnlerinin bir bile\u015fenidir. Bu tasar\u0131mc\u0131 ila\u00e7, tan\u0131nm\u0131\u015f Amerikan ila\u00e7 \u015firketi Pfizer taraf\u0131ndan potansiyel bir analjezik olarak geli\u015ftirilmi\u015ftir. E\u011fer bir ara\u015ft\u0131rmac\u0131ysan\u0131z ve ara\u015ft\u0131rma amac\u0131yla kullanmak istiyorsan\u0131z, potansiyel risklerin ve yan etkilerin fark\u0131nda olmal\u0131s\u0131n\u0131z. Di\u011fer sentetik kannabinoidler gibi psikoaktif \u00f6zelliklere sahiptir. Ayr\u0131ca, bu madde ile ili\u015fkili \u00e7e\u015fitli yan etkiler g\u00f6sterilmi\u015ftir. Sayg\u0131n bir platform olan Orange Hems, ADB Butinaca'y\u0131 \u00e7evrimi\u00e7i sat\u0131n almak i\u00e7in bu ilac\u0131 alabilece\u011finiz yerdir. <a href=\"https:\/\/duckduckgo.com\/?q=Buy+ADB-Butinaca+Online&amp;t=h_&amp;ia=web\">ADB Butinaca'y\u0131 \u00e7evrimi\u00e7i sat\u0131n al<\/a>.<\/p>\n<h3><strong>ADB Butinaca'n\u0131n etkileri nelerdir?<\/strong><\/h3>\n<p>ADB-BUTINACA, genellikle ara\u015ft\u0131rma i\u00e7in kullan\u0131lan bir t\u00fcr yeni ezici maddedir.<\/p>\n<p>Bu yeni sentetik kannabinoidler, v\u00fccudun CB1 ve CB2 resept\u00f6rlerine ba\u011flanan insan yap\u0131m\u0131 bir maddedir.<\/p>\n<p>CB1 ve CB2 kannabinoid resept\u00f6rleri \u00e7ok say\u0131da fizyolojik s\u00fcre\u00e7te yer almaktad\u0131r.<\/p>\n<p>Esrar\u0131n psikoaktif etkilerine arac\u0131l\u0131k etmeye yard\u0131mc\u0131 olan merkezi sinir sistemimiz, beyin ve omurilikte CB1 i\u00e7erir.<\/p>\n<p>Beyaz kan h\u00fccreleri, ba\u011f\u0131\u015f\u0131kl\u0131k h\u00fccrelerinin i\u015flevlerini d\u00fczenleyen CB2 resept\u00f6rleri i\u00e7erir.<\/p>\n<p>Ayr\u0131ca, beyinde daha d\u00fc\u015f\u00fck seviyelerde konu\u015fulur. ADB-BIANCA'n\u0131n etkileri iyi belgelenmemi\u015ftir ve ADB Butinaca sat\u0131n almak yasal de\u011fildir. Sentetik dopaminerjiktirler, bu nedenle beyinde esrardaki zihin de\u011fi\u015ftirici unsur olan TCH ile ayn\u0131 temizleme al\u0131c\u0131s\u0131 \u00fczerinde hareket ederler ve ADB Butinaca sipari\u015f ederler. ADB Butinaca sipari\u015finizi \u00e7evrimi\u00e7i olarak vermenizden kaynaklanan herhangi bir i\u015flem veya maliyet i\u00e7in herhangi bir sorumluluk yoktur. adb butinaca kontrol edilir mi? adb butinaca cayman sat\u0131n al, adb butinaca dea sat\u0131n al, adb butinaca cayman, sat\u0131l\u0131k adb butinaca<\/p>\n<p>adb butinaca nas\u0131l al\u0131n\u0131r, sat\u0131l\u0131k kaliteli adb butinaca, adb butinaca ma\u011fazas\u0131, adb butinaca nereden al\u0131n\u0131r, 5f-adb sat\u0131n al<\/p>\n<p>7-adb, trrcshop, 5f-adb-33n, adb-butinaca psychonaut, adb-butinaca kullan\u0131r, adb-butinaca yan etkileri, yasal adb butinaca sat\u0131n al.<\/p>","protected":false},"excerpt":{"rendered":"<p>ADB-BUTINACA, tasar\u0131mc\u0131 uyu\u015fturucusu olarak pazarlanan sentetik bir kenevir molek\u00fcl\u00fcd\u00fcr. EMCDDA adland\u0131rma y\u00f6nergeleri kullan\u0131larak ADMB-BINACA olarak da bilinir. CB1 i\u00e7in 6,36 nM EC50 ile, CB1 i\u00e7in 0,29 nM ve CB2 i\u00e7in 0,91 nM ba\u011flanma afiniteleri ile g\u00fc\u00e7l\u00fc bir CB1 agonistidir.<\/p>","protected":false},"featured_media":21268,"comment_status":"open","ping_status":"closed","template":"","meta":{"_joinchat":[]},"product_brand":[],"product_cat":[1724,1538],"product_tag":[],"class_list":{"0":"post-20523","1":"product","2":"type-product","3":"status-publish","4":"has-post-thumbnail","6":"product_cat-research-chemicals","7":"product_cat-cannabinoids","9":"first","10":"instock","11":"shipping-taxable","12":"purchasable","13":"product-type-variable","14":"add-to-wishlist-after_add_to_cart"},"yoast_head":"<!-- This site is optimized with the Yoast SEO plugin v25.9 - https:\/\/yoast.com\/wordpress\/plugins\/seo\/ -->\n<title>Buy ADB-Butinaca - ADB-Butinaca for Sale | NarcoPowders<\/title>\n<meta name=\"description\" content=\"Buy ADB-Butinaca - ADB-BUTINACA (also known as ADMB-BINACA under the EMCDDA naming standards) is a synthetic cannabinoid compound. Order Now!\" \/>\n<meta name=\"robots\" content=\"index, follow, max-snippet:-1, max-image-preview:large, max-video-preview:-1\" \/>\n<link rel=\"canonical\" href=\"https:\/\/narcopowders.com\/tr\/urun\/buy-adb-butinaca-online\/\" \/>\n<meta property=\"og:locale\" content=\"tr_TR\" \/>\n<meta property=\"og:type\" content=\"article\" \/>\n<meta property=\"og:title\" content=\"Buy ADB-Butinaca - ADB-Butinaca for Sale | NarcoPowders\" \/>\n<meta property=\"og:description\" content=\"Buy ADB-Butinaca - ADB-BUTINACA (also known as ADMB-BINACA under the EMCDDA naming standards) is a synthetic cannabinoid compound. Order Now!\" \/>\n<meta property=\"og:url\" content=\"https:\/\/narcopowders.com\/tr\/urun\/buy-adb-butinaca-online\/\" \/>\n<meta property=\"og:site_name\" content=\"Narco Powders\" \/>\n<meta property=\"article:modified_time\" content=\"2025-03-26T12:20:50+00:00\" \/>\n<meta property=\"og:image\" content=\"https:\/\/narcopowders.com\/wp-content\/uploads\/2024\/05\/Add-b.gif\" \/>\n\t<meta property=\"og:image:width\" content=\"600\" \/>\n\t<meta property=\"og:image:height\" content=\"600\" \/>\n\t<meta property=\"og:image:type\" content=\"image\/gif\" \/>\n<meta name=\"twitter:card\" content=\"summary_large_image\" \/>\n<meta name=\"twitter:label1\" content=\"Tahmini okuma s\u00fcresi\" \/>\n\t<meta name=\"twitter:data1\" content=\"3 dakika\" \/>\n<!-- \/ Yoast SEO plugin. -->","yoast_head_json":{"title":"ADB-Butinaca Sat\u0131n Al\u0131n - Sat\u0131l\u0131k ADB-Butinaca | NarcoPowders","description":"ADB-Butinaca Sat\u0131n Al\u0131n - ADB-BUTINACA (EMCDDA adland\u0131rma standartlar\u0131 kapsam\u0131nda ADMB-BINACA olarak da bilinir) sentetik bir kannabinoid bile\u015fi\u011fidir. \u015eimdi Sipari\u015f Verin!","robots":{"index":"index","follow":"follow","max-snippet":"max-snippet:-1","max-image-preview":"max-image-preview:large","max-video-preview":"max-video-preview:-1"},"canonical":"https:\/\/narcopowders.com\/tr\/urun\/buy-adb-butinaca-online\/","og_locale":"tr_TR","og_type":"article","og_title":"Buy ADB-Butinaca - ADB-Butinaca for Sale | NarcoPowders","og_description":"Buy ADB-Butinaca - ADB-BUTINACA (also known as ADMB-BINACA under the EMCDDA naming standards) is a synthetic cannabinoid compound. Order Now!","og_url":"https:\/\/narcopowders.com\/tr\/urun\/buy-adb-butinaca-online\/","og_site_name":"Narco Powders","article_modified_time":"2025-03-26T12:20:50+00:00","og_image":[{"width":600,"height":600,"url":"https:\/\/narcopowders.com\/wp-content\/uploads\/2024\/05\/Add-b.gif","type":"image\/gif"}],"twitter_card":"summary_large_image","twitter_misc":{"Tahmini okuma s\u00fcresi":"3 dakika"},"schema":{"@context":"https:\/\/schema.org","@graph":[{"@type":"WebPage","@id":"https:\/\/narcopowders.com\/product\/buy-adb-butinaca-online\/","url":"https:\/\/narcopowders.com\/product\/buy-adb-butinaca-online\/","name":"ADB-Butinaca Sat\u0131n Al\u0131n - Sat\u0131l\u0131k ADB-Butinaca | NarcoPowders","isPartOf":{"@id":"https:\/\/narcopowders.com\/#website"},"primaryImageOfPage":{"@id":"https:\/\/narcopowders.com\/product\/buy-adb-butinaca-online\/#primaryimage"},"image":{"@id":"https:\/\/narcopowders.com\/product\/buy-adb-butinaca-online\/#primaryimage"},"thumbnailUrl":"https:\/\/narcopowders.com\/wp-content\/uploads\/2024\/05\/Add-b.gif","datePublished":"2024-05-23T06:14:19+00:00","dateModified":"2025-03-26T12:20:50+00:00","description":"ADB-Butinaca Sat\u0131n Al\u0131n - ADB-BUTINACA (EMCDDA adland\u0131rma standartlar\u0131 kapsam\u0131nda ADMB-BINACA olarak da bilinir) sentetik bir kannabinoid bile\u015fi\u011fidir. \u015eimdi Sipari\u015f Verin!","breadcrumb":{"@id":"https:\/\/narcopowders.com\/product\/buy-adb-butinaca-online\/#breadcrumb"},"inLanguage":"tr","potentialAction":[{"@type":"ReadAction","target":["https:\/\/narcopowders.com\/product\/buy-adb-butinaca-online\/"]}]},{"@type":"ImageObject","inLanguage":"tr","@id":"https:\/\/narcopowders.com\/product\/buy-adb-butinaca-online\/#primaryimage","url":"https:\/\/narcopowders.com\/wp-content\/uploads\/2024\/05\/Add-b.gif","contentUrl":"https:\/\/narcopowders.com\/wp-content\/uploads\/2024\/05\/Add-b.gif","width":600,"height":600,"caption":"Buy ADB-Butinaca Online"},{"@type":"BreadcrumbList","@id":"https:\/\/narcopowders.com\/product\/buy-adb-butinaca-online\/#breadcrumb","itemListElement":[{"@type":"ListItem","position":1,"name":"Home","item":"https:\/\/narcopowders.com\/"},{"@type":"ListItem","position":2,"name":"Shop Page","item":"https:\/\/narcopowders.com\/shop\/"},{"@type":"ListItem","position":3,"name":"Buy ADB-Butinaca Online"}]},{"@type":"WebSite","@id":"https:\/\/narcopowders.com\/#website","url":"https:\/\/narcopowders.com\/","name":"Narko Tozlar","description":"WordPress Blogum","potentialAction":[{"@type":"SearchAction","target":{"@type":"EntryPoint","urlTemplate":"https:\/\/narcopowders.com\/?s={search_term_string}"},"query-input":{"@type":"PropertyValueSpecification","valueRequired":true,"valueName":"search_term_string"}}],"inLanguage":"tr"}]}},"_links":{"self":[{"href":"https:\/\/narcopowders.com\/tr\/wp-json\/wp\/v2\/product\/20523","targetHints":{"allow":["GET"]}}],"collection":[{"href":"https:\/\/narcopowders.com\/tr\/wp-json\/wp\/v2\/product"}],"about":[{"href":"https:\/\/narcopowders.com\/tr\/wp-json\/wp\/v2\/types\/product"}],"replies":[{"embeddable":true,"href":"https:\/\/narcopowders.com\/tr\/wp-json\/wp\/v2\/comments?post=20523"}],"wp:featuredmedia":[{"embeddable":true,"href":"https:\/\/narcopowders.com\/tr\/wp-json\/wp\/v2\/media\/21268"}],"wp:attachment":[{"href":"https:\/\/narcopowders.com\/tr\/wp-json\/wp\/v2\/media?parent=20523"}],"wp:term":[{"taxonomy":"product_brand","embeddable":true,"href":"https:\/\/narcopowders.com\/tr\/wp-json\/wp\/v2\/product_brand?post=20523"},{"taxonomy":"product_cat","embeddable":true,"href":"https:\/\/narcopowders.com\/tr\/wp-json\/wp\/v2\/product_cat?post=20523"},{"taxonomy":"product_tag","embeddable":true,"href":"https:\/\/narcopowders.com\/tr\/wp-json\/wp\/v2\/product_tag?post=20523"}],"curies":[{"name":"wp","href":"https:\/\/api.w.org\/{rel}","templated":true}]}}