{"id":20524,"date":"2024-05-23T06:14:19","date_gmt":"2024-05-23T06:14:19","guid":{"rendered":"https:\/\/narcopowders.com\/?post_type=product&#038;p=20524"},"modified":"2025-03-12T06:58:10","modified_gmt":"2025-03-12T06:58:10","slug":"buy-5f-mdmb-2201-online","status":"publish","type":"product","link":"https:\/\/narcopowders.com\/tr\/product\/buy-5f-mdmb-2201-online\/","title":{"rendered":"5F-MDMB-2201 Online Sat\u0131n Al\u0131n"},"content":{"rendered":"<h2>5F-MDMB-2201 Crystal'i sat\u0131n al\u0131n.<\/h2>\n<p><a href=\"https:\/\/narcopowders.com\/tr\/%c3%bcr%c3%bcn\/buy-5f-mdmb-2201-online\/\">Crystal 5F-MDMB-2201 Sat\u0131n Al\u0131n<\/a><\/p>\n<p>D\u00fcnya \u00e7ap\u0131nda sentetik kenevir \u00fcr\u00fcnlerinde, ortaya \u00e7\u0131kmaya ba\u015flayan bir indazol 3 karboksamid vard\u0131r.<\/p>\n<p><strong>Farmakoloji:<\/strong><\/p>\n<p>Although <a href=\"https:\/\/www.bing.com\/search?q=Buy%205F-MDMB-2201%20Online&amp;qs=n&amp;form=QBRE&amp;sp=-1&amp;lq=0&amp;pq=buy%205f-mdmb-2201%20online&amp;sc=0-23&amp;sk=&amp;cvid=B74C90249E804D829F891B0FF3818AA0&amp;ghsh=0&amp;ghacc=0&amp;ghpl=\">5F-MDMB-2201<\/a> is known to be a very strong CB1 agonist, it is unclear if this means that it is highly selective for CB1 or even if it is selective at all. In this region, more testing will be necessary<a href=\"https:\/\/en.wikipedia.org\/wiki\/MDMB-4en-PINACA\">.<\/a><\/p>\n<p><strong>Kar\u015f\u0131la\u015ft\u0131r\u0131labilir Maddeler<a href=\"https:\/\/narcopowders.com\/tr\/%c3%bcr%c3%bcn\/satin-al-5cladb-online\/\">:<\/a><\/strong><\/p>\n<p><a href=\"https:\/\/www.bing.com\/search?q=Buy%205F-MDMB-2201%20Online&amp;qs=n&amp;form=QBRE&amp;sp=-1&amp;lq=0&amp;pq=buy%205f-mdmb-2201%20online&amp;sc=0-23&amp;sk=&amp;cvid=B74C90249E804D829F891B0FF3818AA0&amp;ghsh=0&amp;ghacc=0&amp;ghpl=\">5F-AB-PINACA<\/a><\/p>\n<p>PX-3<\/p>\n<p>MDMB-FUBINACA<\/p>\n<p>MDMB-CHMICA<\/p>\n<p>APNACA<\/p>\n<p>APICA<\/p>\n<p>ADB-PINACA<\/p>\n<p>ADBICA<\/p>\n<p>ADB-FUBINACA<\/p>\n<p>ADB-CHMINACA<\/p>\n<p>AB-PINACA<\/p>\n<p>AB-FUBINACA<\/p>\n<p>AB-CHMINACA<\/p>\n<p>AB-CHFUPYCA<\/p>\n<p>5F-APINACA<\/p>\n<p>5F-AMB<\/p>\n<p>Legality: <a href=\"https:\/\/www.google.com\/search?q=Buy+5F-MDMB-2201+Online&amp;num=10&amp;sca_esv=1a2a07081c7891bb&amp;rlz=1C1RXQR_enIN1098IN1098&amp;sxsrf=AHTn8zpA_vRX0RHQauyQtnM7kEDUvX1X4Q%3A1741762591728&amp;ei=HzDRZ-CRLImE4-EPwfmTwAs&amp;ved=0ahUKEwigncCk-4OMAxUJwjgGHcH8BLgQ4dUDCBA&amp;uact=5&amp;oq=Buy+5F-MDMB-2201+Online&amp;gs_lp=Egxnd3Mtd2l6LXNlcnAiF0J1eSA1Ri1NRE1CLTIyMDEgT25saW5lSKkHUKkDWKkDcAJ4AJABAJgBkwKgAZMCqgEDMi0xuAEDyAEA-AEC-AEBmAICoAIMwgILEAAYgAQYsAMYogTCAggQABiwAxjvBZgDAIgGAZAGA5IHATKgB0s&amp;sclient=gws-wiz-serp\">5F-MDMB-2201<\/a> may be regarded as an analogue of 5F-ADB or similar compounds, however it is not currently known to be regarded as a prohibited substance in any nation or significant jurisdiction. That might make it unlawful to sell or possess it in importing this chemical, hence caution should be used in some jurisdictions.<\/p>\n<p><a href=\"https:\/\/www.google.com\/search?q=Buy+5F-MDMB-2201+Online&amp;num=10&amp;sca_esv=1a2a07081c7891bb&amp;rlz=1C1RXQR_enIN1098IN1098&amp;sxsrf=AHTn8zpA_vRX0RHQauyQtnM7kEDUvX1X4Q%3A1741762591728&amp;ei=HzDRZ-CRLImE4-EPwfmTwAs&amp;ved=0ahUKEwigncCk-4OMAxUJwjgGHcH8BLgQ4dUDCBA&amp;uact=5&amp;oq=Buy+5F-MDMB-2201+Online&amp;gs_lp=Egxnd3Mtd2l6LXNlcnAiF0J1eSA1Ri1NRE1CLTIyMDEgT25saW5lSKkHUKkDWKkDcAJ4AJABAJgBkwKgAZMCqgEDMi0xuAEDyAEA-AEC-AEBmAICoAIMwgILEAAYgAQYsAMYogTCAggQABiwAxjvBZgDAIgGAZAGA5IHATKgB0s&amp;sclient=gws-wiz-serp\">5F-MDMB-2201<\/a> is not suitable for ingestion by humans or animals because it is only marketed as a research chemical. It should only be utilized in forensic or laboratory settings by qualified individuals.<\/p>\n<h3>5F-MDMB-2201'I\u0307N (5F-MDMB-PICA) ETKI\u0307SI\u0307 VE DOZU:<\/h3>\n<p><a href=\"https:\/\/duckduckgo.com\/?q=Buy+5F-MDMB-2201+Online&amp;t=h_&amp;ia=web\"><strong>5F-MDMB-PICA<\/strong><\/a>, in its pure form but mostly as a synthetic constituent added to a plant matrix, is primarily smoked (or vaped) although reliable data about dosage are unavailable. 5F-MDMB-2201 (<a href=\"https:\/\/duckduckgo.com\/?q=Buy+5F-MDMB-2201+Online&amp;t=h_&amp;ia=web\">5F-MDMB-PICA<\/a>) functions as a synthetic cannabinoid receptor agonist (SCRA). Information about effects induced is currently not available but the existing data suggest that 5F-MDMB-2201 (5F-MDMB-PICA) will likely exhibit a profile shared by other SCRAs (potent full agonists at cannabinoid receptors) such as 5F-ADB (5F-MDMB-PINACA).<\/p>\n<h3>5F-MDMB-2201 (5F-MDMB-PICA) TOKSI\u0307KOLOJI\u0307SI\u0307:<\/h3>\n<p>E\u011flence ama\u00e7l\u0131 kullan\u0131m\u0131n toksisitesi ve uzun vadeli sa\u011fl\u0131k etkileri\u00a0<strong>5F-MDMB-2201<\/strong>\u00a0kullan\u0131m\u0131 herhangi bir bilimsel ba\u011flamda incelenmi\u015f gibi g\u00f6r\u00fcnmemektedir ve kesin toksik dozaj bilinmemektedir.<\/p>\n<h3>5F-MDMB-2201 NEREDEN SATIN ALINIR?<\/h3>\n<p>Sale-Chemicals.com ma\u011fazam\u0131zdan saf 5F-MDMB-2201 \u00fcr\u00fcn\u00fcn\u00fc \u00fccretsiz kargo ve teslimat garantisi ile online olarak sat\u0131n alabilirsiniz. Sale-Chemicals.com'da Ara\u015ft\u0131rma Kimyasallar\u0131n\u0131 kristal, toz ve s\u0131v\u0131 formda sat\u0131n alabilirsiniz.<\/p>","protected":false},"excerpt":{"rendered":"<p>5F-MDMB-PICA (5F-MDMB-2201) sentetik bir kannabinoid ve tasar\u0131mc\u0131 uyu\u015fturucudur. Uyu\u015fturucuyla M\u00fccadele \u0130daresi'nin 2018 y\u0131l\u0131nda el koydu\u011fu narkotiklerde bulunan en yayg\u0131n yedinci sentetik kannabinoiddir.<\/p>","protected":false},"featured_media":21262,"comment_status":"open","ping_status":"closed","template":"","meta":{"_joinchat":[]},"product_brand":[],"product_cat":[1538],"product_tag":[],"class_list":{"0":"post-20524","1":"product","2":"type-product","3":"status-publish","4":"has-post-thumbnail","6":"product_cat-cannabinoids","8":"first","9":"instock","10":"shipping-taxable","11":"purchasable","12":"product-type-variable","13":"add-to-wishlist-after_add_to_cart"},"yoast_head":"<!-- This site is optimized with the Yoast SEO plugin v27.5 - https:\/\/yoast.com\/product\/yoast-seo-wordpress\/ -->\n<title>Buy 5F-MDMB-2201<\/title>\n<meta name=\"description\" content=\"Buy 5F-MDMB-2201, 5F-MDMB-2201 is also known as 5F-MDMB-PICA, is similar to 5F-MDMB-PINACA belongs to the cannabinoid class Order 5F-MDMB-2201.\" \/>\n<meta name=\"robots\" content=\"index, follow, max-snippet:-1, max-image-preview:large, max-video-preview:-1\" \/>\n<link rel=\"canonical\" href=\"https:\/\/narcopowders.com\/tr\/\u00fcr\u00fcn\/buy-5f-mdmb-2201-online\/\" \/>\n<meta property=\"og:locale\" content=\"tr_TR\" \/>\n<meta property=\"og:type\" content=\"article\" \/>\n<meta property=\"og:title\" content=\"Buy 5F-MDMB-2201\" \/>\n<meta property=\"og:description\" content=\"Buy 5F-MDMB-2201, 5F-MDMB-2201 is also known as 5F-MDMB-PICA, is similar to 5F-MDMB-PINACA belongs to the cannabinoid class Order 5F-MDMB-2201.\" \/>\n<meta property=\"og:url\" content=\"https:\/\/narcopowders.com\/tr\/\u00fcr\u00fcn\/buy-5f-mdmb-2201-online\/\" \/>\n<meta property=\"og:site_name\" content=\"Narco Powders\" \/>\n<meta property=\"article:modified_time\" content=\"2025-03-12T06:58:10+00:00\" \/>\n<meta property=\"og:image\" content=\"https:\/\/narcopowders.com\/wp-content\/uploads\/2024\/05\/5F-mdemb-2201.gif\" \/>\n\t<meta property=\"og:image:width\" content=\"600\" \/>\n\t<meta property=\"og:image:height\" content=\"600\" \/>\n\t<meta property=\"og:image:type\" content=\"image\/gif\" \/>\n<meta name=\"twitter:card\" content=\"summary_large_image\" \/>\n<meta name=\"twitter:label1\" content=\"Tahmini okuma s\u00fcresi\" \/>\n\t<meta name=\"twitter:data1\" content=\"2 dakika\" \/>\n<!-- \/ Yoast SEO plugin. -->","yoast_head_json":{"title":"5F-MDMB-2201 Sat\u0131n Al\u0131n","description":"5F-MDMB-2201 Sat\u0131n Al\u0131n, 5F-MDMB-2201, 5F-MDMB-PICA olarak da bilinir, 5F-MDMB-PINACA'ya benzer, kannabinoid s\u0131n\u0131f\u0131na aittir 5F-MDMB-2201 Sipari\u015f Edin.","robots":{"index":"index","follow":"follow","max-snippet":"max-snippet:-1","max-image-preview":"max-image-preview:large","max-video-preview":"max-video-preview:-1"},"canonical":"https:\/\/narcopowders.com\/tr\/\u00fcr\u00fcn\/buy-5f-mdmb-2201-online\/","og_locale":"tr_TR","og_type":"article","og_title":"Buy 5F-MDMB-2201","og_description":"Buy 5F-MDMB-2201, 5F-MDMB-2201 is also known as 5F-MDMB-PICA, is similar to 5F-MDMB-PINACA belongs to the cannabinoid class Order 5F-MDMB-2201.","og_url":"https:\/\/narcopowders.com\/tr\/\u00fcr\u00fcn\/buy-5f-mdmb-2201-online\/","og_site_name":"Narco Powders","article_modified_time":"2025-03-12T06:58:10+00:00","og_image":[{"width":600,"height":600,"url":"https:\/\/narcopowders.com\/wp-content\/uploads\/2024\/05\/5F-mdemb-2201.gif","type":"image\/gif"}],"twitter_card":"summary_large_image","twitter_misc":{"Tahmini okuma s\u00fcresi":"2 dakika"},"schema":{"@context":"https:\/\/schema.org","@graph":[{"@type":"WebPage","@id":"https:\/\/narcopowders.com\/product\/buy-5f-mdmb-2201-online\/","url":"https:\/\/narcopowders.com\/product\/buy-5f-mdmb-2201-online\/","name":"5F-MDMB-2201 Sat\u0131n Al\u0131n","isPartOf":{"@id":"https:\/\/narcopowders.com\/#website"},"primaryImageOfPage":{"@id":"https:\/\/narcopowders.com\/product\/buy-5f-mdmb-2201-online\/#primaryimage"},"image":{"@id":"https:\/\/narcopowders.com\/product\/buy-5f-mdmb-2201-online\/#primaryimage"},"thumbnailUrl":"https:\/\/narcopowders.com\/wp-content\/uploads\/2024\/05\/5F-mdemb-2201.gif","datePublished":"2024-05-23T06:14:19+00:00","dateModified":"2025-03-12T06:58:10+00:00","description":"5F-MDMB-2201 Sat\u0131n Al\u0131n, 5F-MDMB-2201, 5F-MDMB-PICA olarak da bilinir, 5F-MDMB-PINACA'ya benzer, kannabinoid s\u0131n\u0131f\u0131na aittir 5F-MDMB-2201 Sipari\u015f Edin.","breadcrumb":{"@id":"https:\/\/narcopowders.com\/product\/buy-5f-mdmb-2201-online\/#breadcrumb"},"inLanguage":"tr","potentialAction":[{"@type":"ReadAction","target":["https:\/\/narcopowders.com\/product\/buy-5f-mdmb-2201-online\/"]}]},{"@type":"ImageObject","inLanguage":"tr","@id":"https:\/\/narcopowders.com\/product\/buy-5f-mdmb-2201-online\/#primaryimage","url":"https:\/\/narcopowders.com\/wp-content\/uploads\/2024\/05\/5F-mdemb-2201.gif","contentUrl":"https:\/\/narcopowders.com\/wp-content\/uploads\/2024\/05\/5F-mdemb-2201.gif","width":600,"height":600,"caption":"Buy 5F-mdmb-2201 Online"},{"@type":"BreadcrumbList","@id":"https:\/\/narcopowders.com\/product\/buy-5f-mdmb-2201-online\/#breadcrumb","itemListElement":[{"@type":"ListItem","position":1,"name":"Home","item":"https:\/\/narcopowders.com\/"},{"@type":"ListItem","position":2,"name":"Shop Page","item":"https:\/\/narcopowders.com\/shop\/"},{"@type":"ListItem","position":3,"name":"Buy 5F-MDMB-2201 Online"}]},{"@type":"WebSite","@id":"https:\/\/narcopowders.com\/#website","url":"https:\/\/narcopowders.com\/","name":"Narko Tozlar","description":"WordPress Blogum","potentialAction":[{"@type":"SearchAction","target":{"@type":"EntryPoint","urlTemplate":"https:\/\/narcopowders.com\/?s={search_term_string}"},"query-input":{"@type":"PropertyValueSpecification","valueRequired":true,"valueName":"search_term_string"}}],"inLanguage":"tr"}]}},"_links":{"self":[{"href":"https:\/\/narcopowders.com\/tr\/wp-json\/wp\/v2\/product\/20524","targetHints":{"allow":["GET"]}}],"collection":[{"href":"https:\/\/narcopowders.com\/tr\/wp-json\/wp\/v2\/product"}],"about":[{"href":"https:\/\/narcopowders.com\/tr\/wp-json\/wp\/v2\/types\/product"}],"replies":[{"embeddable":true,"href":"https:\/\/narcopowders.com\/tr\/wp-json\/wp\/v2\/comments?post=20524"}],"wp:featuredmedia":[{"embeddable":true,"href":"https:\/\/narcopowders.com\/tr\/wp-json\/wp\/v2\/media\/21262"}],"wp:attachment":[{"href":"https:\/\/narcopowders.com\/tr\/wp-json\/wp\/v2\/media?parent=20524"}],"wp:term":[{"taxonomy":"product_brand","embeddable":true,"href":"https:\/\/narcopowders.com\/tr\/wp-json\/wp\/v2\/product_brand?post=20524"},{"taxonomy":"product_cat","embeddable":true,"href":"https:\/\/narcopowders.com\/tr\/wp-json\/wp\/v2\/product_cat?post=20524"},{"taxonomy":"product_tag","embeddable":true,"href":"https:\/\/narcopowders.com\/tr\/wp-json\/wp\/v2\/product_tag?post=20524"}],"curies":[{"name":"wp","href":"https:\/\/api.w.org\/{rel}","templated":true}]}}