{"id":20525,"date":"2024-05-23T06:14:19","date_gmt":"2024-05-23T06:14:19","guid":{"rendered":"https:\/\/narcopowders.com\/?post_type=product&#038;p=20525"},"modified":"2025-03-26T12:53:04","modified_gmt":"2025-03-26T12:53:04","slug":"buy-sgt-151-online","status":"publish","type":"product","link":"https:\/\/narcopowders.com\/tr\/urun\/sgt-151-online-satin-al\/","title":{"rendered":"Sgt-151 Online Sat\u0131n Al\u0131n"},"content":{"rendered":"<h2>Sgt-151 Online Sat\u0131n Al\u0131n<\/h2>\n<p><a href=\"https:\/\/narcopowders.com\/tr\/urun\/sgt-151-online-satin-al\/\">SGT-151<\/a> Sentetik kanabinoidler (SK'ler) ad\u0131 verilen yeni psikoaktif bile\u015fikler, esrar\u0131n etkilerini taklit eder. SK'lerle p\u00fcsk\u00fcrt\u00fclm\u00fc\u015f bitkisel kar\u0131\u015f\u0131mlar da dahil olmak \u00fczere bu \u00fcr\u00fcnler, \u00e7evrimi\u00e7i perakendeciler arac\u0131l\u0131\u011f\u0131yla sat\u0131\u015fa sunulmaktayd\u0131. Genellikle farmas\u00f6tik ara\u015ft\u0131rmalara ve patentlere dayanan gizli laboratuvarlarda sentezlenmeleri nedeniyle, o zamandan beri d\u00fcnya \u00e7ap\u0131nda bir dizi SK kimyasal varyasyonu ortaya \u00e7\u0131km\u0131\u015f ve bu da yetkililerin bu bile\u015fikleri d\u00fczenlemesinde giderek artan zorluklara yol a\u00e7m\u0131\u015ft\u0131r. Son y\u0131llarda, Bowden ve Williamson patent ba\u015fvurusuna uygun olarak sentezlenen bir dizi olduk\u00e7a etkili bile\u015fik (\"<a href=\"https:\/\/www.bing.com\/search?q=Buy%20Sgt-151%20Online&amp;qs=n&amp;form=QBRE&amp;sp=-1&amp;lq=0&amp;pq=buy%20sgt-151%20online&amp;sc=9-18&amp;sk=&amp;cvid=83347B03C78740C6B9C2D92CDCFAEF51&amp;ghsh=0&amp;ghacc=0&amp;ghpl=\">SGT Bile\u015fikleri<\/a>\") ticari olarak piyasaya s\u00fcr\u00fclm\u00fc\u015ft\u00fcr. Bu ila\u00e7lar, bir indol, indazol veya azaindol yap\u0131s\u0131na ba\u011fl\u0131 bir k\u00fcmil ikamesi ile karakterize edilir. 2016 y\u0131l\u0131nda, ilk k\u00fcmil bile\u015fiklerinden biri olan CUMYL-PEGACLONE'un marka ad\u0131 alt\u0131nda pazarland\u0131\u011f\u0131 ke\u015ffedildi. ]. Bu \u00e7al\u0131\u015fma, bir paketin i\u00e7inde ne oldu\u011funu anlamay\u0131 ama\u00e7lamaktad\u0131r. <a href=\"https:\/\/narcopowders.com\/tr\/\">SGT-151 sat\u0131ld\u0131<\/a> \u0130nternette \"ara\u015ft\u0131rma kimyasal\u0131\" olarak ge\u00e7iyor.<\/p>\n<p>Cayman veri taban\u0131 kullan\u0131larak, kannabinoid k\u00fctle spektrumlar\u0131na g\u00f6re tan\u0131mlanm\u0131\u015ft\u0131r (Chemical C. Cayman Spectral Library, Vol . v08302018). Madde, MEGA-5 MS kapiler kolon (0,25 \u00b5m, 0,32 mm, 30 m) kullan\u0131larak GC\/MS ile analiz edilmi\u015ftir. Kromatografik analiz i\u00e7in a\u015fa\u011f\u0131daki parametreler kullan\u0131lm\u0131\u015ft\u0131r: 280 \u00b0C'de b\u00f6l\u00fcnmesiz enjeksiyon ve 1 \u00b5L enjeksiyon hacmi. S\u0131cakl\u0131k \u00fc\u00e7 dakika boyunca 100 \u00b0C'de tutulduktan sonra, f\u0131r\u0131n dakikada 30 \u00b0C h\u0131zla 310 \u00b0C'ye y\u00fckseltilmi\u015f ve on dakika boyunca bu s\u0131cakl\u0131kta tutulmu\u015ftur. A\u015fa\u011f\u0131daki MS ko\u015fullar\u0131 uygulanm\u0131\u015ft\u0131r: \u0130yonizasyon enerjisi 70 eV olarak ayarland\u0131 ve al\u0131m i\u00e7in kullan\u0131lan tarama modu aral\u0131\u011f\u0131 30 ila 450 idi. Bu durumda ta\u015f\u0131y\u0131c\u0131 gaz helyumdu. Clarity safla\u015ft\u0131rma i\u00e7in bir HPLC\/DAD kullanm\u0131\u015ft\u0131r. Bir faz tersine \u00e7evirme kolonu ile birlikte program. Optimum \u00e7\u00f6z\u00fcn\u00fcrl\u00fck i\u00e7in optimize edilmi\u015f (A) 5% 10 mM amonyak format ve (B) 95% asetonitril i\u00e7eren bir \u00e7\u00f6z\u00fcc\u00fc gradyan sistemi mobil faz\u0131 olu\u015fturmu\u015ftur.<\/p>\n<h3>SGT-151 nedir?<\/h3>\n<p><a href=\"https:\/\/www.google.com\/search?q=Buy+Sgt-151+Online&amp;num=10&amp;sca_esv=1a2a07081c7891bb&amp;rlz=1C1RXQR_enIN1098IN1098&amp;sxsrf=AHTn8zrgQHto-gSTqmRR2eUHZDnduxPV6g%3A1741762457061&amp;ei=mS_RZ--9A4LN1e8P99LpiQc&amp;ved=0ahUKEwiv7qTk-oOMAxWCZvUHHXdpOnEQ4dUDCBA&amp;uact=5&amp;oq=Buy+Sgt-151+Online&amp;gs_lp=Egxnd3Mtd2l6LXNlcnAiEkJ1eSBTZ3QtMTUxIE9ubGluZTIFECEYoAEyBRAhGKABMgUQIRigAUj9FFDSBVjlEHADeACQAQCYAb8CoAHuBqoBBzAuMi4xLjG4AQPIAQD4AQL4AQGYAgGgAuQBmAMAiAYBkgcDMi0xoAeCCw&amp;sclient=gws-wiz-serp\">SGT-151<\/a> ara\u015ft\u0131rma d\u00fcnyas\u0131nda h\u0131zla tan\u0131nmaya ba\u015flayan yeni bir ara\u015ft\u0131rma kimyasal\u0131d\u0131r. SGT-151, 5-pentil-2- (1-metil-1-fenil-etil) -2,5-dihidro-pirido [4,3-b] indol-1-on kimyasal ismine sahiptir. SGT-151 sentetik kannabinoidler s\u0131n\u0131f\u0131na aittir. SGT-151, CND resept\u00f6rlerinin bir agonistidir.<\/p>\n<p>Rahatlama, t\u00fcm v\u00fccudu sarma, \u00f6fori ve renk geli\u015ftirme gibi di\u011fer bir\u00e7ok sentetik kannabinoide benzer deneysel sonu\u00e7lar \u00fcretir. Kimyasal ara\u015ft\u0131rmac\u0131lar STS-135 ile g\u00fc\u00e7l\u00fc bir benzerli\u011fi oldu\u011funu bildirmi\u015flerdir. SGT-151 herhangi bir ara\u015ft\u0131rma laboratuvar\u0131na iyi bir katk\u0131d\u0131r.<\/p>\n<h3>SGT-151 nereden sat\u0131n al\u0131n\u0131r?<\/h3>\n<p>We at Buy Nembutal sell high quality <a href=\"https:\/\/duckduckgo.com\/?q=Buy+Sgt-151+Online&amp;t=h_&amp;ia=web\">SGT-151<\/a>sat\u0131yoruz. SGT-151 \u00fcr\u00fcn\u00fcm\u00fcz genellikle toz olarak tedarik edilir. Ancak, farkl\u0131 bir format istiyorsan\u0131z bizimle ileti\u015fime ge\u00e7ebilirsiniz. Genellikle sat\u0131l\u0131k farkl\u0131 SGT-151 t\u00fcrlerimiz vard\u0131r.<\/p>\n<p>Bizden SGT-151 sat\u0131n almak i\u00e7in en az 18 ya\u015f\u0131nda olmal\u0131s\u0131n\u0131z. Ayr\u0131ca, kimyasal ara\u015ft\u0131rmalar\u0131n\u0131z\u0131 tamamen \u00fclkenizin yasalar\u0131na uygun olarak y\u00fcr\u00fctmelisiniz. SGT-151 \u00fcr\u00fcn\u00fcm\u00fcz insanlar veya hayvanlar \u00fczerinde kullan\u0131lmak \u00fczere tasarlanmam\u0131\u015ft\u0131r. Kesinlikle ara\u015ft\u0131rma ama\u00e7l\u0131 tasarlanm\u0131\u015ft\u0131r.<\/p>\n<h3>SGT-151 Yasall\u0131k<\/h3>\n<p><a href=\"https:\/\/en.wikipedia.org\/wiki\/CUMYL-PEGACLONE\">SGT-151<\/a> 'in, \u00f6ncelikle \u00e7ok yeni oldu\u011fu i\u00e7in \u00e7o\u011fu \u00fclkede kullan\u0131lmas\u0131 planlanmamaktad\u0131r. Ancak, Amerika Birle\u015fik Devletleri gibi g\u00fc\u00e7l\u00fc analog yasalar\u0131 olan \u00fclkelerde potansiyel olarak yasad\u0131\u015f\u0131 kabul edilebilir.<\/p>","protected":false},"excerpt":{"rendered":"<p>Buy Sgt-151 Online SGT-151 Buy Novel psychoactive compounds called synthetic cannabinoids (SCs) mimic the effects of cannabis. These goods, which included herbal mixtures sprayed with SCs, were available for sale through online retailers. Due to their synthesis in covert laboratories, often based on pharmaceutical research and patents, a spate of chemical variations of SCs has [&hellip;]<\/p>","protected":false},"featured_media":21251,"comment_status":"open","ping_status":"closed","template":"","meta":{"_joinchat":[]},"product_brand":[],"product_cat":[1724,1538],"product_tag":[],"class_list":{"0":"post-20525","1":"product","2":"type-product","3":"status-publish","4":"has-post-thumbnail","6":"product_cat-research-chemicals","7":"product_cat-cannabinoids","9":"first","10":"instock","11":"shipping-taxable","12":"purchasable","13":"product-type-variable","14":"add-to-wishlist-after_add_to_cart"},"yoast_head":"<!-- This site is optimized with the Yoast SEO plugin v25.9 - https:\/\/yoast.com\/wordpress\/plugins\/seo\/ -->\n<title>Buy Sgt-151 Online - Sgt-151 Powder for Sale | NarcoPowders<\/title>\n<meta name=\"description\" content=\"NarcoPowders is the best trusted chemical powder store which provides high-quality Sgt-151 powder for sale at best price. Order Sgt-151, Buy Sgt-151 Online!\" \/>\n<meta name=\"robots\" content=\"index, follow, max-snippet:-1, max-image-preview:large, max-video-preview:-1\" \/>\n<link rel=\"canonical\" href=\"https:\/\/narcopowders.com\/tr\/urun\/sgt-151-online-satin-al\/\" \/>\n<meta property=\"og:locale\" content=\"tr_TR\" \/>\n<meta property=\"og:type\" content=\"article\" \/>\n<meta property=\"og:title\" content=\"Buy Sgt-151 Online - Sgt-151 Powder for Sale | NarcoPowders\" \/>\n<meta property=\"og:description\" content=\"NarcoPowders is the best trusted chemical powder store which provides high-quality Sgt-151 powder for sale at best price. Order Sgt-151, Buy Sgt-151 Online!\" \/>\n<meta property=\"og:url\" content=\"https:\/\/narcopowders.com\/tr\/urun\/sgt-151-online-satin-al\/\" \/>\n<meta property=\"og:site_name\" content=\"Narco Powders\" \/>\n<meta property=\"article:modified_time\" content=\"2025-03-26T12:53:04+00:00\" \/>\n<meta property=\"og:image\" content=\"https:\/\/narcopowders.com\/wp-content\/uploads\/2024\/05\/Sgt-151.gif\" \/>\n\t<meta property=\"og:image:width\" content=\"600\" \/>\n\t<meta property=\"og:image:height\" content=\"600\" \/>\n\t<meta property=\"og:image:type\" content=\"image\/gif\" \/>\n<meta name=\"twitter:card\" content=\"summary_large_image\" \/>\n<meta name=\"twitter:label1\" content=\"Tahmini okuma s\u00fcresi\" \/>\n\t<meta name=\"twitter:data1\" content=\"3 dakika\" \/>\n<!-- \/ Yoast SEO plugin. -->","yoast_head_json":{"title":"Sgt-151 Online Sat\u0131n Al\u0131n - Sat\u0131l\u0131k Sgt-151 Tozu | NarcoPowders","description":"NarcoPowders, en iyi fiyata sat\u0131l\u0131k y\u00fcksek kaliteli Sgt-151 tozu sa\u011flayan en g\u00fcvenilir kimyasal toz deposudur. Sgt-151 Sipari\u015f Edin, Sgt-151 Online Sat\u0131n Al\u0131n!","robots":{"index":"index","follow":"follow","max-snippet":"max-snippet:-1","max-image-preview":"max-image-preview:large","max-video-preview":"max-video-preview:-1"},"canonical":"https:\/\/narcopowders.com\/tr\/urun\/sgt-151-online-satin-al\/","og_locale":"tr_TR","og_type":"article","og_title":"Buy Sgt-151 Online - Sgt-151 Powder for Sale | NarcoPowders","og_description":"NarcoPowders is the best trusted chemical powder store which provides high-quality Sgt-151 powder for sale at best price. Order Sgt-151, Buy Sgt-151 Online!","og_url":"https:\/\/narcopowders.com\/tr\/urun\/sgt-151-online-satin-al\/","og_site_name":"Narco Powders","article_modified_time":"2025-03-26T12:53:04+00:00","og_image":[{"width":600,"height":600,"url":"https:\/\/narcopowders.com\/wp-content\/uploads\/2024\/05\/Sgt-151.gif","type":"image\/gif"}],"twitter_card":"summary_large_image","twitter_misc":{"Tahmini okuma s\u00fcresi":"3 dakika"},"schema":{"@context":"https:\/\/schema.org","@graph":[{"@type":"WebPage","@id":"https:\/\/narcopowders.com\/product\/buy-sgt-151-online\/","url":"https:\/\/narcopowders.com\/product\/buy-sgt-151-online\/","name":"Sgt-151 Online Sat\u0131n Al\u0131n - Sat\u0131l\u0131k Sgt-151 Tozu | NarcoPowders","isPartOf":{"@id":"https:\/\/narcopowders.com\/#website"},"primaryImageOfPage":{"@id":"https:\/\/narcopowders.com\/product\/buy-sgt-151-online\/#primaryimage"},"image":{"@id":"https:\/\/narcopowders.com\/product\/buy-sgt-151-online\/#primaryimage"},"thumbnailUrl":"https:\/\/narcopowders.com\/wp-content\/uploads\/2024\/05\/Sgt-151.gif","datePublished":"2024-05-23T06:14:19+00:00","dateModified":"2025-03-26T12:53:04+00:00","description":"NarcoPowders, en iyi fiyata sat\u0131l\u0131k y\u00fcksek kaliteli Sgt-151 tozu sa\u011flayan en g\u00fcvenilir kimyasal toz deposudur. Sgt-151 Sipari\u015f Edin, Sgt-151 Online Sat\u0131n Al\u0131n!","breadcrumb":{"@id":"https:\/\/narcopowders.com\/product\/buy-sgt-151-online\/#breadcrumb"},"inLanguage":"tr","potentialAction":[{"@type":"ReadAction","target":["https:\/\/narcopowders.com\/product\/buy-sgt-151-online\/"]}]},{"@type":"ImageObject","inLanguage":"tr","@id":"https:\/\/narcopowders.com\/product\/buy-sgt-151-online\/#primaryimage","url":"https:\/\/narcopowders.com\/wp-content\/uploads\/2024\/05\/Sgt-151.gif","contentUrl":"https:\/\/narcopowders.com\/wp-content\/uploads\/2024\/05\/Sgt-151.gif","width":600,"height":600,"caption":"Buy Sgt-151 Online"},{"@type":"BreadcrumbList","@id":"https:\/\/narcopowders.com\/product\/buy-sgt-151-online\/#breadcrumb","itemListElement":[{"@type":"ListItem","position":1,"name":"Home","item":"https:\/\/narcopowders.com\/"},{"@type":"ListItem","position":2,"name":"Shop Page","item":"https:\/\/narcopowders.com\/shop\/"},{"@type":"ListItem","position":3,"name":"Buy Sgt-151 Online"}]},{"@type":"WebSite","@id":"https:\/\/narcopowders.com\/#website","url":"https:\/\/narcopowders.com\/","name":"Narko Tozlar","description":"WordPress Blogum","potentialAction":[{"@type":"SearchAction","target":{"@type":"EntryPoint","urlTemplate":"https:\/\/narcopowders.com\/?s={search_term_string}"},"query-input":{"@type":"PropertyValueSpecification","valueRequired":true,"valueName":"search_term_string"}}],"inLanguage":"tr"}]}},"_links":{"self":[{"href":"https:\/\/narcopowders.com\/tr\/wp-json\/wp\/v2\/product\/20525","targetHints":{"allow":["GET"]}}],"collection":[{"href":"https:\/\/narcopowders.com\/tr\/wp-json\/wp\/v2\/product"}],"about":[{"href":"https:\/\/narcopowders.com\/tr\/wp-json\/wp\/v2\/types\/product"}],"replies":[{"embeddable":true,"href":"https:\/\/narcopowders.com\/tr\/wp-json\/wp\/v2\/comments?post=20525"}],"wp:featuredmedia":[{"embeddable":true,"href":"https:\/\/narcopowders.com\/tr\/wp-json\/wp\/v2\/media\/21251"}],"wp:attachment":[{"href":"https:\/\/narcopowders.com\/tr\/wp-json\/wp\/v2\/media?parent=20525"}],"wp:term":[{"taxonomy":"product_brand","embeddable":true,"href":"https:\/\/narcopowders.com\/tr\/wp-json\/wp\/v2\/product_brand?post=20525"},{"taxonomy":"product_cat","embeddable":true,"href":"https:\/\/narcopowders.com\/tr\/wp-json\/wp\/v2\/product_cat?post=20525"},{"taxonomy":"product_tag","embeddable":true,"href":"https:\/\/narcopowders.com\/tr\/wp-json\/wp\/v2\/product_tag?post=20525"}],"curies":[{"name":"wp","href":"https:\/\/api.w.org\/{rel}","templated":true}]}}