{"id":20526,"date":"2024-05-23T06:14:19","date_gmt":"2024-05-23T06:14:19","guid":{"rendered":"https:\/\/narcopowders.com\/?post_type=product&#038;p=20526"},"modified":"2025-03-26T12:51:13","modified_gmt":"2025-03-26T12:51:13","slug":"buy-sgt-263-online","status":"publish","type":"product","link":"https:\/\/narcopowders.com\/tr\/urun\/buy-sgt-263-online\/","title":{"rendered":"Sgt -263 Online Sat\u0131n Al\u0131n"},"content":{"rendered":"<h2>SGT-263 Online Sat\u0131n Al\u0131n<\/h2>\n<p><a href=\"https:\/\/narcopowders.com\/tr\/\">SGT-263 sat\u0131n al<\/a>, The use of the cannabinoid <a href=\"https:\/\/en.wikipedia.org\/wiki\/Sgt._Frog\">SGT-263<\/a> '\u00fcn kullan\u0131m\u0131 men\u015fe \u00fclkemizde yasald\u0131r. Yerel, eyalet, federal, il ve yerel yasalar\u0131 bilmek ve bunlara uymak sizin sorumlulu\u011funuzdad\u0131r. Sipari\u015f vermeye karar verirseniz, herhangi bir eylem veya sonu\u00e7tan sorumlu olmayaca\u011f\u0131z.<\/p>\n<h3>Neden kannabinoid SGT-263'\u00fc bizden sat\u0131n almal\u0131s\u0131n\u0131z?<\/h3>\n<p>Biz tedarik ediyoruz <a href=\"https:\/\/narcopowders.com\/tr\/urun\/buy-sgt-263-online\/\">ara\u015ft\u0131rma kimyasallar\u0131<\/a> Uzun zamand\u0131r g\u00fcvenilir bir kaynakt\u0131r.<\/p>\n<p>Canl\u0131 sohbet 7\/24 hizmetinizdedir. Herhangi bir sorunuz varsa, sormaktan \u00e7ekinmeyin.<\/p>\n<p>\u0130htiya\u00e7lar\u0131n\u0131za uygun \u00e7e\u015fitli \u00f6deme y\u00f6ntemleri<\/p>\n<p>Sipari\u015finiz CET 16:00'ya kadar al\u0131nd\u0131\u011f\u0131 s\u00fcrece ayn\u0131 g\u00fcn g\u00f6nderiyoruz.<\/p>\n<p>M\u00fc\u015fterilerimizden gelen d\u00fcr\u00fcst referanslar size g\u00fcvenle al\u0131\u015fveri\u015f yapma f\u0131rsat\u0131 verir.<\/p>\n<p><a href=\"https:\/\/duckduckgo.com\/?q=Buy+Sgt+-263+Online&amp;t=h_&amp;ia=web\">NarcoPowders.com<\/a> , 2008 y\u0131l\u0131nda kurulmu\u015f, ara\u015ft\u0131rma kimyasallar\u0131 da\u011f\u0131t\u0131m\u0131nda k\u00fcresel bir lider ve k\u00fcresel ara\u015ft\u0131rma kimyasallar\u0131 \u00fcreticisidir. Biz \u00e7al\u0131\u015f\u0131yoruz. T\u00fcm \u00fcr\u00fcnler Hong Kong, \u00c7in, AB ve Ukrayna'daki depolar\u0131m\u0131zdan g\u00f6nderilir. H\u0131zl\u0131 ve g\u00fcveniliriz ve geni\u015f da\u011f\u0131t\u0131m a\u011f\u0131m\u0131z, sipari\u015f etti\u011finiz her \u00fcr\u00fcn\u00fcn zaman\u0131nda gelmesini, se\u00e7ti\u011finiz teslim alma yerlerine teslim edilmesini ve var\u0131\u015f yerine zaman\u0131nda ula\u015fmas\u0131n\u0131 sa\u011flar.<\/p>\n<p>Ana hedefimiz m\u00fc\u015fteri memnuniyetidir, bu y\u00fczden m\u00fckemmel m\u00fc\u015fteri hizmeti sunmak i\u00e7in \u00e7al\u0131\u015f\u0131yoruz. Top Cannabinoids Shop'a bir sipari\u015f verdi\u011finizde, verdi\u011finiz adrese derhal teslim edilece\u011finden emin olabilirsiniz. Buna ek olarak, d\u00fcnyan\u0131n d\u00f6rt bir yan\u0131ndaki \u00e7ok say\u0131da pazarda ve yerde m\u00fc\u015fterilerimize \u00fcr\u00fcn teslim etmemize olanak tan\u0131yan bir dizi nakliye se\u00e7ene\u011fi sunuyoruz. Bu web sitesindeki her \u00fcr\u00fcn<\/p>\n<p>sadece ara\u015ft\u0131rma ve e\u011fitimi desteklemek i\u00e7in sat\u0131\u015fa sunulmaktad\u0131r. Hi\u00e7bir \u00fcr\u00fcn\u00fcm\u00fcz\u00fc insanlar veya hayvanlar taraf\u0131ndan yasad\u0131\u015f\u0131 kullan\u0131m veya t\u00fcketim i\u00e7in satm\u0131yoruz.<\/p>\n<p>1-(5-floropentil) veya SGT-263(2-phenylpropan-2-yl)-N-Similar to MMB-CHMINACA, -7-azaindole-3-carboxamide olduk\u00e7a g\u00fc\u00e7l\u00fc bir bile\u015fiktir. Tasar\u0131mc\u0131 ilac\u0131 olarak sat\u0131lan SGT-263, pirolopiridin-3-karboksamid bazl\u0131 sentetik bir kannabinoiddir.<\/p>\n<h3>SGT-263 d\u00fcnya lideri bir \u015firket taraf\u0131ndan patentlenmi\u015ftir.<\/h3>\n<p>Piyasaya yeni s\u00fcr\u00fclen benzersiz bir kannabinoid olan SGT-263, Almanya da dahil olmak \u00fczere hemen hemen her \u00fclkede onaylanm\u0131\u015ft\u0131r.<\/p>\n<p>Ayr\u0131ca SGT-263, 1-(5-fluoropentyl).(2-phenylpropan-2-yl)-N-3-carboxamide from -1H-pyrrolo[2,3-b]pyridine ipac ad\u0131 alt\u0131nda mevcuttur. <a href=\"https:\/\/www.bing.com\/search?q=Buy%20Sgt%20-263%20Online&amp;qs=n&amp;form=QBRE&amp;sp=-1&amp;lq=0&amp;pq=buy%20sgt%20-263%20online&amp;sc=12-19&amp;sk=&amp;cvid=F24FE2F21C0348B9B9F359F348D4BA91&amp;ghsh=0&amp;ghacc=0&amp;ghpl=\">SGT- 263<\/a> .<\/p>\n<p>SGT-25, bir kannabinoid olan 1-(5-floropentil)-N-(2-phenylpropan-2-yl)-7-azaindole-3-carboxamide ile yak\u0131ndan ili\u015fkilidir. Buna ek olarak, RC tozu art\u0131k her Avrupa \u00fclkesinde yasald\u0131r. SGT-263 Sokak \u0130simlerinin k\u0131saltmas\u0131d\u0131r: SGT-25 zaman zaman e\u011flence ama\u00e7l\u0131 kullan\u0131lan bir maddedir ve e-sigara likiti i\u00e7in bir katk\u0131 maddesi olan \"C-Liquid\" i\u00e7inde bulunur.<\/p>\n<p>Farmakoloji: 1. (Fluoropentyl-5-)(2-phenylpropan-2-yl)-N-Karma\u015f\u0131k bir farmakolojik etkiye ra\u011fmen, -7-azaindole-3-carboxamide, indazole-3-carboxamide ailesine ait sentetik bir kanabinoiddir. CB1 resept\u00f6r\u00fc i\u00e7in se\u00e7icili\u011finin 5F-CUMYL-PINACA'dan yakla\u015f\u0131k d\u00f6rt kat daha y\u00fcksek olmas\u0131 beklenmektedir.<\/p>\n<p>Kar\u015f\u0131la\u015ft\u0131r\u0131labilir \u00fcr\u00fcnler: MMB-CHMINACA; CUMYL PICA; 5F-SDB-006<\/p>\n<ul>\n<li>SDB-006; CUMYL PINACA; CUMYL-THPINACA<\/li>\n<\/ul>\n<p>L\u00fctfen sipari\u015f vermeden \u00f6nce \u00e7al\u0131\u015fma alan\u0131n\u0131z\u0131n iyi havaland\u0131r\u0131ld\u0131\u011f\u0131ndan ve ara\u015ft\u0131rma kimyasallar\u0131n\u0131 kullanmaya yeterince haz\u0131r oldu\u011funuzdan emin olun.<\/p>\n<h3>SGT-263 nedir?<\/h3>\n<p>SGT-263, sadece 2016'dan beri piyasada olan yeni bir sentetik kannabinoiddir. Bu ara\u015ft\u0131rma kimyasal\u0131 CB1 ve CB2 resept\u00f6rlerinin g\u00fc\u00e7l\u00fc bir agonistidir. SGT-263, kimya ara\u015ft\u0131rmac\u0131lar\u0131 taraf\u0131ndan bir ba\u015fka pop\u00fcler sentetik kannabinoid olan ADB-FUBINACA'ya benzer sonu\u00e7lar \u00fcretti\u011fi \u015feklinde tan\u0131mlanm\u0131\u015ft\u0131r. SGT-263 ile elde edilen deneysel sonu\u00e7lar genellikle di\u011fer bir\u00e7ok sentetik kannabinoid ile benzer sonu\u00e7lar g\u00f6stermektedir. Dolay\u0131s\u0131yla, di\u011fer sentetik kannabinoidlerle deney yapmaktan ho\u015flan\u0131yorsan\u0131z, muhtemelen laboratuvar\u0131n\u0131zda SGT-263 bulundurmaktan da ho\u015flanacaks\u0131n\u0131z.<\/p>\n<h3>SGT-263 \u00fcr\u00fcn\u00fcn\u00fc nereden sat\u0131n alabilirim?<\/h3>\n<p>SGT-263, Buy NarcoPowders web sitesinden sat\u0131n al\u0131nabilir. SGT-263'\u00fcm\u00fcz genellikle toz formunda gelir. Ancak, bu kimyasal\u0131n di\u011fer formlar\u0131n\u0131 tercih ediyorsan\u0131z, ba\u015fka bir formumuz olup olmad\u0131\u011f\u0131n\u0131 g\u00f6rmek i\u00e7in l\u00fctfen bizimle ileti\u015fime ge\u00e7mekten \u00e7ekinmeyin. Genellikle birden fazla \u015feklimiz mevcuttur. Bizden SGT-263 sat\u0131n almak i\u00e7in en az 18 ya\u015f\u0131nda olman\u0131z ve \u00fclkenizin ara\u015ft\u0131rma kimyasallar\u0131 yasalar\u0131na uyman\u0131z gerekir. <a href=\"https:\/\/www.google.com\/search?q=Buy+Sgt+-263+Online&amp;sca_esv=16def464f60f9903&amp;sxsrf=AHTn8zoPPZu82pwiT2LkmFR2ChE5PQ1veQ%3A1742993009664&amp;ei=cfbjZ_OhKNmS0PEP6OHzoQk&amp;ved=0ahUKEwiznr_54qeMAxVZCTQIHejwPJQQ4dUDCBA&amp;uact=5&amp;oq=Buy+Sgt+-263+Online&amp;gs_lp=Egxnd3Mtd2l6LXNlcnAiE0J1eSBTZ3QgLTI2MyBPbmxpbmVIjghQoARYoARwAXgAkAEAmAHNAqABzQKqAQMzLTG4AQPIAQD4AQL4AQGYAgCgAgCYAwCIBgGSBwCgB0SyBwC4BwA&amp;sclient=gws-wiz-serp\">purchase SGT-263<\/a> Bizden temin edin ve \u00fclkenizin ara\u015ft\u0131rma kimyasallar\u0131 yasalar\u0131na uyun. SGT-263'\u00fcm\u00fcz insanlar veya hayvanlar \u00fczerinde kullan\u0131m i\u00e7in de\u011fil, yaln\u0131zca ara\u015ft\u0131rma ama\u00e7l\u0131d\u0131r.<\/p>\n<h3>SGT-263 Yasall\u0131k<\/h3>\n<p>SGT-263 \u00e7ok yeni oldu\u011fu i\u00e7in \u015fu anda \u00e7o\u011fu \u00fclkede onaylanmam\u0131\u015ft\u0131r ve bu da onu yasal hale getirmektedir. Bununla birlikte, Amerika Birle\u015fik Devletleri gibi baz\u0131 \u00fclkelerde bu kimyasal\u0131 potansiyel olarak yasad\u0131\u015f\u0131 hale getirebilecek kat\u0131 analoji yasalar\u0131 vard\u0131r.<\/p>","protected":false},"excerpt":{"rendered":"<p>Buy SGT-263 online Buy SGT-263, The use of the cannabinoid SGT-263 is legal in our country of origin. It is your responsibility to know and comply with local, state, federal, provincial and local laws. Should you decide to place an order, we will not be liable for any actions or results . Why should you [&hellip;]<\/p>","protected":false},"featured_media":21249,"comment_status":"open","ping_status":"closed","template":"","meta":{"_joinchat":[]},"product_brand":[],"product_cat":[1724,1538],"product_tag":[],"class_list":{"0":"post-20526","1":"product","2":"type-product","3":"status-publish","4":"has-post-thumbnail","6":"product_cat-research-chemicals","7":"product_cat-cannabinoids","9":"first","10":"instock","11":"shipping-taxable","12":"purchasable","13":"product-type-variable","14":"add-to-wishlist-after_add_to_cart"},"yoast_head":"<!-- This site is optimized with the Yoast SEO plugin v25.9 - https:\/\/yoast.com\/wordpress\/plugins\/seo\/ -->\n<title>Buy SGT-263 Online - SGT-263 for sale | NarcoPowders<\/title>\n<meta name=\"description\" content=\"NarcoPowders is one of the leading chemical stores where you can get high-quality Sgt-263 powder for sale. Order Sgt-263, buy Sgt-263 online!\" \/>\n<meta name=\"robots\" content=\"index, follow, max-snippet:-1, max-image-preview:large, max-video-preview:-1\" \/>\n<link rel=\"canonical\" href=\"https:\/\/narcopowders.com\/tr\/urun\/buy-sgt-263-online\/\" \/>\n<meta property=\"og:locale\" content=\"tr_TR\" \/>\n<meta property=\"og:type\" content=\"article\" \/>\n<meta property=\"og:title\" content=\"Buy SGT-263 Online - SGT-263 for sale | NarcoPowders\" \/>\n<meta property=\"og:description\" content=\"NarcoPowders is one of the leading chemical stores where you can get high-quality Sgt-263 powder for sale. Order Sgt-263, buy Sgt-263 online!\" \/>\n<meta property=\"og:url\" content=\"https:\/\/narcopowders.com\/tr\/urun\/buy-sgt-263-online\/\" \/>\n<meta property=\"og:site_name\" content=\"Narco Powders\" \/>\n<meta property=\"article:modified_time\" content=\"2025-03-26T12:51:13+00:00\" \/>\n<meta property=\"og:image\" content=\"https:\/\/narcopowders.com\/wp-content\/uploads\/2024\/05\/Sgt-263.gif\" \/>\n\t<meta property=\"og:image:width\" content=\"600\" \/>\n\t<meta property=\"og:image:height\" content=\"600\" \/>\n\t<meta property=\"og:image:type\" content=\"image\/gif\" \/>\n<meta name=\"twitter:card\" content=\"summary_large_image\" \/>\n<meta name=\"twitter:label1\" content=\"Tahmini okuma s\u00fcresi\" \/>\n\t<meta name=\"twitter:data1\" content=\"4 dakika\" \/>\n<!-- \/ Yoast SEO plugin. -->","yoast_head_json":{"title":"SGT-263 Online Sat\u0131n Al\u0131n - SGT-263 Sat\u0131l\u0131k | NarcoPowders","description":"NarcoPowders, sat\u0131l\u0131k y\u00fcksek kaliteli Sgt-263 tozu alabilece\u011finiz \u00f6nde gelen kimyasal ma\u011fazalar\u0131ndan biridir. Sgt-263 sipari\u015f edin, Sgt-263 \u00e7evrimi\u00e7i sat\u0131n al\u0131n!","robots":{"index":"index","follow":"follow","max-snippet":"max-snippet:-1","max-image-preview":"max-image-preview:large","max-video-preview":"max-video-preview:-1"},"canonical":"https:\/\/narcopowders.com\/tr\/urun\/buy-sgt-263-online\/","og_locale":"tr_TR","og_type":"article","og_title":"Buy SGT-263 Online - SGT-263 for sale | NarcoPowders","og_description":"NarcoPowders is one of the leading chemical stores where you can get high-quality Sgt-263 powder for sale. Order Sgt-263, buy Sgt-263 online!","og_url":"https:\/\/narcopowders.com\/tr\/urun\/buy-sgt-263-online\/","og_site_name":"Narco Powders","article_modified_time":"2025-03-26T12:51:13+00:00","og_image":[{"width":600,"height":600,"url":"https:\/\/narcopowders.com\/wp-content\/uploads\/2024\/05\/Sgt-263.gif","type":"image\/gif"}],"twitter_card":"summary_large_image","twitter_misc":{"Tahmini okuma s\u00fcresi":"4 dakika"},"schema":{"@context":"https:\/\/schema.org","@graph":[{"@type":"WebPage","@id":"https:\/\/narcopowders.com\/product\/buy-sgt-263-online\/","url":"https:\/\/narcopowders.com\/product\/buy-sgt-263-online\/","name":"SGT-263 Online Sat\u0131n Al\u0131n - SGT-263 Sat\u0131l\u0131k | NarcoPowders","isPartOf":{"@id":"https:\/\/narcopowders.com\/#website"},"primaryImageOfPage":{"@id":"https:\/\/narcopowders.com\/product\/buy-sgt-263-online\/#primaryimage"},"image":{"@id":"https:\/\/narcopowders.com\/product\/buy-sgt-263-online\/#primaryimage"},"thumbnailUrl":"https:\/\/narcopowders.com\/wp-content\/uploads\/2024\/05\/Sgt-263.gif","datePublished":"2024-05-23T06:14:19+00:00","dateModified":"2025-03-26T12:51:13+00:00","description":"NarcoPowders, sat\u0131l\u0131k y\u00fcksek kaliteli Sgt-263 tozu alabilece\u011finiz \u00f6nde gelen kimyasal ma\u011fazalar\u0131ndan biridir. Sgt-263 sipari\u015f edin, Sgt-263 \u00e7evrimi\u00e7i sat\u0131n al\u0131n!","breadcrumb":{"@id":"https:\/\/narcopowders.com\/product\/buy-sgt-263-online\/#breadcrumb"},"inLanguage":"tr","potentialAction":[{"@type":"ReadAction","target":["https:\/\/narcopowders.com\/product\/buy-sgt-263-online\/"]}]},{"@type":"ImageObject","inLanguage":"tr","@id":"https:\/\/narcopowders.com\/product\/buy-sgt-263-online\/#primaryimage","url":"https:\/\/narcopowders.com\/wp-content\/uploads\/2024\/05\/Sgt-263.gif","contentUrl":"https:\/\/narcopowders.com\/wp-content\/uploads\/2024\/05\/Sgt-263.gif","width":600,"height":600,"caption":"Buy Sgt -263 Online"},{"@type":"BreadcrumbList","@id":"https:\/\/narcopowders.com\/product\/buy-sgt-263-online\/#breadcrumb","itemListElement":[{"@type":"ListItem","position":1,"name":"Home","item":"https:\/\/narcopowders.com\/"},{"@type":"ListItem","position":2,"name":"Shop Page","item":"https:\/\/narcopowders.com\/shop\/"},{"@type":"ListItem","position":3,"name":"Buy Sgt -263 Online"}]},{"@type":"WebSite","@id":"https:\/\/narcopowders.com\/#website","url":"https:\/\/narcopowders.com\/","name":"Narko Tozlar","description":"WordPress Blogum","potentialAction":[{"@type":"SearchAction","target":{"@type":"EntryPoint","urlTemplate":"https:\/\/narcopowders.com\/?s={search_term_string}"},"query-input":{"@type":"PropertyValueSpecification","valueRequired":true,"valueName":"search_term_string"}}],"inLanguage":"tr"}]}},"_links":{"self":[{"href":"https:\/\/narcopowders.com\/tr\/wp-json\/wp\/v2\/product\/20526","targetHints":{"allow":["GET"]}}],"collection":[{"href":"https:\/\/narcopowders.com\/tr\/wp-json\/wp\/v2\/product"}],"about":[{"href":"https:\/\/narcopowders.com\/tr\/wp-json\/wp\/v2\/types\/product"}],"replies":[{"embeddable":true,"href":"https:\/\/narcopowders.com\/tr\/wp-json\/wp\/v2\/comments?post=20526"}],"wp:featuredmedia":[{"embeddable":true,"href":"https:\/\/narcopowders.com\/tr\/wp-json\/wp\/v2\/media\/21249"}],"wp:attachment":[{"href":"https:\/\/narcopowders.com\/tr\/wp-json\/wp\/v2\/media?parent=20526"}],"wp:term":[{"taxonomy":"product_brand","embeddable":true,"href":"https:\/\/narcopowders.com\/tr\/wp-json\/wp\/v2\/product_brand?post=20526"},{"taxonomy":"product_cat","embeddable":true,"href":"https:\/\/narcopowders.com\/tr\/wp-json\/wp\/v2\/product_cat?post=20526"},{"taxonomy":"product_tag","embeddable":true,"href":"https:\/\/narcopowders.com\/tr\/wp-json\/wp\/v2\/product_tag?post=20526"}],"curies":[{"name":"wp","href":"https:\/\/api.w.org\/{rel}","templated":true}]}}