{"id":20527,"date":"2024-05-23T06:14:19","date_gmt":"2024-05-23T06:14:19","guid":{"rendered":"https:\/\/narcopowders.com\/?post_type=product&#038;p=20527"},"modified":"2025-03-26T13:06:04","modified_gmt":"2025-03-26T13:06:04","slug":"buy-sgt-78-online","status":"publish","type":"product","link":"https:\/\/narcopowders.com\/tr\/urun\/sgt-78-online-satin-al\/","title":{"rendered":"Sgt-78 Online Sat\u0131n Al\u0131n"},"content":{"rendered":"<h2>Sinopsis<\/h2>\n<p><a href=\"https:\/\/narcopowders.com\/tr\/urun\/sgt-78-online-satin-al\/\">Sgt-78 Online Sat\u0131n Al\u0131n<\/a>Online kimya ma\u011fazam\u0131za ula\u015fabilirsiniz, <a href=\"https:\/\/narcopowders.com\/tr\/\">NarcoPowders<\/a>Sgt-78 Online Sat\u0131n Al\u0131n, Online kimya ma\u011fazam\u0131z Narco Powders'a d\u00fcnyan\u0131n her yerinden g\u00fcn\u00fcn her saatinde ula\u015fabilirsiniz. SGT-78'i \u00e7evrimi\u00e7i sat\u0131n almak isteyenler i\u00e7in mevcut en iyi se\u00e7enektir. SGT-78'i burada makul bir maliyetle sunuyoruz. Sonu\u00e7 olarak, SGT-78'in maliyeti konusunda endi\u015felenmemelisiniz. Ek olarak, sat\u0131l\u0131k SGT-78 ile ilgileniyoruz. SGT-78 sipari\u015f etmeyi se\u00e7erseniz, l\u00fctfen bunu gecikmeden yap\u0131n. Amac\u0131m\u0131z t\u00fcm ihtiya\u00e7lar\u0131n\u0131z\u0131 kar\u015f\u0131lamakt\u0131r.<\/p>\n<h3>Ne oldu?<\/h3>\n<p>Bunlar, C22H24N4O molek\u00fcler form\u00fcl\u00fcn\u00fcn fizyolojik ve psikolojik etkilerini \u00fcretme e\u011filiminde olan tasar\u0131m ila\u00e7lard\u0131r. Form\u00fcl\u00fcn a\u011f\u0131rl\u0131\u011f\u0131 360,5 g\/mol'd\u00fcr. <a href=\"https:\/\/en.wikipedia.org\/wiki\/CUMYL-4CN-BINACA\">Order Sgt 78<\/a>Fizyolojik ve toksikolojik \u00f6zellikleri hakk\u0131nda internette kimse bir \u015fey bilmiyor. Sentetik kanabinoidlerin periferik CB1 ve CB2 resept\u00f6rlerine g\u00fc\u00e7l\u00fc bir afinitesi olmas\u0131 m\u00fcmk\u00fcn.<\/p>\n<h3>SGT-78'in ne gibi yan etkileri vard\u0131r?<\/h3>\n<p>A\u015fa\u011f\u0131da bir liste bulunmaktad\u0131r <a href=\"https:\/\/duckduckgo.com\/?q=Buy+Sgt-78+Online&amp;t=h_&amp;ia=web\">SGT-78 tozu<\/a> olumsuz etkiler:<\/p>\n<p>Depresyon<\/p>\n<ul>\n<li>Uyu\u015fukluk<\/li>\n<li>Ba\u015f a\u011fr\u0131s\u0131<\/li>\n<li>a\u011f\u0131z kurulu\u011fu<\/li>\n<\/ul>\n<h3>NarcoPowders neden SGT-78 sat\u0131n almak i\u00e7in en iyi online ma\u011faza?<\/h3>\n<p>SGT-78 ile makul fiyatlarla ilgileniyoruz ve \u00e7evrimi\u00e7i pazarda lider tedarik\u00e7i ve sat\u0131c\u0131y\u0131z. \u0130htiya\u00e7lar\u0131n\u0131z\u0131 bize de iletebilirsiniz ve ihtiyac\u0131n\u0131z olan her \u015feyi h\u0131zl\u0131 bir \u015fekilde yapaca\u011f\u0131z. Sipari\u015finizin tamam\u0131n\u0131 vermi\u015f oldu\u011funuz adrese teslim edece\u011fiz. SGT-78 \u00fcr\u00fcn\u00fcn\u00fc hemen \u015fimdi sat\u0131n al\u0131n! <a href=\"https:\/\/www.bing.com\/search?q=Buy%20Sgt-78%20Online&amp;qs=n&amp;form=QBRE&amp;sp=-1&amp;lq=0&amp;pq=buy%20neh%20online&amp;sc=7-14&amp;sk=&amp;cvid=AA859630B0114247B2DF53E77D653BA2&amp;ghsh=0&amp;ghacc=0&amp;ghpl=\">SGT-78'i hemen sat\u0131n al\u0131n<\/a>!<\/p>\n<p>Son derece \u00f6zverili a\u011f\u0131m\u0131z, her \u00fcr\u00fcn\u00fcn zaman\u0131nda g\u00f6nderilmesini ve size teslim edilmesini sa\u011flar. Biz g\u00fcvenilir bir grubuz. Nihai hedefimiz m\u00fc\u015fteri mutlulu\u011fudur ve biz g\u00fcvenilir ekip \u00fcyeleriyiz. Sipari\u015finizi bize vererek, ak\u0131ll\u0131ca karar verebilirsiniz. Hem say\u0131 hem de kalite a\u00e7\u0131s\u0131ndan y\u00fcksek standartlar\u0131n\u0131z\u0131 kar\u015f\u0131layaca\u011f\u0131m\u0131z\u0131 garanti ediyoruz.<\/p>\n<p>Ayr\u0131ca, \u015firketimizi s\u00fcrekli olarak t\u00fcm \u00fclke \u00e7ap\u0131nda b\u00fcy\u00fctmeyi umuyoruz, bu nedenle envanterimize s\u00fcrekli olarak yeni \u00fcr\u00fcnler ekliyoruz. En kaliteli \u00fcr\u00fcnleri ta\u015f\u0131yor ve ihtiya\u00e7 duydu\u011funuzda bunlar\u0131 bulman\u0131za yard\u0131mc\u0131 oluyoruz. <a href=\"https:\/\/www.google.com\/search?q=Buy+Sgt-78+Online&amp;sca_esv=16def464f60f9903&amp;sxsrf=AHTn8zqcEjgHqzzUp5erXdlsYGwuPLdbZg%3A1742994101295&amp;ei=tfrjZ4TlEaus0PEP0L7GsQE&amp;ved=0ahUKEwjEk4OC56eMAxUrFjQIHVCfMRYQ4dUDCBA&amp;uact=5&amp;oq=Buy+Sgt-78+Online&amp;gs_lp=Egxnd3Mtd2l6LXNlcnAiEUJ1eSBTZ3QtNzggT25saW5lMgUQIRigATIFECEYoAEyBRAhGKABMgUQIRigATIFECEYoAFI5ANQAFgAcAB4AZABAJgB_gKgAf4CqgEDMy0xuAEDyAEA-AEC-AEBmAIBoAKIA5gDAJIHAzMtMaAHhASyBwMzLTG4B4gD&amp;sclient=gws-wiz-serp\">Sgt-78 Online Sat\u0131n Al\u0131n<\/a>.<\/p>","protected":false},"excerpt":{"rendered":"<p>Synopsis Buy Sgt-78 Online, You can reach our online chemical store, NarcoPowders, at any time of day from anywhere in the world. For those looking to purchase SGT-78 online, it is the best option available. We are offering SGT-78 here at a reasonable cost. As a result, you shouldn&#8217;t be concerned about the cost of [&hellip;]<\/p>","protected":false},"featured_media":21252,"comment_status":"open","ping_status":"closed","template":"","meta":{"_joinchat":[]},"product_brand":[],"product_cat":[1599,1538],"product_tag":[],"class_list":{"0":"post-20527","1":"product","2":"type-product","3":"status-publish","4":"has-post-thumbnail","6":"product_cat-stimulants","7":"product_cat-cannabinoids","9":"first","10":"instock","11":"shipping-taxable","12":"purchasable","13":"product-type-variable","14":"add-to-wishlist-after_add_to_cart"},"yoast_head":"<!-- This site is optimized with the Yoast SEO plugin v27.5 - https:\/\/yoast.com\/product\/yoast-seo-wordpress\/ -->\n<title>Buy Sgt-78 Online - Sgt-78 Powder for sale - Order Sgt-78 online<\/title>\n<meta name=\"description\" content=\"Get best quality Sgt-78 for sale from a leading powder store Narcopowders.com. Buy Sgt-78 online legally, Order Sgt-78 online.\" \/>\n<meta name=\"robots\" content=\"index, follow, max-snippet:-1, max-image-preview:large, max-video-preview:-1\" \/>\n<link rel=\"canonical\" href=\"https:\/\/narcopowders.com\/tr\/urun\/sgt-78-online-satin-al\/\" \/>\n<meta property=\"og:locale\" content=\"tr_TR\" \/>\n<meta property=\"og:type\" content=\"article\" \/>\n<meta property=\"og:title\" content=\"Buy Sgt-78 Online - Sgt-78 Powder for sale - Order Sgt-78 online\" \/>\n<meta property=\"og:description\" content=\"Get best quality Sgt-78 for sale from a leading powder store Narcopowders.com. Buy Sgt-78 online legally, Order Sgt-78 online.\" \/>\n<meta property=\"og:url\" content=\"https:\/\/narcopowders.com\/tr\/urun\/sgt-78-online-satin-al\/\" \/>\n<meta property=\"og:site_name\" content=\"Narco Powders\" \/>\n<meta property=\"article:modified_time\" content=\"2025-03-26T13:06:04+00:00\" \/>\n<meta property=\"og:image\" content=\"https:\/\/narcopowders.com\/wp-content\/uploads\/2024\/05\/Sgt-78.gif\" \/>\n\t<meta property=\"og:image:width\" content=\"600\" \/>\n\t<meta property=\"og:image:height\" content=\"600\" \/>\n\t<meta property=\"og:image:type\" content=\"image\/gif\" \/>\n<meta name=\"twitter:card\" content=\"summary_large_image\" \/>\n<meta name=\"twitter:label1\" content=\"Tahmini okuma s\u00fcresi\" \/>\n\t<meta name=\"twitter:data1\" content=\"2 dakika\" \/>\n<!-- \/ Yoast SEO plugin. -->","yoast_head_json":{"title":"Sgt-78 Online Sat\u0131n Al\u0131n - Sat\u0131l\u0131k Sgt-78 Powder - Online Sgt-78 Sipari\u015f Edin","description":"\u00d6nde gelen bir barut ma\u011fazas\u0131 olan Narcopowders.com'dan sat\u0131l\u0131k en iyi kalite Sgt-78'i al\u0131n. Sgt-78'i yasal olarak \u00e7evrimi\u00e7i sat\u0131n al\u0131n, Sgt-78'i \u00e7evrimi\u00e7i sipari\u015f edin.","robots":{"index":"index","follow":"follow","max-snippet":"max-snippet:-1","max-image-preview":"max-image-preview:large","max-video-preview":"max-video-preview:-1"},"canonical":"https:\/\/narcopowders.com\/tr\/urun\/sgt-78-online-satin-al\/","og_locale":"tr_TR","og_type":"article","og_title":"Buy Sgt-78 Online - Sgt-78 Powder for sale - Order Sgt-78 online","og_description":"Get best quality Sgt-78 for sale from a leading powder store Narcopowders.com. Buy Sgt-78 online legally, Order Sgt-78 online.","og_url":"https:\/\/narcopowders.com\/tr\/urun\/sgt-78-online-satin-al\/","og_site_name":"Narco Powders","article_modified_time":"2025-03-26T13:06:04+00:00","og_image":[{"width":600,"height":600,"url":"https:\/\/narcopowders.com\/wp-content\/uploads\/2024\/05\/Sgt-78.gif","type":"image\/gif"}],"twitter_card":"summary_large_image","twitter_misc":{"Tahmini okuma s\u00fcresi":"2 dakika"},"schema":{"@context":"https:\/\/schema.org","@graph":[{"@type":"WebPage","@id":"https:\/\/narcopowders.com\/product\/buy-sgt-78-online\/","url":"https:\/\/narcopowders.com\/product\/buy-sgt-78-online\/","name":"Sgt-78 Online Sat\u0131n Al\u0131n - Sat\u0131l\u0131k Sgt-78 Powder - Online Sgt-78 Sipari\u015f Edin","isPartOf":{"@id":"https:\/\/narcopowders.com\/#website"},"primaryImageOfPage":{"@id":"https:\/\/narcopowders.com\/product\/buy-sgt-78-online\/#primaryimage"},"image":{"@id":"https:\/\/narcopowders.com\/product\/buy-sgt-78-online\/#primaryimage"},"thumbnailUrl":"https:\/\/narcopowders.com\/wp-content\/uploads\/2024\/05\/Sgt-78.gif","datePublished":"2024-05-23T06:14:19+00:00","dateModified":"2025-03-26T13:06:04+00:00","description":"\u00d6nde gelen bir barut ma\u011fazas\u0131 olan Narcopowders.com'dan sat\u0131l\u0131k en iyi kalite Sgt-78'i al\u0131n. Sgt-78'i yasal olarak \u00e7evrimi\u00e7i sat\u0131n al\u0131n, Sgt-78'i \u00e7evrimi\u00e7i sipari\u015f edin.","breadcrumb":{"@id":"https:\/\/narcopowders.com\/product\/buy-sgt-78-online\/#breadcrumb"},"inLanguage":"tr","potentialAction":[{"@type":"ReadAction","target":["https:\/\/narcopowders.com\/product\/buy-sgt-78-online\/"]}]},{"@type":"ImageObject","inLanguage":"tr","@id":"https:\/\/narcopowders.com\/product\/buy-sgt-78-online\/#primaryimage","url":"https:\/\/narcopowders.com\/wp-content\/uploads\/2024\/05\/Sgt-78.gif","contentUrl":"https:\/\/narcopowders.com\/wp-content\/uploads\/2024\/05\/Sgt-78.gif","width":600,"height":600,"caption":"Buy Sgt-78 Online"},{"@type":"BreadcrumbList","@id":"https:\/\/narcopowders.com\/product\/buy-sgt-78-online\/#breadcrumb","itemListElement":[{"@type":"ListItem","position":1,"name":"Home","item":"https:\/\/narcopowders.com\/"},{"@type":"ListItem","position":2,"name":"Shop Page","item":"https:\/\/narcopowders.com\/shop\/"},{"@type":"ListItem","position":3,"name":"Buy Sgt-78 Online"}]},{"@type":"WebSite","@id":"https:\/\/narcopowders.com\/#website","url":"https:\/\/narcopowders.com\/","name":"Narko Tozlar","description":"WordPress Blogum","potentialAction":[{"@type":"SearchAction","target":{"@type":"EntryPoint","urlTemplate":"https:\/\/narcopowders.com\/?s={search_term_string}"},"query-input":{"@type":"PropertyValueSpecification","valueRequired":true,"valueName":"search_term_string"}}],"inLanguage":"tr"}]}},"_links":{"self":[{"href":"https:\/\/narcopowders.com\/tr\/wp-json\/wp\/v2\/product\/20527","targetHints":{"allow":["GET"]}}],"collection":[{"href":"https:\/\/narcopowders.com\/tr\/wp-json\/wp\/v2\/product"}],"about":[{"href":"https:\/\/narcopowders.com\/tr\/wp-json\/wp\/v2\/types\/product"}],"replies":[{"embeddable":true,"href":"https:\/\/narcopowders.com\/tr\/wp-json\/wp\/v2\/comments?post=20527"}],"wp:featuredmedia":[{"embeddable":true,"href":"https:\/\/narcopowders.com\/tr\/wp-json\/wp\/v2\/media\/21252"}],"wp:attachment":[{"href":"https:\/\/narcopowders.com\/tr\/wp-json\/wp\/v2\/media?parent=20527"}],"wp:term":[{"taxonomy":"product_brand","embeddable":true,"href":"https:\/\/narcopowders.com\/tr\/wp-json\/wp\/v2\/product_brand?post=20527"},{"taxonomy":"product_cat","embeddable":true,"href":"https:\/\/narcopowders.com\/tr\/wp-json\/wp\/v2\/product_cat?post=20527"},{"taxonomy":"product_tag","embeddable":true,"href":"https:\/\/narcopowders.com\/tr\/wp-json\/wp\/v2\/product_tag?post=20527"}],"curies":[{"name":"wp","href":"https:\/\/api.w.org\/{rel}","templated":true}]}}