{"id":20558,"date":"2024-05-23T06:14:29","date_gmt":"2024-05-23T06:14:29","guid":{"rendered":"https:\/\/narcopowders.com\/?post_type=product&#038;p=20558"},"modified":"2025-03-10T09:59:29","modified_gmt":"2025-03-10T09:59:29","slug":"buy-jwh-018-online","status":"publish","type":"product","link":"https:\/\/narcopowders.com\/tr\/urun\/jwh-018-online-satin-al\/","title":{"rendered":"JWH-018 Online Sat\u0131n Al\u0131n"},"content":{"rendered":"<h2>JWH-018 nedir?<\/h2>\n<p><a href=\"https:\/\/narcopowders.com\/tr\/urun\/jwh-018-online-satin-al\/\">JWH-018<\/a> (1-pentyl-3-(1-naphthoyl)indole, NA-PIMO[3] or AM-678) is a naphthoylindole-based analgesic that functions as a full agonist at both the CB1 and CB2 cannabinoid receptors, with modest selectivity for CB2. It has effects in animals that are comparable to those of tetrahydrocannabinol (THC), a cannabinoid found naturally in cannabis, which has led to its use in synthetic cannabis products sold legally in some countries as &#8220;incense blends&#8221;.<\/p>\n<h3>JWH-018 Online Sat\u0131n Al\u0131n<\/h3>\n<p><a href=\"https:\/\/www.bing.com\/search?q=Buy%20JWH-018%20online&amp;qs=n&amp;form=QBRE&amp;sp=-1&amp;lq=0&amp;pq=buy%20jwh-018%20online&amp;sc=1-18&amp;sk=&amp;cvid=7D99A2FC010545D7BA30995B6B57C7A2&amp;ghsh=0&amp;ghacc=0&amp;ghpl=\">Buy JWH-018, Our online store<\/a> in USA sells JWH 018 powder. We offer several versions of the herbal mixture \u201cSpice\u201d. Due to the intoxicating properties of this synthetic cannabinoid, which are similar to those of 9-THC in cannabis, it is mostly consumed illegally. While <a href=\"https:\/\/www.google.de\/search?q=Buy+JWH-018+online&amp;sca_esv=1a2a07081c7891bb&amp;rlz=1C1RXQR_enIN1098IN1098&amp;ei=nrfOZ4uoJ5Whvr0P6Ob5eA&amp;ved=0ahUKEwiL78GKoP-LAxWVkK8BHWhzHg8Q4dUDCBA&amp;uact=5&amp;oq=Buy+JWH-018+online&amp;gs_lp=Egxnd3Mtd2l6LXNlcnAiEkJ1eSBKV0gtMDE4IG9ubGluZUj0B1C1A1i1A3ACeACQAQCYAccBoAHHAaoBAzAuMbgBA8gBAPgBAvgBAZgCAKACAJgDAIgGAZIHAKAHRg&amp;sclient=gws-wiz-serp\">jwh 018<\/a> is significantly more effective than similar cannabis dosages, it also presents significant challenges in identification using traditional 9-THC testing methods. In July 2009, <a href=\"https:\/\/www.bing.com\/search?q=Buy%20JWH-018%20online&amp;qs=n&amp;form=QBRE&amp;sp=-1&amp;lq=0&amp;pq=buy%20jwh-018%20online&amp;sc=1-18&amp;sk=&amp;cvid=7D99A2FC010545D7BA30995B6B57C7A2&amp;ghsh=0&amp;ghacc=0&amp;ghpl=\">JWH-018<\/a> was added to the U.S. Drug Enforcement Administration&#8217;s (DEA) list of drugs and chemicals of concern . In addition to reports of Spice seizures in Ohio and Florida, other states, including Alabama, Arkansas and Florida, have passed laws restricting the sale or possession of<a href=\"https:\/\/www.google.de\/search?q=Buy+JWH-018+online&amp;sca_esv=1a2a07081c7891bb&amp;rlz=1C1RXQR_enIN1098IN1098&amp;ei=nrfOZ4uoJ5Whvr0P6Ob5eA&amp;ved=0ahUKEwiL78GKoP-LAxWVkK8BHWhzHg8Q4dUDCBA&amp;uact=5&amp;oq=Buy+JWH-018+online&amp;gs_lp=Egxnd3Mtd2l6LXNlcnAiEkJ1eSBKV0gtMDE4IG9ubGluZUj0B1C1A1i1A3ACeACQAQCYAccBoAHHAaoBAzAuMbgBA8gBAPgBAvgBAZgCAKACAJgDAIgGAZIHAKAHRg&amp;sclient=gws-wiz-serp\"> JWH-018 powder<\/a><a href=\"https:\/\/narcopowders.com\/nl\/productcategorie\/cannabinoids\/\"> .<\/a><\/p>\n<h3>JWH-018 Sat\u0131l\u0131k | JWH-018 Online Sipari\u015f Verin<\/h3>\n<p>Periferik kanabinoid (CB2) resept\u00f6r\u00fcn\u00fcn orta derecede se\u00e7ici bir agonisti olan JWH 018, aminoalkilindol WIN 55,212-2'den haz\u0131rlanm\u0131\u015ft\u0131r. CB1 ve CB2 resept\u00f6rlerine ba\u011flanma i\u00e7in Ki de\u011ferleri, 3.061'lik bir CB1:CB2 oran\u0131 i\u00e7in s\u0131ras\u0131yla 9.0 ve 2.94 nM'dir. S\u0131\u00e7anlar test edilmi\u015f ve sonu\u00e7lar rektal s\u0131cakl\u0131k, kuyruk fiskesi deneyinde maksimum antinosiseptif etki ve spontan aktivitenin inhibisyonu a\u00e7\u0131s\u0131ndan WIN 55,212-2 ile kar\u015f\u0131la\u015ft\u0131r\u0131labilir bulunmu\u015ftur. ABD'de \u00e7evrimi\u00e7i JWH 018 tozu sat\u0131\u015f\u0131. <a href=\"https:\/\/narcopowders.com\/tr\/\">Narco Powders.<\/a><\/p>\n<h3>JWH-018 Avrupa'da sat\u0131\u015fa sunuldu<\/h3>\n<p>According to animal pharmacological studies, the pill JWH-018 has a similar effect to 9-THC. In mice it causes analgesia, a drop in body temperature, catalepsy and a general decrease in activity. By combining these four effects, scientists can predict psychoactivity in humans comparable to that of 9-THC. <a href=\"https:\/\/duckduckgo.com\/?q=Buy+JWH-018+online&amp;t=h_&amp;ia=web\">JWH-018&#8217;s<\/a> performance in all four tests suggests that it is likely to produce psychoactive effects in humans comparable to those of THC. In drug discrimination studies in rats, JWH-018 generalized to 9-THC and elicited subjective responses similar to those of 9-THC. JWH-018 binds to the cannabinoid receptor CB1 in the brain with greater affinity than 9-THC and exhibits agonistic properties in functional assays, suggesting that it may act similarly to 9-THC in vivo .<\/p>\n<h3>Sentetik kannabinoid sat\u0131n al\u0131n<\/h3>\n<p>CB1 resept\u00f6rlerinde eksik bir agonist olan THC'nin aksine, \u00e7evrimi\u00e7i JWH-018 sat\u0131n al\u0131n ve \u00e7ok say\u0131da tasarlanm\u0131\u015f kannabinoid, tam agonistlerdir. THC'nin \u00e7e\u015fitli yollar arac\u0131l\u0131\u011f\u0131yla serebrumda GABA resept\u00f6r n\u00f6rotransmisyonunu engelledi\u011fi g\u00f6sterilmi\u015ftir. JWH-018 a\u015f\u0131r\u0131 halsizlik, titreme ve nadir durumlarda (\u00e7o\u011funlukla standart olmayan JWH m\u00fc\u015fterilerinde) n\u00f6betlere neden olabilir \u00e7\u00fcnk\u00fc GABA n\u00f6rotransmisyonunu THC'den daha yeterli \u015fekilde inhibe eder. Kannabinoid resept\u00f6r tam agonistleri a\u015f\u0131r\u0131 kullan\u0131ld\u0131\u011f\u0131nda m\u00fc\u015fteri i\u00e7in ger\u00e7ek tehlikeler olu\u015fturabilir.<\/p>\n<p>Various physical and mental unfriendly effects have been noted while using JWH-018 purchased online. In one study, insane relapses and malaise were described as side effects in thoroughly treated patients with mental illnesses after inhaling <a href=\"https:\/\/duckduckgo.com\/?q=Buy+JWH-018+online&amp;t=h_&amp;ia=web\">JWH-018<\/a>.[21] Due to concerns about the ability of JWH-018 and other manufactured cannabinoids to cause psychosis in vulnerable people, it has been suggested that individuals with risk factors for insanity (such as a past or family history of psychosis) should not use these substances.<\/p>","protected":false},"excerpt":{"rendered":"<p>What is JWH-018? JWH-018 (1-pentyl-3-(1-naphthoyl)indole, NA-PIMO[3] or AM-678) is a naphthoylindole-based analgesic that functions as a full agonist at both the CB1 and CB2 cannabinoid receptors, with modest selectivity for CB2. It has effects in animals that are comparable to those of tetrahydrocannabinol (THC), a cannabinoid found naturally in cannabis, which has led to its [&hellip;]<\/p>","protected":false},"featured_media":21244,"comment_status":"open","ping_status":"closed","template":"","meta":{"_joinchat":[]},"product_brand":[],"product_cat":[1538],"product_tag":[],"class_list":{"0":"post-20558","1":"product","2":"type-product","3":"status-publish","4":"has-post-thumbnail","6":"product_cat-cannabinoids","8":"first","9":"instock","10":"shipping-taxable","11":"purchasable","12":"product-type-variable","13":"add-to-wishlist-after_add_to_cart"},"yoast_head":"<!-- This site is optimized with the Yoast SEO plugin v25.9 - https:\/\/yoast.com\/wordpress\/plugins\/seo\/ -->\n<title>Buy JWH-018 - JWH-018 FOR SALE<\/title>\n<meta name=\"description\" content=\"Buy JWH-018, Order pure JWH-018 Powder, JWH-018 Blotters online directly with secured and discreet delivery from within EU and USA.\" \/>\n<meta name=\"robots\" content=\"index, follow, max-snippet:-1, max-image-preview:large, max-video-preview:-1\" \/>\n<link rel=\"canonical\" href=\"https:\/\/narcopowders.com\/tr\/urun\/jwh-018-online-satin-al\/\" \/>\n<meta property=\"og:locale\" content=\"tr_TR\" \/>\n<meta property=\"og:type\" content=\"article\" \/>\n<meta property=\"og:title\" content=\"Buy JWH-018 - JWH-018 FOR SALE\" \/>\n<meta property=\"og:description\" content=\"Buy JWH-018, Order pure JWH-018 Powder, JWH-018 Blotters online directly with secured and discreet delivery from within EU and USA.\" \/>\n<meta property=\"og:url\" content=\"https:\/\/narcopowders.com\/tr\/urun\/jwh-018-online-satin-al\/\" \/>\n<meta property=\"og:site_name\" content=\"Narco Powders\" \/>\n<meta property=\"article:modified_time\" content=\"2025-03-10T09:59:29+00:00\" \/>\n<meta property=\"og:image\" content=\"https:\/\/narcopowders.com\/wp-content\/uploads\/2024\/05\/JwH018.gif\" \/>\n\t<meta property=\"og:image:width\" content=\"600\" \/>\n\t<meta property=\"og:image:height\" content=\"600\" \/>\n\t<meta property=\"og:image:type\" content=\"image\/gif\" \/>\n<meta name=\"twitter:card\" content=\"summary_large_image\" \/>\n<meta name=\"twitter:label1\" content=\"Tahmini okuma s\u00fcresi\" \/>\n\t<meta name=\"twitter:data1\" content=\"3 dakika\" \/>\n<!-- \/ Yoast SEO plugin. -->","yoast_head_json":{"title":"JWH-018 Sat\u0131n Al - JWH-018 SATILIK","description":"JWH-018 Sat\u0131n Al\u0131n, Saf JWH-018 Tozu, JWH-018 Blotter'lar\u0131 do\u011frudan AB ve ABD i\u00e7inden g\u00fcvenli ve gizli teslimatla \u00e7evrimi\u00e7i olarak sipari\u015f edin.","robots":{"index":"index","follow":"follow","max-snippet":"max-snippet:-1","max-image-preview":"max-image-preview:large","max-video-preview":"max-video-preview:-1"},"canonical":"https:\/\/narcopowders.com\/tr\/urun\/jwh-018-online-satin-al\/","og_locale":"tr_TR","og_type":"article","og_title":"Buy JWH-018 - JWH-018 FOR SALE","og_description":"Buy JWH-018, Order pure JWH-018 Powder, JWH-018 Blotters online directly with secured and discreet delivery from within EU and USA.","og_url":"https:\/\/narcopowders.com\/tr\/urun\/jwh-018-online-satin-al\/","og_site_name":"Narco Powders","article_modified_time":"2025-03-10T09:59:29+00:00","og_image":[{"width":600,"height":600,"url":"https:\/\/narcopowders.com\/wp-content\/uploads\/2024\/05\/JwH018.gif","type":"image\/gif"}],"twitter_card":"summary_large_image","twitter_misc":{"Tahmini okuma s\u00fcresi":"3 dakika"},"schema":{"@context":"https:\/\/schema.org","@graph":[{"@type":"WebPage","@id":"https:\/\/narcopowders.com\/product\/buy-jwh-018-online\/","url":"https:\/\/narcopowders.com\/product\/buy-jwh-018-online\/","name":"JWH-018 Sat\u0131n Al - JWH-018 SATILIK","isPartOf":{"@id":"https:\/\/narcopowders.com\/#website"},"primaryImageOfPage":{"@id":"https:\/\/narcopowders.com\/product\/buy-jwh-018-online\/#primaryimage"},"image":{"@id":"https:\/\/narcopowders.com\/product\/buy-jwh-018-online\/#primaryimage"},"thumbnailUrl":"https:\/\/narcopowders.com\/wp-content\/uploads\/2024\/05\/JwH018.gif","datePublished":"2024-05-23T06:14:29+00:00","dateModified":"2025-03-10T09:59:29+00:00","description":"JWH-018 Sat\u0131n Al\u0131n, Saf JWH-018 Tozu, JWH-018 Blotter'lar\u0131 do\u011frudan AB ve ABD i\u00e7inden g\u00fcvenli ve gizli teslimatla \u00e7evrimi\u00e7i olarak sipari\u015f edin.","breadcrumb":{"@id":"https:\/\/narcopowders.com\/product\/buy-jwh-018-online\/#breadcrumb"},"inLanguage":"tr","potentialAction":[{"@type":"ReadAction","target":["https:\/\/narcopowders.com\/product\/buy-jwh-018-online\/"]}]},{"@type":"ImageObject","inLanguage":"tr","@id":"https:\/\/narcopowders.com\/product\/buy-jwh-018-online\/#primaryimage","url":"https:\/\/narcopowders.com\/wp-content\/uploads\/2024\/05\/JwH018.gif","contentUrl":"https:\/\/narcopowders.com\/wp-content\/uploads\/2024\/05\/JwH018.gif","width":600,"height":600,"caption":"Buy JwH018 Online"},{"@type":"BreadcrumbList","@id":"https:\/\/narcopowders.com\/product\/buy-jwh-018-online\/#breadcrumb","itemListElement":[{"@type":"ListItem","position":1,"name":"Home","item":"https:\/\/narcopowders.com\/"},{"@type":"ListItem","position":2,"name":"Shop Page","item":"https:\/\/narcopowders.com\/shop\/"},{"@type":"ListItem","position":3,"name":"Buy JWH-018 online"}]},{"@type":"WebSite","@id":"https:\/\/narcopowders.com\/#website","url":"https:\/\/narcopowders.com\/","name":"Narko Tozlar","description":"WordPress Blogum","potentialAction":[{"@type":"SearchAction","target":{"@type":"EntryPoint","urlTemplate":"https:\/\/narcopowders.com\/?s={search_term_string}"},"query-input":{"@type":"PropertyValueSpecification","valueRequired":true,"valueName":"search_term_string"}}],"inLanguage":"tr"}]}},"_links":{"self":[{"href":"https:\/\/narcopowders.com\/tr\/wp-json\/wp\/v2\/product\/20558","targetHints":{"allow":["GET"]}}],"collection":[{"href":"https:\/\/narcopowders.com\/tr\/wp-json\/wp\/v2\/product"}],"about":[{"href":"https:\/\/narcopowders.com\/tr\/wp-json\/wp\/v2\/types\/product"}],"replies":[{"embeddable":true,"href":"https:\/\/narcopowders.com\/tr\/wp-json\/wp\/v2\/comments?post=20558"}],"wp:featuredmedia":[{"embeddable":true,"href":"https:\/\/narcopowders.com\/tr\/wp-json\/wp\/v2\/media\/21244"}],"wp:attachment":[{"href":"https:\/\/narcopowders.com\/tr\/wp-json\/wp\/v2\/media?parent=20558"}],"wp:term":[{"taxonomy":"product_brand","embeddable":true,"href":"https:\/\/narcopowders.com\/tr\/wp-json\/wp\/v2\/product_brand?post=20558"},{"taxonomy":"product_cat","embeddable":true,"href":"https:\/\/narcopowders.com\/tr\/wp-json\/wp\/v2\/product_cat?post=20558"},{"taxonomy":"product_tag","embeddable":true,"href":"https:\/\/narcopowders.com\/tr\/wp-json\/wp\/v2\/product_tag?post=20558"}],"curies":[{"name":"wp","href":"https:\/\/api.w.org\/{rel}","templated":true}]}}