{"id":20559,"date":"2024-05-23T06:14:29","date_gmt":"2024-05-23T06:14:29","guid":{"rendered":"https:\/\/narcopowders.com\/?post_type=product&#038;p=20559"},"modified":"2025-03-26T12:48:20","modified_gmt":"2025-03-26T12:48:20","slug":"buy-mdpop-online","status":"publish","type":"product","link":"https:\/\/narcopowders.com\/tr\/urun\/buy-mdpop-online\/","title":{"rendered":"Mdpop Online Sat\u0131n Al\u0131n"},"content":{"rendered":"<h2>Online mdpop sat\u0131n al<\/h2>\n<p><a href=\"https:\/\/narcopowders.com\/tr\/urun\/buy-mdpop-online\/\">MDPOP Online Sat\u0131n Al<\/a>, Birle\u015fik Krall\u0131k Uyu\u015fturucular\u0131n K\u00f6t\u00fcye Kullan\u0131m\u0131 Dan\u0131\u015fma Konseyi 2 Nisan 2010 tarihinde bu uyu\u015fturucu kar\u0131\u015f\u0131mlar\u0131 s\u0131n\u0131f\u0131n\u0131n tamam\u0131na y\u00f6nelik kapsaml\u0131, yap\u0131 temelli bir boykot ba\u015flataca\u011f\u0131n\u0131 duyurdu. Ama\u00e7, ortak bir aile \u00fcyesi olan <a href=\"https:\/\/narcopowders.com\/tr\/\">mephedrone<\/a>, ortak bir aile \u00fcyesidir. Bu boykot, yukar\u0131da a\u00e7\u0131klanan genel yap\u0131ya sahip kar\u0131\u015f\u0131mlar i\u00e7in ge\u00e7erlidir; 28 spesifik kar\u0131\u015f\u0131m tan\u0131mlanm\u0131\u015ft\u0131r.<\/p>\n<h3>mdpop hakk\u0131nda daha fazla bilgi<\/h3>\n<p>(I) fenil halkas\u0131nda alkil, alkoksi, alkilendioksi, haloalkil veya halojen\u00fcr s\u00fcbstit\u00fcentlerinin herhangi bir \u00f6l\u00e7\u00fcde s\u00fcbstit\u00fce edilmesiyle, fenil halkas\u0131nda en az bir ba\u015fka monovalent s\u00fcbstit\u00fcent de s\u00fcbstit\u00fce edilmi\u015f olsa bile;<\/p>\n<p>(ii) \u00fc\u00e7\u00fcnc\u00fc pozisyonda bir alkil s\u00fcbstit\u00fcentinin ikame edilmesiyle; Yasal kenevirin t\u0131bbi profili.<\/p>\n<p>(iii) azot atomunun halkal\u0131 bir yap\u0131ya dahil edilmesi veya azot partik\u00fcl\u00fc \u00fczerinde alkil veya dialkil gruplar\u0131n\u0131n ikame edilmesi yoluyla.<\/p>\n<p>un k\u00fc\u00e7\u00fck bir tarih\u00e7esi <a href=\"https:\/\/en.wikipedia.org\/wiki\/Bestgore.com\">mdpop<\/a><\/p>\n<p>16 Nisan 2010 tarihinde bu madde 1971 tarihli Uyu\u015fturucu Maddelerin K\u00f6t\u00fcye Kullan\u0131m\u0131 Yasas\u0131na eklenerek y\u00fcr\u00fcrl\u00fc\u011fe girmi\u015ftir. ACMD raporunun yay\u0131nland\u0131\u011f\u0131 tarihte, yukar\u0131daki kar\u0131\u015f\u0131mlardan d\u00f6rd\u00fcn\u00fcn - katinon, metkatinon, dietilpropion ve pirovaleron - Birle\u015fik Krall\u0131k'ta yasad\u0131\u015f\u0131 oldu\u011fu unutulmamal\u0131d\u0131r. \u0130ki kar\u0131\u015f\u0131m \u00f6zellikle boykotun d\u0131\u015f\u0131nda tutulmu\u015ftur: yayg\u0131n t\u0131bbi kullan\u0131m\u0131 ve d\u00fc\u015f\u00fck k\u00f6t\u00fcye kullan\u0131m potansiyeli nedeniyle bupropion ve yap\u0131s\u0131 m\u00fcnhas\u0131r olmayan tan\u0131ma girmedi\u011fi ve \u015fu anda kullan\u0131m\u0131n\u0131n boykot edilmesini hakl\u0131 \u00e7\u0131karacak bir kan\u0131t bulunmad\u0131\u011f\u0131 i\u00e7in nafiron; \u0130nternet sat\u0131n alma mdpop <a href=\"https:\/\/duckduckgo.com\/?q=Buy+Mdpop+Online&amp;t=h_&amp;ia=web\">mdpop sat\u0131n al<\/a><\/p>\n<p>Sonu\u00e7 olarak, nafiron analoglar\u0131 Temmuz 2010'da ek bir yasaklaman\u0131n ard\u0131ndan yasakland\u0131. <a href=\"https:\/\/www.bing.com\/search?q=Buy%20Mdpop%20Online&amp;qs=n&amp;form=QBRE&amp;sp=-1&amp;lq=0&amp;pq=buy%20mdpop%20online&amp;sc=7-16&amp;sk=&amp;cvid=39381BC406B44470A62F975F64C4C48E&amp;ghsh=0&amp;ghacc=0&amp;ghpl=\">ACMD<\/a> Anket ve bir \u00f6ncekinden \u00e7ok daha geni\u015f kapsaml\u0131 bir yap\u0131sal boykot.<\/p>\n<p>Son olarak: \"Bir madde olup olmad\u0131\u011f\u0131na bak\u0131lmaks\u0131z\u0131n, 1-pozisyonunda bir monosiklik veya kar\u0131\u015f\u0131k polisiklik halka iskeletinin (bir fenil halkas\u0131 veya bir alkilendioksifenil halka iskeleti de\u011fil) ikame edilmesiyle esas olarak 2-aminopropan-1-on'dan t\u00fcretilen herhangi bir bile\u015fik<\/p>\n<p>Ba\u015fka bir deyi\u015fle: uygun yollardan biriyle daha da uyarlanm\u0131\u015ft\u0131r. Yasal esrar\u0131n uyu\u015fturucu profili.<\/p>\n<p>(I) halka yap\u0131s\u0131nda alkil, alkoksi, haloalkil veya halid s\u00fcbstit\u00fcentlerinin herhangi bir \u00f6l\u00e7\u00fcde s\u00fcbstit\u00fcsyonu ile, bunlar\u0131n halka yap\u0131s\u0131nda en az bir ilave monovalent s\u00fcbstit\u00fcent MDPOP Buy Online ile daha fazla s\u00fcbstit\u00fce edilip edilmedi\u011fine bak\u0131lmaks\u0131z\u0131n. <a href=\"https:\/\/www.google.com\/search?q=Buy+Mdpop+Online&amp;sca_esv=16def464f60f9903&amp;sxsrf=AHTn8zr0vho_kgZZLgPu0ej4mI0Ui52Faw%3A1742992891574&amp;ei=-_XjZ4LoIpOy0PEPgenGMQ&amp;ved=0ahUKEwjC0ZfB4qeMAxUTGTQIHYG0MQYQ4dUDCBA&amp;uact=5&amp;oq=Buy+Mdpop+Online&amp;gs_lp=Egxnd3Mtd2l6LXNlcnAiEEJ1eSBNZHBvcCBPbmxpbmVItwhQ-wNY-wNwAXgAkAEAmAGAA6ABgAOqAQMzLTG4AQPIAQD4AQL4AQGYAgCgAgCYAwCIBgGSBwCgB0SyBwC4BwA&amp;sclient=gws-wiz-serp\">MDPOP Online Sat\u0131n Al<\/a>.<\/p>","protected":false},"excerpt":{"rendered":"<p>Buy mdpop online MDPOP Buy Online, The UK Advisory Council on the Misuse of Drugs announced on April 2, 2010 that it would introduce a comprehensive, structure-based boycott of this entire class of drug mixtures. The goal was to widely publicize the black market sales and recreational use of mephedrone, a common family member. This [&hellip;]<\/p>","protected":false},"featured_media":21257,"comment_status":"open","ping_status":"closed","template":"","meta":{"_joinchat":[]},"product_brand":[],"product_cat":[1539,1724],"product_tag":[],"class_list":{"0":"post-20559","1":"product","2":"type-product","3":"status-publish","4":"has-post-thumbnail","6":"product_cat-cathinone","7":"product_cat-research-chemicals","9":"first","10":"instock","11":"shipping-taxable","12":"purchasable","13":"product-type-variable","14":"add-to-wishlist-after_add_to_cart"},"yoast_head":"<!-- This site is optimized with the Yoast SEO plugin v25.9 - https:\/\/yoast.com\/wordpress\/plugins\/seo\/ -->\n<title>Buy Mdpop Online - Mdpop for sale - Order mdpop | NarcoPowders<\/title>\n<meta name=\"description\" content=\"NarcoPowders is a leading chemical powder store whre you can buy Mdpop online, order mdpop online legally, Mdpop for sale online. Shop Now!\" \/>\n<meta name=\"robots\" content=\"index, follow, max-snippet:-1, max-image-preview:large, max-video-preview:-1\" \/>\n<link rel=\"canonical\" href=\"https:\/\/narcopowders.com\/tr\/urun\/buy-mdpop-online\/\" \/>\n<meta property=\"og:locale\" content=\"tr_TR\" \/>\n<meta property=\"og:type\" content=\"article\" \/>\n<meta property=\"og:title\" content=\"Buy Mdpop Online - Mdpop for sale - Order mdpop | NarcoPowders\" \/>\n<meta property=\"og:description\" content=\"NarcoPowders is a leading chemical powder store whre you can buy Mdpop online, order mdpop online legally, Mdpop for sale online. Shop Now!\" \/>\n<meta property=\"og:url\" content=\"https:\/\/narcopowders.com\/tr\/urun\/buy-mdpop-online\/\" \/>\n<meta property=\"og:site_name\" content=\"Narco Powders\" \/>\n<meta property=\"article:modified_time\" content=\"2025-03-26T12:48:20+00:00\" \/>\n<meta property=\"og:image\" content=\"https:\/\/narcopowders.com\/wp-content\/uploads\/2024\/05\/Mdpop.gif\" \/>\n\t<meta property=\"og:image:width\" content=\"600\" \/>\n\t<meta property=\"og:image:height\" content=\"600\" \/>\n\t<meta property=\"og:image:type\" content=\"image\/gif\" \/>\n<meta name=\"twitter:card\" content=\"summary_large_image\" \/>\n<meta name=\"twitter:label1\" content=\"Tahmini okuma s\u00fcresi\" \/>\n\t<meta name=\"twitter:data1\" content=\"2 dakika\" \/>\n<!-- \/ Yoast SEO plugin. -->","yoast_head_json":{"title":"Mdpop Online Sat\u0131n Al\u0131n - Sat\u0131l\u0131k Mdpop - Sipari\u015f mdpop | NarcoPowders","description":"NarcoPowders, Mdpop'u \u00e7evrimi\u00e7i sat\u0131n alabilece\u011finiz, yasal olarak \u00e7evrimi\u00e7i mdpop sipari\u015f edebilece\u011finiz, \u00e7evrimi\u00e7i sat\u0131l\u0131k Mdpop'u sat\u0131n alabilece\u011finiz lider bir kimyasal toz ma\u011fazas\u0131d\u0131r. \u015eimdi Al\u0131\u015fveri\u015f Yap\u0131n!","robots":{"index":"index","follow":"follow","max-snippet":"max-snippet:-1","max-image-preview":"max-image-preview:large","max-video-preview":"max-video-preview:-1"},"canonical":"https:\/\/narcopowders.com\/tr\/urun\/buy-mdpop-online\/","og_locale":"tr_TR","og_type":"article","og_title":"Buy Mdpop Online - Mdpop for sale - Order mdpop | NarcoPowders","og_description":"NarcoPowders is a leading chemical powder store whre you can buy Mdpop online, order mdpop online legally, Mdpop for sale online. Shop Now!","og_url":"https:\/\/narcopowders.com\/tr\/urun\/buy-mdpop-online\/","og_site_name":"Narco Powders","article_modified_time":"2025-03-26T12:48:20+00:00","og_image":[{"width":600,"height":600,"url":"https:\/\/narcopowders.com\/wp-content\/uploads\/2024\/05\/Mdpop.gif","type":"image\/gif"}],"twitter_card":"summary_large_image","twitter_misc":{"Tahmini okuma s\u00fcresi":"2 dakika"},"schema":{"@context":"https:\/\/schema.org","@graph":[{"@type":"WebPage","@id":"https:\/\/narcopowders.com\/product\/buy-mdpop-online\/","url":"https:\/\/narcopowders.com\/product\/buy-mdpop-online\/","name":"Mdpop Online Sat\u0131n Al\u0131n - Sat\u0131l\u0131k Mdpop - Sipari\u015f mdpop | NarcoPowders","isPartOf":{"@id":"https:\/\/narcopowders.com\/#website"},"primaryImageOfPage":{"@id":"https:\/\/narcopowders.com\/product\/buy-mdpop-online\/#primaryimage"},"image":{"@id":"https:\/\/narcopowders.com\/product\/buy-mdpop-online\/#primaryimage"},"thumbnailUrl":"https:\/\/narcopowders.com\/wp-content\/uploads\/2024\/05\/Mdpop.gif","datePublished":"2024-05-23T06:14:29+00:00","dateModified":"2025-03-26T12:48:20+00:00","description":"NarcoPowders, Mdpop'u \u00e7evrimi\u00e7i sat\u0131n alabilece\u011finiz, yasal olarak \u00e7evrimi\u00e7i mdpop sipari\u015f edebilece\u011finiz, \u00e7evrimi\u00e7i sat\u0131l\u0131k Mdpop'u sat\u0131n alabilece\u011finiz lider bir kimyasal toz ma\u011fazas\u0131d\u0131r. \u015eimdi Al\u0131\u015fveri\u015f Yap\u0131n!","breadcrumb":{"@id":"https:\/\/narcopowders.com\/product\/buy-mdpop-online\/#breadcrumb"},"inLanguage":"tr","potentialAction":[{"@type":"ReadAction","target":["https:\/\/narcopowders.com\/product\/buy-mdpop-online\/"]}]},{"@type":"ImageObject","inLanguage":"tr","@id":"https:\/\/narcopowders.com\/product\/buy-mdpop-online\/#primaryimage","url":"https:\/\/narcopowders.com\/wp-content\/uploads\/2024\/05\/Mdpop.gif","contentUrl":"https:\/\/narcopowders.com\/wp-content\/uploads\/2024\/05\/Mdpop.gif","width":600,"height":600,"caption":"Buy Mdpop Online"},{"@type":"BreadcrumbList","@id":"https:\/\/narcopowders.com\/product\/buy-mdpop-online\/#breadcrumb","itemListElement":[{"@type":"ListItem","position":1,"name":"Home","item":"https:\/\/narcopowders.com\/"},{"@type":"ListItem","position":2,"name":"Shop Page","item":"https:\/\/narcopowders.com\/shop\/"},{"@type":"ListItem","position":3,"name":"Buy Mdpop Online"}]},{"@type":"WebSite","@id":"https:\/\/narcopowders.com\/#website","url":"https:\/\/narcopowders.com\/","name":"Narko Tozlar","description":"WordPress Blogum","potentialAction":[{"@type":"SearchAction","target":{"@type":"EntryPoint","urlTemplate":"https:\/\/narcopowders.com\/?s={search_term_string}"},"query-input":{"@type":"PropertyValueSpecification","valueRequired":true,"valueName":"search_term_string"}}],"inLanguage":"tr"}]}},"_links":{"self":[{"href":"https:\/\/narcopowders.com\/tr\/wp-json\/wp\/v2\/product\/20559","targetHints":{"allow":["GET"]}}],"collection":[{"href":"https:\/\/narcopowders.com\/tr\/wp-json\/wp\/v2\/product"}],"about":[{"href":"https:\/\/narcopowders.com\/tr\/wp-json\/wp\/v2\/types\/product"}],"replies":[{"embeddable":true,"href":"https:\/\/narcopowders.com\/tr\/wp-json\/wp\/v2\/comments?post=20559"}],"wp:featuredmedia":[{"embeddable":true,"href":"https:\/\/narcopowders.com\/tr\/wp-json\/wp\/v2\/media\/21257"}],"wp:attachment":[{"href":"https:\/\/narcopowders.com\/tr\/wp-json\/wp\/v2\/media?parent=20559"}],"wp:term":[{"taxonomy":"product_brand","embeddable":true,"href":"https:\/\/narcopowders.com\/tr\/wp-json\/wp\/v2\/product_brand?post=20559"},{"taxonomy":"product_cat","embeddable":true,"href":"https:\/\/narcopowders.com\/tr\/wp-json\/wp\/v2\/product_cat?post=20559"},{"taxonomy":"product_tag","embeddable":true,"href":"https:\/\/narcopowders.com\/tr\/wp-json\/wp\/v2\/product_tag?post=20559"}],"curies":[{"name":"wp","href":"https:\/\/api.w.org\/{rel}","templated":true}]}}