{"id":20561,"date":"2024-05-23T06:14:29","date_gmt":"2024-05-23T06:14:29","guid":{"rendered":"https:\/\/narcopowders.com\/?post_type=product&#038;p=20561"},"modified":"2025-03-26T12:43:05","modified_gmt":"2025-03-26T12:43:05","slug":"buy-mdpep-online","status":"publish","type":"product","link":"https:\/\/narcopowders.com\/tr\/urun\/mdpep-online-satin-al\/","title":{"rendered":"Mdpep Online Sat\u0131n Al\u0131n"},"content":{"rendered":"<h2>MDPEP ONLINE Sat\u0131n Al\u0131n<\/h2>\n<p><a href=\"https:\/\/narcopowders.com\/tr\/urun\/mdpep-online-satin-al\/\">MDPEP Online Sat\u0131n Al<\/a>, MDPEP, \u00e7e\u015fitli plastikleri tek bir \u00e7at\u0131 alt\u0131nda alabilece\u011finiz tek yer olan NarcoPowders'\u0131 ta\u015f\u0131mamaktad\u0131r. \u0130nternet \u00fczerinden MDPEP. Rock olarak da adland\u0131r\u0131lan Flakka, 1960'larda geli\u015ftirilen katinon s\u0131n\u0131f\u0131 bir uyar\u0131c\u0131 ila\u00e7t\u0131r.<\/p>\n<p>MDPEP, \u00e7evrimi\u00e7i olarak sat\u0131n al\u0131nabilen pirovaleron ve katinon s\u0131n\u0131flar\u0131n\u0131n sentetik bir enerji vericisidir. Sentetik olarak MDPV ve katinon kar\u0131\u015f\u0131mlar\u0131 gibi di\u011fer pirovaleron kar\u0131\u015f\u0131mlar\u0131na benzer. Genellikle b\u00fcy\u00fck, g\u00fczel ta\u015f par\u00e7alar\u0131 \u015feklinde veya kullan\u0131c\u0131lar\u0131n amfetamine benzer bir etki elde etmek i\u00e7in yutabilecekleri cam benzeri bir toz olarak gelir.<\/p>\n<p><a href=\"https:\/\/narcopowders.com\/tr\/\">MDPEP'i \u00e7evrimi\u00e7i sat\u0131n al\u0131n<\/a> \u00e7evrimi\u00e7i sat\u0131n al\u0131n, yapay olarak pirovaleron ile tan\u0131mlanan ve genellikle e\u011flence ama\u00e7l\u0131 bir ila\u00e7 olarak kullan\u0131lan prolintan\u0131n basit ketonudur.<\/p>\n<p>Pirovaleron, ta\u015f\u0131y\u0131c\u0131lar\u0131n\u0131 inhibe ederek dopamin ve norepinefrin gibi spesifik monoamin sinapslar\u0131n\u0131n al\u0131m\u0131n\u0131 engeller. 1,2-\u03b1-pyrrolidinopentiophenone (hydrochloride) ve pyrovalerone aras\u0131ndaki tek fark pyrovalerone'un fenil kal\u0131nt\u0131s\u0131 \u00fczerinde metil grubunun bulunmamas\u0131d\u0131r. Bu maddenin pirovalerona benzer bir psikotropik enerji verici oldu\u011funa inan\u0131lmaktad\u0131r. Bu madde yasal ba\u011flamlarda kullan\u0131lmaktad\u0131r.<\/p>\n<h3>NARCOPOWDERS NEDEN ONLINE MCPEP SATIN ALMAK I\u0307\u00c7I\u0307N EN I\u0307YI\u0307 SI\u0307TE?<\/h3>\n<p>As an authorized supplier, <a href=\"https:\/\/en.wikipedia.org\/wiki\/MDPEP\">Narcopowders<\/a> Yetkili bir tedarik\u00e7i olarak Narcopowders, Mdpep gibi otantik tozlarla toptan ve perakende olarak ilgilenmektedir. \u015eirketimiz sadece en iyi MCPEP kalitesini de\u011fil, ayn\u0131 zamanda benzersiz paketleme ve d\u00fcnya \u00e7ap\u0131nda g\u00fcvenli ta\u015f\u0131may\u0131 da garanti eder.<\/p>\n<p>MCPEP t\u00fcketiminden sonra ortaya \u00e7\u0131kan kritik d\u00f6nem. Baz\u0131 m\u00fc\u015fteriler, MCPEP kullan\u0131m\u0131n\u0131n <a href=\"https:\/\/duckduckgo.com\/?q=Buy+Mdpep+Online&amp;t=h_&amp;ia=web\">MDPEP<\/a> genel olarak sigara i\u00e7mekten \u00e7ok daha \u00fcst\u00fcnd\u00fc \u00e7\u00fcnk\u00fc burunlar\u0131n\u0131n par\u00e7alanmas\u0131na neden olmuyordu.<\/p>\n<p>Biz sadece y\u00fcksek kaliteli \u00fcr\u00fcnler sunuyoruz <a href=\"https:\/\/www.bing.com\/search?q=Buy%20Mdpep%20Online&amp;qs=n&amp;form=QBRE&amp;sp=-1&amp;lq=0&amp;pq=buy%20mdpep%20online&amp;sc=0-16&amp;sk=&amp;cvid=8307A66EE6A04083B4263A3886FCCCBA&amp;ghsh=0&amp;ghacc=0&amp;ghpl=\">research purposes<\/a>Sadece ara\u015ft\u0131rma ama\u00e7l\u0131 y\u00fcksek kaliteli \u00fcr\u00fcnler sunuyoruz. \u00c7evrimi\u00e7i ma\u011fazam\u0131zda en saf ve en karakteristik MDPEP'i bulabilirsiniz. M\u00fc\u015fterilerimizle etkile\u015fim halindeyiz ve onlara kaliteli hizmet sunmak i\u00e7in \u00e7al\u0131\u015f\u0131yoruz.<\/p>\n<p>\u00c7evrimi\u00e7i MDPEP sat\u0131n al\u0131n, yapay olarak pirovaleron ile tan\u0131mlan\u0131r ve prolintan\u0131n basit ketonudur ve d\u00fczenli olarak e\u011flence ama\u00e7l\u0131 bir ila\u00e7 olarak kullan\u0131l\u0131r.<\/p>\n<h3>MDPEP tozu sipari\u015f edin<\/h3>\n<p>Bu pirovaleron, dopamin ve norepinefrin dahil olmak \u00fczere belirli monoamin sinapslar\u0131 i\u00e7in vericilerin al\u0131m\u0131n\u0131 \u00f6nleyerek bir inhibit\u00f6rd\u00fcr.1,2 \u03b1-Pirolidinopentiyofenon (hidroklor\u00fcr), sadece pirovaleronun fenil k\u0131sm\u0131nda bulunan metil demetinden yoksun basit bir pirovalerondur. Pyrovalerone gibi, bu bile\u015fik de psikoaktif bir enerji verici olarak kabul edilir. Bu madde yasal uygulamalarda kullan\u0131lmaktad\u0131r.<\/p>\n<h3>NEDEN NarcoPowders MDPEP online sat\u0131n almak i\u00e7in en iyi yer?<\/h3>\n<p>NarcoPowders resmi bir sat\u0131c\u0131d\u0131r ve Mcpep gibi yasal tozlar\u0131n indirimli ve perakende al\u0131\u015fveri\u015finde pazarl\u0131k yap\u0131yoruz. Kurulu\u015fumuz, benzersiz paketleme ve d\u00fcnya \u00e7ap\u0131nda g\u00fcvenli ula\u015f\u0131m\u0131n yan\u0131 s\u0131ra MDPEP'in en y\u00fcksek kalibresini sa\u011flamakla kalmaz <a href=\"https:\/\/www.google.com\/search?q=Buy+Mdpep+Online&amp;sca_esv=16def464f60f9903&amp;sxsrf=AHTn8zqGo1t_UjilMq3Gbhux0PSunqDuUQ%3A1742992732251&amp;ei=XPXjZ5uED-eCm9cPw7C06A8&amp;ved=0ahUKEwibopv14aeMAxVnweYEHUMYDf0Q4dUDCBA&amp;uact=5&amp;oq=Buy+Mdpep+Online&amp;gs_lp=Egxnd3Mtd2l6LXNlcnAiEEJ1eSBNZHBlcCBPbmxpbmUyBRAhGKABMgUQIRigATIFECEYoAEyBRAhGKABSJ0EUABYAHAAeACQAQCYAYUDoAGFA6oBAzMtMbgBA8gBAPgBAvgBAZgCAaACiwOYAwCSBwMzLTGgB4MDsgcDMy0xuAeLAw&amp;sclient=gws-wiz-serp\">MDPEP Online Sat\u0131n Al<\/a>.<\/p>","protected":false},"excerpt":{"rendered":"<p>Buy MDPEP ONLINE MDPEP Buy Online, MDPEP does not carry NarcoPowders which is the only place to get a variety of plastics under one roof. MDPEP via the Internet. Flakka, also called Rock, is a cathinone-class stimulant drug developed in the 1960s. MDPEP is a synthetic energizer of the pyrovalerone and cathinone classes that can [&hellip;]<\/p>","protected":false},"featured_media":21256,"comment_status":"open","ping_status":"closed","template":"","meta":{"_joinchat":[]},"product_brand":[],"product_cat":[1724],"product_tag":[],"class_list":{"0":"post-20561","1":"product","2":"type-product","3":"status-publish","4":"has-post-thumbnail","6":"product_cat-research-chemicals","8":"first","9":"instock","10":"shipping-taxable","11":"purchasable","12":"product-type-variable","13":"add-to-wishlist-after_add_to_cart"},"yoast_head":"<!-- This site is optimized with the Yoast SEO plugin v27.5 - https:\/\/yoast.com\/product\/yoast-seo-wordpress\/ -->\n<title>Buy MDPEP Online - MDPEP for sale | NarcoPowders<\/title>\n<meta name=\"description\" content=\"If you are looking trusted chemical store to buy Mdpep online, We are available 24x7 to get Mdpop for sale online. Order Mdpep online now!\" \/>\n<meta name=\"robots\" content=\"index, follow, max-snippet:-1, max-image-preview:large, max-video-preview:-1\" \/>\n<link rel=\"canonical\" href=\"https:\/\/narcopowders.com\/tr\/urun\/mdpep-online-satin-al\/\" \/>\n<meta property=\"og:locale\" content=\"tr_TR\" \/>\n<meta property=\"og:type\" content=\"article\" \/>\n<meta property=\"og:title\" content=\"Buy MDPEP Online - MDPEP for sale | NarcoPowders\" \/>\n<meta property=\"og:description\" content=\"If you are looking trusted chemical store to buy Mdpep online, We are available 24x7 to get Mdpop for sale online. Order Mdpep online now!\" \/>\n<meta property=\"og:url\" content=\"https:\/\/narcopowders.com\/tr\/urun\/mdpep-online-satin-al\/\" \/>\n<meta property=\"og:site_name\" content=\"Narco Powders\" \/>\n<meta property=\"article:modified_time\" content=\"2025-03-26T12:43:05+00:00\" \/>\n<meta property=\"og:image\" content=\"https:\/\/narcopowders.com\/wp-content\/uploads\/2024\/05\/Mdpep.gif\" \/>\n\t<meta property=\"og:image:width\" content=\"600\" \/>\n\t<meta property=\"og:image:height\" content=\"600\" \/>\n\t<meta property=\"og:image:type\" content=\"image\/gif\" \/>\n<meta name=\"twitter:card\" content=\"summary_large_image\" \/>\n<meta name=\"twitter:label1\" content=\"Tahmini okuma s\u00fcresi\" \/>\n\t<meta name=\"twitter:data1\" content=\"3 dakika\" \/>\n<!-- \/ Yoast SEO plugin. -->","yoast_head_json":{"title":"MDPEP Online Sat\u0131n Al\u0131n - MDPEP Sat\u0131l\u0131k | NarcoPowders","description":"Mdpep'i \u00e7evrimi\u00e7i sat\u0131n almak i\u00e7in g\u00fcvenilir bir kimyasal ma\u011faza ar\u0131yorsan\u0131z, Mdpop'u \u00e7evrimi\u00e7i sat\u0131\u015fa sunmak i\u00e7in 7x24 hizmetinizdeyiz. \u015eimdi \u00e7evrimi\u00e7i Mdpep sipari\u015f edin!","robots":{"index":"index","follow":"follow","max-snippet":"max-snippet:-1","max-image-preview":"max-image-preview:large","max-video-preview":"max-video-preview:-1"},"canonical":"https:\/\/narcopowders.com\/tr\/urun\/mdpep-online-satin-al\/","og_locale":"tr_TR","og_type":"article","og_title":"Buy MDPEP Online - MDPEP for sale | NarcoPowders","og_description":"If you are looking trusted chemical store to buy Mdpep online, We are available 24x7 to get Mdpop for sale online. Order Mdpep online now!","og_url":"https:\/\/narcopowders.com\/tr\/urun\/mdpep-online-satin-al\/","og_site_name":"Narco Powders","article_modified_time":"2025-03-26T12:43:05+00:00","og_image":[{"width":600,"height":600,"url":"https:\/\/narcopowders.com\/wp-content\/uploads\/2024\/05\/Mdpep.gif","type":"image\/gif"}],"twitter_card":"summary_large_image","twitter_misc":{"Tahmini okuma s\u00fcresi":"3 dakika"},"schema":{"@context":"https:\/\/schema.org","@graph":[{"@type":"WebPage","@id":"https:\/\/narcopowders.com\/product\/buy-mdpep-online\/","url":"https:\/\/narcopowders.com\/product\/buy-mdpep-online\/","name":"MDPEP Online Sat\u0131n Al\u0131n - MDPEP Sat\u0131l\u0131k | NarcoPowders","isPartOf":{"@id":"https:\/\/narcopowders.com\/#website"},"primaryImageOfPage":{"@id":"https:\/\/narcopowders.com\/product\/buy-mdpep-online\/#primaryimage"},"image":{"@id":"https:\/\/narcopowders.com\/product\/buy-mdpep-online\/#primaryimage"},"thumbnailUrl":"https:\/\/narcopowders.com\/wp-content\/uploads\/2024\/05\/Mdpep.gif","datePublished":"2024-05-23T06:14:29+00:00","dateModified":"2025-03-26T12:43:05+00:00","description":"Mdpep'i \u00e7evrimi\u00e7i sat\u0131n almak i\u00e7in g\u00fcvenilir bir kimyasal ma\u011faza ar\u0131yorsan\u0131z, Mdpop'u \u00e7evrimi\u00e7i sat\u0131\u015fa sunmak i\u00e7in 7x24 hizmetinizdeyiz. \u015eimdi \u00e7evrimi\u00e7i Mdpep sipari\u015f edin!","breadcrumb":{"@id":"https:\/\/narcopowders.com\/product\/buy-mdpep-online\/#breadcrumb"},"inLanguage":"tr","potentialAction":[{"@type":"ReadAction","target":["https:\/\/narcopowders.com\/product\/buy-mdpep-online\/"]}]},{"@type":"ImageObject","inLanguage":"tr","@id":"https:\/\/narcopowders.com\/product\/buy-mdpep-online\/#primaryimage","url":"https:\/\/narcopowders.com\/wp-content\/uploads\/2024\/05\/Mdpep.gif","contentUrl":"https:\/\/narcopowders.com\/wp-content\/uploads\/2024\/05\/Mdpep.gif","width":600,"height":600,"caption":"Buy Mdpep Online"},{"@type":"BreadcrumbList","@id":"https:\/\/narcopowders.com\/product\/buy-mdpep-online\/#breadcrumb","itemListElement":[{"@type":"ListItem","position":1,"name":"Home","item":"https:\/\/narcopowders.com\/"},{"@type":"ListItem","position":2,"name":"Shop Page","item":"https:\/\/narcopowders.com\/shop\/"},{"@type":"ListItem","position":3,"name":"Buy Mdpep Online"}]},{"@type":"WebSite","@id":"https:\/\/narcopowders.com\/#website","url":"https:\/\/narcopowders.com\/","name":"Narko Tozlar","description":"WordPress Blogum","potentialAction":[{"@type":"SearchAction","target":{"@type":"EntryPoint","urlTemplate":"https:\/\/narcopowders.com\/?s={search_term_string}"},"query-input":{"@type":"PropertyValueSpecification","valueRequired":true,"valueName":"search_term_string"}}],"inLanguage":"tr"}]}},"_links":{"self":[{"href":"https:\/\/narcopowders.com\/tr\/wp-json\/wp\/v2\/product\/20561","targetHints":{"allow":["GET"]}}],"collection":[{"href":"https:\/\/narcopowders.com\/tr\/wp-json\/wp\/v2\/product"}],"about":[{"href":"https:\/\/narcopowders.com\/tr\/wp-json\/wp\/v2\/types\/product"}],"replies":[{"embeddable":true,"href":"https:\/\/narcopowders.com\/tr\/wp-json\/wp\/v2\/comments?post=20561"}],"wp:featuredmedia":[{"embeddable":true,"href":"https:\/\/narcopowders.com\/tr\/wp-json\/wp\/v2\/media\/21256"}],"wp:attachment":[{"href":"https:\/\/narcopowders.com\/tr\/wp-json\/wp\/v2\/media?parent=20561"}],"wp:term":[{"taxonomy":"product_brand","embeddable":true,"href":"https:\/\/narcopowders.com\/tr\/wp-json\/wp\/v2\/product_brand?post=20561"},{"taxonomy":"product_cat","embeddable":true,"href":"https:\/\/narcopowders.com\/tr\/wp-json\/wp\/v2\/product_cat?post=20561"},{"taxonomy":"product_tag","embeddable":true,"href":"https:\/\/narcopowders.com\/tr\/wp-json\/wp\/v2\/product_tag?post=20561"}],"curies":[{"name":"wp","href":"https:\/\/api.w.org\/{rel}","templated":true}]}}