{"id":20562,"date":"2024-05-23T06:14:29","date_gmt":"2024-05-23T06:14:29","guid":{"rendered":"https:\/\/narcopowders.com\/?post_type=product&#038;p=20562"},"modified":"2025-05-06T07:05:50","modified_gmt":"2025-05-06T07:05:50","slug":"buy-isotonitazene-online","status":"publish","type":"product","link":"https:\/\/narcopowders.com\/tr\/urun\/buy-isotonitazene-online\/","title":{"rendered":"Isotonitazene Online Sat\u0131n Al\u0131n"},"content":{"rendered":"<h2>\u0130zopropilfenidat Toz Sat\u0131n Al\u0131n<\/h2>\n<p><a href=\"https:\/\/narcopowders.com\/tr\/urun\/buy-isotonitazene-online\/\">\u0130zopropilfenidat Sat\u0131n Al, \u0130zopropilfenidat<\/a> (IPH ve IPPD olarak da bilinir) piperidin s\u0131n\u0131f\u0131ndan uyar\u0131c\u0131 bir ila\u00e7t\u0131r. \u0130zopropilfenidat, konsantrasyonu art\u0131ran motive edici ve uyar\u0131c\u0131 bir etki yarat\u0131r. Yayg\u0131n olarak re\u00e7ete edilen bir ilac\u0131n yap\u0131sal bir analo\u011fudur. <a href=\"https:\/\/www.bing.com\/search?q=Buy%20Isotonitazene%20Online&amp;qs=n&amp;form=QBRE&amp;sp=-1&amp;lq=0&amp;pq=buy%20isotonitazene%20online&amp;sc=0-24&amp;sk=&amp;cvid=C13213C671EB4FA6BE3F236B93414129&amp;ghsh=0&amp;ghacc=0&amp;ghpl=\">ADHD<\/a> \u0130la\u00e7 metilfenidatt\u0131r ve neredeyse ayn\u0131 bili\u015fsel ve fiziksel etkileri \u00fcretti\u011fi s\u00f6ylenmektedir, ancak daha az \u00f6forik \"y\u00fckseklik\" bile\u015feni ve daha uzun etki s\u00fcresi vard\u0131r.<\/p>\n<h3>\u0130zopropilfenidat (IPH) nedir?<\/h3>\n<p><a href=\"https:\/\/narcopowders.com\/tr\/urun\/buy-isotonitazene-online\/\">IPH<\/a> piperdine s\u0131n\u0131f\u0131na ait bir ara\u015ft\u0131rma kimyasal\u0131d\u0131r. Sentetik bir uyar\u0131c\u0131d\u0131r. IPH, metilfenidat kimyasal\u0131na \u00e7ok benzer ve neredeyse ayn\u0131 ara\u015ft\u0131rma sonu\u00e7lar\u0131n\u0131 \u00fcretir. Daha y\u00fcksek dozlar \u00e7ok daha etkili olabilece\u011finden her zaman uygun laboratuvar g\u00fcvenlik prosed\u00fcrlerini kullan\u0131n.<\/p>\n<p><strong>\u0130zopropilfenidat - Yasall\u0131k<\/strong><\/p>\n<p><a href=\"https:\/\/www.google.com\/search?q=Buy+Isotonitazene+Online&amp;num=10&amp;sca_esv=1a2a07081c7891bb&amp;rlz=1C1RXQR_enIN1098IN1098&amp;sxsrf=AHTn8zqQPHas8JyshcunHpWRxD6b4X8gUg%3A1741762913457&amp;ei=YTHRZ9DDG8mS4-EP--yscA&amp;ved=0ahUKEwiQ-PS9_IOMAxVJyTgGHXs2Cw4Q4dUDCBA&amp;uact=5&amp;oq=Buy+Isotonitazene+Online&amp;gs_lp=Egxnd3Mtd2l6LXNlcnAiGEJ1eSBJc290b25pdGF6ZW5lIE9ubGluZUjuBlCyA1iyA3ADeACQAQCYAdABoAHQAaoBAzItMbgBA8gBAPgBAvgBAZgCAKACAJgDAIgGAZIHAKAHTA&amp;sclient=gws-wiz-serp\">IPH<\/a> Hollanda, Almanya ve Birle\u015fik Krall\u0131k'ta yasa d\u0131\u015f\u0131d\u0131r. Ancak, di\u011fer bir\u00e7ok \u00fclkede onaylanmam\u0131\u015ft\u0131r ve bu nedenle bir\u00e7ok yerde yasald\u0131r. Bununla birlikte, Amerika Birle\u015fik Devletleri gibi kat\u0131 analog yasalar\u0131 olan \u00fclkelerde, Isopropylphenidate sat\u0131n almak potansiyel olarak yasad\u0131\u015f\u0131 olabilir.<\/p>\n<p><strong>\u0130zopropilfenidat Etkileri<\/strong><\/p>\n<p><a href=\"https:\/\/duckduckgo.com\/?q=Buy+Isotonitazene+Online&amp;t=h_&amp;ia=web\">\u0130zopropilfenidat<\/a>IPH veya IPPD olarak da bilinen, piperidin s\u0131n\u0131f\u0131ndan uyar\u0131c\u0131 bir ila\u00e7t\u0131r. Enerji verici ve motive edici bir etkiye sahiptir ve konsantrasyonu art\u0131rabilir. Yap\u0131sal olarak DEHB ilac\u0131 metilfenidat ile benzerdir ve benzer bili\u015fsel ve fiziksel etkilere sahip oldu\u011funa inan\u0131lmaktad\u0131r. Etki s\u00fcresi daha k\u0131sad\u0131r ve daha az \u00f6forik bir bile\u015fene sahiptir.<\/p>\n<p>\u0130zopropilfenidat yak\u0131n zamanda insanlarda keyif verici bir ila\u00e7 olarak kullan\u0131lmaya ba\u015flanm\u0131\u015ft\u0131r ve hen\u00fcz sokakta sat\u0131lmamaktad\u0131r.<\/p>\n<h3>IPH \u00fcr\u00fcn\u00fcn\u00fc nereden sat\u0131n alabilirim?<\/h3>\n<p>At <a href=\"https:\/\/en.wikipedia.org\/wiki\/Isotonitazene\">Narcopowders<\/a>, i\u00e7eren ara\u015ft\u0131rma kimyasallar\u0131 sat\u0131n alabilirsiniz <a href=\"https:\/\/narcopowders.com\/tr\/\">\u0130zopropilfenidat<\/a> Web sitemizde. T\u00fcm ara\u015ft\u0131rma kimyasallar\u0131m\u0131z sat\u0131\u015fa sunulmadan \u00f6nce test ve analiz edilir. \u00dcr\u00fcnlerimizin y\u00fcksek kalitesini garanti edebilmemizin tek yolu budur. <a href=\"https:\/\/www.bing.com\/search?q=Buy%20Isotonitazene%20Online&amp;qs=n&amp;form=QBRE&amp;sp=-1&amp;lq=0&amp;pq=buy%20isotonitazene%20online&amp;sc=0-24&amp;sk=&amp;cvid=C13213C671EB4FA6BE3F236B93414129&amp;ghsh=0&amp;ghacc=0&amp;ghpl=\">\u0130zopropilfenidat<\/a> \u00dcr\u00fcnlerimiz hakk\u0131nda sorular\u0131n\u0131z\u0131 yan\u0131tlamaktan veya size ek bilgi sa\u011flamaktan mutluluk duyar\u0131z.<\/p>\n<p>Bu \u00fcr\u00fcn sadece e\u011fitim ama\u00e7l\u0131d\u0131r. Achemic, bilimsel ve e\u011fitimsel ama\u00e7lar d\u0131\u015f\u0131nda IPH satmamaktad\u0131r. \u0130nsan t\u00fcketimi veya veteriner kullan\u0131m\u0131 i\u00e7in DE\u011e\u0130LD\u0130R. ABD dahil olmak \u00fczere d\u00fcnya \u00e7ap\u0131nda g\u00f6nderiyoruz.<\/p>","protected":false},"excerpt":{"rendered":"<p>Buy Isopropylphenidate Powder Isopropylphenidate Buy, Isopropylphenidate (also known as IPH and IPPD) is a stimulant drug of the piperidine class. Isopropylphenidate produces a motivating, stimulating effect that also promotes concentration. It is a structural analogue of the commonly prescribed ADHD medication methylphenidate and is said to produce nearly identical cognitive and physical effects, but with [&hellip;]<\/p>","protected":false},"featured_media":21300,"comment_status":"open","ping_status":"closed","template":"","meta":{"_joinchat":[]},"product_brand":[],"product_cat":[1724],"product_tag":[],"class_list":{"0":"post-20562","1":"product","2":"type-product","3":"status-publish","4":"has-post-thumbnail","6":"product_cat-research-chemicals","8":"first","9":"instock","10":"shipping-taxable","11":"purchasable","12":"product-type-variable","13":"add-to-wishlist-after_add_to_cart"},"yoast_head":"<!-- This site is optimized with the Yoast SEO plugin v27.5 - https:\/\/yoast.com\/product\/yoast-seo-wordpress\/ -->\n<title>Buy Isotonitazene Online - Isotonitazene for Sale Online Shop<\/title>\n<meta name=\"description\" content=\"You can buy Isotonitazene online from #1 chemical powder store NarcoPowders. We have high-quality Isotonitazene powder for sale online, Order Now!\" \/>\n<meta name=\"robots\" content=\"index, follow, max-snippet:-1, max-image-preview:large, max-video-preview:-1\" \/>\n<link rel=\"canonical\" href=\"https:\/\/narcopowders.com\/tr\/urun\/buy-isotonitazene-online\/\" \/>\n<meta property=\"og:locale\" content=\"tr_TR\" \/>\n<meta property=\"og:type\" content=\"article\" \/>\n<meta property=\"og:title\" content=\"Buy Isotonitazene Online - Isotonitazene for Sale Online Shop\" \/>\n<meta property=\"og:description\" content=\"You can buy Isotonitazene online from #1 chemical powder store NarcoPowders. We have high-quality Isotonitazene powder for sale online, Order Now!\" \/>\n<meta property=\"og:url\" content=\"https:\/\/narcopowders.com\/tr\/urun\/buy-isotonitazene-online\/\" \/>\n<meta property=\"og:site_name\" content=\"Narco Powders\" \/>\n<meta property=\"article:modified_time\" content=\"2025-05-06T07:05:50+00:00\" \/>\n<meta property=\"og:image\" content=\"https:\/\/narcopowders.com\/wp-content\/uploads\/2024\/05\/Isotonitazene.gif\" \/>\n\t<meta property=\"og:image:width\" content=\"600\" \/>\n\t<meta property=\"og:image:height\" content=\"600\" \/>\n\t<meta property=\"og:image:type\" content=\"image\/gif\" \/>\n<meta name=\"twitter:card\" content=\"summary_large_image\" \/>\n<meta name=\"twitter:label1\" content=\"Tahmini okuma s\u00fcresi\" \/>\n\t<meta name=\"twitter:data1\" content=\"2 dakika\" \/>\n<!-- \/ Yoast SEO plugin. -->","yoast_head_json":{"title":"Isotonitazene Online Sat\u0131n Al\u0131n - Sat\u0131l\u0131k Isotonitazene Online Shop","description":"Isotonitazene'i #1 kimyasal toz ma\u011fazas\u0131 NarcoPowders'dan online sat\u0131n alabilirsiniz. Online sat\u0131\u015f i\u00e7in y\u00fcksek kaliteli Isotonitazene tozumuz var, \u015eimdi Sipari\u015f Verin!","robots":{"index":"index","follow":"follow","max-snippet":"max-snippet:-1","max-image-preview":"max-image-preview:large","max-video-preview":"max-video-preview:-1"},"canonical":"https:\/\/narcopowders.com\/tr\/urun\/buy-isotonitazene-online\/","og_locale":"tr_TR","og_type":"article","og_title":"Buy Isotonitazene Online - Isotonitazene for Sale Online Shop","og_description":"You can buy Isotonitazene online from #1 chemical powder store NarcoPowders. We have high-quality Isotonitazene powder for sale online, Order Now!","og_url":"https:\/\/narcopowders.com\/tr\/urun\/buy-isotonitazene-online\/","og_site_name":"Narco Powders","article_modified_time":"2025-05-06T07:05:50+00:00","og_image":[{"width":600,"height":600,"url":"https:\/\/narcopowders.com\/wp-content\/uploads\/2024\/05\/Isotonitazene.gif","type":"image\/gif"}],"twitter_card":"summary_large_image","twitter_misc":{"Tahmini okuma s\u00fcresi":"2 dakika"},"schema":{"@context":"https:\/\/schema.org","@graph":[{"@type":"WebPage","@id":"https:\/\/narcopowders.com\/product\/buy-isotonitazene-online\/","url":"https:\/\/narcopowders.com\/product\/buy-isotonitazene-online\/","name":"Isotonitazene Online Sat\u0131n Al\u0131n - Sat\u0131l\u0131k Isotonitazene Online Shop","isPartOf":{"@id":"https:\/\/narcopowders.com\/#website"},"primaryImageOfPage":{"@id":"https:\/\/narcopowders.com\/product\/buy-isotonitazene-online\/#primaryimage"},"image":{"@id":"https:\/\/narcopowders.com\/product\/buy-isotonitazene-online\/#primaryimage"},"thumbnailUrl":"https:\/\/narcopowders.com\/wp-content\/uploads\/2024\/05\/Isotonitazene.gif","datePublished":"2024-05-23T06:14:29+00:00","dateModified":"2025-05-06T07:05:50+00:00","description":"Isotonitazene'i #1 kimyasal toz ma\u011fazas\u0131 NarcoPowders'dan online sat\u0131n alabilirsiniz. Online sat\u0131\u015f i\u00e7in y\u00fcksek kaliteli Isotonitazene tozumuz var, \u015eimdi Sipari\u015f Verin!","breadcrumb":{"@id":"https:\/\/narcopowders.com\/product\/buy-isotonitazene-online\/#breadcrumb"},"inLanguage":"tr","potentialAction":[{"@type":"ReadAction","target":["https:\/\/narcopowders.com\/product\/buy-isotonitazene-online\/"]}]},{"@type":"ImageObject","inLanguage":"tr","@id":"https:\/\/narcopowders.com\/product\/buy-isotonitazene-online\/#primaryimage","url":"https:\/\/narcopowders.com\/wp-content\/uploads\/2024\/05\/Isotonitazene.gif","contentUrl":"https:\/\/narcopowders.com\/wp-content\/uploads\/2024\/05\/Isotonitazene.gif","width":600,"height":600,"caption":"Buy Isotonitazene Online"},{"@type":"BreadcrumbList","@id":"https:\/\/narcopowders.com\/product\/buy-isotonitazene-online\/#breadcrumb","itemListElement":[{"@type":"ListItem","position":1,"name":"Home","item":"https:\/\/narcopowders.com\/"},{"@type":"ListItem","position":2,"name":"Shop Page","item":"https:\/\/narcopowders.com\/shop\/"},{"@type":"ListItem","position":3,"name":"Buy Isotonitazene Online"}]},{"@type":"WebSite","@id":"https:\/\/narcopowders.com\/#website","url":"https:\/\/narcopowders.com\/","name":"Narko Tozlar","description":"WordPress Blogum","potentialAction":[{"@type":"SearchAction","target":{"@type":"EntryPoint","urlTemplate":"https:\/\/narcopowders.com\/?s={search_term_string}"},"query-input":{"@type":"PropertyValueSpecification","valueRequired":true,"valueName":"search_term_string"}}],"inLanguage":"tr"}]}},"_links":{"self":[{"href":"https:\/\/narcopowders.com\/tr\/wp-json\/wp\/v2\/product\/20562","targetHints":{"allow":["GET"]}}],"collection":[{"href":"https:\/\/narcopowders.com\/tr\/wp-json\/wp\/v2\/product"}],"about":[{"href":"https:\/\/narcopowders.com\/tr\/wp-json\/wp\/v2\/types\/product"}],"replies":[{"embeddable":true,"href":"https:\/\/narcopowders.com\/tr\/wp-json\/wp\/v2\/comments?post=20562"}],"wp:featuredmedia":[{"embeddable":true,"href":"https:\/\/narcopowders.com\/tr\/wp-json\/wp\/v2\/media\/21300"}],"wp:attachment":[{"href":"https:\/\/narcopowders.com\/tr\/wp-json\/wp\/v2\/media?parent=20562"}],"wp:term":[{"taxonomy":"product_brand","embeddable":true,"href":"https:\/\/narcopowders.com\/tr\/wp-json\/wp\/v2\/product_brand?post=20562"},{"taxonomy":"product_cat","embeddable":true,"href":"https:\/\/narcopowders.com\/tr\/wp-json\/wp\/v2\/product_cat?post=20562"},{"taxonomy":"product_tag","embeddable":true,"href":"https:\/\/narcopowders.com\/tr\/wp-json\/wp\/v2\/product_tag?post=20562"}],"curies":[{"name":"wp","href":"https:\/\/api.w.org\/{rel}","templated":true}]}}