{"id":20593,"date":"2024-05-23T06:14:38","date_gmt":"2024-05-23T06:14:38","guid":{"rendered":"https:\/\/narcopowders.com\/?post_type=product&#038;p=20593"},"modified":"2024-05-24T06:16:20","modified_gmt":"2024-05-24T06:16:20","slug":"buy-3b-rpvp-online","status":"publish","type":"product","link":"https:\/\/narcopowders.com\/tr\/urun\/3b-rpvp-online-satin-al\/","title":{"rendered":"3B-RPVP Online Sat\u0131n Al\u0131n"},"content":{"rendered":"<p>3BR-PvP ve di\u011fer sentetik kannabinoidler i\u00e7in sekt\u00f6r\u00fcn en g\u00fcvenilir kayna\u011f\u0131 olan NarcoPowders'dan 3B-RPVP, Greetings sat\u0131n al\u0131n. \u0130ster Avrupa, ister ABD, Kanada, Avustralya veya Yeni Zelanda'da ya\u015f\u0131yor olun, size 3BR-PvP'yi \u00e7evrimi\u00e7i sat\u0131n alman\u0131n kolay yollar\u0131n\u0131 sunuyoruz. Kalite ve m\u00fc\u015fteri memnuniyetine olan ba\u011fl\u0131l\u0131\u011f\u0131m\u0131zla kendimizi di\u011fer sat\u0131c\u0131lardan ay\u0131r\u0131yoruz ve bizi t\u00fcm 3BR-PvP ihtiya\u00e7lar\u0131n\u0131z i\u00e7in ilk tercihiniz yap\u0131yoruz <a href=\"https:\/\/narcopowders.com\/tr\/urun\/2fdck-online-satin-al\/\">.<\/a><\/p>\n<p>NarcoPowders olarak, m\u00fc\u015fterilerimize 3BR PvP sat\u0131n almalar\u0131 i\u00e7in g\u00fcvenilir ve emniyetli bir \u00e7evrimi\u00e7i ma\u011faza sa\u011flaman\u0131n ne kadar \u00f6nemli oldu\u011funu biliyoruz. Bu nedenle, \u00f6deme bilgilerinizin ve ki\u015fisel verilerinizin g\u00fcvenli\u011fini her zaman sa\u011flamak i\u00e7in modern \u015fifreleme teknolojisine sahibiz. Web sitemizin kullan\u0131m ve gezinme kolayl\u0131\u011f\u0131 sayesinde, geni\u015f 3BR PvP \u00fcr\u00fcn yelpazemize kolayca g\u00f6z atabilirsiniz<\/p>\n<p>NarcoPowders'tan 3br-pvp'yi m\u00fcmk\u00fcn olan en iyi \u00fcr\u00fcn\u00fc ald\u0131\u011f\u0131n\u0131zdan emin olarak sat\u0131n alabilirsiniz. S\u0131k\u0131 kalite g\u00fcvence y\u00f6nergelerini takip eden tan\u0131nm\u0131\u015f \u00fcreticilerle yak\u0131n bir \u015fekilde \u00e7al\u0131\u015f\u0131yoruz. Potansiyelini ve safl\u0131\u011f\u0131n\u0131 sa\u011flamak i\u00e7in her 3br-PvP partisi \u00fczerinde kapsaml\u0131 testler yap\u0131l\u0131r. A\u00e7\u0131kl\u0131\u011fa de\u011fer verdi\u011fimizden, sat\u0131n almadan \u00f6nce ak\u0131ll\u0131ca bir karar vermenize yard\u0131mc\u0131 olmak i\u00e7in laboratuvar sonu\u00e7lar\u0131 da dahil olmak \u00fczere kapsaml\u0131 \u00fcr\u00fcn bilgileri sunuyoruz<a href=\"https:\/\/en.wikipedia.org\/wiki\/Synthetic_cannabinoids#Synthetic_cannabinoid_products\">.<\/a><\/p>\n<p>Birinci s\u0131n\u0131f 3BR PvP sa\u011flaman\u0131n yan\u0131 s\u0131ra, birinci s\u0131n\u0131f m\u00fc\u015fteri deste\u011fi de sunuyoruz. \u00dcr\u00fcnlerimiz veya sat\u0131n alma s\u00fcreciyle ilgili her t\u00fcrl\u00fc sorunuzu yan\u0131tlamak i\u00e7in buraday\u0131z. Ekibimiz kibar ve e\u011fitimlidir. Amac\u0131m\u0131z zaman\u0131nda ve etkili hizmet sunmak ve i\u015fleminizin zaman\u0131nda tamamlanmas\u0131n\u0131 ve g\u00f6nderilmesini sa\u011flamakt\u0131r.<\/p>\n<p>\u00c7evrimi\u00e7i 3BR PvP sat\u0131n al\u0131rken g\u00fcven \u00e7ok \u00f6nemli bir rol oynar. NarcoPowders ile g\u00fcvenle \u00e7al\u0131\u015fabilirsiniz \u00e7\u00fcnk\u00fc bu alanda y\u0131llar\u0131n deneyimine sahip sayg\u0131n bir sa\u011flay\u0131c\u0131d\u0131r. M\u00fckemmellik, g\u00fcvenilirlik ve m\u00fc\u015fteri memnuniyetine olan ba\u011fl\u0131l\u0131\u011f\u0131m\u0131za dayanarak g\u00fc\u00e7l\u00fc bir itibar kazand\u0131k.<\/p>\n<p>O zaman neden bekliyorsunuz? Kolay \u00e7evrimi\u00e7i sat\u0131n alma s\u00fcrecimizden yararlan\u0131n ve sekt\u00f6rdeki en g\u00fcvenilir tedarik\u00e7iden 3BR-PVP sat\u0131n al\u0131n. NarcoPowders fark\u0131n\u0131 bug\u00fcn ke\u015ffedin ve 3B-RPVP sat\u0131n alan her yerdeki m\u00fc\u015fteriler i\u00e7in neden ilk tercih oldu\u011fumuzu \u00f6\u011frenin.<\/p>\n<h3>3BR-PVP Crystal nedir?<\/h3>\n<p>\u0130lk olarak, Nembutal'dan \u00e7evrimi\u00e7i 3BRPVP kristal sat\u0131n almak g\u00fcvenlidir. 3BRPVP, ikame edilmi\u015f bir katinon olarak s\u0131n\u0131fland\u0131r\u0131l\u0131r. S\u00fcbstit\u00fce katinonlar \u00e7ok say\u0131da ve \u00e7e\u015fitlidir. Karakteristik \u00f6zellikleri, beta pozisyonunda bir keton i\u00e7eren bir fenetilamin omurgas\u0131 ve nitrojene biti\u015fik karbon \u00fczerindeki alfa pozisyonunda bir alkil s\u00fcbstit\u00fcentidir. Online ma\u011fazadan 3BR-PVP Crystal sipari\u015f edin.<\/p>","protected":false},"excerpt":{"rendered":"<p>Buy 3B-RPVP, Greetings from NarcoPowders, the industry&#8217;s most trusted source for 3br-PvP and other synthetic cannabinoids. Whether you live in Europe, the US, Canada, Australia or New Zealand, we offer you easy ways to buy 3BR-PvP online. We set ourselves apart from other vendors with our commitment to quality and customer satisfaction, making us your [&hellip;]<\/p>","protected":false},"featured_media":21298,"comment_status":"open","ping_status":"closed","template":"","meta":{"_joinchat":[]},"product_brand":[],"product_cat":[1538],"product_tag":[],"class_list":{"0":"post-20593","1":"product","2":"type-product","3":"status-publish","4":"has-post-thumbnail","6":"product_cat-cannabinoids","8":"first","9":"instock","10":"shipping-taxable","11":"purchasable","12":"product-type-variable","13":"add-to-wishlist-after_add_to_cart"},"yoast_head":"<!-- This site is optimized with the Yoast SEO plugin v25.9 - https:\/\/yoast.com\/wordpress\/plugins\/seo\/ -->\n<title>Buy 3B-RPVP - Narco Powders<\/title>\n<meta name=\"description\" content=\"Buy 3B-RPVP, 3BR-PVP Crystals online in Europe.3BRPVP for sale | Top Quality 3BRPVP 99.5% High purity Buy 3BR-PVP (3BRPVP) Crystal online | Order 3BR-PVP.\" \/>\n<meta name=\"robots\" content=\"index, follow, max-snippet:-1, max-image-preview:large, max-video-preview:-1\" \/>\n<link rel=\"canonical\" href=\"https:\/\/narcopowders.com\/tr\/urun\/3b-rpvp-online-satin-al\/\" \/>\n<meta property=\"og:locale\" content=\"tr_TR\" \/>\n<meta property=\"og:type\" content=\"article\" \/>\n<meta property=\"og:title\" content=\"Buy 3B-RPVP - Narco Powders\" \/>\n<meta property=\"og:description\" content=\"Buy 3B-RPVP, 3BR-PVP Crystals online in Europe.3BRPVP for sale | Top Quality 3BRPVP 99.5% High purity Buy 3BR-PVP (3BRPVP) Crystal online | Order 3BR-PVP.\" \/>\n<meta property=\"og:url\" content=\"https:\/\/narcopowders.com\/tr\/urun\/3b-rpvp-online-satin-al\/\" \/>\n<meta property=\"og:site_name\" content=\"Narco Powders\" \/>\n<meta property=\"article:modified_time\" content=\"2024-05-24T06:16:20+00:00\" \/>\n<meta property=\"og:image\" content=\"https:\/\/narcopowders.com\/wp-content\/uploads\/2024\/05\/3Brpvp.gif\" \/>\n\t<meta property=\"og:image:width\" content=\"600\" \/>\n\t<meta property=\"og:image:height\" content=\"600\" \/>\n\t<meta property=\"og:image:type\" content=\"image\/gif\" \/>\n<meta name=\"twitter:card\" content=\"summary_large_image\" \/>\n<meta name=\"twitter:label1\" content=\"Tahmini okuma s\u00fcresi\" \/>\n\t<meta name=\"twitter:data1\" content=\"2 dakika\" \/>\n<!-- \/ Yoast SEO plugin. -->","yoast_head_json":{"title":"3B-RPVP - Narco Powders","description":"3B-RPVP, 3BR-PVP Kristallerini Avrupa'da \u00e7evrimi\u00e7i sat\u0131n al\u0131n. 3BRPVP Sat\u0131l\u0131k | En Kaliteli 3BRPVP 99.5% Y\u00fcksek safl\u0131kta 3BR-PVP (3BRPVP) Kristalini \u00e7evrimi\u00e7i sat\u0131n al\u0131n | 3BR-PVP Sipari\u015f Edin.","robots":{"index":"index","follow":"follow","max-snippet":"max-snippet:-1","max-image-preview":"max-image-preview:large","max-video-preview":"max-video-preview:-1"},"canonical":"https:\/\/narcopowders.com\/tr\/urun\/3b-rpvp-online-satin-al\/","og_locale":"tr_TR","og_type":"article","og_title":"Buy 3B-RPVP - Narco Powders","og_description":"Buy 3B-RPVP, 3BR-PVP Crystals online in Europe.3BRPVP for sale | Top Quality 3BRPVP 99.5% High purity Buy 3BR-PVP (3BRPVP) Crystal online | Order 3BR-PVP.","og_url":"https:\/\/narcopowders.com\/tr\/urun\/3b-rpvp-online-satin-al\/","og_site_name":"Narco Powders","article_modified_time":"2024-05-24T06:16:20+00:00","og_image":[{"width":600,"height":600,"url":"https:\/\/narcopowders.com\/wp-content\/uploads\/2024\/05\/3Brpvp.gif","type":"image\/gif"}],"twitter_card":"summary_large_image","twitter_misc":{"Tahmini okuma s\u00fcresi":"2 dakika"},"schema":{"@context":"https:\/\/schema.org","@graph":[{"@type":"WebPage","@id":"https:\/\/narcopowders.com\/product\/buy-3b-rpvp-online\/","url":"https:\/\/narcopowders.com\/product\/buy-3b-rpvp-online\/","name":"3B-RPVP - Narco Powders","isPartOf":{"@id":"https:\/\/narcopowders.com\/#website"},"primaryImageOfPage":{"@id":"https:\/\/narcopowders.com\/product\/buy-3b-rpvp-online\/#primaryimage"},"image":{"@id":"https:\/\/narcopowders.com\/product\/buy-3b-rpvp-online\/#primaryimage"},"thumbnailUrl":"https:\/\/narcopowders.com\/wp-content\/uploads\/2024\/05\/3Brpvp.gif","datePublished":"2024-05-23T06:14:38+00:00","dateModified":"2024-05-24T06:16:20+00:00","description":"3B-RPVP, 3BR-PVP Kristallerini Avrupa'da \u00e7evrimi\u00e7i sat\u0131n al\u0131n. 3BRPVP Sat\u0131l\u0131k | En Kaliteli 3BRPVP 99.5% Y\u00fcksek safl\u0131kta 3BR-PVP (3BRPVP) Kristalini \u00e7evrimi\u00e7i sat\u0131n al\u0131n | 3BR-PVP Sipari\u015f Edin.","breadcrumb":{"@id":"https:\/\/narcopowders.com\/product\/buy-3b-rpvp-online\/#breadcrumb"},"inLanguage":"tr","potentialAction":[{"@type":"ReadAction","target":["https:\/\/narcopowders.com\/product\/buy-3b-rpvp-online\/"]}]},{"@type":"ImageObject","inLanguage":"tr","@id":"https:\/\/narcopowders.com\/product\/buy-3b-rpvp-online\/#primaryimage","url":"https:\/\/narcopowders.com\/wp-content\/uploads\/2024\/05\/3Brpvp.gif","contentUrl":"https:\/\/narcopowders.com\/wp-content\/uploads\/2024\/05\/3Brpvp.gif","width":600,"height":600,"caption":"3Brpvp"},{"@type":"BreadcrumbList","@id":"https:\/\/narcopowders.com\/product\/buy-3b-rpvp-online\/#breadcrumb","itemListElement":[{"@type":"ListItem","position":1,"name":"Home","item":"https:\/\/narcopowders.com\/"},{"@type":"ListItem","position":2,"name":"Shop Page","item":"https:\/\/narcopowders.com\/shop\/"},{"@type":"ListItem","position":3,"name":"Buy 3B-RPVP Online"}]},{"@type":"WebSite","@id":"https:\/\/narcopowders.com\/#website","url":"https:\/\/narcopowders.com\/","name":"Narko Tozlar","description":"WordPress Blogum","potentialAction":[{"@type":"SearchAction","target":{"@type":"EntryPoint","urlTemplate":"https:\/\/narcopowders.com\/?s={search_term_string}"},"query-input":{"@type":"PropertyValueSpecification","valueRequired":true,"valueName":"search_term_string"}}],"inLanguage":"tr"}]}},"_links":{"self":[{"href":"https:\/\/narcopowders.com\/tr\/wp-json\/wp\/v2\/product\/20593","targetHints":{"allow":["GET"]}}],"collection":[{"href":"https:\/\/narcopowders.com\/tr\/wp-json\/wp\/v2\/product"}],"about":[{"href":"https:\/\/narcopowders.com\/tr\/wp-json\/wp\/v2\/types\/product"}],"replies":[{"embeddable":true,"href":"https:\/\/narcopowders.com\/tr\/wp-json\/wp\/v2\/comments?post=20593"}],"wp:featuredmedia":[{"embeddable":true,"href":"https:\/\/narcopowders.com\/tr\/wp-json\/wp\/v2\/media\/21298"}],"wp:attachment":[{"href":"https:\/\/narcopowders.com\/tr\/wp-json\/wp\/v2\/media?parent=20593"}],"wp:term":[{"taxonomy":"product_brand","embeddable":true,"href":"https:\/\/narcopowders.com\/tr\/wp-json\/wp\/v2\/product_brand?post=20593"},{"taxonomy":"product_cat","embeddable":true,"href":"https:\/\/narcopowders.com\/tr\/wp-json\/wp\/v2\/product_cat?post=20593"},{"taxonomy":"product_tag","embeddable":true,"href":"https:\/\/narcopowders.com\/tr\/wp-json\/wp\/v2\/product_tag?post=20593"}],"curies":[{"name":"wp","href":"https:\/\/api.w.org\/{rel}","templated":true}]}}