{"id":20594,"date":"2024-05-23T06:14:38","date_gmt":"2024-05-23T06:14:38","guid":{"rendered":"https:\/\/narcopowders.com\/?post_type=product&#038;p=20594"},"modified":"2025-03-26T12:59:38","modified_gmt":"2025-03-26T12:59:38","slug":"buy-bmdp-online","status":"publish","type":"product","link":"https:\/\/narcopowders.com\/tr\/urun\/buy-bmdp-online\/","title":{"rendered":"BMDP Online Sat\u0131n Al\u0131n"},"content":{"rendered":"<h2>BMDP Powder Online Sat\u0131n Al\u0131n<\/h2>\n<p>Yap\u0131s\u0131 metilona benzer, <a href=\"https:\/\/narcopowders.com\/tr\/urun\/buy-bmdp-online\/\">BMDP<\/a> ikame edilmi\u015f bir katinondur. BMDP molek\u00fcl\u00fcn\u00fcn amino metil grubuna, s\u0131v\u0131 \u00e7\u00f6zeltilerdeki \u00e7\u00f6z\u00fcn\u00fcrl\u00fc\u011f\u00fcn\u00fc \u00f6nemli \u00f6l\u00e7\u00fcde azaltan bir fenil ailesi eklenmi\u015ftir. G\u00fcn\u00fcm\u00fczde BMDP'nin fizyolojik ve toksikolojik \u00f6zellikleri hakk\u0131nda hi\u00e7bir \u015fey bilinmemektedir. <a href=\"https:\/\/en.wikipedia.org\/wiki\/BMDP\">BMDP<\/a> yaln\u0131zca adli soru\u015fturma ve ama\u00e7lar i\u00e7in kullan\u0131lmak \u00fczere tasarlanm\u0131\u015ft\u0131r.<\/p>\n<p>1-(1,3-benzodioksol-5-il) resmi ad\u0131d\u0131r.-2-[Amino (fenilmetil)]Monohidroklor\u00fcr -1-propanon<\/p>\n<p>Alternatif terimler: BMDP<\/p>\n<p>Form\u00fcl\u00fcn A\u011f\u0131rl\u0131\u011f\u0131: 319.8<\/p>\n<p>99% safl\u0131k<\/p>\n<p>Form\u00fclasyon: Kristalleri olan bir kat\u0131<\/p>\n<p>Baz\u0131 uyar\u0131c\u0131lar ve entaktojenler, katinondan t\u00fcretilen s\u00fcbstit\u00fce katinonlara \u00f6rnektir. Di\u011fer ikamelere ek olarak, alfa karbonuna ba\u011fl\u0131 bir alkil grubu ve beta karbonuna ba\u011fl\u0131 bir keton grubu ile bir fenetilamin \u00e7ekirde\u011fine sahiptirler. Yapraklar\u0131 keyif verici bir uyu\u015fturucu olarak yenen khat bitkisi do\u011fal olarak ftalon i\u00e7erir.<\/p>\n<p>Bmdp ila\u00e7lar\u0131 i\u00e7in Wikipedia sayfas\u0131 erowid bmdp ilac\u0131n\u0131n dozu<br \/>\ndrug <a href=\"https:\/\/www.google.com\/search?q=Buy+BMDP+Online&amp;sca_esv=16def464f60f9903&amp;sxsrf=AHTn8zrL_hv7kEUtrZBMgrdLM2jgfonusg%3A1742993755788&amp;ei=W_njZ-TnL9K-0PEPy9b6GA&amp;ved=0ahUKEwikgaPd5aeMAxVSHzQIHUurHgMQ4dUDCBA&amp;uact=5&amp;oq=Buy+BMDP+Online&amp;gs_lp=Egxnd3Mtd2l6LXNlcnAiD0J1eSBCTURQIE9ubGluZTIFECEYoAEyBRAhGKABMgUQIRigATIFECEYoAEyBRAhGKABSKIIUIEEWIEEcAF4AJABAJgBgwOgAYMDqgEDMy0xuAEDyAEA-AEC-AEBmAICoAKRA8ICCBAAGLADGO8FwgILEAAYgAQYsAMYogSYAwCIBgGQBgOSBwUxLjMtMaAHvgOyBwMzLTG4B4sD&amp;sclient=gws-wiz-serp\">BMDPA<\/a> erowid, drug BMDPA dose, drug BMDPA rc ebk<\/p>\n<p>\u0130kame edilmi\u015f katinon olarak bilinen <a href=\"https:\/\/narcopowders.com\/tr\/\">BMDP Powder<\/a> BMDP Powder olarak bilinen ikame edilmi\u015f katinon, metilon ile yap\u0131sal benzerlikler payla\u015f\u0131r. BMDP Powder maddesi, amino metil ailesine eklenen bir fenil ailesine sahiptir ve bu da bile\u015fi\u011fin s\u0131v\u0131 \u00e7\u00f6zeltilerdeki \u00e7\u00f6z\u00fcn\u00fcrl\u00fc\u011f\u00fcn\u00fc \u00f6nemli \u00f6l\u00e7\u00fcde azalt\u0131r. BMDP Powder'\u0131n fizyolojik ve toksikolojik \u00f6zelliklerinin ne oldu\u011fu hala bilinmemektedir. BMDP Powder sadece adli soru\u015fturmalarda ve ara\u015ft\u0131rmalarda kullan\u0131lmak \u00fczere tasarlanm\u0131\u015ft\u0131r. <a href=\"https:\/\/duckduckgo.com\/?q=Buy+BMDP+Online&amp;t=h_&amp;ia=web\">BMDP Powder<\/a> is exclusively meant for use in forensic investigations and research.<\/p>\n<p>Resmi Ad\u0131: 1-(1,3-benzodioksol-5-il)-2-[(Aminometil)fenil]-1-propanon monohidrat<\/p>\n<p>Alternatifler: BMDP Toz<\/p>\n<p>Hesaplama A\u011f\u0131rl\u0131\u011f\u0131: 319,8<\/p>\n<p>Safl\u0131k: 99%'den daha y\u00fcksek<\/p>\n<p>Bile\u015fim: Kat\u0131 bir kristal<\/p>\n<p><a href=\"https:\/\/www.bing.com\/search?q=Buy%20BMDP%20Online&amp;qs=n&amp;form=QBRE&amp;sp=-1&amp;lq=0&amp;pq=buy%20bmdp%20online&amp;sc=0-15&amp;sk=&amp;cvid=ABD838CF4710468CBC6ED1308B7C151E&amp;ghsh=0&amp;ghacc=0&amp;ghpl=\">BMDP Tozunu \u00c7evrimi\u00e7i Al\u0131n<\/a><\/p>","protected":false},"excerpt":{"rendered":"<p>Buy BMDP Powder Online Comparable in structure to methylone, BMDP is a substituted cathinone. The amino methyl group of the BMDP molecule has a phenyl family added to it, which significantly reduces its solubility in liquid solutions. These days, nothing is known about the physiological and toxicological characteristics of BMDP. BMDP is solely meant to [&hellip;]<\/p>","protected":false},"featured_media":21296,"comment_status":"open","ping_status":"closed","template":"","meta":{"_joinchat":[]},"product_brand":[],"product_cat":[1599],"product_tag":[],"class_list":{"0":"post-20594","1":"product","2":"type-product","3":"status-publish","4":"has-post-thumbnail","6":"product_cat-stimulants","8":"first","9":"instock","10":"shipping-taxable","11":"purchasable","12":"product-type-variable","13":"add-to-wishlist-after_add_to_cart"},"yoast_head":"<!-- This site is optimized with the Yoast SEO plugin v27.5 - https:\/\/yoast.com\/product\/yoast-seo-wordpress\/ -->\n<title>Buy BMDP Online - Order BMDP Online - BMDP Powder for Sale<\/title>\n<meta name=\"description\" content=\"Order BMDP Online - NarcoPowders is a leading online shop where to buy BMDP online legally at best price. Just Purchase BMDP Powder for Sale Online!\" \/>\n<meta name=\"robots\" content=\"index, follow, max-snippet:-1, max-image-preview:large, max-video-preview:-1\" \/>\n<link rel=\"canonical\" href=\"https:\/\/narcopowders.com\/tr\/urun\/buy-bmdp-online\/\" \/>\n<meta property=\"og:locale\" content=\"tr_TR\" \/>\n<meta property=\"og:type\" content=\"article\" \/>\n<meta property=\"og:title\" content=\"Buy BMDP Online - Order BMDP Online - BMDP Powder for Sale\" \/>\n<meta property=\"og:description\" content=\"Order BMDP Online - NarcoPowders is a leading online shop where to buy BMDP online legally at best price. Just Purchase BMDP Powder for Sale Online!\" \/>\n<meta property=\"og:url\" content=\"https:\/\/narcopowders.com\/tr\/urun\/buy-bmdp-online\/\" \/>\n<meta property=\"og:site_name\" content=\"Narco Powders\" \/>\n<meta property=\"article:modified_time\" content=\"2025-03-26T12:59:38+00:00\" \/>\n<meta property=\"og:image\" content=\"https:\/\/narcopowders.com\/wp-content\/uploads\/2024\/05\/BMDP.gif\" \/>\n\t<meta property=\"og:image:width\" content=\"600\" \/>\n\t<meta property=\"og:image:height\" content=\"600\" \/>\n\t<meta property=\"og:image:type\" content=\"image\/gif\" \/>\n<meta name=\"twitter:card\" content=\"summary_large_image\" \/>\n<meta name=\"twitter:label1\" content=\"Tahmini okuma s\u00fcresi\" \/>\n\t<meta name=\"twitter:data1\" content=\"2 dakika\" \/>\n<!-- \/ Yoast SEO plugin. -->","yoast_head_json":{"title":"BMDP Online Sat\u0131n Al\u0131n - BMDP Online Sipari\u015f Edin - Sat\u0131l\u0131k BMDP Tozu","description":"BMDP Online Sipari\u015f - NarcoPowders, BMDP'yi yasal olarak en iyi fiyata \u00e7evrimi\u00e7i sat\u0131n alabilece\u011finiz lider bir \u00e7evrimi\u00e7i ma\u011fazad\u0131r. Sadece \u00c7evrimi\u00e7i Sat\u0131l\u0131k BMDP Tozu Sat\u0131n Al\u0131n!","robots":{"index":"index","follow":"follow","max-snippet":"max-snippet:-1","max-image-preview":"max-image-preview:large","max-video-preview":"max-video-preview:-1"},"canonical":"https:\/\/narcopowders.com\/tr\/urun\/buy-bmdp-online\/","og_locale":"tr_TR","og_type":"article","og_title":"Buy BMDP Online - Order BMDP Online - BMDP Powder for Sale","og_description":"Order BMDP Online - NarcoPowders is a leading online shop where to buy BMDP online legally at best price. Just Purchase BMDP Powder for Sale Online!","og_url":"https:\/\/narcopowders.com\/tr\/urun\/buy-bmdp-online\/","og_site_name":"Narco Powders","article_modified_time":"2025-03-26T12:59:38+00:00","og_image":[{"width":600,"height":600,"url":"https:\/\/narcopowders.com\/wp-content\/uploads\/2024\/05\/BMDP.gif","type":"image\/gif"}],"twitter_card":"summary_large_image","twitter_misc":{"Tahmini okuma s\u00fcresi":"2 dakika"},"schema":{"@context":"https:\/\/schema.org","@graph":[{"@type":"WebPage","@id":"https:\/\/narcopowders.com\/product\/buy-bmdp-online\/","url":"https:\/\/narcopowders.com\/product\/buy-bmdp-online\/","name":"BMDP Online Sat\u0131n Al\u0131n - BMDP Online Sipari\u015f Edin - Sat\u0131l\u0131k BMDP Tozu","isPartOf":{"@id":"https:\/\/narcopowders.com\/#website"},"primaryImageOfPage":{"@id":"https:\/\/narcopowders.com\/product\/buy-bmdp-online\/#primaryimage"},"image":{"@id":"https:\/\/narcopowders.com\/product\/buy-bmdp-online\/#primaryimage"},"thumbnailUrl":"https:\/\/narcopowders.com\/wp-content\/uploads\/2024\/05\/BMDP.gif","datePublished":"2024-05-23T06:14:38+00:00","dateModified":"2025-03-26T12:59:38+00:00","description":"BMDP Online Sipari\u015f - NarcoPowders, BMDP'yi yasal olarak en iyi fiyata \u00e7evrimi\u00e7i sat\u0131n alabilece\u011finiz lider bir \u00e7evrimi\u00e7i ma\u011fazad\u0131r. Sadece \u00c7evrimi\u00e7i Sat\u0131l\u0131k BMDP Tozu Sat\u0131n Al\u0131n!","breadcrumb":{"@id":"https:\/\/narcopowders.com\/product\/buy-bmdp-online\/#breadcrumb"},"inLanguage":"tr","potentialAction":[{"@type":"ReadAction","target":["https:\/\/narcopowders.com\/product\/buy-bmdp-online\/"]}]},{"@type":"ImageObject","inLanguage":"tr","@id":"https:\/\/narcopowders.com\/product\/buy-bmdp-online\/#primaryimage","url":"https:\/\/narcopowders.com\/wp-content\/uploads\/2024\/05\/BMDP.gif","contentUrl":"https:\/\/narcopowders.com\/wp-content\/uploads\/2024\/05\/BMDP.gif","width":600,"height":600,"caption":"Buy BMDP Online"},{"@type":"BreadcrumbList","@id":"https:\/\/narcopowders.com\/product\/buy-bmdp-online\/#breadcrumb","itemListElement":[{"@type":"ListItem","position":1,"name":"Home","item":"https:\/\/narcopowders.com\/"},{"@type":"ListItem","position":2,"name":"Shop Page","item":"https:\/\/narcopowders.com\/shop\/"},{"@type":"ListItem","position":3,"name":"Buy BMDP Online"}]},{"@type":"WebSite","@id":"https:\/\/narcopowders.com\/#website","url":"https:\/\/narcopowders.com\/","name":"Narko Tozlar","description":"WordPress Blogum","potentialAction":[{"@type":"SearchAction","target":{"@type":"EntryPoint","urlTemplate":"https:\/\/narcopowders.com\/?s={search_term_string}"},"query-input":{"@type":"PropertyValueSpecification","valueRequired":true,"valueName":"search_term_string"}}],"inLanguage":"tr"}]}},"_links":{"self":[{"href":"https:\/\/narcopowders.com\/tr\/wp-json\/wp\/v2\/product\/20594","targetHints":{"allow":["GET"]}}],"collection":[{"href":"https:\/\/narcopowders.com\/tr\/wp-json\/wp\/v2\/product"}],"about":[{"href":"https:\/\/narcopowders.com\/tr\/wp-json\/wp\/v2\/types\/product"}],"replies":[{"embeddable":true,"href":"https:\/\/narcopowders.com\/tr\/wp-json\/wp\/v2\/comments?post=20594"}],"wp:featuredmedia":[{"embeddable":true,"href":"https:\/\/narcopowders.com\/tr\/wp-json\/wp\/v2\/media\/21296"}],"wp:attachment":[{"href":"https:\/\/narcopowders.com\/tr\/wp-json\/wp\/v2\/media?parent=20594"}],"wp:term":[{"taxonomy":"product_brand","embeddable":true,"href":"https:\/\/narcopowders.com\/tr\/wp-json\/wp\/v2\/product_brand?post=20594"},{"taxonomy":"product_cat","embeddable":true,"href":"https:\/\/narcopowders.com\/tr\/wp-json\/wp\/v2\/product_cat?post=20594"},{"taxonomy":"product_tag","embeddable":true,"href":"https:\/\/narcopowders.com\/tr\/wp-json\/wp\/v2\/product_tag?post=20594"}],"curies":[{"name":"wp","href":"https:\/\/api.w.org\/{rel}","templated":true}]}}