{"id":20595,"date":"2024-05-23T06:14:38","date_gmt":"2024-05-23T06:14:38","guid":{"rendered":"https:\/\/narcopowders.com\/?post_type=product&#038;p=20595"},"modified":"2025-03-26T12:09:41","modified_gmt":"2025-03-26T12:09:41","slug":"buy-ebk-online","status":"publish","type":"product","link":"https:\/\/narcopowders.com\/tr\/urun\/buy-ebk-online\/","title":{"rendered":"EBK Online Sat\u0131n Al\u0131n"},"content":{"rendered":"<h2>EBK Online Sat\u0131n Al\u0131n,<\/h2>\n<p><a href=\"https:\/\/narcopowders.com\/tr\/urun\/buy-ebk-online\/\">Get EBK Crystal Online<\/a>. <a href=\"https:\/\/narcopowders.com\/tr\/\">NarcoPowders.com<\/a> , 18 ya\u015f\u0131n \u00fczerindeki herkesin en son uyar\u0131c\u0131 kimyasal olarak kabul edilen EBK'y\u0131 alabilece\u011fi, ara\u015ft\u0131rma kimyasallar\u0131n\u0131n tan\u0131nm\u0131\u015f bir \u00e7evrimi\u00e7i perakendecisidir. N-etilpentilonun yerine sat\u0131n al\u0131nabilir ve b\u00fcy\u00fck kristal formundad\u0131r. Ephylone ve bk-EBDP isimleriyle de bilinir.<\/p>\n<h3>EBK kimyasal\u0131 nerelerde kullan\u0131l\u0131r?<\/h3>\n<p>Since <a href=\"https:\/\/www.bing.com\/search?q=Buy%20EBK%20Online&amp;qs=n&amp;form=QBRE&amp;sp=-1&amp;lq=0&amp;pq=buy%20ebk%20online&amp;sc=12-14&amp;sk=&amp;cvid=BBEE1990BAEF473A91C90965DD288E7A&amp;ghsh=0&amp;ghacc=0&amp;ghpl=\">EBC crystal<\/a> EBC kristali \u00fclkenin \u00e7o\u011fu yerinde yasal oldu\u011fundan, \u00e7evrimi\u00e7i olarak sipari\u015f etmek zor olmamal\u0131d\u0131r. Sat\u0131\u015f sadece ara\u015ft\u0131rma ama\u00e7l\u0131d\u0131r ve ba\u015fka herhangi bir ama\u00e7 i\u00e7in kullan\u0131lmayacakt\u0131r. Uygulamas\u0131 in vivo te\u015fhis, yemekler, ila\u00e7lar, t\u0131bbi cihazlar, kozmetikler veya farmas\u00f6tiklerle s\u0131n\u0131rl\u0131 de\u011fildir. \u00c7evrimi\u00e7i EBK kimyasal sipari\u015f formunu doldurmadan \u00f6nce, mahallenizde yeterli havaland\u0131rma oldu\u011fundan emin olun. <a href=\"https:\/\/duckduckgo.com\/?q=Buy+EBK+Online&amp;t=h_&amp;ia=web\">EBK<\/a> Kimyasal sipari\u015f formunu doldururken mahallenizde yeterli havaland\u0131rman\u0131n oldu\u011fundan emin olun.<\/p>\n<p>Ara\u015ft\u0131rma kimyasallar\u0131 i\u00e7in g\u00fcvenilir ve sayg\u0131n bir kaynak olarak uzun bir ge\u00e7mi\u015fe sahibiz. Hem yeni hem de geri d\u00f6nen m\u00fc\u015fteriler taraf\u0131ndan web sitelerimize b\u0131rak\u0131lan ger\u00e7ek m\u00fc\u015fteri yorumlar\u0131, potansiyel m\u00fc\u015fterilere bizimle sipari\u015f vermeleri i\u00e7in ilham veriyor.<\/p>\n<p>The leading and most reliable supplier of EBK chemicals at a reasonable price is <a href=\"https:\/\/www.google.com\/search?q=Buy+EBK+Online&amp;sca_esv=ae1c882eac2a8cbb&amp;sxsrf=AHTn8zpjQYfyM8PU2BR4giICyNEfDZXYRg%3A1742987778688&amp;ei=AuLjZ9vKKfihseMPjMHM8A4&amp;ved=0ahUKEwjb05W7z6eMAxX4UGwGHYwgE-4Q4dUDCA8&amp;uact=5&amp;oq=Buy+EBK+Online&amp;gs_lp=Egxnd3Mtd2l6LXNlcnAiDkJ1eSBFQksgT25saW5lMgcQABiABBgNMggQABgIGA0YHjIKEAAYCBgKGA0YHjILEAAYgAQYhgMYigUyCxAAGIAEGIYDGIoFMggQABiABBiiBDIIEAAYgAQYogQyCBAAGIAEGKIEMggQABiABBiiBEjhCFDsA1jsA3ACeACQAQCYAakBoAGpAaoBAzAuMbgBA8gBAPgBAvgBAZgCAaACsQGYAwCIBgGSBwMwLjGgB-YGsgcDMC4xuAexAQ&amp;sclient=gws-wiz-serp\">NarcoPowders<\/a>'t\u0131r. Birinci s\u0131n\u0131f EBK kristallerini sat\u0131\u015fa sunuyor ve ABD, Avrupa, Avustralya ve Kanada dahil t\u00fcm \u00fclkelere EBK kimyasallar\u0131 tedarik ediyoruz. \u00dcr\u00fcnlerimizin ola\u011fan\u00fcst\u00fc kalitesi nedeniyle, ara\u015ft\u0131rma kimyasallar\u0131n\u0131n \u00fcretimi ve da\u011f\u0131t\u0131m\u0131nda e\u015fsiziz.<\/p>\n<p>M\u00fc\u015fterilerimizin gizlili\u011fini korumaya b\u00fcy\u00fck \u00f6nem veriyor ve bundan taviz vermiyoruz. Her i\u015flemde en son g\u00fcvenlik teknolojilerini kullan\u0131yoruz. M\u00fc\u015fterilerimizin memnuniyeti \u015firketimizin ba\u015far\u0131s\u0131 i\u00e7in \u00e7ok \u00f6nemlidir. EBK Chemicals, bir \u00fcr\u00fcn\u00fc pazara sunmadan \u00f6nce kapsaml\u0131 \u00e7al\u0131\u015fmalar ve analizler yapan bir \u015firkettir. Safl\u0131k ve \u00fcr\u00fcn kalitesi, g\u00f6z ard\u0131 etmedi\u011fimiz en \u00f6nemli fakt\u00f6rlerdir.<\/p>\n<p>Herhangi bir sorunuz veya endi\u015feniz varsa l\u00fctfen bizimle ileti\u015fime ge\u00e7mek i\u00e7in m\u00fc\u015fteri hizmetleri aray\u00fcz\u00fcm\u00fcz\u00fc kullan\u0131n. Sorunuzu m\u00fcmk\u00fcn olan en k\u0131sa s\u00fcrede i\u015fleme alaca\u011f\u0131m\u0131z\u0131 garanti ediyoruz, <a href=\"https:\/\/en.wikipedia.org\/wiki\/EBK\">EBK Online Sat\u0131n Al\u0131n<\/a>.<\/p>\n<p>Markam\u0131z, uzman paketleme, zaman\u0131nda teslimat hizmetleri ve t\u00fcm miktarlarda \u00fcr\u00fcn bulunabilirli\u011fi gibi \u00e7e\u015fitli nedenlerle insanlar\u0131n tercih etti\u011fi bir markad\u0131r. \u00d6demeniz al\u0131nd\u0131ktan sonra sipari\u015finiz onaylanacakt\u0131r.<\/p>","protected":false},"excerpt":{"rendered":"<p>Buy EBK Online, Get EBK Crystal Online. NarcoPowders.com is a well-known online retailer of research chemicals where anyone over the age of 18 can get EBK, which is considered the latest stimulant chemical. It can be purchased as a replacement for N-ethylpentylone and is in large crystal form. It is also known by the names [&hellip;]<\/p>","protected":false},"featured_media":21295,"comment_status":"open","ping_status":"closed","template":"","meta":{"_joinchat":[]},"product_brand":[],"product_cat":[1724,1538],"product_tag":[],"class_list":{"0":"post-20595","1":"product","2":"type-product","3":"status-publish","4":"has-post-thumbnail","6":"product_cat-research-chemicals","7":"product_cat-cannabinoids","9":"first","10":"instock","11":"shipping-taxable","12":"purchasable","13":"product-type-variable","14":"add-to-wishlist-after_add_to_cart"},"yoast_head":"<!-- This site is optimized with the Yoast SEO plugin v27.5 - https:\/\/yoast.com\/product\/yoast-seo-wordpress\/ -->\n<title>Buy EBK Online - EBK for Sale - Order EBK | NarcoPowders<\/title>\n<meta name=\"description\" content=\"Looking for high-quality EBK for sale online from a leading chemical store? NarcoPowders is the best place to buy EBK online. Order EBK Now!\" \/>\n<meta name=\"robots\" content=\"index, follow, max-snippet:-1, max-image-preview:large, max-video-preview:-1\" \/>\n<link rel=\"canonical\" href=\"https:\/\/narcopowders.com\/tr\/urun\/buy-ebk-online\/\" \/>\n<meta property=\"og:locale\" content=\"tr_TR\" \/>\n<meta property=\"og:type\" content=\"article\" \/>\n<meta property=\"og:title\" content=\"Buy EBK Online - EBK for Sale - Order EBK | NarcoPowders\" \/>\n<meta property=\"og:description\" content=\"Looking for high-quality EBK for sale online from a leading chemical store? NarcoPowders is the best place to buy EBK online. Order EBK Now!\" \/>\n<meta property=\"og:url\" content=\"https:\/\/narcopowders.com\/tr\/urun\/buy-ebk-online\/\" \/>\n<meta property=\"og:site_name\" content=\"Narco Powders\" \/>\n<meta property=\"article:modified_time\" content=\"2025-03-26T12:09:41+00:00\" \/>\n<meta property=\"og:image\" content=\"https:\/\/narcopowders.com\/wp-content\/uploads\/2024\/05\/EB-BK.gif\" \/>\n\t<meta property=\"og:image:width\" content=\"600\" \/>\n\t<meta property=\"og:image:height\" content=\"600\" \/>\n\t<meta property=\"og:image:type\" content=\"image\/gif\" \/>\n<meta name=\"twitter:card\" content=\"summary_large_image\" \/>\n<meta name=\"twitter:label1\" content=\"Tahmini okuma s\u00fcresi\" \/>\n\t<meta name=\"twitter:data1\" content=\"2 dakika\" \/>\n<!-- \/ Yoast SEO plugin. -->","yoast_head_json":{"title":"EBK Online Sat\u0131n Al\u0131n - Sat\u0131l\u0131k EBK - EBK Sipari\u015f Edin | NarcoPowders","description":"\u00d6nde gelen bir kimya ma\u011fazas\u0131ndan online sat\u0131\u015f i\u00e7in y\u00fcksek kaliteli EBK m\u0131 ar\u0131yorsunuz? NarcoPowders, \u00e7evrimi\u00e7i EBK sat\u0131n almak i\u00e7in en iyi yerdir. \u015eimdi EBK Sipari\u015f Edin!","robots":{"index":"index","follow":"follow","max-snippet":"max-snippet:-1","max-image-preview":"max-image-preview:large","max-video-preview":"max-video-preview:-1"},"canonical":"https:\/\/narcopowders.com\/tr\/urun\/buy-ebk-online\/","og_locale":"tr_TR","og_type":"article","og_title":"Buy EBK Online - EBK for Sale - Order EBK | NarcoPowders","og_description":"Looking for high-quality EBK for sale online from a leading chemical store? NarcoPowders is the best place to buy EBK online. Order EBK Now!","og_url":"https:\/\/narcopowders.com\/tr\/urun\/buy-ebk-online\/","og_site_name":"Narco Powders","article_modified_time":"2025-03-26T12:09:41+00:00","og_image":[{"width":600,"height":600,"url":"https:\/\/narcopowders.com\/wp-content\/uploads\/2024\/05\/EB-BK.gif","type":"image\/gif"}],"twitter_card":"summary_large_image","twitter_misc":{"Tahmini okuma s\u00fcresi":"2 dakika"},"schema":{"@context":"https:\/\/schema.org","@graph":[{"@type":"WebPage","@id":"https:\/\/narcopowders.com\/product\/buy-ebk-online\/","url":"https:\/\/narcopowders.com\/product\/buy-ebk-online\/","name":"EBK Online Sat\u0131n Al\u0131n - Sat\u0131l\u0131k EBK - EBK Sipari\u015f Edin | NarcoPowders","isPartOf":{"@id":"https:\/\/narcopowders.com\/#website"},"primaryImageOfPage":{"@id":"https:\/\/narcopowders.com\/product\/buy-ebk-online\/#primaryimage"},"image":{"@id":"https:\/\/narcopowders.com\/product\/buy-ebk-online\/#primaryimage"},"thumbnailUrl":"https:\/\/narcopowders.com\/wp-content\/uploads\/2024\/05\/EB-BK.gif","datePublished":"2024-05-23T06:14:38+00:00","dateModified":"2025-03-26T12:09:41+00:00","description":"\u00d6nde gelen bir kimya ma\u011fazas\u0131ndan online sat\u0131\u015f i\u00e7in y\u00fcksek kaliteli EBK m\u0131 ar\u0131yorsunuz? NarcoPowders, \u00e7evrimi\u00e7i EBK sat\u0131n almak i\u00e7in en iyi yerdir. \u015eimdi EBK Sipari\u015f Edin!","breadcrumb":{"@id":"https:\/\/narcopowders.com\/product\/buy-ebk-online\/#breadcrumb"},"inLanguage":"tr","potentialAction":[{"@type":"ReadAction","target":["https:\/\/narcopowders.com\/product\/buy-ebk-online\/"]}]},{"@type":"ImageObject","inLanguage":"tr","@id":"https:\/\/narcopowders.com\/product\/buy-ebk-online\/#primaryimage","url":"https:\/\/narcopowders.com\/wp-content\/uploads\/2024\/05\/EB-BK.gif","contentUrl":"https:\/\/narcopowders.com\/wp-content\/uploads\/2024\/05\/EB-BK.gif","width":600,"height":600,"caption":"Buy EBK Online"},{"@type":"BreadcrumbList","@id":"https:\/\/narcopowders.com\/product\/buy-ebk-online\/#breadcrumb","itemListElement":[{"@type":"ListItem","position":1,"name":"Home","item":"https:\/\/narcopowders.com\/"},{"@type":"ListItem","position":2,"name":"Shop Page","item":"https:\/\/narcopowders.com\/shop\/"},{"@type":"ListItem","position":3,"name":"Buy EBK Online"}]},{"@type":"WebSite","@id":"https:\/\/narcopowders.com\/#website","url":"https:\/\/narcopowders.com\/","name":"Narko Tozlar","description":"WordPress Blogum","potentialAction":[{"@type":"SearchAction","target":{"@type":"EntryPoint","urlTemplate":"https:\/\/narcopowders.com\/?s={search_term_string}"},"query-input":{"@type":"PropertyValueSpecification","valueRequired":true,"valueName":"search_term_string"}}],"inLanguage":"tr"}]}},"_links":{"self":[{"href":"https:\/\/narcopowders.com\/tr\/wp-json\/wp\/v2\/product\/20595","targetHints":{"allow":["GET"]}}],"collection":[{"href":"https:\/\/narcopowders.com\/tr\/wp-json\/wp\/v2\/product"}],"about":[{"href":"https:\/\/narcopowders.com\/tr\/wp-json\/wp\/v2\/types\/product"}],"replies":[{"embeddable":true,"href":"https:\/\/narcopowders.com\/tr\/wp-json\/wp\/v2\/comments?post=20595"}],"wp:featuredmedia":[{"embeddable":true,"href":"https:\/\/narcopowders.com\/tr\/wp-json\/wp\/v2\/media\/21295"}],"wp:attachment":[{"href":"https:\/\/narcopowders.com\/tr\/wp-json\/wp\/v2\/media?parent=20595"}],"wp:term":[{"taxonomy":"product_brand","embeddable":true,"href":"https:\/\/narcopowders.com\/tr\/wp-json\/wp\/v2\/product_brand?post=20595"},{"taxonomy":"product_cat","embeddable":true,"href":"https:\/\/narcopowders.com\/tr\/wp-json\/wp\/v2\/product_cat?post=20595"},{"taxonomy":"product_tag","embeddable":true,"href":"https:\/\/narcopowders.com\/tr\/wp-json\/wp\/v2\/product_tag?post=20595"}],"curies":[{"name":"wp","href":"https:\/\/api.w.org\/{rel}","templated":true}]}}