{"id":20596,"date":"2024-05-23T06:14:38","date_gmt":"2024-05-23T06:14:38","guid":{"rendered":"https:\/\/narcopowders.com\/?post_type=product&#038;p=20596"},"modified":"2025-05-06T07:02:40","modified_gmt":"2025-05-06T07:02:40","slug":"buy-a-pvp-online","status":"publish","type":"product","link":"https:\/\/narcopowders.com\/tr\/urun\/online-pvp-satin-al\/","title":{"rendered":"A-PVP Online Sat\u0131n Al\u0131n"},"content":{"rendered":"<h2><strong>A-PVP Sat\u0131n Al\u0131n | PURE A-PVP'yi Narcopowders'tan Gizlice \u00c7evrimi\u00e7i Sat\u0131n Al\u0131n<\/strong><\/h2>\n<p><a href=\"https:\/\/www.bing.com\/search?q=Buy%20A-PVP%20Online&amp;qs=n&amp;form=QBRE&amp;sp=-1&amp;lq=0&amp;pq=buy%20a-pvp%20online&amp;sc=11-16&amp;sk=&amp;cvid=4E28154F139746CCBA2FB97A8E4FDC63&amp;ghsh=0&amp;ghacc=0&amp;ghpl=\">A-PVP Online Sat\u0131n Al\u0131n<\/a> is a relatively new service and is being closely examined <a tabindex=\"-1\" href=\"https:\/\/en.wikipedia.org\/wiki\/Alpha-Pyrrolidinopentiophenone\" target=\"_blank\" rel=\"noopener\">en.wikipedia.org\/\u2026\/Alpha-Pyrrolidinopentiophenone<\/a>by the media, much like MDPV and \u201cbath salts\u201d were in the beginning of 2011.<\/p>\n<p><a href=\"https:\/\/www.bing.com\/search?q=Buy%20A-PVP%20Online&amp;qs=n&amp;form=QBRE&amp;sp=-1&amp;lq=0&amp;pq=buy%20a-pvp%20online&amp;sc=11-16&amp;sk=&amp;cvid=4E28154F139746CCBA2FB97A8E4FDC63&amp;ghsh=0&amp;ghacc=0&amp;ghpl=\">A-PVP<\/a>, Alpha-PVP, \u03b1-Pyrrolidinopentiophenone, or flakka is another name for <a href=\"https:\/\/www.google.de\/search?q=Buy+A-PVP+Online&amp;sca_esv=1a2a07081c7891bb&amp;rlz=1C1RXQR_enIN1098IN1098&amp;ei=WbfOZ77MHtbe1e8PosiFkQo&amp;ved=0ahUKEwj-3MXpn_-LAxVWb_UHHSJkIaIQ4dUDCBA&amp;uact=5&amp;oq=Buy+A-PVP+Online&amp;gs_lp=Egxnd3Mtd2l6LXNlcnAiEEJ1eSBBLVBWUCBPbmxpbmVIoQdQnANYnANwA3gAkAEAmAHaAaAB2gGqAQMyLTG4AQPIAQD4AQL4AQGYAgCgAgCYAwCIBgGSBwCgB0Q&amp;sclient=gws-wiz-serp\">Buy a-PVP Crystal Powder Online<\/a>Sentetik uyar\u0131c\u0131lar aras\u0131nda katinon ve pirovaleron gruplar\u0131na aittir. Kimyasal olarak, Do\u011fu Afrika khat bitkisinde bulunan MDPV ve katinon bile\u015fikleri gibi di\u011fer pirovaleron bile\u015fikleriyle benzerlikler ta\u015f\u0131r. Genellikle, kullan\u0131c\u0131lar\u0131n kokain ve amfetaminin etkilerine benzer etkiler yaratmak i\u00e7in yiyebilece\u011fi b\u00fcy\u00fck kristal par\u00e7alar\u0131 veya kristal toz formunda bulunur.<\/p>\n<p>Buy crystals for <a href=\"https:\/\/www.google.de\/search?q=Buy+A-PVP+Online&amp;sca_esv=1a2a07081c7891bb&amp;rlz=1C1RXQR_enIN1098IN1098&amp;ei=WbfOZ77MHtbe1e8PosiFkQo&amp;ved=0ahUKEwj-3MXpn_-LAxVWb_UHHSJkIaIQ4dUDCBA&amp;uact=5&amp;oq=Buy+A-PVP+Online&amp;gs_lp=Egxnd3Mtd2l6LXNlcnAiEEJ1eSBBLVBWUCBPbmxpbmVIoQdQnANYnANwA3gAkAEAmAHaAaAB2gGqAQMyLTG4AQPIAQD4AQL4AQGYAgCgAgCYAwCIBgGSBwCgB0Q&amp;sclient=gws-wiz-serp\">A-PVP online<\/a>. Toz nispeten yeni bir \u00fcr\u00fcnd\u00fcr ve t\u0131pk\u0131 2011 y\u0131l\u0131n\u0131n ba\u015f\u0131nda MDPV ve \"banyo tuzlar\u0131\" gibi medya taraf\u0131ndan yak\u0131ndan incelenmektedir. S\u0131kl\u0131kla \u00c7in'de seri olarak \u00fcretilmekte ve sat\u0131c\u0131lar taraf\u0131ndan bir ara\u015ft\u0131rma kimyasal\u0131 olarak \u00e7evrimi\u00e7i sat\u0131\u015fa sunulmaktad\u0131r.<\/p>\n<h3><strong>alfa-PVP kristallerinin fiziksel etkileri<\/strong><\/h3>\n<p>Beklenmedik dokunsal deneyimler T\u00fcm v\u00fccut, \u03b1-PVP'nin \"v\u00fccut y\u00fcksekli\u011fi\" olarak adland\u0131r\u0131lan orta ila yo\u011fun bir \u00f6forik kar\u0131ncalanma hissi ile kaplan\u0131r. Daha y\u00fcksek dozajlarda, ezici hale gelebilir. Bu his ba\u015ftan sona sabittir, ilk ba\u015fta kademeli olarak y\u00fckselir ve sadece azalmak i\u00e7in maksimuma ula\u015f\u0131r. <a href=\"https:\/\/narcopowders.com\/tr\/\">Narco Powders.<\/a><\/p>\n<p>Excitation Regarding its impact on the physical energy levels of the user, <a href=\"https:\/\/duckduckgo.com\/?q=Buy+A-PVP+Online&amp;t=h_&amp;ia=web\">\u03b1-PVP<\/a> is thought to be incredibly energizing and stimulating. This promotes physical activity like dancing, climbing, and running.<\/p>\n<h3>RC-CHEMS.ORG'dan a-PVP sat\u0131n al\u0131n - \u00c7\u00fcnk\u00fc kalite \u00f6nemlidir!<\/h3>\n<p><strong><a href=\"https:\/\/duckduckgo.com\/?q=Buy+A-PVP+Online&amp;t=h_&amp;ia=web\">Buy a-PVP\u00a0online<\/a><\/strong> Avrupa'n\u0131n \u00f6nde gelen profesyonel kimyasal \u015firketleri taraf\u0131ndan min. 98%+ safl\u0131k garantili olarak online \u00fcretilmektedir. T\u00fcm ara\u015ft\u0131rma kimyasallar\u0131m\u0131zdan \u00fcretilen herhangi bir partinin COA's\u0131n\u0131 sa\u011flayabiliriz!<\/p>\n<h3>a-PVP i\u00e7indeki aktif maddeler<\/h3>\n<p>\u0130\u00e7indekiler\u00a0<strong>bir gram min 98%+ saf a-PVP<\/strong>\u00a0sipari\u015f birimi ba\u015f\u0131na.<\/p>\n<h3>a-PVP dozaj\u0131<\/h3>\n<p>Tavsiye edilen bir doz yoktur \u00e7\u00fcnk\u00fc\u00a0<strong>a-PVP<\/strong>\u00a0insan t\u00fcketimi i\u00e7in de\u011fildir, sadece ara\u015ft\u0131rma ama\u00e7l\u0131 bir ara\u015ft\u0131rma kimyasal\u0131 olarak sat\u0131lmaktad\u0131r.<\/p>\n<h3>a-PVP'nin Etkileri :<\/h3>\n<p>\u00c7o\u011fu yeni \u00fcr\u00fcn\u00fcn klinik etkileri\u00a0<strong>tasar\u0131mc\u0131 ila\u00e7lar\u0131<\/strong>\u00a0gibi\u00a0<strong>a-PVP<\/strong>\u00a0hal\u00fcsinojenik, uyar\u0131c\u0131 veya opioid benzeri olarak tan\u0131mlanabilir. Tasar\u0131mc\u0131 yan zincir ikameleri nedeniyle bu etkilerin bir kombinasyonuna da sahip olabilirler.<\/p>\n<h3>a-PVP'nin yan etkileri<\/h3>\n<p>Di\u011fer tasar\u0131m uyu\u015fturucular gibi\u00a0<a href=\"https:\/\/narcopowders.com\/tr\/urun\/online-pvp-satin-al\/\"><strong>a-PVP<\/strong><\/a>\u00a0g\u00fc\u00e7l\u00fc yan etkilere neden olabilir; madde klinik olarak test edilmemi\u015ftir ve t\u00fcketim i\u00e7in bir \u00fcr\u00fcn olarak herhangi bir \u015fekilde lisanslanmam\u0131\u015ft\u0131r! Bu nedenle a-PVP \u0130NSAN T\u00dcKET\u0130M\u0130 \u0130\u00c7\u0130N DE\u011e\u0130L, SADECE B\u0130L\u0130MSEL ARA\u015eTIRMA \u0130\u00c7\u0130ND\u0130R!<\/p>\n<h3>a-PVP nas\u0131l saklan\u0131r<\/h3>\n<p>a-PVP'yi 30 santigrat derecenin alt\u0131nda tutun. a-PVP'yi orijinal ambalaj\u0131nda saklay\u0131n, do\u011frudan g\u00fcne\u015f \u0131\u015f\u0131\u011f\u0131ndan ve nemden koruyun.<\/p>","protected":false},"excerpt":{"rendered":"<p>Katinon s\u0131n\u0131f\u0131ndan sentetik bir uyar\u0131c\u0131 olan \u03b1-pirolidinopentiyofenon (\u03b1-pirolidinovalerofenon, \u03b1-PVP, O-2387, \u03b2-keto-prolintan, prolintanon veya desmetilpirovaleron olarak da an\u0131l\u0131r) 1960'larda yarat\u0131lm\u0131\u015f ve tasar\u0131mc\u0131 uyu\u015fturucusu olarak pazarlanm\u0131\u015ft\u0131r. S\u0131kl\u0131kla rekreasyonel olarak kullan\u0131lmaktad\u0131r.<\/p>","protected":false},"featured_media":21293,"comment_status":"open","ping_status":"closed","template":"","meta":{"_joinchat":[]},"product_brand":[],"product_cat":[1724,1538],"product_tag":[],"class_list":{"0":"post-20596","1":"product","2":"type-product","3":"status-publish","4":"has-post-thumbnail","6":"product_cat-research-chemicals","7":"product_cat-cannabinoids","9":"first","10":"instock","11":"shipping-taxable","12":"purchasable","13":"product-type-variable","14":"add-to-wishlist-after_add_to_cart"},"yoast_head":"<!-- This site is optimized with the Yoast SEO plugin v25.9 - https:\/\/yoast.com\/wordpress\/plugins\/seo\/ -->\n<title>Buy A-PVP Online - A-PVP Powder for Sale<\/title>\n<meta name=\"description\" content=\"You can buy a-pvp online at the best prices from our online store. We have cheap and high-quality a-pvp powder for sale and providing worldwide delivery. You can order from anytime, anywhere.\" \/>\n<meta name=\"robots\" content=\"index, follow, max-snippet:-1, max-image-preview:large, max-video-preview:-1\" \/>\n<link rel=\"canonical\" href=\"https:\/\/narcopowders.com\/tr\/urun\/online-pvp-satin-al\/\" \/>\n<meta property=\"og:locale\" content=\"tr_TR\" \/>\n<meta property=\"og:type\" content=\"article\" \/>\n<meta property=\"og:title\" content=\"Buy A-PVP Online - A-PVP Powder for Sale\" \/>\n<meta property=\"og:description\" content=\"You can buy a-pvp online at the best prices from our online store. We have cheap and high-quality a-pvp powder for sale and providing worldwide delivery. You can order from anytime, anywhere.\" \/>\n<meta property=\"og:url\" content=\"https:\/\/narcopowders.com\/tr\/urun\/online-pvp-satin-al\/\" \/>\n<meta property=\"og:site_name\" content=\"Narco Powders\" \/>\n<meta property=\"article:modified_time\" content=\"2025-05-06T07:02:40+00:00\" \/>\n<meta property=\"og:image\" content=\"https:\/\/narcopowders.com\/wp-content\/uploads\/2024\/05\/APVP.gif\" \/>\n\t<meta property=\"og:image:width\" content=\"600\" \/>\n\t<meta property=\"og:image:height\" content=\"600\" \/>\n\t<meta property=\"og:image:type\" content=\"image\/gif\" \/>\n<meta name=\"twitter:card\" content=\"summary_large_image\" \/>\n<meta name=\"twitter:label1\" content=\"Tahmini okuma s\u00fcresi\" \/>\n\t<meta name=\"twitter:data1\" content=\"3 dakika\" \/>\n<!-- \/ Yoast SEO plugin. -->","yoast_head_json":{"title":"A-PVP Online Sat\u0131n Al\u0131n - Sat\u0131l\u0131k A-PVP Tozu","description":"Online ma\u011fazam\u0131zdan en iyi fiyatlarla \u00e7evrimi\u00e7i a-pvp sat\u0131n alabilirsiniz. Sat\u0131l\u0131k ucuz ve kaliteli a-pvp tozumuz var ve d\u00fcnya \u00e7ap\u0131nda teslimat sa\u011fl\u0131yoruz. \u0130stedi\u011finiz zaman, istedi\u011finiz yerden sipari\u015f verebilirsiniz.","robots":{"index":"index","follow":"follow","max-snippet":"max-snippet:-1","max-image-preview":"max-image-preview:large","max-video-preview":"max-video-preview:-1"},"canonical":"https:\/\/narcopowders.com\/tr\/urun\/online-pvp-satin-al\/","og_locale":"tr_TR","og_type":"article","og_title":"Buy A-PVP Online - A-PVP Powder for Sale","og_description":"You can buy a-pvp online at the best prices from our online store. We have cheap and high-quality a-pvp powder for sale and providing worldwide delivery. You can order from anytime, anywhere.","og_url":"https:\/\/narcopowders.com\/tr\/urun\/online-pvp-satin-al\/","og_site_name":"Narco Powders","article_modified_time":"2025-05-06T07:02:40+00:00","og_image":[{"width":600,"height":600,"url":"https:\/\/narcopowders.com\/wp-content\/uploads\/2024\/05\/APVP.gif","type":"image\/gif"}],"twitter_card":"summary_large_image","twitter_misc":{"Tahmini okuma s\u00fcresi":"3 dakika"},"schema":{"@context":"https:\/\/schema.org","@graph":[{"@type":"WebPage","@id":"https:\/\/narcopowders.com\/product\/buy-a-pvp-online\/","url":"https:\/\/narcopowders.com\/product\/buy-a-pvp-online\/","name":"A-PVP Online Sat\u0131n Al\u0131n - Sat\u0131l\u0131k A-PVP Tozu","isPartOf":{"@id":"https:\/\/narcopowders.com\/#website"},"primaryImageOfPage":{"@id":"https:\/\/narcopowders.com\/product\/buy-a-pvp-online\/#primaryimage"},"image":{"@id":"https:\/\/narcopowders.com\/product\/buy-a-pvp-online\/#primaryimage"},"thumbnailUrl":"https:\/\/narcopowders.com\/wp-content\/uploads\/2024\/05\/APVP.gif","datePublished":"2024-05-23T06:14:38+00:00","dateModified":"2025-05-06T07:02:40+00:00","description":"Online ma\u011fazam\u0131zdan en iyi fiyatlarla \u00e7evrimi\u00e7i a-pvp sat\u0131n alabilirsiniz. Sat\u0131l\u0131k ucuz ve kaliteli a-pvp tozumuz var ve d\u00fcnya \u00e7ap\u0131nda teslimat sa\u011fl\u0131yoruz. \u0130stedi\u011finiz zaman, istedi\u011finiz yerden sipari\u015f verebilirsiniz.","breadcrumb":{"@id":"https:\/\/narcopowders.com\/product\/buy-a-pvp-online\/#breadcrumb"},"inLanguage":"tr","potentialAction":[{"@type":"ReadAction","target":["https:\/\/narcopowders.com\/product\/buy-a-pvp-online\/"]}]},{"@type":"ImageObject","inLanguage":"tr","@id":"https:\/\/narcopowders.com\/product\/buy-a-pvp-online\/#primaryimage","url":"https:\/\/narcopowders.com\/wp-content\/uploads\/2024\/05\/APVP.gif","contentUrl":"https:\/\/narcopowders.com\/wp-content\/uploads\/2024\/05\/APVP.gif","width":600,"height":600,"caption":"Buy A-PVP Online"},{"@type":"BreadcrumbList","@id":"https:\/\/narcopowders.com\/product\/buy-a-pvp-online\/#breadcrumb","itemListElement":[{"@type":"ListItem","position":1,"name":"Home","item":"https:\/\/narcopowders.com\/"},{"@type":"ListItem","position":2,"name":"Shop Page","item":"https:\/\/narcopowders.com\/shop\/"},{"@type":"ListItem","position":3,"name":"Buy A-PVP Online"}]},{"@type":"WebSite","@id":"https:\/\/narcopowders.com\/#website","url":"https:\/\/narcopowders.com\/","name":"Narko Tozlar","description":"WordPress Blogum","potentialAction":[{"@type":"SearchAction","target":{"@type":"EntryPoint","urlTemplate":"https:\/\/narcopowders.com\/?s={search_term_string}"},"query-input":{"@type":"PropertyValueSpecification","valueRequired":true,"valueName":"search_term_string"}}],"inLanguage":"tr"}]}},"_links":{"self":[{"href":"https:\/\/narcopowders.com\/tr\/wp-json\/wp\/v2\/product\/20596","targetHints":{"allow":["GET"]}}],"collection":[{"href":"https:\/\/narcopowders.com\/tr\/wp-json\/wp\/v2\/product"}],"about":[{"href":"https:\/\/narcopowders.com\/tr\/wp-json\/wp\/v2\/types\/product"}],"replies":[{"embeddable":true,"href":"https:\/\/narcopowders.com\/tr\/wp-json\/wp\/v2\/comments?post=20596"}],"wp:featuredmedia":[{"embeddable":true,"href":"https:\/\/narcopowders.com\/tr\/wp-json\/wp\/v2\/media\/21293"}],"wp:attachment":[{"href":"https:\/\/narcopowders.com\/tr\/wp-json\/wp\/v2\/media?parent=20596"}],"wp:term":[{"taxonomy":"product_brand","embeddable":true,"href":"https:\/\/narcopowders.com\/tr\/wp-json\/wp\/v2\/product_brand?post=20596"},{"taxonomy":"product_cat","embeddable":true,"href":"https:\/\/narcopowders.com\/tr\/wp-json\/wp\/v2\/product_cat?post=20596"},{"taxonomy":"product_tag","embeddable":true,"href":"https:\/\/narcopowders.com\/tr\/wp-json\/wp\/v2\/product_tag?post=20596"}],"curies":[{"name":"wp","href":"https:\/\/api.w.org\/{rel}","templated":true}]}}