{"id":20598,"date":"2024-05-23T06:14:38","date_gmt":"2024-05-23T06:14:38","guid":{"rendered":"https:\/\/narcopowders.com\/?post_type=product&#038;p=20598"},"modified":"2025-03-26T13:01:23","modified_gmt":"2025-03-26T13:01:23","slug":"buy-hep-powder-online","status":"publish","type":"product","link":"https:\/\/narcopowders.com\/tr\/urun\/buy-hep-powder-online\/","title":{"rendered":"HEP Powder Online Sat\u0131n Al\u0131n"},"content":{"rendered":"<h2>HEP Powder Online Sat\u0131n Al\u0131n<\/h2>\n<p><a href=\"https:\/\/en.wikipedia.org\/wiki\/HEP\">Buy HEP Online<\/a>, Pirovaleron'un bir t\u00fcrevi ve alternatifi <a href=\"https:\/\/narcopowders.com\/tr\/\">HEP Powder Online Sat\u0131n Al\u0131n<\/a>\u00dcreticiden toplu olarak HEP Tozu sat\u0131n al\u0131n. Uygun fiyata m\u00fckemmel \u00fcr\u00fcn, d\u00fcnyan\u0131n her yerine kargo imkan\u0131.<\/p>\n<p>HEP tozu bir pirovaleron t\u00fcrevi ve ikame edilmi\u015f bir katinondur. HEP tozu \u015fu anda uluslararas\u0131 bilim camias\u0131nda pyrovalerone ve MDPV ile ayn\u0131 ilgiyi \u00e7ekmekte ve ayn\u0131 kimyasal \u00f6zelliklerin \u00e7o\u011funu payla\u015fmaktad\u0131r.<\/p>\n<p>MDPV gibi \u00e7ok aranan ancak genellikle yasad\u0131\u015f\u0131 olan pirolidinler veya metilfenidat gibi piperidin ailesi t\u00fcrevleri i\u00e7in de\u011ferli bir ara\u015ft\u0131rma ikamesi olan HEP tozu, NarcoPowders taraf\u0131ndan yak\u0131n zamanda yap\u0131lan bir geli\u015ftirme sayesinde art\u0131k sat\u0131n al\u0131nabilir.<\/p>\n<p>HEP tozunu \u00e7ok saf bir toz formunda almak i\u00e7in inan\u0131lmaz bir f\u0131rsat\u0131n\u0131z var. <a href=\"https:\/\/narcopowders.com\/tr\/urun\/buy-hep-powder-online\/\">NarcoPowders<\/a>, a<\/p>\n<p>Piyasadaki en iyi kimyasallarla bilimsel \u00e7al\u0131\u015fmalar yapman\u0131za olanak tan\u0131yan sayg\u0131n ve g\u00fcvenilir bir tedarik\u00e7i.<\/p>\n<h3>HEP Powder Online Sat\u0131n Al\u0131n<\/h3>\n<p>Etkileri <a href=\"https:\/\/www.bing.com\/search?q=Buy%20HEP%20Powder%20Online&amp;qs=n&amp;form=QBRE&amp;sp=-1&amp;ghc=1&amp;lq=0&amp;pq=buy%20hep%20powder%20online&amp;sc=12-21&amp;sk=&amp;cvid=1C5DD8DC75EA4E6F95B0B7F85F1A9860&amp;ghsh=0&amp;ghacc=0&amp;ghpl=\">HEP powder<\/a> HEP tozunun etkileri, bu maddenin kimyasal form\u00fcl\u00fcne g\u00f6re Alexander Shulgin'in PiHKAL'inde at\u0131fta bulunulan bilinen iki s\u00fcbstit\u00fce fenetilamin ara\u015ft\u0131rma bile\u015fi\u011fi olan 2C-B ve 2C-I ile \u00e7ok benzer olabilir.<\/p>\n<p>Toksisitesi ve 5-HT2A resept\u00f6r\u00fc aras\u0131ndaki g\u00fc\u00e7l\u00fc bir ba\u011flant\u0131, k\u00fcme ba\u015f a\u011fr\u0131lar\u0131n\u0131 \u00f6nlemeye yard\u0131mc\u0131 olabilir veya kimyasal madde HEP tozu, terminal kanserle ili\u015fkili psikolojik a\u011fr\u0131y\u0131 hafifletebilir.<\/p>\n<p>HEP tozu ile ilgili ara\u015ft\u0131rmalar\u0131n yaln\u0131zca do\u011frulanm\u0131\u015f laboratuvar ortamlar\u0131nda yap\u0131labilece\u011fini ve canl\u0131 organizmalarla in vivo \u00e7al\u0131\u015fmalar\u0131n yasak oldu\u011funu l\u00fctfen unutmay\u0131n. HEP tozunun oda s\u0131cakl\u0131\u011f\u0131nda 2 y\u0131la kadar saklanmas\u0131 g\u00fcvenlidir. Bizden sipari\u015f vermeden \u00f6nce, l\u00fctfen HEP tozunun yasal durumu ile ilgili \u00fclkenizin yasalar\u0131n\u0131 kontrol edin.<\/p>\n<p><a href=\"https:\/\/duckduckgo.com\/?q=Buy+HEP+Powder+Online&amp;t=h_&amp;ia=web\">HEP Powder Online<\/a> HEP Powder Online, bir pirovaleron t\u00fcrevi ve ikame edilmi\u015f bir katinondur. \u00dcreticiden toplu olarak HEP Tozu sat\u0131n al\u0131n. Makul bir fiyata m\u00fckemmel \u00fcr\u00fcn, d\u00fcnyan\u0131n her yerine g\u00f6nderilir, HEP Online Sat\u0131n Al\u0131n. <a href=\"https:\/\/www.google.com\/search?q=Buy+HEP+Powder+Online&amp;sca_esv=16def464f60f9903&amp;sxsrf=AHTn8zo5UArdsJI2UQiFduUMk2FJLwZ6Gg%3A1742993888386&amp;ei=4PnjZ4apF6KB0PEPl7278AU&amp;ved=0ahUKEwiGmcCc5qeMAxWiADQIHZfeDl4Q4dUDCBA&amp;uact=5&amp;oq=Buy+HEP+Powder+Online&amp;gs_lp=Egxnd3Mtd2l6LXNlcnAiFUJ1eSBIRVAgUG93ZGVyIE9ubGluZTIIEAAYCBgNGB4yCxAAGIAEGIYDGIoFMgsQABiABBiGAxiKBTIFEAAY7wUyBRAAGO8FMggQABiABBiiBDIFEAAY7wVIsAhQ3wNY3wNwAXgAkAEAmAH6AqAB-gKqAQMzLTG4AQPIAQD4AQL4AQGYAgKgAosDwgILEAAYgAQYsAMYogSYAwCIBgGQBgKSBwUxLjMtMaAH0AWyBwMzLTG4B4MD&amp;sclient=gws-wiz-serp\">Buy HEP Online<\/a>.<\/p>","protected":false},"excerpt":{"rendered":"<p>Buy HEP Powder Online Buy HEP Online, A derivative and alternative to Pyrovalerone is Buy HEP Powder Online. Buy HEP Powder in bulk from the manufacturer. Excellent product at a reasonable price, shipped anywhere in the world . HEP powder is a pyrovalerone derivative and a substituted cathinone. HEP powder is currently attracting the same [&hellip;]<\/p>","protected":false},"featured_media":21286,"comment_status":"open","ping_status":"closed","template":"","meta":{"_joinchat":[]},"product_brand":[],"product_cat":[1599],"product_tag":[],"class_list":{"0":"post-20598","1":"product","2":"type-product","3":"status-publish","4":"has-post-thumbnail","6":"product_cat-stimulants","8":"first","9":"instock","10":"shipping-taxable","11":"purchasable","12":"product-type-variable","13":"add-to-wishlist-after_add_to_cart"},"yoast_head":"<!-- This site is optimized with the Yoast SEO plugin v27.5 - https:\/\/yoast.com\/product\/yoast-seo-wordpress\/ -->\n<title>Buy HEP Powder Online - HEP Powder for Sale - Order HEP<\/title>\n<meta name=\"description\" content=\"If you are looking for best place to buy HEP powder online at low price, narcopowders is a leading online powder shop for HEP powder for sale. Order Now!\" \/>\n<meta name=\"robots\" content=\"index, follow, max-snippet:-1, max-image-preview:large, max-video-preview:-1\" \/>\n<link rel=\"canonical\" href=\"https:\/\/narcopowders.com\/tr\/urun\/buy-hep-powder-online\/\" \/>\n<meta property=\"og:locale\" content=\"tr_TR\" \/>\n<meta property=\"og:type\" content=\"article\" \/>\n<meta property=\"og:title\" content=\"Buy HEP Powder Online - HEP Powder for Sale - Order HEP\" \/>\n<meta property=\"og:description\" content=\"If you are looking for best place to buy HEP powder online at low price, narcopowders is a leading online powder shop for HEP powder for sale. Order Now!\" \/>\n<meta property=\"og:url\" content=\"https:\/\/narcopowders.com\/tr\/urun\/buy-hep-powder-online\/\" \/>\n<meta property=\"og:site_name\" content=\"Narco Powders\" \/>\n<meta property=\"article:modified_time\" content=\"2025-03-26T13:01:23+00:00\" \/>\n<meta property=\"og:image\" content=\"https:\/\/narcopowders.com\/wp-content\/uploads\/2024\/05\/Hep.gif\" \/>\n\t<meta property=\"og:image:width\" content=\"600\" \/>\n\t<meta property=\"og:image:height\" content=\"600\" \/>\n\t<meta property=\"og:image:type\" content=\"image\/gif\" \/>\n<meta name=\"twitter:card\" content=\"summary_large_image\" \/>\n<meta name=\"twitter:label1\" content=\"Tahmini okuma s\u00fcresi\" \/>\n\t<meta name=\"twitter:data1\" content=\"2 dakika\" \/>\n<!-- \/ Yoast SEO plugin. -->","yoast_head_json":{"title":"HEP Tozu Online Sat\u0131n Al\u0131n - Sat\u0131l\u0131k HEP Tozu - HEP Sipari\u015f Edin","description":"D\u00fc\u015f\u00fck fiyata \u00e7evrimi\u00e7i HEP tozu sat\u0131n almak i\u00e7in en iyi yeri ar\u0131yorsan\u0131z, narcopowders sat\u0131l\u0131k HEP tozu i\u00e7in \u00f6nde gelen bir \u00e7evrimi\u00e7i toz ma\u011fazas\u0131d\u0131r. \u015eimdi Sipari\u015f Verin!","robots":{"index":"index","follow":"follow","max-snippet":"max-snippet:-1","max-image-preview":"max-image-preview:large","max-video-preview":"max-video-preview:-1"},"canonical":"https:\/\/narcopowders.com\/tr\/urun\/buy-hep-powder-online\/","og_locale":"tr_TR","og_type":"article","og_title":"Buy HEP Powder Online - HEP Powder for Sale - Order HEP","og_description":"If you are looking for best place to buy HEP powder online at low price, narcopowders is a leading online powder shop for HEP powder for sale. Order Now!","og_url":"https:\/\/narcopowders.com\/tr\/urun\/buy-hep-powder-online\/","og_site_name":"Narco Powders","article_modified_time":"2025-03-26T13:01:23+00:00","og_image":[{"width":600,"height":600,"url":"https:\/\/narcopowders.com\/wp-content\/uploads\/2024\/05\/Hep.gif","type":"image\/gif"}],"twitter_card":"summary_large_image","twitter_misc":{"Tahmini okuma s\u00fcresi":"2 dakika"},"schema":{"@context":"https:\/\/schema.org","@graph":[{"@type":"WebPage","@id":"https:\/\/narcopowders.com\/product\/buy-hep-powder-online\/","url":"https:\/\/narcopowders.com\/product\/buy-hep-powder-online\/","name":"HEP Tozu Online Sat\u0131n Al\u0131n - Sat\u0131l\u0131k HEP Tozu - HEP Sipari\u015f Edin","isPartOf":{"@id":"https:\/\/narcopowders.com\/#website"},"primaryImageOfPage":{"@id":"https:\/\/narcopowders.com\/product\/buy-hep-powder-online\/#primaryimage"},"image":{"@id":"https:\/\/narcopowders.com\/product\/buy-hep-powder-online\/#primaryimage"},"thumbnailUrl":"https:\/\/narcopowders.com\/wp-content\/uploads\/2024\/05\/Hep.gif","datePublished":"2024-05-23T06:14:38+00:00","dateModified":"2025-03-26T13:01:23+00:00","description":"D\u00fc\u015f\u00fck fiyata \u00e7evrimi\u00e7i HEP tozu sat\u0131n almak i\u00e7in en iyi yeri ar\u0131yorsan\u0131z, narcopowders sat\u0131l\u0131k HEP tozu i\u00e7in \u00f6nde gelen bir \u00e7evrimi\u00e7i toz ma\u011fazas\u0131d\u0131r. \u015eimdi Sipari\u015f Verin!","breadcrumb":{"@id":"https:\/\/narcopowders.com\/product\/buy-hep-powder-online\/#breadcrumb"},"inLanguage":"tr","potentialAction":[{"@type":"ReadAction","target":["https:\/\/narcopowders.com\/product\/buy-hep-powder-online\/"]}]},{"@type":"ImageObject","inLanguage":"tr","@id":"https:\/\/narcopowders.com\/product\/buy-hep-powder-online\/#primaryimage","url":"https:\/\/narcopowders.com\/wp-content\/uploads\/2024\/05\/Hep.gif","contentUrl":"https:\/\/narcopowders.com\/wp-content\/uploads\/2024\/05\/Hep.gif","width":600,"height":600,"caption":"Buy HEP Powder Online"},{"@type":"BreadcrumbList","@id":"https:\/\/narcopowders.com\/product\/buy-hep-powder-online\/#breadcrumb","itemListElement":[{"@type":"ListItem","position":1,"name":"Home","item":"https:\/\/narcopowders.com\/"},{"@type":"ListItem","position":2,"name":"Shop Page","item":"https:\/\/narcopowders.com\/shop\/"},{"@type":"ListItem","position":3,"name":"Buy HEP Powder Online"}]},{"@type":"WebSite","@id":"https:\/\/narcopowders.com\/#website","url":"https:\/\/narcopowders.com\/","name":"Narko Tozlar","description":"WordPress Blogum","potentialAction":[{"@type":"SearchAction","target":{"@type":"EntryPoint","urlTemplate":"https:\/\/narcopowders.com\/?s={search_term_string}"},"query-input":{"@type":"PropertyValueSpecification","valueRequired":true,"valueName":"search_term_string"}}],"inLanguage":"tr"}]}},"_links":{"self":[{"href":"https:\/\/narcopowders.com\/tr\/wp-json\/wp\/v2\/product\/20598","targetHints":{"allow":["GET"]}}],"collection":[{"href":"https:\/\/narcopowders.com\/tr\/wp-json\/wp\/v2\/product"}],"about":[{"href":"https:\/\/narcopowders.com\/tr\/wp-json\/wp\/v2\/types\/product"}],"replies":[{"embeddable":true,"href":"https:\/\/narcopowders.com\/tr\/wp-json\/wp\/v2\/comments?post=20598"}],"wp:featuredmedia":[{"embeddable":true,"href":"https:\/\/narcopowders.com\/tr\/wp-json\/wp\/v2\/media\/21286"}],"wp:attachment":[{"href":"https:\/\/narcopowders.com\/tr\/wp-json\/wp\/v2\/media?parent=20598"}],"wp:term":[{"taxonomy":"product_brand","embeddable":true,"href":"https:\/\/narcopowders.com\/tr\/wp-json\/wp\/v2\/product_brand?post=20598"},{"taxonomy":"product_cat","embeddable":true,"href":"https:\/\/narcopowders.com\/tr\/wp-json\/wp\/v2\/product_cat?post=20598"},{"taxonomy":"product_tag","embeddable":true,"href":"https:\/\/narcopowders.com\/tr\/wp-json\/wp\/v2\/product_tag?post=20598"}],"curies":[{"name":"wp","href":"https:\/\/api.w.org\/{rel}","templated":true}]}}