{"id":20601,"date":"2024-05-23T06:14:39","date_gmt":"2024-05-23T06:14:39","guid":{"rendered":"https:\/\/narcopowders.com\/?post_type=product&#038;p=20601"},"modified":"2025-03-26T12:57:29","modified_gmt":"2025-03-26T12:57:29","slug":"buy-th-pvp-online","status":"publish","type":"product","link":"https:\/\/narcopowders.com\/tr\/urun\/buy-th-pvp-online\/","title":{"rendered":"TH-PVP Online Sat\u0131n Al\u0131n"},"content":{"rendered":"<h2>TH-PVP Online Sat\u0131n Al\u0131n | TH-PVP Yasal Olarak Sat\u0131l\u0131k<\/h2>\n<h2>TH-PVP: Nedir?<\/h2>\n<p><strong>TH-PVP taraf\u0131ndan<\/strong><\/p>\n<p><a href=\"https:\/\/en.wikipedia.org\/wiki\/TH-PVP\">TH-PVP<\/a> son zamanlarda bir tasar\u0131mc\u0131 uyu\u015fturucusu olarak tan\u0131nm\u0131\u015ft\u0131r. Khat bitkisinde do\u011fal olarak bulunan bir madde olan Cathinone, bu kimyasal bile\u015fi\u011fin kayna\u011f\u0131d\u0131r. Macaristan, \u0130spanya, Bel\u00e7ika, Polonya, T\u00fcrkiye ve Brezilya'n\u0131n yan\u0131 s\u0131ra, <a href=\"https:\/\/narcopowders.com\/tr\/urun\/buy-th-pvp-online\/\">TH-PVP<\/a> D\u00fcnya \u00e7ap\u0131nda bir\u00e7ok \u00fclkede tespit edilmi\u015ftir. TH-PVP'nin farmakolojisi, tarih\u00e7esi, etkileri ve tehlikeleri bu makalede ele al\u0131nacakt\u0131r.<\/p>\n<h3>TH-PVP'nin arka plan\u0131<\/h3>\n<p>Macaristan adli t\u0131p laboratuvar\u0131 TH-PVP'yi ilk kez 2015 y\u0131l\u0131nda tespit etmi\u015ftir. Yayg\u0131n olarak kullan\u0131lan bir ila\u00e7 haline geldi ve h\u0131zla di\u011fer \u00fclkelere yay\u0131ld\u0131. TH-PVP genellikle beyaz veya sar\u0131 bir toz olarak sat\u0131l\u0131r ve bir tasar\u0131m ilac\u0131 veya ara\u015ft\u0131rma kimyasal\u0131 olarak tan\u0131t\u0131l\u0131r. Bu madde genellikle t\u00fctt\u00fcr\u00fcl\u00fcr, burundan \u00e7ekilir ya da a\u011f\u0131z yoluyla t\u00fcketilir. <a href=\"https:\/\/narcopowders.com\/tr\/\">ara\u015ft\u0131rma kimyasal\u0131<\/a>Bu madde genellikle sigara olarak i\u00e7ilir, burundan \u00e7ekilir veya a\u011f\u0131zdan t\u00fcketilir.<\/p>\n<h3>TH-FARMAKOLOJI\u0307 PVP<\/h3>\n<p>\u0130n vitro \u00e7al\u0131\u015fmalar <a href=\"https:\/\/duckduckgo.com\/?q=Buy+TH-PVP+Online&amp;t=h_&amp;ia=web\">TH-PVP<\/a> 'nin serotonin de dahil olmak \u00fczere monoamin n\u00f6rotransmitterlerinin geri al\u0131m\u0131n\u0131 azaltt\u0131\u011f\u0131n\u0131 g\u00f6stermi\u015ftir. Ayr\u0131ca, bu n\u00f6rotransmitterlerin sal\u0131n\u0131m\u0131n\u0131 art\u0131rarak davran\u0131\u015fsal ve ruh hali de\u011fi\u015fimlerine neden olabilir. Bu bulgulara ra\u011fmen TH-PVP'nin hayvanlar \u00fczerinde herhangi bir uyar\u0131c\u0131 etkisi oldu\u011fu g\u00f6sterilmemi\u015ftir. Baz\u0131 ara\u015ft\u0131rmac\u0131lara g\u00f6re, TH-PVP'nin farmakolojik profili daha \u00e7ok 5-Metil-MDA ve MDAI gibi yat\u0131\u015ft\u0131r\u0131c\u0131 empatojenlere benzemektedir.<\/p>\n<h3>TH-PVP'NI\u0307N ETKI\u0307LERI\u0307 VE TEHLI\u0307KELERI\u0307<\/h3>\n<p>TH-PVP etkileri dozaj, al\u0131m \u015fekli ve ki\u015fisel \u00f6zelliklere g\u00f6re \u00f6nemli \u00f6l\u00e7\u00fcde farkl\u0131l\u0131k g\u00f6sterebilir. TH-PVP kullan\u0131c\u0131lar\u0131 kendilerini moralli, mutlu ve \u00f6zg\u00fcvenli hissettiklerini ifade etmi\u015flerdir. Di\u011ferleri ise d\u00fc\u015fmanca, paranoyak ve endi\u015feli hissettiklerinden bahsetmi\u015flerdir. TH-PVP zaman zaman konv\u00fclsiyonlar, hal\u00fcsinasyonlar gibi tehlikeli yan etkilere neden olur.<\/p>\n<p>TH-PVP'nin s\u0131kl\u0131kla bir tasar\u0131m ilac\u0131 olarak sat\u0131ld\u0131\u011f\u0131 g\u00f6z \u00f6n\u00fcne al\u0131nd\u0131\u011f\u0131nda, riskleri \u00f6zellikle ciddidir. Bu, kimyasal\u0131n yasad\u0131\u015f\u0131 uyu\u015fturuculara g\u00fcvenli bir alternatif olarak tan\u0131t\u0131ld\u0131\u011f\u0131n\u0131 d\u00fc\u015f\u00fcnd\u00fcrmektedir. Ancak <a href=\"https:\/\/www.bing.com\/search?q=Buy%20TH-PVP%20Online&amp;qs=n&amp;form=QBRE&amp;sp=-1&amp;lq=0&amp;pq=buy%20th-pvp%20online&amp;sc=7-17&amp;sk=&amp;cvid=E4503EA23EF84E71AAA5F2041A4C6AB1&amp;ghsh=0&amp;ghacc=0&amp;ghpl=\">TH-PVP<\/a> Genellikle kontrols\u00fcz ortamlarda \u00fcretildi\u011finden, partilerin etkinli\u011fi ve safl\u0131\u011f\u0131 birbirinden b\u00fcy\u00fck \u00f6l\u00e7\u00fcde farkl\u0131l\u0131k g\u00f6sterebilir. Bu durum tehlikeli ve \u00f6ng\u00f6r\u00fclemeyen sonu\u00e7lar do\u011furabilir.<\/p>\n<p>TH-PVP son y\u0131llarda tasar\u0131mc\u0131 uyu\u015fturucusu olarak pop\u00fclerlik kazanm\u0131\u015ft\u0131r. Yasa d\u0131\u015f\u0131 uyu\u015fturuculara g\u00fcvenli ve yasal bir alternatif olarak tan\u0131t\u0131lmas\u0131na ra\u011fmen, bu madde genellikle kontrols\u00fcz laboratuvarlarda \u00fcretilir ve sa\u011fl\u0131\u011f\u0131n\u0131z i\u00e7in tehlikeli olabilir. <a href=\"https:\/\/www.google.com\/search?q=Buy+TH-PVP+Online&amp;sca_esv=16def464f60f9903&amp;sxsrf=AHTn8zqDsOGwU1KtBRp7rflOmvkfP6z8gQ%3A1742993324443&amp;ei=rPfjZ6vlGszw0PEPraW52A8&amp;ved=0ahUKEwir68uP5KeMAxVMODQIHa1SDvsQ4dUDCBA&amp;uact=5&amp;oq=Buy+TH-PVP+Online&amp;gs_lp=Egxnd3Mtd2l6LXNlcnAiEUJ1eSBUSC1QVlAgT25saW5lMgcQIRigARgKMgcQIRigARgKMgcQIRigARgKMgcQIRigARgKMgcQIRigARgKSKcIUPMDWPMDcAF4AZABAJgB0QOgAdEDqgEDNC0xuAEDyAEA-AEC-AEBmAICoALjA8ICChAAGLADGNYEGEeYAwCIBgGQBgiSBwUxLjQtMaAH2ASyBwM0LTG4B9cD&amp;sclient=gws-wiz-serp\">TH-PVP<\/a> ve kullan\u0131m\u0131ndan ka\u00e7\u0131n\u0131n. Siz veya sevdi\u011finiz biri madde ba\u011f\u0131ml\u0131l\u0131\u011f\u0131yla m\u00fccadele ediyorsa, destek i\u00e7in bir t\u0131p uzman\u0131na ba\u015fvurun.<\/p>","protected":false},"excerpt":{"rendered":"<p>Buy TH-PVP Online | TH-PVP for Sale Legally TH-PVP: What Is It? By TH-PVP TH-PVP has become well-known as a designer drug in recent times. Cathinone, a naturally occurring substance found in the Khat plant, is the source of this chemical compound. Apart from Hungary, Spain, Belgium, Poland, Turkey, and Brazil, TH-PVP has been identified [&hellip;]<\/p>","protected":false},"featured_media":21284,"comment_status":"open","ping_status":"closed","template":"","meta":{"_joinchat":[]},"product_brand":[],"product_cat":[1539],"product_tag":[],"class_list":{"0":"post-20601","1":"product","2":"type-product","3":"status-publish","4":"has-post-thumbnail","6":"product_cat-cathinone","8":"first","9":"instock","10":"shipping-taxable","11":"purchasable","12":"product-type-variable","13":"add-to-wishlist-after_add_to_cart"},"yoast_head":"<!-- This site is optimized with the Yoast SEO plugin v27.5 - https:\/\/yoast.com\/product\/yoast-seo-wordpress\/ -->\n<title>Buy TH-PVP Online - Order TH-PVP Online - TH-PVP for Sale<\/title>\n<meta name=\"description\" content=\"Looking for the best place to buy TH-PVP online? NarcoPowders is the best shop where you can order TH-PVP online, TH-PVP for sale. Order Now!\" \/>\n<meta name=\"robots\" content=\"index, follow, max-snippet:-1, max-image-preview:large, max-video-preview:-1\" \/>\n<link rel=\"canonical\" href=\"https:\/\/narcopowders.com\/tr\/urun\/buy-th-pvp-online\/\" \/>\n<meta property=\"og:locale\" content=\"tr_TR\" \/>\n<meta property=\"og:type\" content=\"article\" \/>\n<meta property=\"og:title\" content=\"Buy TH-PVP Online - Order TH-PVP Online - TH-PVP for Sale\" \/>\n<meta property=\"og:description\" content=\"Looking for the best place to buy TH-PVP online? NarcoPowders is the best shop where you can order TH-PVP online, TH-PVP for sale. Order Now!\" \/>\n<meta property=\"og:url\" content=\"https:\/\/narcopowders.com\/tr\/urun\/buy-th-pvp-online\/\" \/>\n<meta property=\"og:site_name\" content=\"Narco Powders\" \/>\n<meta property=\"article:modified_time\" content=\"2025-03-26T12:57:29+00:00\" \/>\n<meta property=\"og:image\" content=\"https:\/\/narcopowders.com\/wp-content\/uploads\/2024\/05\/Thpvp.gif\" \/>\n\t<meta property=\"og:image:width\" content=\"600\" \/>\n\t<meta property=\"og:image:height\" content=\"600\" \/>\n\t<meta property=\"og:image:type\" content=\"image\/gif\" \/>\n<meta name=\"twitter:card\" content=\"summary_large_image\" \/>\n<meta name=\"twitter:label1\" content=\"Tahmini okuma s\u00fcresi\" \/>\n\t<meta name=\"twitter:data1\" content=\"2 dakika\" \/>\n<!-- \/ Yoast SEO plugin. -->","yoast_head_json":{"title":"TH-PVP Online Sat\u0131n Al\u0131n - TH-PVP Online Sipari\u015f Edin - Sat\u0131l\u0131k TH-PVP","description":"TH-PVP online sat\u0131n almak i\u00e7in en iyi yeri mi ar\u0131yorsunuz? NarcoPowders, TH-PVP'yi \u00e7evrimi\u00e7i olarak sipari\u015f edebilece\u011finiz en iyi ma\u011fazad\u0131r, TH-PVP sat\u0131l\u0131kt\u0131r. \u015eimdi Sipari\u015f Verin!","robots":{"index":"index","follow":"follow","max-snippet":"max-snippet:-1","max-image-preview":"max-image-preview:large","max-video-preview":"max-video-preview:-1"},"canonical":"https:\/\/narcopowders.com\/tr\/urun\/buy-th-pvp-online\/","og_locale":"tr_TR","og_type":"article","og_title":"Buy TH-PVP Online - Order TH-PVP Online - TH-PVP for Sale","og_description":"Looking for the best place to buy TH-PVP online? NarcoPowders is the best shop where you can order TH-PVP online, TH-PVP for sale. Order Now!","og_url":"https:\/\/narcopowders.com\/tr\/urun\/buy-th-pvp-online\/","og_site_name":"Narco Powders","article_modified_time":"2025-03-26T12:57:29+00:00","og_image":[{"width":600,"height":600,"url":"https:\/\/narcopowders.com\/wp-content\/uploads\/2024\/05\/Thpvp.gif","type":"image\/gif"}],"twitter_card":"summary_large_image","twitter_misc":{"Tahmini okuma s\u00fcresi":"2 dakika"},"schema":{"@context":"https:\/\/schema.org","@graph":[{"@type":"WebPage","@id":"https:\/\/narcopowders.com\/product\/buy-th-pvp-online\/","url":"https:\/\/narcopowders.com\/product\/buy-th-pvp-online\/","name":"TH-PVP Online Sat\u0131n Al\u0131n - TH-PVP Online Sipari\u015f Edin - Sat\u0131l\u0131k TH-PVP","isPartOf":{"@id":"https:\/\/narcopowders.com\/#website"},"primaryImageOfPage":{"@id":"https:\/\/narcopowders.com\/product\/buy-th-pvp-online\/#primaryimage"},"image":{"@id":"https:\/\/narcopowders.com\/product\/buy-th-pvp-online\/#primaryimage"},"thumbnailUrl":"https:\/\/narcopowders.com\/wp-content\/uploads\/2024\/05\/Thpvp.gif","datePublished":"2024-05-23T06:14:39+00:00","dateModified":"2025-03-26T12:57:29+00:00","description":"TH-PVP online sat\u0131n almak i\u00e7in en iyi yeri mi ar\u0131yorsunuz? NarcoPowders, TH-PVP'yi \u00e7evrimi\u00e7i olarak sipari\u015f edebilece\u011finiz en iyi ma\u011fazad\u0131r, TH-PVP sat\u0131l\u0131kt\u0131r. \u015eimdi Sipari\u015f Verin!","breadcrumb":{"@id":"https:\/\/narcopowders.com\/product\/buy-th-pvp-online\/#breadcrumb"},"inLanguage":"tr","potentialAction":[{"@type":"ReadAction","target":["https:\/\/narcopowders.com\/product\/buy-th-pvp-online\/"]}]},{"@type":"ImageObject","inLanguage":"tr","@id":"https:\/\/narcopowders.com\/product\/buy-th-pvp-online\/#primaryimage","url":"https:\/\/narcopowders.com\/wp-content\/uploads\/2024\/05\/Thpvp.gif","contentUrl":"https:\/\/narcopowders.com\/wp-content\/uploads\/2024\/05\/Thpvp.gif","width":600,"height":600,"caption":"Buy TH-PVP Online"},{"@type":"BreadcrumbList","@id":"https:\/\/narcopowders.com\/product\/buy-th-pvp-online\/#breadcrumb","itemListElement":[{"@type":"ListItem","position":1,"name":"Home","item":"https:\/\/narcopowders.com\/"},{"@type":"ListItem","position":2,"name":"Shop Page","item":"https:\/\/narcopowders.com\/shop\/"},{"@type":"ListItem","position":3,"name":"Buy TH-PVP Online"}]},{"@type":"WebSite","@id":"https:\/\/narcopowders.com\/#website","url":"https:\/\/narcopowders.com\/","name":"Narko Tozlar","description":"WordPress Blogum","potentialAction":[{"@type":"SearchAction","target":{"@type":"EntryPoint","urlTemplate":"https:\/\/narcopowders.com\/?s={search_term_string}"},"query-input":{"@type":"PropertyValueSpecification","valueRequired":true,"valueName":"search_term_string"}}],"inLanguage":"tr"}]}},"_links":{"self":[{"href":"https:\/\/narcopowders.com\/tr\/wp-json\/wp\/v2\/product\/20601","targetHints":{"allow":["GET"]}}],"collection":[{"href":"https:\/\/narcopowders.com\/tr\/wp-json\/wp\/v2\/product"}],"about":[{"href":"https:\/\/narcopowders.com\/tr\/wp-json\/wp\/v2\/types\/product"}],"replies":[{"embeddable":true,"href":"https:\/\/narcopowders.com\/tr\/wp-json\/wp\/v2\/comments?post=20601"}],"wp:featuredmedia":[{"embeddable":true,"href":"https:\/\/narcopowders.com\/tr\/wp-json\/wp\/v2\/media\/21284"}],"wp:attachment":[{"href":"https:\/\/narcopowders.com\/tr\/wp-json\/wp\/v2\/media?parent=20601"}],"wp:term":[{"taxonomy":"product_brand","embeddable":true,"href":"https:\/\/narcopowders.com\/tr\/wp-json\/wp\/v2\/product_brand?post=20601"},{"taxonomy":"product_cat","embeddable":true,"href":"https:\/\/narcopowders.com\/tr\/wp-json\/wp\/v2\/product_cat?post=20601"},{"taxonomy":"product_tag","embeddable":true,"href":"https:\/\/narcopowders.com\/tr\/wp-json\/wp\/v2\/product_tag?post=20601"}],"curies":[{"name":"wp","href":"https:\/\/api.w.org\/{rel}","templated":true}]}}