{"id":20810,"date":"2024-05-23T06:15:37","date_gmt":"2024-05-23T06:15:37","guid":{"rendered":"https:\/\/narcopowders.com\/?post_type=product&#038;p=20810"},"modified":"2025-03-26T13:03:50","modified_gmt":"2025-03-26T13:03:50","slug":"buy-neh-online","status":"publish","type":"product","link":"https:\/\/narcopowders.com\/tr\/urun\/buy-neh-online\/","title":{"rendered":"NEH Online Sat\u0131n Al\u0131n"},"content":{"rendered":"<h2>NEH tozu online sat\u0131n al\u0131n<\/h2>\n<p><a href=\"https:\/\/narcopowders.com\/tr\/urun\/buy-neh-online\/\">NEH Tozu sat\u0131n al<\/a> NEH Tozu Sat\u0131n Al\u0131n, \u00e7evrimi\u00e7i olarak sat\u0131n al\u0131nabilen birinci s\u0131n\u0131f bir ara\u015ft\u0131rma kimyasal\u0131d\u0131r. NDH tozu, g\u00fcvenilir tedarik\u00e7i NarcoPowders.com'dan indirimli bir fiyata \u00e7evrimi\u00e7i olarak sat\u0131n al\u0131nabilir <a href=\"https:\/\/duckduckgo.com\/?q=Buy+NEH+Online&amp;t=h_&amp;ia=web\">NarcoPowders.com<\/a>.<\/p>\n<p>NarcoPowders olarak, sadece ara\u015ft\u0131rma ama\u00e7l\u0131 kullan\u0131m i\u00e7in tedarik edilen ve insanlar veya hayvanlar i\u00e7in in vivo te\u015fhis, yemek, ila\u00e7, t\u0131bbi cihaz veya kozmetik dahil ancak bunlarla s\u0131n\u0131rl\u0131 olmamak \u00fczere ba\u015fka herhangi bir ama\u00e7la kullan\u0131lmamas\u0131 gereken NEH tozunu tan\u0131tmaktan memnuniyet duyuyoruz <a href=\"https:\/\/kaufennembutal.com\/product\/kaufen-meth-online\/\">.<\/a><\/p>\n<p>L\u00fctfen gerekli ara\u00e7lara sahip oldu\u011funuzdan emin olun <a href=\"https:\/\/narcopowders.com\/tr\/\">ara\u015ft\u0131rma kimyasallar\u0131<\/a> L\u00fctfen bu \u00fcr\u00fcn\u00fc bizden sat\u0131n almadan \u00f6nce ara\u015ft\u0131rma kimyasallar\u0131n\u0131 kullanmak i\u00e7in gerekli ara\u00e7lara sahip oldu\u011funuzdan ve i\u015f yerinizin yeterince havaland\u0131r\u0131ld\u0131\u011f\u0131ndan emin olun.<\/p>\n<p>Bu \u00fcr\u00fcn\u00fc sipari\u015f etmek i\u00e7in asgari ya\u015f on sekizdir.<br \/>\n<a href=\"https:\/\/www.google.com\/search?q=Buy+NEH+Online&amp;sca_esv=16def464f60f9903&amp;sxsrf=AHTn8zprhLXQkmjX4zWLFlAUfnIDxqmXxQ%3A1742993998974&amp;ei=TvrjZ7uXO4i_0PEPkamV6QM&amp;ved=0ahUKEwi79p3R5qeMAxWIHzQIHZFUJT0Q4dUDCBA&amp;uact=5&amp;oq=Buy+NEH+Online&amp;gs_lp=Egxnd3Mtd2l6LXNlcnAiDkJ1eSBORUggT25saW5lMgYQABgNGB4yCBAAGAgYDRgeMggQABgIGA0YHjIIEAAYCBgNGB4yCBAAGAgYDRgeMggQABgIGA0YHjIIEAAYCBgNGB4yCBAAGAgYDRgeMggQABgIGA0YHjIIEAAYCBgNGB5ItQdQ6QNY6QNwAXgBkAEAmAH_AqAB_wKqAQMzLTG4AQPIAQD4AQL4AQGYAgKgApMDwgIKEAAYsAMY1gQYR5gDAIgGAZAGCJIHBTEuMy0xoAeMB7IHAzMtMbgHhQM&amp;sclient=gws-wiz-serp\">NEH powder<\/a> NEH tozu, kaynakland\u0131\u011f\u0131m\u0131z \u00fclkede yasald\u0131r. \u00dclkenizdeki yasal sistemi bilmek ve bunlara uymak sizin g\u00f6revinizdir. Bu \u00fcr\u00fcn\u00fc sipari\u015f etme veya kullanma karar\u0131n\u0131zdan kaynaklanan herhangi bir eylem veya sonu\u00e7 i\u00e7in t\u00fcm sorumlulu\u011fu reddediyoruz.<\/p>\n<h3>Tarih ve k\u00fclt\u00fcr<\/h3>\n<p><a href=\"https:\/\/en.wikipedia.org\/wiki\/N-Ethylhexedrone\">N-ethylhexedrone<\/a> \u0130lk olarak, Kas\u0131m 2015'te JRC taraf\u0131ndan Bel\u00e7ika g\u00fcmr\u00fck laboratuvar\u0131ndan al\u0131nan bir numunede tespit edilmi\u015ftir. Ocak 2016'da Frans\u0131z g\u00fcmr\u00fckleri taraf\u0131ndan sa\u011flanan bir numunede de JRC'de tespit edilmi\u015ftir. Daha sonra, \u015eubat 2016'da EMCDDA, \u0130sve\u00e7, Hollanda, Fransa, Bel\u00e7ika ve Slovenya gibi di\u011fer \u00fclkelerden bu maddenin tespitine ili\u015fkin raporlar alm\u0131\u015ft\u0131r.<\/p>\n<p><strong>Kimya<\/strong><\/p>\n<p><a href=\"https:\/\/www.bing.com\/search?q=Buy%20NEH%20Online&amp;qs=n&amp;form=QBRE&amp;sp=-1&amp;lq=0&amp;pq=buy%20neh%20online&amp;sc=6-14&amp;sk=&amp;cvid=776E2B25F4C04B25AD64839FD87D4C95&amp;ghsh=0&amp;ghacc=0&amp;ghpl=\">n-Ethylhexedrone<\/a> n-Etilheksedron, katinonlar\u0131n kimyasal s\u0131n\u0131f\u0131ndan bir molek\u00fcld\u00fcr. \"S\u00fcbstit\u00fce katinon\" terimi, khat bitkisinin ana aktif bile\u015feni olan katinona dayanan geni\u015f bir madde yelpazesini ifade eder. Katinon esasen bir amfetamin \u00e7ekirde\u011fi (alfa karbon atomuna ba\u011fl\u0131 bir alkil grubuna sahip bir fenetilamin \u00e7ekirde\u011fi) ve beta karbon atomuna ba\u011fl\u0131 bir oksijen grubundan olu\u015fur. Katinonlar, amfetaminlerin beta-keton (\u03b2k) analoglar\u0131 (\u03b2-karbon atomunda \u00e7ift ba\u011fl\u0131 oksijen) olarak da bilinir.<\/p>\n<p>\u00d6zellikle, katinon omurgas\u0131 \u00fc\u00e7 farkl\u0131 b\u00f6lgede modifiye edilerek, a\u015fa\u011f\u0131dakiler gibi s\u00fcbstit\u00fcentler de dahil olmak \u00fczere y\u00fczlerce olas\u0131 bile\u015fik olu\u015fturulabilir<br \/>\naromatik halka, alfa karbonu veya amin grubu \u00fczerinde.<\/p>\n<p><strong>FARMAKOLOJ\u0130<\/strong><\/p>\n<p>\u0130nsanlarda n-etilheksedron ve di\u011fer s\u00fcbstit\u00fce katinonlar\u0131n farmakokineti\u011fi ve farmakodinami\u011fi hakk\u0131nda \u00e7ok az veri mevcuttur. Amfetaminler gibi sentetik katinonlar da uyar\u0131c\u0131 ve sempatomimetik etkilerini dopamin, serotonin ve norepinefrin gibi katekolaminlerin sinaptik konsantrasyonlar\u0131n\u0131 art\u0131rarak g\u00f6sterirler. Bu molek\u00fcller monoamin geri al\u0131m ta\u015f\u0131y\u0131c\u0131lar\u0131n\u0131 inhibe ederek n\u00f6rotransmitterlerin sinapstan temizlenmesini azaltabilir. Ayr\u0131ca h\u00fccre i\u00e7i depolardan biyojenik aminlerin sal\u0131nmas\u0131na da neden olabilirler.<\/p>\n<p>Sentetik katinonlar genellikle kan-beyin bariyerini amfetaminlerden daha az ge\u00e7ebilir \u00e7\u00fcnk\u00fc beta-keto grubu polaritenin artmas\u0131na neden olur. Di\u011fer sentetik katinonlar\u0131n aksine, pirolidin t\u00fcrevlerinin kan-beyin bariyerini ge\u00e7me kabiliyeti daha y\u00fcksektir \u00e7\u00fcnk\u00fc pirolidin halkas\u0131 bu molek\u00fcllere d\u00fc\u015f\u00fck bir polarite kazand\u0131r\u0131r. Sentetik katinonlar\u0131n metabolizmas\u0131 \u00fczerine yap\u0131lan \u00e7al\u0131\u015fmalar, n-demetillendiklerini, keto grubunun hidroksile indirgendi\u011fini ve halka alkil gruplar\u0131n\u0131n oksitlendi\u011fini g\u00f6stermi\u015ftir.<\/p>","protected":false},"excerpt":{"rendered":"<p>Buy NEH powder online Buy NEH Powder is a premium research chemical that can be purchased online. NDH powder can be purchased online at a discounted price from reliable supplier NarcoPowders.com. We at NarcoPowders are pleased to introduce NEH powder which is supplied for research use only and is not to be used for any [&hellip;]<\/p>","protected":false},"featured_media":21285,"comment_status":"open","ping_status":"closed","template":"","meta":{"_joinchat":[]},"product_brand":[],"product_cat":[1599],"product_tag":[],"class_list":{"0":"post-20810","1":"product","2":"type-product","3":"status-publish","4":"has-post-thumbnail","6":"product_cat-stimulants","8":"first","9":"instock","10":"shipping-taxable","11":"purchasable","12":"product-type-variable","13":"add-to-wishlist-after_add_to_cart"},"yoast_head":"<!-- This site is optimized with the Yoast SEO plugin v25.9 - https:\/\/yoast.com\/wordpress\/plugins\/seo\/ -->\n<title>Buy NEH Online - NEH Powder for Sale - Order NEH Online<\/title>\n<meta name=\"description\" content=\"Buy NEH Online ~ Looking for the best place where to buy NEH powder online legally? NarcoPowders is 365 days available to get best NEH for sale.\" \/>\n<meta name=\"robots\" content=\"index, follow, max-snippet:-1, max-image-preview:large, max-video-preview:-1\" \/>\n<link rel=\"canonical\" href=\"https:\/\/narcopowders.com\/tr\/urun\/buy-neh-online\/\" \/>\n<meta property=\"og:locale\" content=\"tr_TR\" \/>\n<meta property=\"og:type\" content=\"article\" \/>\n<meta property=\"og:title\" content=\"Buy NEH Online - NEH Powder for Sale - Order NEH Online\" \/>\n<meta property=\"og:description\" content=\"Buy NEH Online ~ Looking for the best place where to buy NEH powder online legally? NarcoPowders is 365 days available to get best NEH for sale.\" \/>\n<meta property=\"og:url\" content=\"https:\/\/narcopowders.com\/tr\/urun\/buy-neh-online\/\" \/>\n<meta property=\"og:site_name\" content=\"Narco Powders\" \/>\n<meta property=\"article:modified_time\" content=\"2025-03-26T13:03:50+00:00\" \/>\n<meta property=\"og:image\" content=\"https:\/\/narcopowders.com\/wp-content\/uploads\/2024\/05\/NEH.gif\" \/>\n\t<meta property=\"og:image:width\" content=\"600\" \/>\n\t<meta property=\"og:image:height\" content=\"600\" \/>\n\t<meta property=\"og:image:type\" content=\"image\/gif\" \/>\n<meta name=\"twitter:card\" content=\"summary_large_image\" \/>\n<meta name=\"twitter:label1\" content=\"Tahmini okuma s\u00fcresi\" \/>\n\t<meta name=\"twitter:data1\" content=\"3 dakika\" \/>\n<!-- \/ Yoast SEO plugin. -->","yoast_head_json":{"title":"NEH Online Sat\u0131n Al\u0131n - Sat\u0131l\u0131k NEH Tozu - NEH Online Sipari\u015f Edin","description":"NEH Online Sat\u0131n Al\u0131n ~ NEH tozunu yasal olarak \u00e7evrimi\u00e7i sat\u0131n alabilece\u011finiz en iyi yeri mi ar\u0131yorsunuz? NarcoPowders, sat\u0131l\u0131k en iyi NEH'i almak i\u00e7in 365 g\u00fcn kullan\u0131labilir.","robots":{"index":"index","follow":"follow","max-snippet":"max-snippet:-1","max-image-preview":"max-image-preview:large","max-video-preview":"max-video-preview:-1"},"canonical":"https:\/\/narcopowders.com\/tr\/urun\/buy-neh-online\/","og_locale":"tr_TR","og_type":"article","og_title":"Buy NEH Online - NEH Powder for Sale - Order NEH Online","og_description":"Buy NEH Online ~ Looking for the best place where to buy NEH powder online legally? NarcoPowders is 365 days available to get best NEH for sale.","og_url":"https:\/\/narcopowders.com\/tr\/urun\/buy-neh-online\/","og_site_name":"Narco Powders","article_modified_time":"2025-03-26T13:03:50+00:00","og_image":[{"width":600,"height":600,"url":"https:\/\/narcopowders.com\/wp-content\/uploads\/2024\/05\/NEH.gif","type":"image\/gif"}],"twitter_card":"summary_large_image","twitter_misc":{"Tahmini okuma s\u00fcresi":"3 dakika"},"schema":{"@context":"https:\/\/schema.org","@graph":[{"@type":"WebPage","@id":"https:\/\/narcopowders.com\/product\/buy-neh-online\/","url":"https:\/\/narcopowders.com\/product\/buy-neh-online\/","name":"NEH Online Sat\u0131n Al\u0131n - Sat\u0131l\u0131k NEH Tozu - NEH Online Sipari\u015f Edin","isPartOf":{"@id":"https:\/\/narcopowders.com\/#website"},"primaryImageOfPage":{"@id":"https:\/\/narcopowders.com\/product\/buy-neh-online\/#primaryimage"},"image":{"@id":"https:\/\/narcopowders.com\/product\/buy-neh-online\/#primaryimage"},"thumbnailUrl":"https:\/\/narcopowders.com\/wp-content\/uploads\/2024\/05\/NEH.gif","datePublished":"2024-05-23T06:15:37+00:00","dateModified":"2025-03-26T13:03:50+00:00","description":"NEH Online Sat\u0131n Al\u0131n ~ NEH tozunu yasal olarak \u00e7evrimi\u00e7i sat\u0131n alabilece\u011finiz en iyi yeri mi ar\u0131yorsunuz? NarcoPowders, sat\u0131l\u0131k en iyi NEH'i almak i\u00e7in 365 g\u00fcn kullan\u0131labilir.","breadcrumb":{"@id":"https:\/\/narcopowders.com\/product\/buy-neh-online\/#breadcrumb"},"inLanguage":"tr","potentialAction":[{"@type":"ReadAction","target":["https:\/\/narcopowders.com\/product\/buy-neh-online\/"]}]},{"@type":"ImageObject","inLanguage":"tr","@id":"https:\/\/narcopowders.com\/product\/buy-neh-online\/#primaryimage","url":"https:\/\/narcopowders.com\/wp-content\/uploads\/2024\/05\/NEH.gif","contentUrl":"https:\/\/narcopowders.com\/wp-content\/uploads\/2024\/05\/NEH.gif","width":600,"height":600,"caption":"Buy NEH Online"},{"@type":"BreadcrumbList","@id":"https:\/\/narcopowders.com\/product\/buy-neh-online\/#breadcrumb","itemListElement":[{"@type":"ListItem","position":1,"name":"Home","item":"https:\/\/narcopowders.com\/"},{"@type":"ListItem","position":2,"name":"Shop Page","item":"https:\/\/narcopowders.com\/shop\/"},{"@type":"ListItem","position":3,"name":"Buy NEH Online"}]},{"@type":"WebSite","@id":"https:\/\/narcopowders.com\/#website","url":"https:\/\/narcopowders.com\/","name":"Narko Tozlar","description":"WordPress Blogum","potentialAction":[{"@type":"SearchAction","target":{"@type":"EntryPoint","urlTemplate":"https:\/\/narcopowders.com\/?s={search_term_string}"},"query-input":{"@type":"PropertyValueSpecification","valueRequired":true,"valueName":"search_term_string"}}],"inLanguage":"tr"}]}},"_links":{"self":[{"href":"https:\/\/narcopowders.com\/tr\/wp-json\/wp\/v2\/product\/20810","targetHints":{"allow":["GET"]}}],"collection":[{"href":"https:\/\/narcopowders.com\/tr\/wp-json\/wp\/v2\/product"}],"about":[{"href":"https:\/\/narcopowders.com\/tr\/wp-json\/wp\/v2\/types\/product"}],"replies":[{"embeddable":true,"href":"https:\/\/narcopowders.com\/tr\/wp-json\/wp\/v2\/comments?post=20810"}],"wp:featuredmedia":[{"embeddable":true,"href":"https:\/\/narcopowders.com\/tr\/wp-json\/wp\/v2\/media\/21285"}],"wp:attachment":[{"href":"https:\/\/narcopowders.com\/tr\/wp-json\/wp\/v2\/media?parent=20810"}],"wp:term":[{"taxonomy":"product_brand","embeddable":true,"href":"https:\/\/narcopowders.com\/tr\/wp-json\/wp\/v2\/product_brand?post=20810"},{"taxonomy":"product_cat","embeddable":true,"href":"https:\/\/narcopowders.com\/tr\/wp-json\/wp\/v2\/product_cat?post=20810"},{"taxonomy":"product_tag","embeddable":true,"href":"https:\/\/narcopowders.com\/tr\/wp-json\/wp\/v2\/product_tag?post=20810"}],"curies":[{"name":"wp","href":"https:\/\/api.w.org\/{rel}","templated":true}]}}