{"id":20881,"date":"2024-05-23T06:16:01","date_gmt":"2024-05-23T06:16:01","guid":{"rendered":"https:\/\/narcopowders.com\/?post_type=product&#038;p=20881"},"modified":"2025-03-26T12:31:28","modified_gmt":"2025-03-26T12:31:28","slug":"buy-eutylone-online","status":"publish","type":"product","link":"https:\/\/narcopowders.com\/tr\/urun\/online-eutylone-satin-al\/","title":{"rendered":"EUTYLONE Online Sat\u0131n Al\u0131n"},"content":{"rendered":"<h2><strong>Eutylone Online Sat\u0131n Al\u0131n<\/strong><\/h2>\n<p><a href=\"https:\/\/narcopowders.com\/tr\/\">Narcopowders<\/a> is a leading platform where you can <a href=\"https:\/\/narcopowders.com\/tr\/urun\/online-eutylone-satin-al\/\">buy Eutylone online<\/a>. hi\u00e7bir zorlukla kar\u015f\u0131la\u015fmadan. G\u00fcvenilir bir Eutylone (hidroklor\u00fcr) sat\u0131c\u0131s\u0131 ve tedarik\u00e7isi olarak t\u00fcm ihtiya\u00e7lar\u0131n\u0131z\u0131 kar\u015f\u0131lamaya \u00e7al\u0131\u015faca\u011f\u0131z.<\/p>\n<p>Sat\u0131l\u0131k Eutylone, 1960 y\u0131l\u0131nda yarat\u0131lan eutylone ad\u0131 verilen benzersiz bir uyar\u0131c\u0131 tip tasar\u0131mc\u0131 ilac\u0131d\u0131r. \u00d6forik deneyimleri art\u0131r\u0131r ve insanlarda beyin fonksiyonlar\u0131n\u0131 iyile\u015ftirir. \u0130la\u00e7 rekreasyonel olarak ve \u00e7ok \u00e7e\u015fitli hastal\u0131klar\u0131 tedavi etmek i\u00e7in kullan\u0131lm\u0131\u015ft\u0131r. Tipik olarak soluk sar\u0131 renktedir ve kristaller \u015feklinde g\u00f6r\u00fcl\u00fcr. \u03b2-Keto-1, 3-benzodioxole-N-methylbutanamine ilac\u0131n kimyasal ad\u0131, C13H17NO3 ise molek\u00fcler form\u00fcl\u00fcd\u00fcr. Eutylone'un molek\u00fcler a\u011f\u0131rl\u0131\u011f\u0131 235.278 g\/mol'd\u00fcr. En saf formlar\u0131nda, \u00f6tilon kristalleri 97-98% safl\u0131\u011fa sahiptir.<\/p>\n<p><a href=\"https:\/\/duckduckgo.com\/?q=Buy+Eutylone+Online&amp;t=h_&amp;ia=web\">Purchase Eutylone online<\/a>, a medication that has characteristics with <a href=\"https:\/\/www.google.com\/search?q=Buy+Eutylone+Online&amp;sca_esv=16def464f60f9903&amp;sxsrf=AHTn8zpF1aSO4rFCm6dFMRC0UGovrZP6Ug%3A1742991950664&amp;ei=TvLjZ7ahKKi_0PEPx_OSsQI&amp;ved=0ahUKEwi2gMOA36eMAxWoHzQIHce5JCYQ4dUDCBA&amp;uact=5&amp;oq=Buy+Eutylone+Online&amp;gs_lp=Egxnd3Mtd2l6LXNlcnAiE0J1eSBFdXR5bG9uZSBPbmxpbmVI9AZQiwNYiwNwAXgAkAEAmAGFA6ABhQOqAQMzLTG4AQPIAQD4AQL4AQGYAgCgAgCYAwCIBgGSBwCgB0eyBwC4BwA&amp;sclient=gws-wiz-serp\">Ethylone<\/a> and is classified as a cathinone. Because of its stimulating properties, it affects how the the body&#8217;s central nerve system.<\/p>\n<p>\u0130la\u00e7lar, tipik s\u0131cakl\u0131\u011f\u0131 20 ila 25 santigrat derece olan ve nem belirtisi bulunmayan so\u011fuk bir ortamda saklan\u0131r.<\/p>\n<p>Eutylone is available for purchase through our online store, Narcopowders, and can be used as a <a href=\"https:\/\/www.bing.com\/search?q=Buy%20Eutylone%20Online&amp;qs=n&amp;form=QBRE&amp;sp=-1&amp;lq=0&amp;pq=buy%20eutylone%20online&amp;sc=0-19&amp;sk=&amp;cvid=48E10A6CF37F4DCE9A7893D18BDA464F&amp;ghsh=0&amp;ghacc=0&amp;ghpl=\">ara\u015ft\u0131rma kimyasal\u0131<\/a> or pharmaceutical. We provide discreet shipping services and have global shipping capabilities.<\/p>\n<p><a href=\"https:\/\/en.wikipedia.org\/wiki\/Eutylone\">Purchase Eutylone online<\/a> Eutylone'u \u00e7evrimi\u00e7i sat\u0131n al\u0131n \u00e7\u00fcnk\u00fc v\u00fccudun n\u00f6rolojik sistemi \u00fczerinde bir uyar\u0131c\u0131 g\u00f6revi g\u00f6r\u00fcr. \u00d6fori duygular\u0131n\u0131 ve a\u015f\u0131r\u0131 fiziksel aktiviteye girme arzusunu yo\u011funla\u015ft\u0131rabilir. K\u0131sa vadeli etkileri aras\u0131nda motor kontrol kayb\u0131 ve v\u00fccudun kontrol edilemeyen hareketi yer al\u0131r; uzun vadeli yans\u0131malar\u0131 aras\u0131nda ba\u011f\u0131ml\u0131l\u0131k ve anksiyete yer al\u0131r.<\/p>\n<p>Web sitemizden \u00e7evrimi\u00e7i ara\u015ft\u0131rma kimyasallar\u0131 sat\u0131n almak g\u00fcvenli ve pratiktir. Genellikle t\u00fcm m\u00fc\u015fteri bilgilerinin g\u00fcvenli\u011fini sistemimizdeki dosyada tutuyoruz ve ayr\u0131ca t\u00fcm \u00f6deme i\u015flemlerinin g\u00fcvenli\u011fini garanti ediyoruz. Kimyasallar\u0131 kap\u0131n\u0131za g\u00f6ndermeden \u00f6nce, sunulan \u00fcr\u00fcnlerin hi\u00e7birinde kirletici madde bulunmad\u0131\u011f\u0131ndan s\u00fcrekli olarak emin oluyoruz.<\/p>","protected":false},"excerpt":{"rendered":"<p>Buy Eutylone Online Narcopowders is a leading platform where you can buy Eutylone online. without facing any kind of hassle. Being a reliable vendor and supplier of Eutylone (hydrochloride) we will try to take care of all your needs. Eutylone for sale is a unique stimulant-type designer medicine called eutylone, which was created in 1960. [&hellip;]<\/p>","protected":false},"featured_media":21288,"comment_status":"open","ping_status":"closed","template":"","meta":{"_joinchat":[]},"product_brand":[],"product_cat":[1724,1538],"product_tag":[],"class_list":{"0":"post-20881","1":"product","2":"type-product","3":"status-publish","4":"has-post-thumbnail","6":"product_cat-research-chemicals","7":"product_cat-cannabinoids","9":"first","10":"instock","11":"shipping-taxable","12":"purchasable","13":"product-type-variable","14":"add-to-wishlist-after_add_to_cart"},"yoast_head":"<!-- This site is optimized with the Yoast SEO plugin v25.9 - https:\/\/yoast.com\/wordpress\/plugins\/seo\/ -->\n<title>Buy Eutylone Online - Eutylone for Sale - Order Eutylone Online<\/title>\n<meta name=\"description\" content=\"If you are willing to get eutylone for sale, then we are the right choice for you. Our staff members will help you buy eutylone online at cheap rates. Place your order with us!\" \/>\n<meta name=\"robots\" content=\"index, follow, max-snippet:-1, max-image-preview:large, max-video-preview:-1\" \/>\n<link rel=\"canonical\" href=\"https:\/\/narcopowders.com\/tr\/urun\/online-eutylone-satin-al\/\" \/>\n<meta property=\"og:locale\" content=\"tr_TR\" \/>\n<meta property=\"og:type\" content=\"article\" \/>\n<meta property=\"og:title\" content=\"Buy Eutylone Online - Eutylone for Sale - Order Eutylone Online\" \/>\n<meta property=\"og:description\" content=\"If you are willing to get eutylone for sale, then we are the right choice for you. Our staff members will help you buy eutylone online at cheap rates. Place your order with us!\" \/>\n<meta property=\"og:url\" content=\"https:\/\/narcopowders.com\/tr\/urun\/online-eutylone-satin-al\/\" \/>\n<meta property=\"og:site_name\" content=\"Narco Powders\" \/>\n<meta property=\"article:modified_time\" content=\"2025-03-26T12:31:28+00:00\" \/>\n<meta property=\"og:image\" content=\"https:\/\/narcopowders.com\/wp-content\/uploads\/2024\/05\/EUTYLONE.gif\" \/>\n\t<meta property=\"og:image:width\" content=\"600\" \/>\n\t<meta property=\"og:image:height\" content=\"600\" \/>\n\t<meta property=\"og:image:type\" content=\"image\/gif\" \/>\n<meta name=\"twitter:card\" content=\"summary_large_image\" \/>\n<meta name=\"twitter:label1\" content=\"Tahmini okuma s\u00fcresi\" \/>\n\t<meta name=\"twitter:data1\" content=\"2 dakika\" \/>\n<!-- \/ Yoast SEO plugin. -->","yoast_head_json":{"title":"Eutylone Online Sat\u0131n Al\u0131n - Sat\u0131l\u0131k Eutylone - Online Eutylone Sipari\u015f Edin","description":"Sat\u0131l\u0131k eutylone almak istiyorsan\u0131z, o zaman sizin i\u00e7in do\u011fru se\u00e7im biziz. Personelimiz, ucuz fiyatlarla \u00e7evrimi\u00e7i eutylone sat\u0131n alman\u0131za yard\u0131mc\u0131 olacakt\u0131r. Sipari\u015finizi bizimle verin!","robots":{"index":"index","follow":"follow","max-snippet":"max-snippet:-1","max-image-preview":"max-image-preview:large","max-video-preview":"max-video-preview:-1"},"canonical":"https:\/\/narcopowders.com\/tr\/urun\/online-eutylone-satin-al\/","og_locale":"tr_TR","og_type":"article","og_title":"Buy Eutylone Online - Eutylone for Sale - Order Eutylone Online","og_description":"If you are willing to get eutylone for sale, then we are the right choice for you. Our staff members will help you buy eutylone online at cheap rates. Place your order with us!","og_url":"https:\/\/narcopowders.com\/tr\/urun\/online-eutylone-satin-al\/","og_site_name":"Narco Powders","article_modified_time":"2025-03-26T12:31:28+00:00","og_image":[{"width":600,"height":600,"url":"https:\/\/narcopowders.com\/wp-content\/uploads\/2024\/05\/EUTYLONE.gif","type":"image\/gif"}],"twitter_card":"summary_large_image","twitter_misc":{"Tahmini okuma s\u00fcresi":"2 dakika"},"schema":{"@context":"https:\/\/schema.org","@graph":[{"@type":"WebPage","@id":"https:\/\/narcopowders.com\/product\/buy-eutylone-online\/","url":"https:\/\/narcopowders.com\/product\/buy-eutylone-online\/","name":"Eutylone Online Sat\u0131n Al\u0131n - Sat\u0131l\u0131k Eutylone - Online Eutylone Sipari\u015f Edin","isPartOf":{"@id":"https:\/\/narcopowders.com\/#website"},"primaryImageOfPage":{"@id":"https:\/\/narcopowders.com\/product\/buy-eutylone-online\/#primaryimage"},"image":{"@id":"https:\/\/narcopowders.com\/product\/buy-eutylone-online\/#primaryimage"},"thumbnailUrl":"https:\/\/narcopowders.com\/wp-content\/uploads\/2024\/05\/EUTYLONE.gif","datePublished":"2024-05-23T06:16:01+00:00","dateModified":"2025-03-26T12:31:28+00:00","description":"Sat\u0131l\u0131k eutylone almak istiyorsan\u0131z, o zaman sizin i\u00e7in do\u011fru se\u00e7im biziz. Personelimiz, ucuz fiyatlarla \u00e7evrimi\u00e7i eutylone sat\u0131n alman\u0131za yard\u0131mc\u0131 olacakt\u0131r. Sipari\u015finizi bizimle verin!","breadcrumb":{"@id":"https:\/\/narcopowders.com\/product\/buy-eutylone-online\/#breadcrumb"},"inLanguage":"tr","potentialAction":[{"@type":"ReadAction","target":["https:\/\/narcopowders.com\/product\/buy-eutylone-online\/"]}]},{"@type":"ImageObject","inLanguage":"tr","@id":"https:\/\/narcopowders.com\/product\/buy-eutylone-online\/#primaryimage","url":"https:\/\/narcopowders.com\/wp-content\/uploads\/2024\/05\/EUTYLONE.gif","contentUrl":"https:\/\/narcopowders.com\/wp-content\/uploads\/2024\/05\/EUTYLONE.gif","width":600,"height":600,"caption":"Buy EUTYLONE Online"},{"@type":"BreadcrumbList","@id":"https:\/\/narcopowders.com\/product\/buy-eutylone-online\/#breadcrumb","itemListElement":[{"@type":"ListItem","position":1,"name":"Home","item":"https:\/\/narcopowders.com\/"},{"@type":"ListItem","position":2,"name":"Shop Page","item":"https:\/\/narcopowders.com\/shop\/"},{"@type":"ListItem","position":3,"name":"Buy EUTYLONE Online"}]},{"@type":"WebSite","@id":"https:\/\/narcopowders.com\/#website","url":"https:\/\/narcopowders.com\/","name":"Narko Tozlar","description":"WordPress Blogum","potentialAction":[{"@type":"SearchAction","target":{"@type":"EntryPoint","urlTemplate":"https:\/\/narcopowders.com\/?s={search_term_string}"},"query-input":{"@type":"PropertyValueSpecification","valueRequired":true,"valueName":"search_term_string"}}],"inLanguage":"tr"}]}},"_links":{"self":[{"href":"https:\/\/narcopowders.com\/tr\/wp-json\/wp\/v2\/product\/20881","targetHints":{"allow":["GET"]}}],"collection":[{"href":"https:\/\/narcopowders.com\/tr\/wp-json\/wp\/v2\/product"}],"about":[{"href":"https:\/\/narcopowders.com\/tr\/wp-json\/wp\/v2\/types\/product"}],"replies":[{"embeddable":true,"href":"https:\/\/narcopowders.com\/tr\/wp-json\/wp\/v2\/comments?post=20881"}],"wp:featuredmedia":[{"embeddable":true,"href":"https:\/\/narcopowders.com\/tr\/wp-json\/wp\/v2\/media\/21288"}],"wp:attachment":[{"href":"https:\/\/narcopowders.com\/tr\/wp-json\/wp\/v2\/media?parent=20881"}],"wp:term":[{"taxonomy":"product_brand","embeddable":true,"href":"https:\/\/narcopowders.com\/tr\/wp-json\/wp\/v2\/product_brand?post=20881"},{"taxonomy":"product_cat","embeddable":true,"href":"https:\/\/narcopowders.com\/tr\/wp-json\/wp\/v2\/product_cat?post=20881"},{"taxonomy":"product_tag","embeddable":true,"href":"https:\/\/narcopowders.com\/tr\/wp-json\/wp\/v2\/product_tag?post=20881"}],"curies":[{"name":"wp","href":"https:\/\/api.w.org\/{rel}","templated":true}]}}