{"id":20923,"date":"2024-05-23T06:16:11","date_gmt":"2024-05-23T06:16:11","guid":{"rendered":"https:\/\/narcopowders.com\/?post_type=product&#038;p=20923"},"modified":"2024-05-24T05:50:28","modified_gmt":"2024-05-24T05:50:28","slug":"buy-2fdck-online","status":"publish","type":"product","link":"https:\/\/narcopowders.com\/tr\/urun\/2fdck-online-satin-al\/","title":{"rendered":"2FDCK Online Sat\u0131n Al\u0131n"},"content":{"rendered":"<h2>NarcoPowders Online'dan 2-FDCK Sat\u0131n Al\u0131n<\/h2>\n<p>2-FDCK Online Sat\u0131n Al\u0131n, Disosiyatif anestezik 2-Fl-2\u2032-Oxo-PCM, 2-FDCK, Floroketamin ve 2-Fl-2\u2032-Oxo-PCM olarak da bilinir. Ketaminin klor grubu i\u00e7ermeyen flor bazl\u0131 e\u015fde\u011feridir. 2-FDCK Online Sat\u0131n Al\u0131n<\/p>\n<p>Arilsikloheksilamin s\u0131n\u0131f\u0131 yeni dissosiyatif ila\u00e7 2-Fl-2\u2032-Oxo-PCM, 2-Florodeskloroketamin, 2-FDCK ve yanl\u0131\u015fl\u0131kla 2-Fluroketamin, Fluoroketamin ve 2-FDCK olarak da bilinir<a href=\"https:\/\/narcopowders.com\/tr\/product\/5f-mdp\/\">.<\/a><\/p>\n<p>Kimyasal olarak ketamin ve deschloroketamin ili\u015fkilidir (DCK). \u00c7al\u0131\u015fmalar\u0131n azl\u0131\u011f\u0131na ra\u011fmen, bir NMDA resept\u00f6r antagonisti olarak i\u015flev g\u00f6rd\u00fc\u011f\u00fc d\u00fc\u015f\u00fcn\u00fclmektedir. 2-FDCK gibi arilsikloheksilaminlerin yap\u0131s\u0131, bir amin grubunun ve bir aromatik halkan\u0131n bir sikloheksan halkas\u0131na ba\u011flanmas\u0131na dayan\u0131r.<\/p>\n<p>Online 2-FDCK sat\u0131n almak istiyorsan\u0131z NarcoPowders en iyi se\u00e7enektir!<\/p>\n<h3>2fdck sat\u0131n almak i\u00e7in nas\u0131l bir yol izlenir?<\/h3>\n<p>Kullan\u0131c\u0131 aray\u00fcz\u00fcm\u00fcz inan\u0131lmaz derecede h\u0131zl\u0131, kullan\u0131m\u0131 kolay ve etkilidir. T\u00fcm \u00fclkelere teslimat sundu\u011fumuzdan, herkes \u00fcr\u00fcn\u00fc her yerden sat\u0131n alabilir. Kimya sekt\u00f6r\u00fcnde y\u0131llar\u0131n deneyimine sahibiz ve 2FDCK'n\u0131n yasal ve g\u00fcvenilir tedarik\u00e7isiyiz. Web sitemize giri\u015f yap\u0131n, \u00fcr\u00fcn\u00fc aray\u0131n, sepetinize ekleyin ve \u00f6deme yap\u0131n. Tek yapman\u0131z gereken bize adresiniz veya teslim edilmesini istedi\u011finiz yer gibi baz\u0131 bilgileri vermek ve gerekli i\u015flemi tamamlarken g\u00fcvenli bir \u015fekilde oraya ta\u015f\u0131yaca\u011f\u0131z. ABD'de 2fdck sat\u0131n al\u0131n.<\/p>\n<h3>Online 2fdck al\u0131mlar\u0131 i\u00e7in en uygun ya\u015f ka\u00e7t\u0131r?<\/h3>\n<p>Online 2fdck sat\u0131n almak i\u00e7in en az 18 ya\u015f\u0131nda olman\u0131z gerekmektedir. M\u00fc\u015fteri hizmetleri i\u00e7in eri\u015filebiliriz. Size yard\u0131mc\u0131 olmak ve sorular\u0131n\u0131z\u0131 yan\u0131tlamak i\u00e7in 7\/24 ve tam bir y\u0131l. \u0130ndirimli olarak 2fdck sat\u0131n al\u0131n.<\/p>\n<h3>2fdck ne gibi avantajlar sunuyor?<\/h3>\n<ul>\n<li>kayg\u0131, gerginlik ve \u00fcz\u00fcnt\u00fcy\u00fc anl\u0131k olarak azaltmada faydal\u0131 olabilir.<\/li>\n<li>An\u0131nda etki etti\u011fi i\u00e7in intihar\u0131 \u00f6nlemeye yard\u0131mc\u0131 olur.<\/li>\n<li>n\u00f6roplastisiteyi art\u0131rmak i\u00e7in faydal\u0131d\u0131r<\/li>\n<\/ul>\n<h3>2fdck'nin ne gibi sonu\u00e7lar\u0131 var?<\/h3>\n<ul>\n<li>S\u0131k al\u0131nmas\u0131 durumunda n\u00f6rotoksisiteye neden olabilir.<\/li>\n<li>daha s\u0131k veya d\u00fczenli olarak kullan\u0131l\u0131rsa haf\u0131zan\u0131za zarar verebilir.<\/li>\n<li>b\u00f6breklerinize zarar verebilir.<\/li>\n<\/ul>\n<p>2-FDCK'n\u0131z\u0131n bak\u0131m\u0131<\/p>\n<p>2-FDCK hidroklor\u00fcr\u00fcn\u00fcz\u00fc kullan\u0131rken eldiven veya FFP-2 maskesi kullanmak gibi ekstra dikkat g\u00f6stermenizi \u015fiddetle tavsiye ederiz.<\/p>\n<h3>2-FDCK Online Sat\u0131n Almak Nereden Yasal?<\/h3>\n<p>NarcoPowders, 2-FDCK gibi ara\u015ft\u0131rma kimyasallar\u0131n\u0131 satt\u0131\u011f\u0131m\u0131z bir web sitesidir. Ara\u015ft\u0131rma maddelerimizin her biri sat\u0131\u015fa \u00e7\u0131kmadan \u00f6nce incelenir ve de\u011ferlendirilir. Bu, 2-FDCK i\u00e7in m\u00fcmk\u00fcn olan en iyi kaliteyi garanti etmenin tek y\u00f6ntemidir.<\/p>\n<p>Sonu\u00e7lara veya ba\u015fka bir yard\u0131ma ihtiyac\u0131n\u0131z olursa bizimle ileti\u015fime ge\u00e7mekten \u00e7ekinmeyin. 2. Satt\u0131\u011f\u0131m\u0131z tek FDCK \u00e7e\u015fidi tozdur, ancak di\u011fer baz\u0131 ara\u015ft\u0131rma bile\u015fiklerinin blotter ve pelet versiyonlar\u0131na sahibiz.<\/p>\n<p>Ara\u015ft\u0131rma kimyasallar\u0131 ihtiya\u00e7lar\u0131n\u0131z\u0131 kar\u015f\u0131lamak i\u00e7in son derece etkili geni\u015f bir \u00fcr\u00fcn yelpazesine sahibiz. \u0130\u015fe ilk ba\u015flad\u0131\u011f\u0131m\u0131zda, \u00fcst\u00fcn bir tedarik\u00e7i olarak pazardaki konumumuzu korumay\u0131 ba\u015fard\u0131k. 2-FDCK'y\u0131 \u00e7evrimi\u00e7i sipari\u015f edin ve paketinizi m\u00fcmk\u00fcn olan en k\u0131sa s\u00fcrede al\u0131n, 2-FDCK Online Sat\u0131n Al\u0131n.<\/p>","protected":false},"excerpt":{"rendered":"<p>2-Fluorodeschloroketamine (2\u2032-Fl-2-Oxo-PCM, Fluoroketamine ve 2-FDCK olarak da bilinir) ketamine benzer bir dissosiyatif anesteziktir. Tasar\u0131mc\u0131 uyu\u015fturucusu olarak sat\u0131\u015f\u0131 ve kullan\u0131m\u0131 bir\u00e7ok \u00fclkede belgelenmi\u015ftir.<\/p>\n<p>2-FDCK'n\u0131n metabolizmas\u0131 ketamin metabolizmas\u0131na benzer: CYP2B6 ve CYP3A4 enzimleri, ikincisi daha az oranda olmak \u00fczere, 2-FDCK'y\u0131 N-demetilasyon yoluyla Nor-2FDCK'ya d\u00f6n\u00fc\u015ft\u00fcr\u00fcr. Bu daha sonra CYP2B6 taraf\u0131ndan dehidronor-2FDCK'ya veya CYP2A6 ve CYP2B6 taraf\u0131ndan hidroksinor-2FDCK'ya metabolize edilir.<\/p>","protected":false},"featured_media":21242,"comment_status":"open","ping_status":"closed","template":"","meta":{"_joinchat":[]},"product_brand":[],"product_cat":[1538],"product_tag":[],"class_list":{"0":"post-20923","1":"product","2":"type-product","3":"status-publish","4":"has-post-thumbnail","6":"product_cat-cannabinoids","8":"first","9":"instock","10":"shipping-taxable","11":"purchasable","12":"product-type-variable","13":"add-to-wishlist-after_add_to_cart"},"yoast_head":"<!-- This site is optimized with the Yoast SEO plugin v25.9 - https:\/\/yoast.com\/wordpress\/plugins\/seo\/ -->\n<title>Buy 2-FDCK Online - Narco Powders<\/title>\n<meta name=\"description\" content=\"Buy 2-FDCK Online, Looking to Order 2fdck ? Look no further than narcopowders.! As a trusted supplier of research chemicals, we offer premium-grade 2fdck.\" \/>\n<meta name=\"robots\" content=\"index, follow, max-snippet:-1, max-image-preview:large, max-video-preview:-1\" \/>\n<link rel=\"canonical\" href=\"https:\/\/narcopowders.com\/tr\/urun\/2fdck-online-satin-al\/\" \/>\n<meta property=\"og:locale\" content=\"tr_TR\" \/>\n<meta property=\"og:type\" content=\"article\" \/>\n<meta property=\"og:title\" content=\"Buy 2-FDCK Online - Narco Powders\" \/>\n<meta property=\"og:description\" content=\"Buy 2-FDCK Online, Looking to Order 2fdck ? Look no further than narcopowders.! As a trusted supplier of research chemicals, we offer premium-grade 2fdck.\" \/>\n<meta property=\"og:url\" content=\"https:\/\/narcopowders.com\/tr\/urun\/2fdck-online-satin-al\/\" \/>\n<meta property=\"og:site_name\" content=\"Narco Powders\" \/>\n<meta property=\"article:modified_time\" content=\"2024-05-24T05:50:28+00:00\" \/>\n<meta property=\"og:image\" content=\"https:\/\/narcopowders.com\/wp-content\/uploads\/2024\/05\/2fdck.gif\" \/>\n\t<meta property=\"og:image:width\" content=\"600\" \/>\n\t<meta property=\"og:image:height\" content=\"600\" \/>\n\t<meta property=\"og:image:type\" content=\"image\/gif\" \/>\n<meta name=\"twitter:card\" content=\"summary_large_image\" \/>\n<meta name=\"twitter:label1\" content=\"Tahmini okuma s\u00fcresi\" \/>\n\t<meta name=\"twitter:data1\" content=\"3 dakika\" \/>\n<!-- \/ Yoast SEO plugin. -->","yoast_head_json":{"title":"2-FDCK Online Sat\u0131n Al\u0131n - Narco Powders","description":"2-FDCK Online Sat\u0131n Al\u0131n, 2fdck Sipari\u015fi mi Vermek \u0130stiyorsunuz? Narcopowders'dan ba\u015fkas\u0131na bakmay\u0131n! Ara\u015ft\u0131rma kimyasallar\u0131n\u0131n g\u00fcvenilir bir tedarik\u00e7isi olarak, birinci s\u0131n\u0131f 2fdck sunuyoruz.","robots":{"index":"index","follow":"follow","max-snippet":"max-snippet:-1","max-image-preview":"max-image-preview:large","max-video-preview":"max-video-preview:-1"},"canonical":"https:\/\/narcopowders.com\/tr\/urun\/2fdck-online-satin-al\/","og_locale":"tr_TR","og_type":"article","og_title":"Buy 2-FDCK Online - Narco Powders","og_description":"Buy 2-FDCK Online, Looking to Order 2fdck ? Look no further than narcopowders.! As a trusted supplier of research chemicals, we offer premium-grade 2fdck.","og_url":"https:\/\/narcopowders.com\/tr\/urun\/2fdck-online-satin-al\/","og_site_name":"Narco Powders","article_modified_time":"2024-05-24T05:50:28+00:00","og_image":[{"width":600,"height":600,"url":"https:\/\/narcopowders.com\/wp-content\/uploads\/2024\/05\/2fdck.gif","type":"image\/gif"}],"twitter_card":"summary_large_image","twitter_misc":{"Tahmini okuma s\u00fcresi":"3 dakika"},"schema":{"@context":"https:\/\/schema.org","@graph":[{"@type":"WebPage","@id":"https:\/\/narcopowders.com\/product\/buy-2fdck-online\/","url":"https:\/\/narcopowders.com\/product\/buy-2fdck-online\/","name":"2-FDCK Online Sat\u0131n Al\u0131n - Narco Powders","isPartOf":{"@id":"https:\/\/narcopowders.com\/#website"},"primaryImageOfPage":{"@id":"https:\/\/narcopowders.com\/product\/buy-2fdck-online\/#primaryimage"},"image":{"@id":"https:\/\/narcopowders.com\/product\/buy-2fdck-online\/#primaryimage"},"thumbnailUrl":"https:\/\/narcopowders.com\/wp-content\/uploads\/2024\/05\/2fdck.gif","datePublished":"2024-05-23T06:16:11+00:00","dateModified":"2024-05-24T05:50:28+00:00","description":"2-FDCK Online Sat\u0131n Al\u0131n, 2fdck Sipari\u015fi mi Vermek \u0130stiyorsunuz? Narcopowders'dan ba\u015fkas\u0131na bakmay\u0131n! Ara\u015ft\u0131rma kimyasallar\u0131n\u0131n g\u00fcvenilir bir tedarik\u00e7isi olarak, birinci s\u0131n\u0131f 2fdck sunuyoruz.","breadcrumb":{"@id":"https:\/\/narcopowders.com\/product\/buy-2fdck-online\/#breadcrumb"},"inLanguage":"tr","potentialAction":[{"@type":"ReadAction","target":["https:\/\/narcopowders.com\/product\/buy-2fdck-online\/"]}]},{"@type":"ImageObject","inLanguage":"tr","@id":"https:\/\/narcopowders.com\/product\/buy-2fdck-online\/#primaryimage","url":"https:\/\/narcopowders.com\/wp-content\/uploads\/2024\/05\/2fdck.gif","contentUrl":"https:\/\/narcopowders.com\/wp-content\/uploads\/2024\/05\/2fdck.gif","width":600,"height":600,"caption":"Buy 2fdck Online"},{"@type":"BreadcrumbList","@id":"https:\/\/narcopowders.com\/product\/buy-2fdck-online\/#breadcrumb","itemListElement":[{"@type":"ListItem","position":1,"name":"Home","item":"https:\/\/narcopowders.com\/"},{"@type":"ListItem","position":2,"name":"Shop Page","item":"https:\/\/narcopowders.com\/shop\/"},{"@type":"ListItem","position":3,"name":"Buy 2FDCK Online"}]},{"@type":"WebSite","@id":"https:\/\/narcopowders.com\/#website","url":"https:\/\/narcopowders.com\/","name":"Narko Tozlar","description":"WordPress Blogum","potentialAction":[{"@type":"SearchAction","target":{"@type":"EntryPoint","urlTemplate":"https:\/\/narcopowders.com\/?s={search_term_string}"},"query-input":{"@type":"PropertyValueSpecification","valueRequired":true,"valueName":"search_term_string"}}],"inLanguage":"tr"}]}},"_links":{"self":[{"href":"https:\/\/narcopowders.com\/tr\/wp-json\/wp\/v2\/product\/20923","targetHints":{"allow":["GET"]}}],"collection":[{"href":"https:\/\/narcopowders.com\/tr\/wp-json\/wp\/v2\/product"}],"about":[{"href":"https:\/\/narcopowders.com\/tr\/wp-json\/wp\/v2\/types\/product"}],"replies":[{"embeddable":true,"href":"https:\/\/narcopowders.com\/tr\/wp-json\/wp\/v2\/comments?post=20923"}],"wp:featuredmedia":[{"embeddable":true,"href":"https:\/\/narcopowders.com\/tr\/wp-json\/wp\/v2\/media\/21242"}],"wp:attachment":[{"href":"https:\/\/narcopowders.com\/tr\/wp-json\/wp\/v2\/media?parent=20923"}],"wp:term":[{"taxonomy":"product_brand","embeddable":true,"href":"https:\/\/narcopowders.com\/tr\/wp-json\/wp\/v2\/product_brand?post=20923"},{"taxonomy":"product_cat","embeddable":true,"href":"https:\/\/narcopowders.com\/tr\/wp-json\/wp\/v2\/product_cat?post=20923"},{"taxonomy":"product_tag","embeddable":true,"href":"https:\/\/narcopowders.com\/tr\/wp-json\/wp\/v2\/product_tag?post=20923"}],"curies":[{"name":"wp","href":"https:\/\/api.w.org\/{rel}","templated":true}]}}