{"id":21168,"date":"2024-05-23T06:17:24","date_gmt":"2024-05-23T06:17:24","guid":{"rendered":"https:\/\/narcopowders.com\/?post_type=product&#038;p=21168"},"modified":"2025-03-25T11:53:53","modified_gmt":"2025-03-25T11:53:53","slug":"buy-cocaine-online","status":"publish","type":"product","link":"https:\/\/narcopowders.com\/tr\/product\/buy-cocaine-online\/","title":{"rendered":"\u00c7evrimi\u00e7i Kokain Sat\u0131n Al\u0131n"},"content":{"rendered":"<h2><strong>Buy cocaine powder online<\/strong><\/h2>\n<p><a href=\"https:\/\/narcopowders.com\/tr\/%c3%bcr%c3%bcn\/kaufen-cocaine-online\/\">\u00c7evrimi\u00e7i KOKA\u0130N sat\u0131n al\u0131n<\/a>, En pop\u00fcler bi\u00e7imi <a href=\"https:\/\/narcopowders.com\/tr\/\">Nembutal toz kokaindir sat\u0131n al<\/a>Bu nedenle sokak uyu\u015fturucusu olarak da adland\u0131r\u0131l\u0131r. Bu tozun yap\u0131m\u0131nda \u00e7o\u011funlukla g\u00fcney \u00fclkelerinde yeti\u015fen koka bitkisi kullan\u0131l\u0131r.<\/p>\n<p>Do\u011frudan merkezi beyin \u00fczerinde etki ederek \u00e7e\u015fitli hastal\u0131klar\u0131 iyile\u015ftiren g\u00fc\u00e7l\u00fc bir uyar\u0131c\u0131d\u0131r. Beyindeki belirli kimyasallar bu uyar\u0131c\u0131 taraf\u0131ndan g\u00fc\u00e7lendirilerek, insan organ sisteminin gerekti\u011fi gibi tepki vermesini sa\u011flar. Bir\u00e7ok faydas\u0131 nedeniyle, en yayg\u0131n kullan\u0131lan ila\u00e7 t\u00fcr\u00fcd\u00fcr. <a href=\"https:\/\/en.wikipedia.org\/wiki\/Cocaine\">kokain<\/a> worldwide .<\/p>\n<h3><strong>Compared to another type of cocaine, powder cocaine. How to Use Powdered Cocaine<\/strong><\/h3>\n<p>Kokain tozunun insan v\u00fccudu d\u0131\u015f\u0131nda da faydalar\u0131 vard\u0131r. Ancak pop\u00fclerli\u011finin temel nedeni, sa\u011fl\u0131k a\u00e7\u0131s\u0131ndan daha az tehlikeli olmas\u0131d\u0131r. Kullan\u0131m i\u00e7in genellikle talk, fentanil vb. gibi di\u011fer profesyonel ila\u00e7larla birlikte kullan\u0131l\u0131r. Ancak, fentanil ile g\u00f6zetimsiz bir \u015fekilde birlikte kullan\u0131l\u0131rsa, <a href=\"https:\/\/www.google.com\/search?q=Buy+cocaine+powder+online&amp;sca_esv=7d1b82273738a5db&amp;sxsrf=AHTn8zrpCV8se75n1P5zO_BMxsJNg31gNg%3A1742902621086&amp;ei=XZXiZ7r8BIuQseMPh-T8gAk&amp;ved=0ahUKEwj6nu6ckqWMAxULSGwGHQcyH5AQ4dUDCA8&amp;uact=5&amp;oq=Buy+cocaine+powder+online&amp;gs_lp=Egxnd3Mtd2l6LXNlcnAiGUJ1eSBjb2NhaW5lIHBvd2RlciBvbmxpbmVI1QpQ2ANY2ANwAXgAkAEAmAG9AaABvQGqAQMwLjG4AQPIAQD4AQH4AQKYAgGgAjmoAhTCAgcQIxgnGOoCwgIQEAAYAxi0AhjqAhiPAdgBAZgDOfEFP9FMYW7Zscm6BgYIARABGAqSBwExoAdNsgcAuAcA&amp;sclient=gws-wiz-serp\">sa\u011fl\u0131\u011f\u0131n\u0131z i\u00e7in tehlikeli olabilir<\/a>.<\/p>\n<p>Therefore, before using such an effective pro-medication, it should be checked. People use this powder-like substance in a variety of ways, such as injecting it directly into a vein or smoking it like a cigarette. The best technique to use depends on each individual&#8217;s unique physical and mental circumstances.<\/p>\n<p>Although it is extremely risky, some people have also used this powder by mixing it with soft drinks on how to approach it.<\/p>\n<h3><strong>Cocaine powder for medical purposes<\/strong><\/h3>\n<p>By adding more chemicals to the brain, <a href=\"https:\/\/www.google.com\/search?q=Buy+cocaine+powder+online&amp;sca_esv=7d1b82273738a5db&amp;sxsrf=AHTn8zrpCV8se75n1P5zO_BMxsJNg31gNg%3A1742902621086&amp;ei=XZXiZ7r8BIuQseMPh-T8gAk&amp;ved=0ahUKEwj6nu6ckqWMAxULSGwGHQcyH5AQ4dUDCA8&amp;uact=5&amp;oq=Buy+cocaine+powder+online&amp;gs_lp=Egxnd3Mtd2l6LXNlcnAiGUJ1eSBjb2NhaW5lIHBvd2RlciBvbmxpbmVI1QpQ2ANY2ANwAXgAkAEAmAG9AaABvQGqAQMwLjG4AQPIAQD4AQH4AQKYAgGgAjmoAhTCAgcQIxgnGOoCwgIQEAAYAxi0AhjqAhiPAdgBAZgDOfEFP9FMYW7Zscm6BgYIARABGAqSBwExoAdNsgcAuAcA&amp;sclient=gws-wiz-serp\">cocaine powder also strengthens its response system<\/a>Davran\u0131\u015f ve hareketlerinde uyu\u015fukluk ya\u015fayan hastalar\u0131n tedavisinde doktorlar bu ilac\u0131 re\u00e7ete ederler.<\/p>\n<h3><strong>For sale: Cocaine hydrochloride<\/strong><\/h3>\n<p>Doctors also use it to relieve discomfort during many surgical procedures. Since it gives a feeling of joy and vitality to the mind, its short duration is extremely beneficial for humans. Due to these properties, it is popular among many people around the world.<\/p>\n<p>Everyone has easy access to the availability of powder cocaine on the internet marketplace. In addition, our webshop offers this exceptional powder at incredibly affordable prices. Additionally, we offer the fastest possible product delivery straight to your door.<\/p>\n<h3><strong>Buying cocaine online: How the discreet ordering process works<\/strong><\/h3>\n<p>Bizimle yapabilirsiniz <a href=\"https:\/\/www.bing.com\/search?q=Buy%20cocaine%20powder%20online&amp;qs=n&amp;form=QBRE&amp;sp=-1&amp;lq=0&amp;pq=buy%20cocaine%20powder%20online&amp;sc=0-25&amp;sk=&amp;cvid=052784CD6D47407798C456B3F3F56911&amp;ghsh=0&amp;ghacc=0&amp;ghpl=\">order cocaine easily and conveniently online<\/a>Ma\u011fazam\u0131z, do\u011fru \u00fcr\u00fcn\u00fc h\u0131zl\u0131ca bulabilmeniz i\u00e7in son derece anla\u015f\u0131l\u0131r bir \u015fekilde tasarlanm\u0131\u015ft\u0131r. Farkl\u0131 miktar ve kalite se\u00e7enekleri aras\u0131ndan se\u00e7im yapabilir ve her zaman en iyi fiyat-performans oran\u0131n\u0131 yakalayabilirsiniz. Ayr\u0131ca, kokaini daha da ucuza sat\u0131n alabilmeniz i\u00e7in d\u00fczenli olarak \u00f6zel teklifler ve indirimler sunuyoruz.<\/p>\n<h3><strong>Order cocaine online: Benefit from our wide range of cocaine products<\/strong><\/h3>\n<p><a href=\"https:\/\/www.bing.com\/search?q=Buy%20cocaine%20powder%20online&amp;qs=n&amp;form=QBRE&amp;sp=-1&amp;lq=0&amp;pq=buy%20cocaine%20powder%20online&amp;sc=0-25&amp;sk=&amp;cvid=052784CD6D47407798C456B3F3F56911&amp;ghsh=0&amp;ghacc=0&amp;ghpl=\">\u00d6deme i\u015flemlerimiz \u00e7ok g\u00fcvenli ve kolayd\u0131r<\/a>T\u00fcm i\u015flemlerin anonim ve g\u00fcvenli olmas\u0131n\u0131 sa\u011flamak i\u00e7in yaln\u0131zca Bitcoin \u00f6demelerini kabul ediyoruz. Bizden kokain sat\u0131n almaya karar verirseniz, gizlili\u011finizi korumak i\u00e7in gerekli t\u00fcm \u00f6nlemleri ald\u0131\u011f\u0131m\u0131z i\u00e7in yakalanma endi\u015fesi ya\u015famazs\u0131n\u0131z.<\/p>\n<p>Amac\u0131m\u0131z, sat\u0131n alabilmenizi sa\u011flamakt\u0131r <a href=\"https:\/\/duckduckgo.com\/?q=Buy+cocaine+powder+online&amp;t=h_&amp;ia=web\">best cocaine online<\/a>Sadece en iyi \u00fcreticilerle \u00e7al\u0131\u015f\u0131yor ve her \u00fcr\u00fcn\u00fc ma\u011fazam\u0131za eklemeden \u00f6nce kontrol ediyoruz. Kokainimizin kalitesine hayran kalaca\u011f\u0131n\u0131zdan eminiz.<\/p>\n<h3><strong>Premium cocaine online: Our cocaine shop offers you the best cocaine at a fair price<\/strong><\/h3>\n<p>We are always ready to help you with any questions or problems. If you need further information, please do not hesitate to contact us. We are happy to assist you with any question or request.<\/p>\n<p>Overall, buying cocaine from us is easy and safe. We offer a wide range of products that are of superior quality and available at an affordable price. If you want to buy the best cocaine online, then you&#8217;ve come to the right place. We look forward to helping you buy your next cocaine. Order today and have the best cocaine experience you will ever have!<\/p>\n<h3><strong>The best place to buy cocaine online: Trust our professional cocaine shop<\/strong><\/h3>\n<p><a href=\"https:\/\/duckduckgo.com\/?q=Buy+cocaine+powder+online&amp;t=h_&amp;ia=web\">\u00c7evrimi\u00e7i KOKA\u0130N sat\u0131n al\u0131n<\/a>Kokain veya ba\u015fka uyu\u015fturucular kulland\u0131ysan\u0131z l\u00fctfen ara\u00e7 kullanmay\u0131n\u0131z. Ma\u011fazam\u0131zda sadece kokain sipari\u015f etmekle kalmaz, ayn\u0131 zamanda internetten kolayca ba\u015fka uyu\u015fturucular da sat\u0131n alabilirsiniz. \u00d6rne\u011fin, burada \u015funlar\u0131 yapabilirsiniz:<\/p>","protected":false},"excerpt":{"rendered":"<p>Buy cocaine powder online Buy COCAINE Online, The most popular form of Buy Nembutal is powder cocaine. For this reason it is also called a street drug. The coca plants, which are mainly found in southern countries, are used to make this powder . It is a powerful stimulant that acts directly on the central [&hellip;]<\/p>\n","protected":false},"featured_media":21238,"comment_status":"open","ping_status":"closed","template":"","meta":{"_joinchat":[]},"product_brand":[],"product_cat":[1179],"product_tag":[],"class_list":{"0":"post-21168","1":"product","2":"type-product","3":"status-publish","4":"has-post-thumbnail","6":"product_cat-buy-cocaine-online","8":"first","9":"instock","10":"shipping-taxable","11":"purchasable","12":"product-type-variable","13":"has-default-attributes","14":"add-to-wishlist-after_add_to_cart"},"yoast_head":"<!-- This site is optimized with the Yoast SEO plugin v27.5 - https:\/\/yoast.com\/product\/yoast-seo-wordpress\/ -->\n<title>Buy Cocaine Online - Narco Powders<\/title>\n<meta name=\"description\" content=\"Kaufen COCAINE Online, kaufen ( cocain kaufen ) \u2013 schnell, einfach und diskret mit Bank\u00fcberweisung und Bitcoin heute. cocain bestllen.\" \/>\n<meta name=\"robots\" content=\"index, follow, max-snippet:-1, max-image-preview:large, max-video-preview:-1\" \/>\n<link rel=\"canonical\" href=\"https:\/\/narcopowders.com\/tr\/\u00fcr\u00fcn\/online-kokain-satin-alin\/\" \/>\n<meta property=\"og:locale\" content=\"tr_TR\" \/>\n<meta property=\"og:type\" content=\"article\" \/>\n<meta property=\"og:title\" content=\"Buy Cocaine Online - Narco Powders\" \/>\n<meta property=\"og:description\" content=\"Kaufen COCAINE Online, kaufen ( cocain kaufen ) \u2013 schnell, einfach und diskret mit Bank\u00fcberweisung und Bitcoin heute. cocain bestllen.\" \/>\n<meta property=\"og:url\" content=\"https:\/\/narcopowders.com\/tr\/\u00fcr\u00fcn\/online-kokain-satin-alin\/\" \/>\n<meta property=\"og:site_name\" content=\"Narco Powders\" \/>\n<meta property=\"article:modified_time\" content=\"2025-03-25T11:53:53+00:00\" \/>\n<meta property=\"og:image\" content=\"https:\/\/narcopowders.com\/wp-content\/uploads\/2024\/05\/Cocaine.gif\" \/>\n\t<meta property=\"og:image:width\" content=\"600\" \/>\n\t<meta property=\"og:image:height\" content=\"600\" \/>\n\t<meta property=\"og:image:type\" content=\"image\/gif\" \/>\n<meta name=\"twitter:card\" content=\"summary_large_image\" \/>\n<meta name=\"twitter:label1\" content=\"Tahmini okuma s\u00fcresi\" \/>\n\t<meta name=\"twitter:data1\" content=\"4 dakika\" \/>\n<!-- \/ Yoast SEO plugin. -->","yoast_head_json":{"title":"Buy Cocaine Online - Narco Powders","description":"COCAINE Online sat\u0131n al\u0131n, sat\u0131n al\u0131n (cocain kaufen) - schnell, einfach und diskret mit Bank\u00fcberweisung und Bitcoin heute. cocain bestllen.","robots":{"index":"index","follow":"follow","max-snippet":"max-snippet:-1","max-image-preview":"max-image-preview:large","max-video-preview":"max-video-preview:-1"},"canonical":"https:\/\/narcopowders.com\/tr\/\u00fcr\u00fcn\/online-kokain-satin-alin\/","og_locale":"tr_TR","og_type":"article","og_title":"Buy Cocaine Online - Narco Powders","og_description":"Kaufen COCAINE Online, kaufen ( cocain kaufen ) \u2013 schnell, einfach und diskret mit Bank\u00fcberweisung und Bitcoin heute. cocain bestllen.","og_url":"https:\/\/narcopowders.com\/tr\/\u00fcr\u00fcn\/online-kokain-satin-alin\/","og_site_name":"Narco Powders","article_modified_time":"2025-03-25T11:53:53+00:00","og_image":[{"width":600,"height":600,"url":"https:\/\/narcopowders.com\/wp-content\/uploads\/2024\/05\/Cocaine.gif","type":"image\/gif"}],"twitter_card":"summary_large_image","twitter_misc":{"Tahmini okuma s\u00fcresi":"4 dakika"},"schema":{"@context":"https:\/\/schema.org","@graph":[{"@type":"WebPage","@id":"https:\/\/narcopowders.com\/product\/buy-cocaine-online\/","url":"https:\/\/narcopowders.com\/product\/buy-cocaine-online\/","name":"Buy Cocaine Online - Narco Powders","isPartOf":{"@id":"https:\/\/narcopowders.com\/#website"},"primaryImageOfPage":{"@id":"https:\/\/narcopowders.com\/product\/buy-cocaine-online\/#primaryimage"},"image":{"@id":"https:\/\/narcopowders.com\/product\/buy-cocaine-online\/#primaryimage"},"thumbnailUrl":"https:\/\/narcopowders.com\/wp-content\/uploads\/2024\/05\/Cocaine.gif","datePublished":"2024-05-23T06:17:24+00:00","dateModified":"2025-03-25T11:53:53+00:00","description":"COCAINE Online sat\u0131n al\u0131n, sat\u0131n al\u0131n (cocain kaufen) - schnell, einfach und diskret mit Bank\u00fcberweisung und Bitcoin heute. cocain bestllen.","breadcrumb":{"@id":"https:\/\/narcopowders.com\/product\/buy-cocaine-online\/#breadcrumb"},"inLanguage":"tr","potentialAction":[{"@type":"ReadAction","target":["https:\/\/narcopowders.com\/product\/buy-cocaine-online\/"]}]},{"@type":"ImageObject","inLanguage":"tr","@id":"https:\/\/narcopowders.com\/product\/buy-cocaine-online\/#primaryimage","url":"https:\/\/narcopowders.com\/wp-content\/uploads\/2024\/05\/Cocaine.gif","contentUrl":"https:\/\/narcopowders.com\/wp-content\/uploads\/2024\/05\/Cocaine.gif","width":600,"height":600,"caption":"Buy Cocaine online"},{"@type":"BreadcrumbList","@id":"https:\/\/narcopowders.com\/product\/buy-cocaine-online\/#breadcrumb","itemListElement":[{"@type":"ListItem","position":1,"name":"Home","item":"https:\/\/narcopowders.com\/"},{"@type":"ListItem","position":2,"name":"Shop Page","item":"https:\/\/narcopowders.com\/shop\/"},{"@type":"ListItem","position":3,"name":"Buy Cocaine Online"}]},{"@type":"WebSite","@id":"https:\/\/narcopowders.com\/#website","url":"https:\/\/narcopowders.com\/","name":"Narko Tozlar","description":"WordPress Blogum","potentialAction":[{"@type":"SearchAction","target":{"@type":"EntryPoint","urlTemplate":"https:\/\/narcopowders.com\/?s={search_term_string}"},"query-input":{"@type":"PropertyValueSpecification","valueRequired":true,"valueName":"search_term_string"}}],"inLanguage":"tr"}]}},"_links":{"self":[{"href":"https:\/\/narcopowders.com\/tr\/wp-json\/wp\/v2\/product\/21168","targetHints":{"allow":["GET"]}}],"collection":[{"href":"https:\/\/narcopowders.com\/tr\/wp-json\/wp\/v2\/product"}],"about":[{"href":"https:\/\/narcopowders.com\/tr\/wp-json\/wp\/v2\/types\/product"}],"replies":[{"embeddable":true,"href":"https:\/\/narcopowders.com\/tr\/wp-json\/wp\/v2\/comments?post=21168"}],"wp:featuredmedia":[{"embeddable":true,"href":"https:\/\/narcopowders.com\/tr\/wp-json\/wp\/v2\/media\/21238"}],"wp:attachment":[{"href":"https:\/\/narcopowders.com\/tr\/wp-json\/wp\/v2\/media?parent=21168"}],"wp:term":[{"taxonomy":"product_brand","embeddable":true,"href":"https:\/\/narcopowders.com\/tr\/wp-json\/wp\/v2\/product_brand?post=21168"},{"taxonomy":"product_cat","embeddable":true,"href":"https:\/\/narcopowders.com\/tr\/wp-json\/wp\/v2\/product_cat?post=21168"},{"taxonomy":"product_tag","embeddable":true,"href":"https:\/\/narcopowders.com\/tr\/wp-json\/wp\/v2\/product_tag?post=21168"}],"curies":[{"name":"wp","href":"https:\/\/api.w.org\/{rel}","templated":true}]}}