{"id":21239,"date":"2024-05-23T06:34:00","date_gmt":"2024-05-23T06:34:00","guid":{"rendered":"https:\/\/narcopowders.com\/?post_type=product&#038;p=21239"},"modified":"2025-03-26T12:29:14","modified_gmt":"2025-03-26T12:29:14","slug":"buy-etizolam-powder-online","status":"publish","type":"product","link":"https:\/\/narcopowders.com\/tr\/urun\/buy-etizolam-powder-online\/","title":{"rendered":"Etizolam Toz Sat\u0131n Al\u0131n"},"content":{"rendered":"<h2>Etizolam Tozunu En D\u00fc\u015f\u00fck Maliyetle \u00c7evrimi\u00e7i Al\u0131n<\/h2>\n<p><a href=\"https:\/\/narcopowders.com\/tr\/urun\/buy-etizolam-powder-online\/\">Etizolam Toz Sat\u0131n Al\u0131n<\/a>Etizolam, bir tiyenodiazepin t\u00fcrevi olan benzodiazepin resept\u00f6r\u00fcne ba\u011flanarak benzodiazepin gibi etki eder. Etizolam tedarik\u00e7ileri, etizolam tozu sat\u0131n al, etizolam tozu tedarik\u00e7ileri, sat\u0131l\u0131k etizolam ve \u00c7in'den toptan etizolam tozu.<\/p>\n<p>Taraf\u0131ndan sat\u0131lmaktad\u0131r <a href=\"https:\/\/narcopowders.com\/tr\/\">Narcopowders<\/a> taraf\u0131ndan online ara\u015ft\u0131rma ama\u00e7l\u0131 sat\u0131lmaktad\u0131r. Etizolam, ila\u00e7 olarak kullan\u0131m i\u00e7in FDA onay\u0131 almam\u0131\u015ft\u0131r. Bununla birlikte, \u00e7evrimi\u00e7i ma\u011fazam\u0131z\u0131n yard\u0131m\u0131yla Etizolam'\u0131 \u00e7evrimi\u00e7i olarak kolayca alabilirsiniz. Ayr\u0131ca, sadece birka\u00e7 \u00fclkenin etizolama ila\u00e7 olarak eri\u015fimi vard\u0131r.<\/p>\n<h3>Etizolam Toz: Nedir?<\/h3>\n<p>\u00c7evrimi\u00e7i satt\u0131\u011f\u0131m\u0131z etizolam tozunu kullanarak yayg\u0131n anksiyete bozuklu\u011funuzu depresyon, uykusuzluk ve panik bozuklu\u011fu ile birlikte tedavi edebilirsiniz. <a href=\"https:\/\/www.bing.com\/search?q=Buy+Etizolam+Powder+Online&amp;form=QBLH&amp;sp=-1&amp;lq=0&amp;pq=buy+etizolam+powder+online&amp;sc=1-26&amp;qs=n&amp;sk=&amp;cvid=78A682E5124B459C9E52C7988D6F2866&amp;ghsh=0&amp;ghacc=0&amp;ghpl=\">etizolam powder<\/a> \u00c7evrimi\u00e7i olarak satt\u0131\u011f\u0131m\u0131z.<\/p>\n<h3>Etizolam Nerede Kullan\u0131labilir?<\/h3>\n<p><a href=\"https:\/\/en.wikipedia.org\/wiki\/Etizolam\">Etizolam functions<\/a> iletimi art\u0131rmak ve GABA kaynakl\u0131 Cl ak\u0131mlar\u0131n\u0131 iyile\u015ftirmek i\u00e7in GABA-A resept\u00f6rlerinde tam agonist olarak i\u015flev g\u00f6r\u00fcr. Benzodiazepin ba\u011flanma b\u00f6lgesi, alfa resept\u00f6rlerinin kar\u015f\u0131s\u0131nda yer al\u0131r.<\/p>\n<p>gama alt birim aray\u00fcz\u00fcn\u00fcn ba\u011flanma yeri oldu\u011fu varsay\u0131lmaktad\u0131r. Benzodiazepinlere yaln\u0131zca gama 2 ve alfa 1\/2\/3\/5 alt birimlerine sahip resept\u00f6rlerin ba\u011flanabildi\u011fi bildirilmi\u015ftir.<\/p>\n<p>Alfa-1 resept\u00f6rleri etizolam\u0131n yat\u0131\u015ft\u0131r\u0131c\u0131 etkilerine arac\u0131l\u0131k ederken, alfa-2 ve alfa-3 alt \u00fcnite i\u00e7eren resept\u00f6rler anksiyolitik etkiye arac\u0131l\u0131k eder. Etizolam, alfa 1 beta 2 gama 2S alt \u00fcnite kombinasyonu ile birle\u015ftirildi\u011finde GABA-A resept\u00f6r\u00fc i\u00e7in y\u00fcksek bir afiniteye ve etkinli\u011fe sahiptir.<\/p>\n<p>Resept\u00f6r\u00fcn d\u00fczenleyici alan\u0131na ba\u011flanarak, etizolam GABA ile ind\u00fcklenen klor\u00fcr kanallar\u0131n\u0131n a\u00e7\u0131lmas\u0131n\u0131 kolayla\u015ft\u0131r\u0131r, dolay\u0131s\u0131yla GABA iletimini art\u0131r\u0131r. Belirli bir PAFR antagonisti etizolamd\u0131r. Etizolam Tozu Sat\u0131n Almak \u0130\u00e7in Neden En \u0130yi Yer <a href=\"https:\/\/duckduckgo.com\/?t=h_&amp;q=Buy+Etizolam+Powder+Online&amp;ia=web\">Etizolam Powder<\/a> is Narcopowders?<\/p>\n<p>Etizolam sedatif-hipnotik, antikonv\u00fclsan, anksiyolitik ve merkezi sinir sistemini de bask\u0131layan kas gev\u015fetici bir ila\u00e7t\u0131r. GABA-A resept\u00f6r\u00fcn\u00fcn benzodiazepin b\u00f6lgesine ba\u011flan\u0131r ve agonist olarak merkezi sinir sistemi boyunca inhibit\u00f6r GABAerjik iletimi art\u0131r\u0131r. \u00c7al\u0131\u015fmalar, etizolam\u0131n farmakolojik etkilerine arac\u0131l\u0131k etmede diazepamdan alt\u0131 ila on kat daha g\u00fc\u00e7l\u00fc oldu\u011funu g\u00f6stermektedir.<\/p>\n<h3>Farmakodinamik<\/h3>\n<p>Narcopowders ile etizolam teslimat\u0131 herkes i\u00e7in g\u00fcvenli ve emniyetlidir. Toz i\u00e7in m\u00fctevaz\u0131 bir fiyat \u00f6demeye istekliyseniz, Etizolam i\u00e7in yasal olarak \u00e7evrimi\u00e7i sipari\u015f verme f\u0131rsat\u0131n\u0131 ka\u00e7\u0131rmay\u0131n. <a href=\"https:\/\/www.google.com\/search?q=Buy+Etizolam+Powder+Online&amp;sca_esv=16def464f60f9903&amp;sxsrf=AHTn8zo_Lfpu_UvBnQ8OihW9wiv71k0MNA%3A1742991797535&amp;ei=tfHjZ6q3IJLR0PEPssDFuQw&amp;ved=0ahUKEwjq5cC33qeMAxWSKDQIHTJgMccQ4dUDCBA&amp;uact=5&amp;oq=Buy+Etizolam+Powder+Online&amp;gs_lp=Egxnd3Mtd2l6LXNlcnAiGkJ1eSBFdGl6b2xhbSBQb3dkZXIgT25saW5lSKgEUABYAHAAeACQAQCYAYYDoAGGA6oBAzMtMbgBA8gBAPgBAvgBAZgCAKACAJgDAJIHAKAHTrIHALgHAA&amp;sclient=gws-wiz-serp\">Etizolam powder<\/a> order right away!<\/p>","protected":false},"excerpt":{"rendered":"<p>Get Etizolam Powder Online at the Lowest Cost Buy Etizolam Powder, Etizolam functions as a benzodiazepine by binding to the benzodiazepine receptor, which is a thienodiazepine derivative. Etizolam suppliers, buy etizolam powder, suppliers of etizolam powder, etizolam for sale, and wholesale etizolam powder from China. It is sold by Narcopowders for online research purposes. Etizolam [&hellip;]<\/p>","protected":false},"featured_media":21240,"comment_status":"open","ping_status":"closed","template":"","meta":{"_joinchat":[]},"product_brand":[],"product_cat":[1724],"product_tag":[],"class_list":{"0":"post-21239","1":"product","2":"type-product","3":"status-publish","4":"has-post-thumbnail","6":"product_cat-research-chemicals","8":"first","9":"instock","10":"shipping-taxable","11":"purchasable","12":"product-type-variable","13":"add-to-wishlist-after_add_to_cart"},"yoast_head":"<!-- This site is optimized with the Yoast SEO plugin v25.9 - https:\/\/yoast.com\/wordpress\/plugins\/seo\/ -->\n<title>Buy Etizolam Powder - Etizolam<\/title>\n<meta name=\"description\" content=\"Buy Etizolam Powder, We sells high-quality Etizolam powder that aids with sleep and insomnia. Click here to Order Etizolam powder at a discount\" \/>\n<meta name=\"robots\" content=\"index, follow, max-snippet:-1, max-image-preview:large, max-video-preview:-1\" \/>\n<link rel=\"canonical\" href=\"https:\/\/narcopowders.com\/tr\/urun\/buy-etizolam-powder-online\/\" \/>\n<meta property=\"og:locale\" content=\"tr_TR\" \/>\n<meta property=\"og:type\" content=\"article\" \/>\n<meta property=\"og:title\" content=\"Buy Etizolam Powder - Etizolam\" \/>\n<meta property=\"og:description\" content=\"Buy Etizolam Powder, We sells high-quality Etizolam powder that aids with sleep and insomnia. Click here to Order Etizolam powder at a discount\" \/>\n<meta property=\"og:url\" content=\"https:\/\/narcopowders.com\/tr\/urun\/buy-etizolam-powder-online\/\" \/>\n<meta property=\"og:site_name\" content=\"Narco Powders\" \/>\n<meta property=\"article:modified_time\" content=\"2025-03-26T12:29:14+00:00\" \/>\n<meta property=\"og:image\" content=\"https:\/\/narcopowders.com\/wp-content\/uploads\/2024\/05\/Etizolam.gif\" \/>\n\t<meta property=\"og:image:width\" content=\"600\" \/>\n\t<meta property=\"og:image:height\" content=\"600\" \/>\n\t<meta property=\"og:image:type\" content=\"image\/gif\" \/>\n<meta name=\"twitter:card\" content=\"summary_large_image\" \/>\n<meta name=\"twitter:label1\" content=\"Tahmini okuma s\u00fcresi\" \/>\n\t<meta name=\"twitter:data1\" content=\"2 dakika\" \/>\n<!-- \/ Yoast SEO plugin. -->","yoast_head_json":{"title":"Etizolam Toz Sat\u0131n Al\u0131n - Etizolam","description":"Etizolam Tozu Sat\u0131n Al\u0131n, Uyku ve uykusuzlu\u011fa yard\u0131mc\u0131 olan y\u00fcksek kaliteli Etizolam tozu sat\u0131yoruz. Etizolam tozunu indirimli olarak sipari\u015f etmek i\u00e7in buraya t\u0131klay\u0131n","robots":{"index":"index","follow":"follow","max-snippet":"max-snippet:-1","max-image-preview":"max-image-preview:large","max-video-preview":"max-video-preview:-1"},"canonical":"https:\/\/narcopowders.com\/tr\/urun\/buy-etizolam-powder-online\/","og_locale":"tr_TR","og_type":"article","og_title":"Buy Etizolam Powder - Etizolam","og_description":"Buy Etizolam Powder, We sells high-quality Etizolam powder that aids with sleep and insomnia. Click here to Order Etizolam powder at a discount","og_url":"https:\/\/narcopowders.com\/tr\/urun\/buy-etizolam-powder-online\/","og_site_name":"Narco Powders","article_modified_time":"2025-03-26T12:29:14+00:00","og_image":[{"width":600,"height":600,"url":"https:\/\/narcopowders.com\/wp-content\/uploads\/2024\/05\/Etizolam.gif","type":"image\/gif"}],"twitter_card":"summary_large_image","twitter_misc":{"Tahmini okuma s\u00fcresi":"2 dakika"},"schema":{"@context":"https:\/\/schema.org","@graph":[{"@type":"WebPage","@id":"https:\/\/narcopowders.com\/product\/buy-etizolam-powder-online\/","url":"https:\/\/narcopowders.com\/product\/buy-etizolam-powder-online\/","name":"Etizolam Toz Sat\u0131n Al\u0131n - Etizolam","isPartOf":{"@id":"https:\/\/narcopowders.com\/#website"},"primaryImageOfPage":{"@id":"https:\/\/narcopowders.com\/product\/buy-etizolam-powder-online\/#primaryimage"},"image":{"@id":"https:\/\/narcopowders.com\/product\/buy-etizolam-powder-online\/#primaryimage"},"thumbnailUrl":"https:\/\/narcopowders.com\/wp-content\/uploads\/2024\/05\/Etizolam.gif","datePublished":"2024-05-23T06:34:00+00:00","dateModified":"2025-03-26T12:29:14+00:00","description":"Etizolam Tozu Sat\u0131n Al\u0131n, Uyku ve uykusuzlu\u011fa yard\u0131mc\u0131 olan y\u00fcksek kaliteli Etizolam tozu sat\u0131yoruz. Etizolam tozunu indirimli olarak sipari\u015f etmek i\u00e7in buraya t\u0131klay\u0131n","breadcrumb":{"@id":"https:\/\/narcopowders.com\/product\/buy-etizolam-powder-online\/#breadcrumb"},"inLanguage":"tr","potentialAction":[{"@type":"ReadAction","target":["https:\/\/narcopowders.com\/product\/buy-etizolam-powder-online\/"]}]},{"@type":"ImageObject","inLanguage":"tr","@id":"https:\/\/narcopowders.com\/product\/buy-etizolam-powder-online\/#primaryimage","url":"https:\/\/narcopowders.com\/wp-content\/uploads\/2024\/05\/Etizolam.gif","contentUrl":"https:\/\/narcopowders.com\/wp-content\/uploads\/2024\/05\/Etizolam.gif","width":600,"height":600,"caption":"Buy Etizolam Online"},{"@type":"BreadcrumbList","@id":"https:\/\/narcopowders.com\/product\/buy-etizolam-powder-online\/#breadcrumb","itemListElement":[{"@type":"ListItem","position":1,"name":"Home","item":"https:\/\/narcopowders.com\/"},{"@type":"ListItem","position":2,"name":"Shop Page","item":"https:\/\/narcopowders.com\/shop\/"},{"@type":"ListItem","position":3,"name":"Buy Etizolam Powder"}]},{"@type":"WebSite","@id":"https:\/\/narcopowders.com\/#website","url":"https:\/\/narcopowders.com\/","name":"Narko Tozlar","description":"WordPress Blogum","potentialAction":[{"@type":"SearchAction","target":{"@type":"EntryPoint","urlTemplate":"https:\/\/narcopowders.com\/?s={search_term_string}"},"query-input":{"@type":"PropertyValueSpecification","valueRequired":true,"valueName":"search_term_string"}}],"inLanguage":"tr"}]}},"_links":{"self":[{"href":"https:\/\/narcopowders.com\/tr\/wp-json\/wp\/v2\/product\/21239","targetHints":{"allow":["GET"]}}],"collection":[{"href":"https:\/\/narcopowders.com\/tr\/wp-json\/wp\/v2\/product"}],"about":[{"href":"https:\/\/narcopowders.com\/tr\/wp-json\/wp\/v2\/types\/product"}],"replies":[{"embeddable":true,"href":"https:\/\/narcopowders.com\/tr\/wp-json\/wp\/v2\/comments?post=21239"}],"wp:featuredmedia":[{"embeddable":true,"href":"https:\/\/narcopowders.com\/tr\/wp-json\/wp\/v2\/media\/21240"}],"wp:attachment":[{"href":"https:\/\/narcopowders.com\/tr\/wp-json\/wp\/v2\/media?parent=21239"}],"wp:term":[{"taxonomy":"product_brand","embeddable":true,"href":"https:\/\/narcopowders.com\/tr\/wp-json\/wp\/v2\/product_brand?post=21239"},{"taxonomy":"product_cat","embeddable":true,"href":"https:\/\/narcopowders.com\/tr\/wp-json\/wp\/v2\/product_cat?post=21239"},{"taxonomy":"product_tag","embeddable":true,"href":"https:\/\/narcopowders.com\/tr\/wp-json\/wp\/v2\/product_tag?post=21239"}],"curies":[{"name":"wp","href":"https:\/\/api.w.org\/{rel}","templated":true}]}}