{"id":21271,"date":"2024-05-23T07:46:43","date_gmt":"2024-05-23T07:46:43","guid":{"rendered":"https:\/\/narcopowders.com\/?post_type=product&#038;p=21271"},"modified":"2025-05-06T07:01:16","modified_gmt":"2025-05-06T07:01:16","slug":"buy-5cladb-online","status":"publish","type":"product","link":"https:\/\/narcopowders.com\/tr\/urun\/satin-al-5cladb-online\/","title":{"rendered":"5cladb Online Sat\u0131n Al\u0131n"},"content":{"rendered":"<h2>5CLADBA'YI DO\u011eRUDAN ALIN<\/h2>\n<p><a href=\"https:\/\/narcopowders.com\/tr\/urun\/satin-al-5cladb-online\/\">5cladb Online Sat\u0131n Al\u0131n<\/a>,\u00a0 5CLADBA has been misused in a number of contexts and employed for non-clinical as well as occasionally therapeutic uses, including cancer research. <a href=\"https:\/\/narcopowders.com\/tr\/\">Purchase powder 5CL-ADB-A online<\/a>. MDMB-4en-PINACA, MDMB-ADB-A or 5CLADBA (alternately termed MDMB-PENINA, also known as MDMB-PINACA N1-pentyl-4-en isomer, is an indazole-base synthetic <a href=\"https:\/\/en.wikipedia.org\/wiki\/Cannabinoid\">kanabinoid<\/a> that is incredibly potent. Furthermore <a href=\"https:\/\/www.bing.com\/search?q=Buy%205cladb%20Online&amp;qs=n&amp;form=QBRE&amp;sp=-1&amp;lq=0&amp;pq=buy%205cladb%20online&amp;sc=10-17&amp;sk=&amp;cvid=2FABE2D4DDA94ACB80E26EDAEF597A7E&amp;ghsh=0&amp;ghacc=0&amp;ghpl=\">5-CL-ADB-A<\/a> esrar yerine pazarlanan \u00fcr\u00fcnlerin i\u015flevsel bir bile\u015feni olarak kullan\u0131lan, tasarlanm\u0131\u015f bir kanabinoid resept\u00f6r agonistidir. <a href=\"https:\/\/www.bing.com\/search?q=Buy%205cladb%20Online&amp;qs=n&amp;form=QBRE&amp;sp=-1&amp;lq=0&amp;pq=buy%205cladb%20online&amp;sc=10-17&amp;sk=&amp;cvid=2FABE2D4DDA94ACB80E26EDAEF597A7E&amp;ghsh=0&amp;ghacc=0&amp;ghpl=\">5-CL<\/a><a href=\"https:\/\/en.wikipedia.org\/wiki\/MDMB-4en-PINACA\">&#8211;<\/a><\/p>\n<p><strong>ADB-A i\u00e7in belgelenmi\u015f tedavi edici veya faydal\u0131 bir uygulama mevcut de\u011fildir. 6CLADBA<\/strong><\/p>\n<h3>5CL-ADB-A nedir? | 5CL-ADB-A tozu sat\u0131n almak i\u00e7in \u00e7evrimi\u00e7i ma\u011faza<\/h3>\n<p>The highly potent synthetic <a href=\"https:\/\/www.google.com\/search?q=Buy+5cladb+Online&amp;num=10&amp;sca_esv=1a2a07081c7891bb&amp;rlz=1C1RXQR_enIN1098IN1098&amp;sxsrf=AHTn8zrQR-eImhoOhY1vNdzImcvToKJO7g%3A1741686295979&amp;ei=FwbQZ6bCO_qA1e8Plb2vyAc&amp;ved=0ahUKEwjmqe2H34GMAxV6QPUHHZXeC3kQ4dUDCBA&amp;uact=5&amp;oq=Buy+5cladb+Online&amp;gs_lp=Egxnd3Mtd2l6LXNlcnAiEUJ1eSA1Y2xhZGIgT25saW5lMgcQIRigARgKSLAIUNUDWNUDcAJ4AJABAJgB_wGgAf8BqgEDMi0xuAEDyAEA-AEC-AEBmAIBoAKIApgDAIgGAZIHAzItMaAHigI&amp;sclient=gws-wiz-serp\">cannabinoid 5-Cl-Adb-A<\/a>, 5CLADBA (MDMB-4en-PINACA veya MDMB-PINACA N1-pentil-4-en izomeri olarak da bilinir) olarak da bilinir, bir indazol baz\u0131d\u0131r. 5-Cl-ADB-A bir kanabinoid resept\u00f6r m\u00fchendisi olacakt\u0131r. \u015ea\u015f\u0131rt\u0131c\u0131 bir \u015fekilde, 5-Cl-ADB-A g\u00fcvenilir tedarik\u00e7ilerden gelir ve kirlenmemi\u015ftir. Do\u011fal olarak, bunun nedeni 5CL-ADB-A'y\u0131 ithal etmenin veya bulundurman\u0131n son derece yasa d\u0131\u015f\u0131 olmas\u0131 ve herhangi birinin onu sahtekarl\u0131kla elde etmenin do\u011fru y\u00f6ntemlerini bilmemesi olabilir. Uyu\u015fturucuyla M\u00fccadele Dairesi, d\u00fczenleyici kurumlar ger\u00e7ek kimyasal bile\u015fenlerin baz\u0131lar\u0131n\u0131n sentetik olmayan muadillerinden t\u00fcretildi\u011fine inanmad\u0131\u011f\u0131 s\u00fcrece 5-Cl-ADB-A ve MDMB-4en-PINACA'y\u0131 sentetik olarak g\u00f6rmektedir. 5-Cl-ADB-A \u00e7ok g\u00fc\u00e7l\u00fc oldu\u011fundan, 3-CLADBA \u015funa e\u015fittir: <a href=\"https:\/\/www.google.com\/search?q=Buy+5cladb+Online&amp;num=10&amp;sca_esv=1a2a07081c7891bb&amp;rlz=1C1RXQR_enIN1098IN1098&amp;sxsrf=AHTn8zrQR-eImhoOhY1vNdzImcvToKJO7g%3A1741686295979&amp;ei=FwbQZ6bCO_qA1e8Plb2vyAc&amp;ved=0ahUKEwjmqe2H34GMAxV6QPUHHZXeC3kQ4dUDCBA&amp;uact=5&amp;oq=Buy+5cladb+Online&amp;gs_lp=Egxnd3Mtd2l6LXNlcnAiEUJ1eSA1Y2xhZGIgT25saW5lMgcQIRigARgKSLAIUNUDWNUDcAJ4AJABAJgB_wGgAf8BqgEDMi0xuAEDyAEA-AEC-AEBmAIBoAKIApgDAIgGAZIHAzItMaAHigI&amp;sclient=gws-wiz-serp\">5-CLADBA<\/a>AMB-PINACA, APP-B, EG-018, JWH-018, JWH-201, 5F-UR144,5FMDMB2201 gibi laboratuvar \u00fcr\u00fcnleri sentetik kanabinoidlere \u00f6rnektir.<a href=\"https:\/\/narcopowders.com\/tr\/urun\/buy-4f\u2010mdmb\u2010binaca-online\/\">.<\/a><\/p>\n<h3><strong>5CL-ADB-A nas\u0131l kullan\u0131l\u0131r?<\/strong><\/h3>\n<p>Major research organizations have not sufficiently investigated the efficacy of <a href=\"https:\/\/duckduckgo.com\/?q=Buy+5cladb+Online&amp;t=h_&amp;ia=web\">5-CL-ADB-A<\/a>Ba\u015fl\u0131ca ara\u015ft\u0131rma kurulu\u015flar\u0131 5-CL-ADB-A'n\u0131n etkinli\u011fini yeterince ara\u015ft\u0131rmam\u0131\u015f olup, bu madde hala bilinmeyen bir potansiyel olarak kabul edilmektedir ve muhtemelen bir Program I ilac\u0131 olarak s\u0131n\u0131fland\u0131r\u0131lmal\u0131d\u0131r. \"K\u00f6t\u00fcye kullan\u0131m potansiyeli y\u00fcksek, Amerika Birle\u015fik Devletleri'nde tedavide \u015fu anda kabul edilmi\u015f bir t\u0131bbi kullan\u0131m\u0131 olmayan ve ilac\u0131n veya di\u011fer maddenin t\u0131bbi g\u00f6zetim alt\u0131nda kullan\u0131m\u0131 i\u00e7in kabul edilebilirlik eksikli\u011fi\" terimi, \u00c7izelge I'de listelenen ila\u00e7lar\u0131 ifade eder. Kullan\u0131c\u0131lara <a href=\"https:\/\/duckduckgo.com\/?q=Buy+5cladb+Online&amp;t=h_&amp;ia=web\">5CL-ADB-A (MDMB-4en-PINACA olarak da bilinir)<\/a> may not be a cannabinoid receptor agonist, thus any effects they may experience\u2014either physical or psychological\u2014may be completely placebo-related.<\/p>\n<h3><strong>\u00dcR\u00dcN DETAYLARI<\/strong><\/h3>\n<p>\u00dcr\u00fcn Numaras\u0131: 137350-66-4; \u00dcr\u00fcn Ad\u0131: 5CL-ADB<\/p>\n<p>Kimyasal form\u00fcl\u00fc C20H27FN2O3't\u00fcr.<\/p>\n<p>Kristal ve pudrams\u0131 bir g\u00f6r\u00fcn\u00fcm<\/p>\n<p>Kullan\u0131m i\u00e7in: Bilimsel ara\u015ft\u0131rmalar i\u00e7in<\/p>\n<h3><strong>Hangi ma\u011faza 5CL-ADB-A sat\u0131yor?<\/strong><\/h3>\n<p><a href=\"https:\/\/duckduckgo.com\/?q=Buy+5cladb+Online&amp;t=h_&amp;ia=web\">5CL-ADB-A sat\u0131n al<\/a> do\u011frudan ara\u015ft\u0131rma kimyasallar\u0131 tedariki gibi ayr\u0131 bir tedarik\u00e7iden veya \u00e7evrimi\u00e7i olarak sat\u0131n al\u0131n. \"1-cl \"nin k\u00f6t\u00fcye kullan\u0131m\u0131 nedeniyle, 5cl-ADB-A art\u0131k yaln\u0131zca https:\/\/buy-5cladba-5fmda-online.com web sitesinde saf toz formunda \u00fcretilmekte ve pazarlanmaktad\u0131r. Bu \u00fcr\u00fcnlerin pek \u00e7ok ba\u015fka g\u00fcvenilir tedarik\u00e7isi de bulunmaktad\u0131r ve bunlar\u0131n bir\u00e7o\u011fu dozajlama s\u0131ras\u0131nda veya 5cl-adb-a i\u00e7eren \"eritilmi\u015f\" \u00f6z\u00fctler gibi bir kenevir ikamesinin toplanmas\u0131 i\u00e7in el alt\u0131nda bulundurulmas\u0131 \u00e7ok yararl\u0131d\u0131r. E\u011fer 5cl-ADB-A i\u00e7eren b\u00fct\u00fcn bitki veya \"d\u00f6k\u00fclebilir\" ekstraktlar ar\u0131yorsan\u0131z, yanl\u0131\u015f web sitesine bak\u0131yorsunuz demektir. Tamamen onaylanm\u0131\u015f ve test edilmi\u015f program-1 kontrol\u00fc 5CLADBA'd\u0131r. ABD'deki malzeme. 5cl-ADB-A i\u00e7in online al\u0131\u015fveri\u015f yap\u0131n ve do\u011fru olan\u0131 yap\u0131n. 5-CL-ADB-A deneyimi olanlar i\u00e7in ayr\u0131lm\u0131\u015ft\u0131r.<\/p>\n<p>Teknik kannabinoidler makul olabilir ve orijinal kenevirin belirli bir kategoriye ait oldu\u011funu veya y\u00fcksek veya d\u00fc\u015f\u00fck THC veya CBD seviyeleri gibi belirli bir kimyasal bile\u015fime sahip oldu\u011funu g\u00f6sterebilir. \u00c7in ve Avrupa'daki \u00fcreticilerden Birle\u015fik Krall\u0131k'ta 5CL ADB-A sat\u0131n al\u0131n<\/p>\n<p>kand\u0131r\u0131lmad\u0131lar, ancak m\u00fc\u015fterilerinin istedikleri yasal deneyimi elde etmeye devam edebilmelerini garanti etmek i\u00e7in yeni \u00e7abalar sarf ediyorlar. G\u00fc\u00e7l\u00fc ve temiz, g\u00fcvenli bir ortam i\u00e7in yarat\u0131lm\u0131\u015f kimyasallarla, sizi ezici bir netlik hissi ile b\u0131rak\u0131r 5cladb Online Sat\u0131n Al\u0131n.<\/p>","protected":false},"excerpt":{"rendered":"<p>\u0130nternette tasar\u0131mc\u0131 uyu\u015fturucusu olarak sunulan indazol bazl\u0131 sentetik bir kannabinoid olan MDMB-4en-PINACA, yanl\u0131\u015fl\u0131kla 5-CL-ADB-A olarak da an\u0131lmaktad\u0131r. MDMB-4en-PINACA'n\u0131n ilk tespiti Avrupa'da ger\u00e7ekle\u015fmi\u015ftir.<\/p>\n<table class=\"infobox\">\n<tbody>\n<tr>\n<td class=\"infobox-full-data\" colspan=\"2\">\n<div class=\"collapsible-list mw-collapsible mw-made-collapsible\">\n<div>\n<div>IUPAC ad\u0131<\/div>\n<\/div>\n<ul class=\"mw-collapsible-content\">\n<li>\n<div>metil (<i>S<\/i>)-3,3-dimethyl-2-(1-(pent-4-en-1-yl)-1<i>H<\/i>-indazol-3-karboksamido)b\u00fctanoat<\/div>\n<\/li>\n<\/ul>\n<\/div>\n<\/td>\n<\/tr>\n<tr>\n<th class=\"infobox-label\" scope=\"row\">CAS Numaras\u0131<\/th>\n<td class=\"infobox-data\">\n<div class=\"plainlist\">\n<ul>\n<li><span title=\"commonchemistry.cas.org\">2504100-70-1<\/span><sup>\u00a0<\/sup><\/li>\n<\/ul>\n<\/div>\n<\/td>\n<\/tr>\n<tr>\n<th class=\"infobox-label\" scope=\"row\">PubChem\u00a0<abbr title=\"Bile\u015fik Kimli\u011fi\">CID<\/abbr><\/th>\n<td class=\"infobox-data\">\n<div class=\"plainlist\">\n<p><span title=\"pubchem.ncbi.nlm.nih.gov\">155804661<\/span><\/p>\n<\/div>\n<\/td>\n<\/tr>\n<tr>\n<th class=\"infobox-label\" scope=\"row\">ChemSpider<\/th>\n<td class=\"infobox-data\">\n<div class=\"plainlist\">\n<p><span title=\"www.chemspider.com\">71117180<\/span><\/p>\n<\/div>\n<\/td>\n<\/tr>\n<tr>\n<th class=\"infobox-label\" scope=\"row\">UNII<\/th>\n<td class=\"infobox-data\">\n<div class=\"plainlist\">\n<p><span title=\"precision.fda.gov\">K2DZN2TDD6<\/span><\/p>\n<\/div>\n<\/td>\n<\/tr>\n<tr>\n<th class=\"infobox-label\" scope=\"row\">KEGG<\/th>\n<td class=\"infobox-data\">\n<div class=\"plainlist\">\n<p><span title=\"www.kegg.jp\">C22788<\/span><\/p>\n<\/div>\n<\/td>\n<\/tr>\n<\/tbody>\n<\/table>","protected":false},"featured_media":21272,"comment_status":"open","ping_status":"closed","template":"","meta":{"_joinchat":[]},"product_brand":[],"product_cat":[1724],"product_tag":[1739,1738,1737,1736,1692],"class_list":{"0":"post-21271","1":"product","2":"type-product","3":"status-publish","4":"has-post-thumbnail","6":"product_cat-research-chemicals","7":"product_tag-5-cl-adb-a","8":"product_tag-5-cl-adb-a-powder","9":"product_tag-5cl-abda-powder-for-sale","10":"product_tag-5cl-adb-a-for-sale","11":"product_tag-adb-fubinaca","13":"first","14":"instock","15":"shipping-taxable","16":"purchasable","17":"product-type-variable","18":"add-to-wishlist-after_add_to_cart"},"yoast_head":"<!-- This site is optimized with the Yoast SEO plugin v27.5 - https:\/\/yoast.com\/product\/yoast-seo-wordpress\/ -->\n<title>Buy 5cladb Online - 5cladb For Sale<\/title>\n<meta name=\"description\" content=\"Buy 5cladb Online, 5CL-ADB-A online from narcopowders with great ease. We are a recognised online 5cladb shop having years of experience. Order 5cladb now.\" \/>\n<meta name=\"robots\" content=\"index, follow, max-snippet:-1, max-image-preview:large, max-video-preview:-1\" \/>\n<link rel=\"canonical\" href=\"https:\/\/narcopowders.com\/tr\/urun\/satin-al-5cladb-online\/\" \/>\n<meta property=\"og:locale\" content=\"tr_TR\" \/>\n<meta property=\"og:type\" content=\"article\" \/>\n<meta property=\"og:title\" content=\"Buy 5cladb Online - 5cladb For Sale\" \/>\n<meta property=\"og:description\" content=\"Buy 5cladb Online, 5CL-ADB-A online from narcopowders with great ease. We are a recognised online 5cladb shop having years of experience. Order 5cladb now.\" \/>\n<meta property=\"og:url\" content=\"https:\/\/narcopowders.com\/tr\/urun\/satin-al-5cladb-online\/\" \/>\n<meta property=\"og:site_name\" content=\"Narco Powders\" \/>\n<meta property=\"article:modified_time\" content=\"2025-05-06T07:01:16+00:00\" \/>\n<meta property=\"og:image\" content=\"https:\/\/narcopowders.com\/wp-content\/uploads\/2024\/05\/5cl-adb.gif\" \/>\n\t<meta property=\"og:image:width\" content=\"600\" \/>\n\t<meta property=\"og:image:height\" content=\"600\" \/>\n\t<meta property=\"og:image:type\" content=\"image\/gif\" \/>\n<meta name=\"twitter:card\" content=\"summary_large_image\" \/>\n<meta name=\"twitter:label1\" content=\"Tahmini okuma s\u00fcresi\" \/>\n\t<meta name=\"twitter:data1\" content=\"3 dakika\" \/>\n<!-- \/ Yoast SEO plugin. -->","yoast_head_json":{"title":"5cladb Online Sat\u0131n Al - Sat\u0131l\u0131k 5cladb","description":"Narcopowders'dan 5cladb Online, 5CL-ADB-A'y\u0131 b\u00fcy\u00fck bir kolayl\u0131kla sat\u0131n al\u0131n. Y\u0131llar\u0131n deneyimine sahip tan\u0131nm\u0131\u015f bir \u00e7evrimi\u00e7i 5cladb ma\u011fazas\u0131y\u0131z. \u015eimdi 5cladb sipari\u015f edin.","robots":{"index":"index","follow":"follow","max-snippet":"max-snippet:-1","max-image-preview":"max-image-preview:large","max-video-preview":"max-video-preview:-1"},"canonical":"https:\/\/narcopowders.com\/tr\/urun\/satin-al-5cladb-online\/","og_locale":"tr_TR","og_type":"article","og_title":"Buy 5cladb Online - 5cladb For Sale","og_description":"Buy 5cladb Online, 5CL-ADB-A online from narcopowders with great ease. We are a recognised online 5cladb shop having years of experience. Order 5cladb now.","og_url":"https:\/\/narcopowders.com\/tr\/urun\/satin-al-5cladb-online\/","og_site_name":"Narco Powders","article_modified_time":"2025-05-06T07:01:16+00:00","og_image":[{"width":600,"height":600,"url":"https:\/\/narcopowders.com\/wp-content\/uploads\/2024\/05\/5cl-adb.gif","type":"image\/gif"}],"twitter_card":"summary_large_image","twitter_misc":{"Tahmini okuma s\u00fcresi":"3 dakika"},"schema":{"@context":"https:\/\/schema.org","@graph":[{"@type":"WebPage","@id":"https:\/\/narcopowders.com\/product\/buy-5cladb-online\/","url":"https:\/\/narcopowders.com\/product\/buy-5cladb-online\/","name":"5cladb Online Sat\u0131n Al - Sat\u0131l\u0131k 5cladb","isPartOf":{"@id":"https:\/\/narcopowders.com\/#website"},"primaryImageOfPage":{"@id":"https:\/\/narcopowders.com\/product\/buy-5cladb-online\/#primaryimage"},"image":{"@id":"https:\/\/narcopowders.com\/product\/buy-5cladb-online\/#primaryimage"},"thumbnailUrl":"https:\/\/narcopowders.com\/wp-content\/uploads\/2024\/05\/5cl-adb.gif","datePublished":"2024-05-23T07:46:43+00:00","dateModified":"2025-05-06T07:01:16+00:00","description":"Narcopowders'dan 5cladb Online, 5CL-ADB-A'y\u0131 b\u00fcy\u00fck bir kolayl\u0131kla sat\u0131n al\u0131n. Y\u0131llar\u0131n deneyimine sahip tan\u0131nm\u0131\u015f bir \u00e7evrimi\u00e7i 5cladb ma\u011fazas\u0131y\u0131z. \u015eimdi 5cladb sipari\u015f edin.","breadcrumb":{"@id":"https:\/\/narcopowders.com\/product\/buy-5cladb-online\/#breadcrumb"},"inLanguage":"tr","potentialAction":[{"@type":"ReadAction","target":["https:\/\/narcopowders.com\/product\/buy-5cladb-online\/"]}]},{"@type":"ImageObject","inLanguage":"tr","@id":"https:\/\/narcopowders.com\/product\/buy-5cladb-online\/#primaryimage","url":"https:\/\/narcopowders.com\/wp-content\/uploads\/2024\/05\/5cl-adb.gif","contentUrl":"https:\/\/narcopowders.com\/wp-content\/uploads\/2024\/05\/5cl-adb.gif","width":600,"height":600,"caption":"Buy 5cladb Online"},{"@type":"BreadcrumbList","@id":"https:\/\/narcopowders.com\/product\/buy-5cladb-online\/#breadcrumb","itemListElement":[{"@type":"ListItem","position":1,"name":"Home","item":"https:\/\/narcopowders.com\/"},{"@type":"ListItem","position":2,"name":"Shop Page","item":"https:\/\/narcopowders.com\/shop\/"},{"@type":"ListItem","position":3,"name":"Buy 5cladb Online"}]},{"@type":"WebSite","@id":"https:\/\/narcopowders.com\/#website","url":"https:\/\/narcopowders.com\/","name":"Narko Tozlar","description":"WordPress Blogum","potentialAction":[{"@type":"SearchAction","target":{"@type":"EntryPoint","urlTemplate":"https:\/\/narcopowders.com\/?s={search_term_string}"},"query-input":{"@type":"PropertyValueSpecification","valueRequired":true,"valueName":"search_term_string"}}],"inLanguage":"tr"}]}},"_links":{"self":[{"href":"https:\/\/narcopowders.com\/tr\/wp-json\/wp\/v2\/product\/21271","targetHints":{"allow":["GET"]}}],"collection":[{"href":"https:\/\/narcopowders.com\/tr\/wp-json\/wp\/v2\/product"}],"about":[{"href":"https:\/\/narcopowders.com\/tr\/wp-json\/wp\/v2\/types\/product"}],"replies":[{"embeddable":true,"href":"https:\/\/narcopowders.com\/tr\/wp-json\/wp\/v2\/comments?post=21271"}],"wp:featuredmedia":[{"embeddable":true,"href":"https:\/\/narcopowders.com\/tr\/wp-json\/wp\/v2\/media\/21272"}],"wp:attachment":[{"href":"https:\/\/narcopowders.com\/tr\/wp-json\/wp\/v2\/media?parent=21271"}],"wp:term":[{"taxonomy":"product_brand","embeddable":true,"href":"https:\/\/narcopowders.com\/tr\/wp-json\/wp\/v2\/product_brand?post=21271"},{"taxonomy":"product_cat","embeddable":true,"href":"https:\/\/narcopowders.com\/tr\/wp-json\/wp\/v2\/product_cat?post=21271"},{"taxonomy":"product_tag","embeddable":true,"href":"https:\/\/narcopowders.com\/tr\/wp-json\/wp\/v2\/product_tag?post=21271"}],"curies":[{"name":"wp","href":"https:\/\/api.w.org\/{rel}","templated":true}]}}