{"id":19057,"date":"2023-01-02T09:27:48","date_gmt":"2023-01-02T09:27:48","guid":{"rendered":"https:\/\/nembutalhouse.com\/narco\/?post_type=product&#038;p=19057"},"modified":"2025-03-25T12:31:48","modified_gmt":"2025-03-25T12:31:48","slug":"black-tar-heroin","status":"publish","type":"product","link":"https:\/\/narcopowders.com\/zh\/product\/%e9%bb%91%e7%84%a6%e6%b2%b9%e6%b5%b7%e6%b4%9b%e5%9b%a0\/","title":{"rendered":"\u5728\u7ebf\u8d2d\u4e70\u9ed1\u7126\u6cb9\u6d77\u6d1b\u56e0"},"content":{"rendered":"<h2 style=\"text-align: justify;\">\u5728\u7ebf\u8d2d\u4e70\u9ed1\u7126\u6cb9\u6d77\u6d1b\u56e0<\/h2>\n<p style=\"text-align: justify;\"><a href=\"https:\/\/narcopowders.com\/zh\/product\/\u9ed1\u7126\u6cb9\u6d77\u6d1b\u56e0\/\">Black tar heroin<\/a> \u662f\u6d77\u6d1b\u56e0\u7684\u4e00\u79cd\uff0c\u4ee5\u5176\u9ed1\u8272\u3001\u7c98\u7a20\u3001\u7126\u6cb9\u72b6\u7684\u8d28\u5730\u800c\u95fb\u540d\u3002\u867d\u7136\u5b83\u88ab\u8ba4\u4e3a\u662f\u4e00\u79cd\u5371\u9669\u4e14 <a href=\"https:\/\/en.wikipedia.org\/wiki\/Heroin\">powerful drug<\/a>\u7531\u4e8e\u5176\u6210\u672c\u4f4e\u5ec9\u4e14\u6613\u4e8e\u83b7\u53d6\uff0c\u5b83\u4ecd\u7136\u9700\u6c42\u65fa\u76db\u3002\u6240\u4ee5\uff0c\u5982\u679c\u4f60\u60f3\u00a0<strong>\u9ed1\u7126\u6cb9\u6d77\u6d1b\u56e0\u5728\u7ebf<\/strong>\u00a0at the best price, <a href=\"https:\/\/narcopowders.com\/zh\/\">\u7f09\u6bd2\u7c89<\/a> \u662f\u6700\u597d\u7684\u5730\u65b9\u3002<\/p>\n<h3 style=\"text-align: justify;\">\u9ed1\u7126\u6cb9\u6d77\u6d1b\u56e0\u7684\u5916\u89c2\u548c\u6c14\u5473\u5982\u4f55\uff1f<\/h3>\n<p style=\"text-align: justify;\">\u9ed1\u7126\u6cb9\u6d77\u6d1b\u56e0\u662f\u7528\u5438\u98df\u6216\u6ce8\u5c04\u6d77\u6d1b\u56e0\u540e\u7559\u4e0b\u7684\u786c\u5316\u6b8b\u6e23\u5236\u6210\u7684\u3002\u5b83\u6bd4\u5176\u4ed6\u5f62\u5f0f\u7684\u6d77\u6d1b\u56e0\u836f\u6548\u66f4\u5f3a\uff0c\u6c14\u5473\u548c\u5473\u9053\u4e5f\u66f4\u6d53\u70c8\u3002\u5bf9\u00a0<a href=\"https:\/\/www.bing.com\/search?q=Buy%20Black%20Tar%20Heroin%20Online&amp;qs=n&amp;form=QBRE&amp;sp=-1&amp;lq=0&amp;pq=buy%20black%20tar%20heroin%20online&amp;sc=0-27&amp;sk=&amp;cvid=F01FA017FD0F4F3EABB14F7ED199BF75&amp;ghsh=0&amp;ghacc=0&amp;ghpl=\"><strong>\u5728\u7ebf\u8ba2\u8d2d\u9ed1\u7126\u6cb9\u6d77\u6d1b\u56e0<\/strong><\/a>\u00a0\u6765\u81ea Narco Powders\uff0c\u53ea\u9700\u5355\u51fb\u201c\u6dfb\u52a0\u5230\u8d2d\u7269\u8f66\u201d\u5e76\u5728\u7ed3\u5e10\u8fc7\u7a0b\u4e2d\u8f93\u5165\u60a8\u7684\u4fe1\u606f\u3002\u7136\u540e\u4f60\u4f1a\u5f97\u5230\u4f60\u7684\u00a0<strong><a href=\"https:\/\/www.google.com\/search?q=Buy+Black+Tar+Heroin+Online&amp;num=10&amp;sca_esv=1a2a07081c7891bb&amp;rlz=1C1RXQR_enIN1098IN1098&amp;sxsrf=AHTn8zquBUMCtTjZYnZwT6wlYjztzsC8Wg%3A1741762728195&amp;ei=qDDRZ4LPC83C4-EPh7vMqQk&amp;ved=0ahUKEwiCw8nl-4OMAxVN4TgGHYcdM5UQ4dUDCBA&amp;uact=5&amp;oq=Buy+Black+Tar+Heroin+Online&amp;gs_lp=Egxnd3Mtd2l6LXNlcnAiG0J1eSBCbGFjayBUYXIgSGVyb2luIE9ubGluZUjyBlC6A1i6A3ACeACQAQCYAdMBoAHTAaoBAzItMbgBA8gBAPgBAvgBAZgCAKACAJgDAIgGAZIHAKAHTw&amp;sclient=gws-wiz-serp\">\u6563\u88c5\u9ed1\u8272\u7126\u6cb9\u6d77\u6d1b\u56e0<\/a>\u00a0<\/strong>\u9001\u5230\u4f60\u5bb6\u95e8\u53e3<strong>.\u00a0<\/strong>\u4f46\u662f\uff0c\u8bf7\u4e0d\u8981\u5fd8\u8bb0\u5c06\u60a8\u7684\u836f\u7269\u5b89\u5168\u5730\u5b58\u653e\u5728\u8fdc\u79bb\u513f\u7ae5\u548c\u5ba0\u7269\u7684\u5730\u65b9\uff0c\u5e76\u4e14\u5207\u52ff\u4e0e\u5176\u4ed6\u4efb\u4f55\u4eba\u5171\u7528\u9488\u5934\u6216\u6ce8\u5c04\u5668\u3002<\/p>\n<h3 style=\"text-align: justify;\">\u9ed1\u7126\u6cb9\u6d77\u6d1b\u56e0\u7684\u5236\u9020\u548c\u8d29\u8fd0\u7a0b\u5e8f<\/h3>\n<p style=\"text-align: justify;\"><a href=\"https:\/\/www.bing.com\/search?q=Buy%20Black%20Tar%20Heroin%20Online&amp;qs=n&amp;form=QBRE&amp;sp=-1&amp;lq=0&amp;pq=buy%20black%20tar%20heroin%20online&amp;sc=0-27&amp;sk=&amp;cvid=F01FA017FD0F4F3EABB14F7ED199BF75&amp;ghsh=0&amp;ghacc=0&amp;ghpl=\">\u9ed1\u7126\u6cb9\u6d77\u6d1b\u56e0\u662f\u6d77\u6d1b\u56e0\u7684\u4e00\u79cd<\/a> \u9ed1\u7126\u6cb9\u6d77\u6d1b\u56e0\u662f\u4e00\u79cd\u7531\u9e26\u7247\u7c89\u5236\u6210\u7684\u6d77\u6d1b\u56e0\u3002\u7136\u540e\u5c06\u8fd9\u79cd\u7269\u8d28\u4e0e\u5176\u4ed6\u5316\u5b66\u7269\u8d28\u6df7\u5408\u5e76\u52a0\u70ed\uff0c\u76f4\u5230\u5b83\u53d8\u6210\u4e00\u79cd\u79f0\u4e3a\u201c\u7126\u6cb9\u201d\u7684\u7c98\u6027\u9ed1\u8272\u7269\u8d28\u3002\u7136\u540e\u5c06\u7126\u6cb9\u5207\u6210\u5c0f\u5757\uff0c\u4f5c\u4e3a\u6d77\u6d1b\u56e0\u5728\u8857\u4e0a\u51fa\u552e\u3002<\/p>\n<p style=\"text-align: justify;\">\u5236\u9020\u548c\u8d29\u8fd0\u9ed1\u7126\u6cb9\u6d77\u6d1b\u56e0\u7684\u8fc7\u7a0b\u5f88\u590d\u6742\u3002\u6d77\u6d1b\u56e0\u8d29\u5b50\u5728\u72af\u7f6a\u9ed1\u793e\u4f1a\u4e2d\u7a7f\u68ad\uff0c\u4ee5\u83b7\u5f97\u5236\u9020\u6bd2\u54c1\u6240\u9700\u7684\u539f\u6750\u6599\uff0c\u5e76\u4e0e\u53ef\u80fd\u8bd5\u56fe\u963b\u6b62\u4ed6\u4eec\u7684\u6267\u6cd5\u4eba\u5458\u6253\u4ea4\u9053\u3002\u7136\u800c\uff0c\u53ef\u7528\u6027\u00a0<strong><a href=\"https:\/\/duckduckgo.com\/?q=Buy+Black+Tar+Heroin+Online&amp;t=h_&amp;ia=web\">\u51fa\u552e\u9ed1\u8272\u7126\u6cb9\u6d77\u6d1b\u56e0<\/a>\u00a0<\/strong>\u5728 Narco Powders \u7b49\u7ecf\u8fc7\u8ba4\u8bc1\u7684\u7f51\u7ad9\u4e0a\u5728\u7ebf\u8d2d\u4e70\uff0c\u4f7f\u8fd9\u4e00\u8fc7\u7a0b\u6bd4\u4ee5\u5f80\u4efb\u4f55\u65f6\u5019\u90fd\u66f4\u52a0\u5bb9\u6613\u3002<\/p>\n<p style=\"text-align: justify;\">\u8d2d\u4e70\u65f6 <a href=\"https:\/\/duckduckgo.com\/?q=Buy+Black+Tar+Heroin+Online&amp;t=h_&amp;ia=web\"><strong>\u9ed1\u7126\u6cb9\u6d77\u6d1b\u56e0\u5728\u7ebf<\/strong><\/a>\uff0c\u6ce8\u610f\u6240\u6d89\u53ca\u7684\u98ce\u9669\u3002\u60a8\u4e0d\u4ec5\u5192\u7740\u4ece\u672a\u77e5\u6765\u6e90\u8d2d\u4e70\u836f\u7269\u7684\u98ce\u9669\uff0c\u800c\u4e14\u8fd8\u4f7f\u81ea\u5df1\u9762\u4e34\u989d\u5916\u7684\u5371\u9669\uff0c\u5305\u62ec\u670d\u836f\u8fc7\u91cf\u548c\u611f\u67d3 HIV \u6216\u5176\u4ed6\u75be\u75c5 (STD)\u3002\u56e0\u6b64\uff0c\u53ea\u80fd\u4ece\u53ef\u4fe1\u8d56\u7684\u6765\u6e90\u8d2d\u4e70\u8fd9\u4e9b\u836f\u7269\uff0c\u4f8b\u5982 Narco Powders\u3002<\/p>\n<h3 style=\"text-align: justify;\">\u9ed1\u7126\u6cb9\u6d77\u6d1b\u56e0\u7684\u8d1f\u9762\u5f71\u54cd<\/h3>\n<p style=\"text-align: justify;\">\u9ed1\u7126\u6cb9\u6d77\u6d1b\u56e0\u662f\u4e00\u79cd\u5f3a\u6548\u3001\u4e0d\u7eaf\u7684\u6d77\u6d1b\u56e0\uff0c\u6709\u591a\u79cd\u4e25\u91cd\u7684\u526f\u4f5c\u7528\u3002\u4f8b\u5982\uff0c\u9ed1\u7126\u6cb9\u6d77\u6d1b\u56e0\u4f1a\u5bfc\u81f4\u6076\u5fc3\u3001\u5455\u5410\u548c\u5934\u75db\u3002\u957f\u671f\u4f7f\u7528\u8fd8\u4f1a\u5bfc\u81f4\u6291\u90c1\u3001\u7126\u8651\u3001\u70e6\u8e81\u7b49\u6212\u65ad\u75c7\u72b6\u3002\u9ed1\u7126\u6cb9\u6d77\u6d1b\u56e0\u4e5f\u53ef\u80fd\u589e\u52a0\u60a3\u5fc3\u810f\u548c\u80ba\u90e8\u75be\u75c5\u7684\u98ce\u9669\u3002\u5982\u679c\u60a8\u6216\u60a8\u8ba4\u8bc6\u7684\u4eba\u6b63\u5728\u4e0e\u9ed1\u7126\u6cb9\u6d77\u6d1b\u56e0\u6210\u763e\u4f5c\u6597\u4e89\uff0c\u8bf7\u4e0d\u8981\u5bb3\u6015\u5bfb\u6c42\u5e2e\u52a9\u3002<\/p>\n<h3 style=\"text-align: justify;\">\u4e3a\u4ec0\u4e48\u4ece Narco Powders \u5728\u7ebf\u8d2d\u4e70\u9ed1\u7126\u6cb9\u6d77\u6d1b\u56e0\uff1f<\/h3>\n<p style=\"text-align: justify;\">\u00cen c\u0103utarea unei surse de \u00eencredere \u0219i de \u00eenalt\u0103 calitate pentru <a href=\"https:\/\/duckduckgo.com\/?q=Buy+Black+Tar+Heroin+Online&amp;t=h_&amp;ia=web\"><strong>\u9ed1\u7126\u6cb9\u6d77\u6d1b\u56e0\u5728\u7ebf<\/strong><\/a>\uff1f\u770b\u770b Narco Powders. \u60a8\u4f1a\u5728\u8fd9\u91cc\u627e\u5230\u6700\u597d\u7684 <strong>\u9ed1\u7126\u6cb9\u6d77\u6d1b\u56e0\u4ef7\u683c\u00a0<\/strong>\u8d28\u91cf\u6709\u4fdd\u8bc1\u3002\u6700\u91cd\u8981\u7684\u662f\uff0c\u6211\u4eec\u63d0\u4f9b\u4e1a\u5185\u6700\u5feb\u7684\u4ea4\u8d27\u65f6\u95f4\u3002<\/p>","protected":false},"excerpt":{"rendered":"<p>Buy Black Tar Heroin Online Black tar heroin is a form of the drug heroin known for its black, sticky, and tar-like consistency. While it is considered a risky and powerful drug, it is still in high demand due to its low cost and availability. So, if you wish to\u00a0buy black tar heroin online\u00a0at the [&hellip;]<\/p>","protected":false},"featured_media":19064,"comment_status":"open","ping_status":"closed","template":"","meta":{"_joinchat":[]},"product_brand":[],"product_cat":[1168],"product_tag":[1186,1180,1188,1182,1181,1189,1192,1193,1191,1183,1194,1187,1195,1184,1190,1185],"class_list":{"0":"post-19057","1":"product","2":"type-product","3":"status-publish","4":"has-post-thumbnail","6":"product_cat-buy-heroin-online","7":"product_tag-benefits-of-black-tar-heroin","8":"product_tag-best-place-to-order-black-tar-heroin","9":"product_tag-black-tar-heroin-for-sale","10":"product_tag-black-tar-heroin-price","11":"product_tag-black-tar-heroin-wholesale","12":"product_tag-buy-black-tar-heroin-legally","13":"product_tag-buy-black-tar-heroin-online-australia","14":"product_tag-buy-black-tar-heroin-online-near-me","15":"product_tag-buy-black-tar-heroin-online-usa","16":"product_tag-cheap-black-tar-heroin","17":"product_tag-how-can-i-get-the-best-black-tar-heroin","18":"product_tag-how-to-order-black-tar-heroin","19":"product_tag-legit-black-tar-heroin-online","20":"product_tag-what-is-black-tar-heroin","21":"product_tag-where-can-i-buy-black-tar-heroin","22":"product_tag-where-to-buy-black-tar-heroin","24":"first","25":"instock","26":"shipping-taxable","27":"purchasable","28":"product-type-variable","29":"add-to-wishlist-after_add_to_cart"},"yoast_head":"<!-- This site is optimized with the Yoast SEO plugin v25.9 - https:\/\/yoast.com\/wordpress\/plugins\/seo\/ -->\n<title>Black Tar Heroin for Sale - Buy Black Tar Heroin Online<\/title>\n<meta name=\"description\" content=\"Looking for best place to buy black tar heroin online? We offer the best quality black tar heroin for sale and at the most affordable prices. Order Now!\" \/>\n<meta name=\"robots\" content=\"index, follow, max-snippet:-1, max-image-preview:large, max-video-preview:-1\" \/>\n<link rel=\"canonical\" href=\"https:\/\/narcopowders.com\/zh\/product\/\u9ed1\u7126\u6cb9\u6d77\u6d1b\u56e0\/\" \/>\n<meta property=\"og:locale\" content=\"zh_CN\" \/>\n<meta property=\"og:type\" content=\"article\" \/>\n<meta property=\"og:title\" content=\"Black Tar Heroin for Sale - Buy Black Tar Heroin Online\" \/>\n<meta property=\"og:description\" content=\"Looking for best place to buy black tar heroin online? We offer the best quality black tar heroin for sale and at the most affordable prices. Order Now!\" \/>\n<meta property=\"og:url\" content=\"https:\/\/narcopowders.com\/zh\/product\/\u9ed1\u7126\u6cb9\u6d77\u6d1b\u56e0\/\" \/>\n<meta property=\"og:site_name\" content=\"Narco Powders\" \/>\n<meta property=\"article:modified_time\" content=\"2025-03-25T12:31:48+00:00\" \/>\n<meta property=\"og:image\" content=\"https:\/\/narcopowders.com\/wp-content\/uploads\/2023\/01\/black-tar-heroin.jpg\" \/>\n\t<meta property=\"og:image:width\" content=\"600\" \/>\n\t<meta property=\"og:image:height\" content=\"600\" \/>\n\t<meta property=\"og:image:type\" content=\"image\/jpeg\" \/>\n<meta name=\"twitter:card\" content=\"summary_large_image\" \/>\n<meta name=\"twitter:label1\" content=\"\u9884\u8ba1\u9605\u8bfb\u65f6\u95f4\" \/>\n\t<meta name=\"twitter:data1\" content=\"3 \u5206\" \/>\n<!-- \/ Yoast SEO plugin. -->","yoast_head_json":{"title":"\u51fa\u552e\u9ed1\u7126\u6cb9\u6d77\u6d1b\u56e0 - \u5728\u7ebf\u8d2d\u4e70\u9ed1\u7126\u6cb9\u6d77\u6d1b\u56e0","description":"\u6b63\u5728\u5bfb\u627e\u5728\u7ebf\u8d2d\u4e70\u9ed1\u7126\u6cb9\u6d77\u6d1b\u56e0\u7684\u6700\u4f73\u5730\u70b9\uff1f \u6211\u4eec\u4ee5\u6700\u5b9e\u60e0\u7684\u4ef7\u683c\u51fa\u552e\u6700\u4f18\u8d28\u7684\u9ed1\u7126\u6cb9\u6d77\u6d1b\u56e0\u3002 \u73b0\u5728\u4e0b\u5355\uff01","robots":{"index":"index","follow":"follow","max-snippet":"max-snippet:-1","max-image-preview":"max-image-preview:large","max-video-preview":"max-video-preview:-1"},"canonical":"https:\/\/narcopowders.com\/zh\/product\/\u9ed1\u7126\u6cb9\u6d77\u6d1b\u56e0\/","og_locale":"zh_CN","og_type":"article","og_title":"Black Tar Heroin for Sale - Buy Black Tar Heroin Online","og_description":"Looking for best place to buy black tar heroin online? We offer the best quality black tar heroin for sale and at the most affordable prices. Order Now!","og_url":"https:\/\/narcopowders.com\/zh\/product\/\u9ed1\u7126\u6cb9\u6d77\u6d1b\u56e0\/","og_site_name":"Narco Powders","article_modified_time":"2025-03-25T12:31:48+00:00","og_image":[{"width":600,"height":600,"url":"https:\/\/narcopowders.com\/wp-content\/uploads\/2023\/01\/black-tar-heroin.jpg","type":"image\/jpeg"}],"twitter_card":"summary_large_image","twitter_misc":{"\u9884\u8ba1\u9605\u8bfb\u65f6\u95f4":"3 \u5206"},"schema":{"@context":"https:\/\/schema.org","@graph":[{"@type":"WebPage","@id":"https:\/\/narcopowders.com\/product\/black-tar-heroin\/","url":"https:\/\/narcopowders.com\/product\/black-tar-heroin\/","name":"\u51fa\u552e\u9ed1\u7126\u6cb9\u6d77\u6d1b\u56e0 - \u5728\u7ebf\u8d2d\u4e70\u9ed1\u7126\u6cb9\u6d77\u6d1b\u56e0","isPartOf":{"@id":"https:\/\/narcopowders.com\/#website"},"primaryImageOfPage":{"@id":"https:\/\/narcopowders.com\/product\/black-tar-heroin\/#primaryimage"},"image":{"@id":"https:\/\/narcopowders.com\/product\/black-tar-heroin\/#primaryimage"},"thumbnailUrl":"https:\/\/narcopowders.com\/wp-content\/uploads\/2023\/01\/black-tar-heroin.jpg","datePublished":"2023-01-02T09:27:48+00:00","dateModified":"2025-03-25T12:31:48+00:00","description":"\u6b63\u5728\u5bfb\u627e\u5728\u7ebf\u8d2d\u4e70\u9ed1\u7126\u6cb9\u6d77\u6d1b\u56e0\u7684\u6700\u4f73\u5730\u70b9\uff1f \u6211\u4eec\u4ee5\u6700\u5b9e\u60e0\u7684\u4ef7\u683c\u51fa\u552e\u6700\u4f18\u8d28\u7684\u9ed1\u7126\u6cb9\u6d77\u6d1b\u56e0\u3002 \u73b0\u5728\u4e0b\u5355\uff01","breadcrumb":{"@id":"https:\/\/narcopowders.com\/product\/black-tar-heroin\/#breadcrumb"},"inLanguage":"zh-Hans","potentialAction":[{"@type":"ReadAction","target":["https:\/\/narcopowders.com\/product\/black-tar-heroin\/"]}]},{"@type":"ImageObject","inLanguage":"zh-Hans","@id":"https:\/\/narcopowders.com\/product\/black-tar-heroin\/#primaryimage","url":"https:\/\/narcopowders.com\/wp-content\/uploads\/2023\/01\/black-tar-heroin.jpg","contentUrl":"https:\/\/narcopowders.com\/wp-content\/uploads\/2023\/01\/black-tar-heroin.jpg","width":600,"height":600,"caption":"Buy Black Tar Heroin Online"},{"@type":"BreadcrumbList","@id":"https:\/\/narcopowders.com\/product\/black-tar-heroin\/#breadcrumb","itemListElement":[{"@type":"ListItem","position":1,"name":"Home","item":"https:\/\/narcopowders.com\/"},{"@type":"ListItem","position":2,"name":"Shop Page","item":"https:\/\/narcopowders.com\/shop\/"},{"@type":"ListItem","position":3,"name":"Buy Black Tar Heroin Online"}]},{"@type":"WebSite","@id":"https:\/\/narcopowders.com\/#website","url":"https:\/\/narcopowders.com\/","name":"\u7f09\u6bd2\u7c89","description":"\u6211\u7684 WordPress \u535a\u5ba2","potentialAction":[{"@type":"SearchAction","target":{"@type":"EntryPoint","urlTemplate":"https:\/\/narcopowders.com\/?s={search_term_string}"},"query-input":{"@type":"PropertyValueSpecification","valueRequired":true,"valueName":"search_term_string"}}],"inLanguage":"zh-Hans"}]}},"_links":{"self":[{"href":"https:\/\/narcopowders.com\/zh\/wp-json\/wp\/v2\/product\/19057","targetHints":{"allow":["GET"]}}],"collection":[{"href":"https:\/\/narcopowders.com\/zh\/wp-json\/wp\/v2\/product"}],"about":[{"href":"https:\/\/narcopowders.com\/zh\/wp-json\/wp\/v2\/types\/product"}],"replies":[{"embeddable":true,"href":"https:\/\/narcopowders.com\/zh\/wp-json\/wp\/v2\/comments?post=19057"}],"wp:featuredmedia":[{"embeddable":true,"href":"https:\/\/narcopowders.com\/zh\/wp-json\/wp\/v2\/media\/19064"}],"wp:attachment":[{"href":"https:\/\/narcopowders.com\/zh\/wp-json\/wp\/v2\/media?parent=19057"}],"wp:term":[{"taxonomy":"product_brand","embeddable":true,"href":"https:\/\/narcopowders.com\/zh\/wp-json\/wp\/v2\/product_brand?post=19057"},{"taxonomy":"product_cat","embeddable":true,"href":"https:\/\/narcopowders.com\/zh\/wp-json\/wp\/v2\/product_cat?post=19057"},{"taxonomy":"product_tag","embeddable":true,"href":"https:\/\/narcopowders.com\/zh\/wp-json\/wp\/v2\/product_tag?post=19057"}],"curies":[{"name":"wp","href":"https:\/\/api.w.org\/{rel}","templated":true}]}}